{"id":17356,"date":"2025-04-04T15:02:55","date_gmt":"2025-04-04T12:02:55","guid":{"rendered":"https:\/\/nordicdiy.ee\/?post_type=product&#038;p=17356"},"modified":"2025-04-04T15:10:07","modified_gmt":"2025-04-04T12:10:07","slug":"puiset-kannet-pienille-kynttilalaseille-10012-tiivisteella-varustettuna-copy","status":"publish","type":"product","link":"https:\/\/nordicdiy.ee\/fi\/epood\/kynttiloiden-valmistus-fi\/kynttilalasit-ja-kannet\/puiset-kannet-pienille-kynttilalaseille-10012-tiivisteella-varustettuna-copy\/","title":{"rendered":"Puiset kannet neli\u00f6nmuotoiselle kynttil\u00e4lasille 10019"},"content":{"rendered":"<p>T\u00e4m\u00e4 puinen kansi on ihanteellinen muotoiluelementti kynttil\u00e4npitimiin, sill\u00e4 se takaa, ett\u00e4 kynttil\u00e4n tuoksu s\u00e4ilyy pidemp\u00e4\u00e4n ja ett\u00e4 se s\u00e4ilytet\u00e4\u00e4n turvallisesti. Se pit\u00e4\u00e4 my\u00f6s p\u00f6lyn ja lian poissa. Puinen kansi sopii neli\u00f6nmuotoiseen <a href=\"https:\/\/nordicdiy.ee\/sv\/epood\/tillverkning-av-stearinljus\/glas-och-lock-till-stearinljus\/morkbrunt-ljusglas-med-skruvkork-100-ml-copy\/\" target=\"_blank\" rel=\"noopener\">kynttil\u00e4lasiin 300 ml, korkeus 80 x syvyys 80 mm<\/a>, joko l\u00e4pin\u00e4kyv\u00e4\u00e4n tai v\u00e4rilliseen. Puutiivisteell\u00e4 varustetun kannen mitat: korkeus - 1,5 cm, ulkohalkaisija - 8 cm, sis\u00e4halkaisija - 6,8 cm. Ilman tiivistett\u00e4.   Voit kaivertaa logosi tai muun viestisi puiseen kynttil\u00e4n kanteen, mik\u00e4 lis\u00e4\u00e4 tuotteeseesi ylellisen ja mieleenpainuvan yksityiskohdan. Pyyd\u00e4 tarjous kaiverruksesta osoitteessa epood@nordicdiy.ee.<\/p>\n","protected":false},"excerpt":{"rendered":"<p>T\u00e4m\u00e4 puinen kansi on ihanteellinen muotoiluelementti kynttil\u00e4npitimiin, sill\u00e4 se takaa, ett\u00e4 kynttil\u00e4n tuoksu s\u00e4ilyy pidemp\u00e4\u00e4n ja ett\u00e4 se s\u00e4ilytet\u00e4\u00e4n turvallisesti. Se pit\u00e4\u00e4 my\u00f6s p\u00f6lyn ja lian poissa. Puinen kansi sopii neli\u00f6nmuotoiseen <a href=\"https:\/\/nordicdiy.ee\/epood\/kuunalde-valmistamine\/kuunlaklaasid-ja-kaaned\/labipaistev-kuunlaklaas-kandiline-300ml-80x80mm\/\" target=\"_blank\" rel=\"noopener\">kynttil\u00e4lasiin 300 ml, korkeus 80 x syvyys 80 mm<\/a> (10019), joko l\u00e4pin\u00e4kyv\u00e4\u00e4n tai v\u00e4rilliseen.<\/p>\n","protected":false},"featured_media":17361,"template":"","meta":{"site-sidebar-layout":"default","site-content-layout":"","ast-site-content-layout":"default","site-content-style":"default","site-sidebar-style":"default","ast-global-header-display":"","ast-banner-title-visibility":"","ast-main-header-display":"","ast-hfb-above-header-display":"","ast-hfb-below-header-display":"","ast-hfb-mobile-header-display":"","site-post-title":"","ast-breadcrumbs-content":"","ast-featured-img":"","footer-sml-layout":"","ast-disable-related-posts":"","theme-transparent-header-meta":"default","adv-header-id-meta":"","stick-header-meta":"default","header-above-stick-meta":"","header-main-stick-meta":"","header-below-stick-meta":"","astra-migrate-meta-layouts":"set","ast-page-background-enabled":"default","ast-page-background-meta":{"desktop":{"background-color":"","background-image":"","background-repeat":"repeat","background-position":"center center","background-size":"auto","background-attachment":"scroll","background-type":"","background-media":"","overlay-type":"","overlay-color":"","overlay-opacity":"","overlay-gradient":""},"tablet":{"background-color":"","background-image":"","background-repeat":"repeat","background-position":"center center","background-size":"auto","background-attachment":"scroll","background-type":"","background-media":"","overlay-type":"","overlay-color":"","overlay-opacity":"","overlay-gradient":""},"mobile":{"background-color":"","background-image":"","background-repeat":"repeat","background-position":"center center","background-size":"auto","background-attachment":"scroll","background-type":"","background-media":"","overlay-type":"","overlay-color":"","overlay-opacity":"","overlay-gradient":""}},"ast-content-background-meta":{"desktop":{"background-color":"var(--ast-global-color-5)","background-image":"","background-repeat":"repeat","background-position":"center center","background-size":"auto","background-attachment":"scroll","background-type":"","background-media":"","overlay-type":"","overlay-color":"","overlay-opacity":"","overlay-gradient":""},"tablet":{"background-color":"var(--ast-global-color-5)","background-image":"","background-repeat":"repeat","background-position":"center center","background-size":"auto","background-attachment":"scroll","background-type":"","background-media":"","overlay-type":"","overlay-color":"","overlay-opacity":"","overlay-gradient":""},"mobile":{"background-color":"var(--ast-global-color-5)","background-image":"","background-repeat":"repeat","background-position":"center center","background-size":"auto","background-attachment":"scroll","background-type":"","background-media":"","overlay-type":"","overlay-color":"","overlay-opacity":"","overlay-gradient":""}}},"product_brand":[],"product_cat":[163,158],"product_tag":[],"class_list":{"0":"post-17356","1":"product","2":"type-product","3":"status-publish","4":"has-post-thumbnail","6":"product_cat-kynttilalasit-ja-kannet","7":"product_cat-kynttiloiden-valmistus-fi","8":"desktop-align-left","9":"tablet-align-left","10":"mobile-align-left","11":"ast-product-gallery-layout-horizontal","12":"ast-product-gallery-with-no-image","13":"ast-product-tabs-layout-horizontal","15":"first","16":"instock","17":"taxable","18":"shipping-taxable","19":"purchasable","20":"product-type-simple"},"_links":{"self":[{"href":"https:\/\/nordicdiy.ee\/fi\/wp-json\/wp\/v2\/product\/17356","targetHints":{"allow":["GET"]}}],"collection":[{"href":"https:\/\/nordicdiy.ee\/fi\/wp-json\/wp\/v2\/product"}],"about":[{"href":"https:\/\/nordicdiy.ee\/fi\/wp-json\/wp\/v2\/types\/product"}],"wp:featuredmedia":[{"embeddable":true,"href":"https:\/\/nordicdiy.ee\/fi\/wp-json\/wp\/v2\/media\/17361"}],"wp:attachment":[{"href":"https:\/\/nordicdiy.ee\/fi\/wp-json\/wp\/v2\/media?parent=17356"}],"wp:term":[{"taxonomy":"product_brand","embeddable":true,"href":"https:\/\/nordicdiy.ee\/fi\/wp-json\/wp\/v2\/product_brand?post=17356"},{"taxonomy":"product_cat","embeddable":true,"href":"https:\/\/nordicdiy.ee\/fi\/wp-json\/wp\/v2\/product_cat?post=17356"},{"taxonomy":"product_tag","embeddable":true,"href":"https:\/\/nordicdiy.ee\/fi\/wp-json\/wp\/v2\/product_tag?post=17356"}],"curies":[{"name":"wp","href":"https:\/\/api.w.org\/{rel}","templated":true}]}}