{"id":17745,"date":"2025-04-02T10:06:21","date_gmt":"2025-04-02T07:06:21","guid":{"rendered":"https:\/\/nordicdiy.ee\/epood\/Ei-luokiteltu\/pipetti-muovinen-3ml\/"},"modified":"2026-04-08T20:17:50","modified_gmt":"2026-04-08T17:17:50","slug":"pipetti-muovinen-3ml","status":"publish","type":"product","link":"https:\/\/nordicdiy.ee\/fi\/epood\/kynttiloiden-valmistus-fi\/kynttilan-varit\/pipetti-muovinen-3ml\/","title":{"rendered":"Pipetti muovinen 3ml"},"content":{"rendered":"<p>K\u00e4yt\u00e4nn\u00f6llinen ja helppok\u00e4ytt\u00f6inen muovipipetti, joka soveltuu nesteiden tarkkaan annosteluun ja tiputteluun. Pipetin suuttimen halkaisija (3 mm) mahdollistaa monenlaisten nesteiden, kuten hajuste\u00f6ljyjen, eteeristen \u00f6ljyjen, nestem\u00e4isten v\u00e4riaineiden, nestem\u00e4isten kynttil\u00e4vahojen ja muiden nesteiden mittaamisen. Valmistettu kest\u00e4v\u00e4st\u00e4 ja joustavasta muovista helppok\u00e4ytt\u00f6isyyden ja tarkan k\u00e4yt\u00f6n varmistamiseksi. Ihanteellinen sek\u00e4 kotik\u00e4ytt\u00f6\u00f6n ett\u00e4 ammattimaisiin DIY-projekteihin.   <\/p>\n","protected":false},"excerpt":{"rendered":"<p class=\"\" data-start=\"54\" data-end=\"643\">K\u00e4yt\u00e4nn\u00f6llinen ja helppok\u00e4ytt\u00f6inen muovipipetti, joka soveltuu nesteiden tarkkaan annosteluun ja tiputteluun. Pipetin hienomman k\u00e4rjen halkaisijan (3 mm) ansiosta voidaan mitata monenlaisia nesteit\u00e4, kuten hajuste\u00f6ljyj\u00e4, eteerisi\u00e4 \u00f6ljyj\u00e4, nestem\u00e4isi\u00e4 v\u00e4riaineita, nestem\u00e4isi\u00e4 kynttil\u00e4vahoja ja muita nesteit\u00e4. Valmistettu kest\u00e4v\u00e4st\u00e4 ja joustavasta muovista helppok\u00e4ytt\u00f6isyyden ja tarkan k\u00e4yt\u00f6n varmistamiseksi. Ihanteellinen sek\u00e4 kotik\u00e4ytt\u00f6\u00f6n ett\u00e4 ammattimaisiin DIY-projekteihin.   <\/p>\n<p class=\"\" data-start=\"54\" data-end=\"643\"><strong data-start=\"534\" data-end=\"547\">Kapasiteetti<\/strong>: 1-3 ml.<br data-start=\"584\" data-end=\"587\"> Materiaali: PE-muovi (elintarviketurvallinen ja kierr\u00e4tett\u00e4v\u00e4).<br \/>\n Pituus<strong>:<\/strong> 15 cm.<br \/>\n<strong>Leveys:<\/strong> 0,9 cm, sopii my\u00f6s pieniin pulloihin.<\/p>\n<p class=\"\" data-start=\"645\" data-end=\"669\"><strong data-start=\"645\" data-end=\"666\">K\u00e4ytt\u00f6alueet<\/strong>:<\/p>\n<ul data-start=\"670\" data-end=\"832\">\n<li class=\"\" data-start=\"670\" data-end=\"711\">\n<p class=\"\" data-start=\"672\" data-end=\"711\">Hajusteiden ja eteeristen \u00f6ljyjen annostelu<\/p>\n<\/li>\n<li class=\"\" data-start=\"712\" data-end=\"744\">\n<p class=\"\" data-start=\"714\" data-end=\"744\">Saippuan ja kynttil\u00f6iden valmistus<\/p>\n<\/li>\n<li class=\"\" data-start=\"745\" data-end=\"788\">\n<p class=\"\" data-start=\"747\" data-end=\"788\">Laboratorio- ja koulutushankkeet<\/p>\n<\/li>\n<li class=\"\" data-start=\"789\" data-end=\"832\">\n<p class=\"\" data-start=\"791\" data-end=\"832\">Kotitalouskosmetiikan ja kotitalouskemikaalien valmistus<\/p>\n<\/li>\n<\/ul>\n","protected":false},"featured_media":17741,"template":"","meta":{"site-sidebar-layout":"default","site-content-layout":"","ast-site-content-layout":"default","site-content-style":"default","site-sidebar-style":"default","ast-global-header-display":"","ast-banner-title-visibility":"","ast-main-header-display":"","ast-hfb-above-header-display":"","ast-hfb-below-header-display":"","ast-hfb-mobile-header-display":"","site-post-title":"","ast-breadcrumbs-content":"","ast-featured-img":"","footer-sml-layout":"","ast-disable-related-posts":"","theme-transparent-header-meta":"default","adv-header-id-meta":"","stick-header-meta":"default","header-above-stick-meta":"","header-main-stick-meta":"","header-below-stick-meta":"","astra-migrate-meta-layouts":"default","ast-page-background-enabled":"default","ast-page-background-meta":{"desktop":{"background-color":"","background-image":"","background-repeat":"repeat","background-position":"center center","background-size":"auto","background-attachment":"scroll","background-type":"","background-media":"","overlay-type":"","overlay-color":"","overlay-opacity":"","overlay-gradient":""},"tablet":{"background-color":"","background-image":"","background-repeat":"repeat","background-position":"center center","background-size":"auto","background-attachment":"scroll","background-type":"","background-media":"","overlay-type":"","overlay-color":"","overlay-opacity":"","overlay-gradient":""},"mobile":{"background-color":"","background-image":"","background-repeat":"repeat","background-position":"center center","background-size":"auto","background-attachment":"scroll","background-type":"","background-media":"","overlay-type":"","overlay-color":"","overlay-opacity":"","overlay-gradient":""}},"ast-content-background-meta":{"desktop":{"background-color":"var(--ast-global-color-5)","background-image":"","background-repeat":"repeat","background-position":"center center","background-size":"auto","background-attachment":"scroll","background-type":"","background-media":"","overlay-type":"","overlay-color":"","overlay-opacity":"","overlay-gradient":""},"tablet":{"background-color":"var(--ast-global-color-5)","background-image":"","background-repeat":"repeat","background-position":"center center","background-size":"auto","background-attachment":"scroll","background-type":"","background-media":"","overlay-type":"","overlay-color":"","overlay-opacity":"","overlay-gradient":""},"mobile":{"background-color":"var(--ast-global-color-5)","background-image":"","background-repeat":"repeat","background-position":"center center","background-size":"auto","background-attachment":"scroll","background-type":"","background-media":"","overlay-type":"","overlay-color":"","overlay-opacity":"","overlay-gradient":""}}},"product_brand":[],"product_cat":[203,158],"product_tag":[],"class_list":{"0":"post-17745","1":"product","2":"type-product","3":"status-publish","4":"has-post-thumbnail","6":"product_cat-kynttilan-varit","7":"product_cat-kynttiloiden-valmistus-fi","8":"desktop-align-left","9":"tablet-align-left","10":"mobile-align-left","11":"ast-product-gallery-layout-horizontal","12":"ast-product-gallery-with-no-image","13":"ast-product-tabs-layout-horizontal","15":"first","16":"instock","17":"taxable","18":"shipping-taxable","19":"purchasable","20":"product-type-simple"},"_links":{"self":[{"href":"https:\/\/nordicdiy.ee\/fi\/wp-json\/wp\/v2\/product\/17745","targetHints":{"allow":["GET"]}}],"collection":[{"href":"https:\/\/nordicdiy.ee\/fi\/wp-json\/wp\/v2\/product"}],"about":[{"href":"https:\/\/nordicdiy.ee\/fi\/wp-json\/wp\/v2\/types\/product"}],"wp:featuredmedia":[{"embeddable":true,"href":"https:\/\/nordicdiy.ee\/fi\/wp-json\/wp\/v2\/media\/17741"}],"wp:attachment":[{"href":"https:\/\/nordicdiy.ee\/fi\/wp-json\/wp\/v2\/media?parent=17745"}],"wp:term":[{"taxonomy":"product_brand","embeddable":true,"href":"https:\/\/nordicdiy.ee\/fi\/wp-json\/wp\/v2\/product_brand?post=17745"},{"taxonomy":"product_cat","embeddable":true,"href":"https:\/\/nordicdiy.ee\/fi\/wp-json\/wp\/v2\/product_cat?post=17745"},{"taxonomy":"product_tag","embeddable":true,"href":"https:\/\/nordicdiy.ee\/fi\/wp-json\/wp\/v2\/product_tag?post=17745"}],"curies":[{"name":"wp","href":"https:\/\/api.w.org\/{rel}","templated":true}]}}