{"id":18487,"date":"2025-05-14T14:37:43","date_gmt":"2025-05-14T11:37:43","guid":{"rendered":"https:\/\/nordicdiy.ee\/epood\/Ei-luokiteltu\/rich-chocolate-tuoksuoljy\/"},"modified":"2026-02-02T17:52:48","modified_gmt":"2026-02-02T14:52:48","slug":"rich-chocolate-tuoksuoljy","status":"publish","type":"product","link":"https:\/\/nordicdiy.ee\/fi\/epood\/tuoksuoljy\/diffuusoriin-sopivat-tuoksuoljyt\/rich-chocolate-tuoksuoljy\/","title":{"rendered":"Rich Chocolate tuoksu\u00f6ljy"},"content":{"rendered":"<p>ASPOL SCENTRA on rekister\u00f6inyt UFIGREEN-turvallisuustiedotteet (SDS), jotka on laadittu eri tuoksu\u00f6ljym\u00e4\u00e4rille ja joita voidaan k\u00e4ytt\u00e4\u00e4 soijavahakynttil\u00f6iden valmistuksessa. N\u00e4iden turvakorttien ja CLP-tarrojen ansiosta sinun ei tarvitse itse luoda UFI-koodia ja ilmoittaa sit\u00e4 PCN:ss\u00e4 tai rekister\u00f6ity\u00e4 ECHAS:iin, sill\u00e4 tehdas on jo rekister\u00f6inyt tuotteesi puolestasi. <\/p>\n<p><strong>Jokaisella tuoksu\u00f6ljyll\u00e4 on UFIGREENin k\u00e4ytt\u00f6raja, joka osoittaa turvallisen enimm\u00e4ism\u00e4\u00e4r\u00e4n kynttil\u00e4\u00e4 kohti. UFI GREEN -merkinn\u00e4ll\u00e4 varustetut tuotteet eiv\u00e4t tarvitse UFI-koodia, jos niit\u00e4 k\u00e4ytet\u00e4\u00e4n ilmoitetun k\u00e4ytt\u00f6rajan puitteissa. Siksi UFI-koodia ei tarvitse lis\u00e4t\u00e4 tuotteen etikettiin.  <\/strong><\/p>\n<p><strong>K\u00e4ytt\u00f6 kynttil\u00f6iss\u00e4 -<\/strong> soijavahakynttil\u00f6iden ja vahatorttujen suositeltava tuoksu\u00f6ljyn m\u00e4\u00e4r\u00e4 on 6-12 %, parafiinikynttil\u00f6iden 3-6 %. Katso tarkat m\u00e4\u00e4r\u00e4t ja SDS-taulukot alla.   <strong>\u00c4l\u00e4 sekoita eri tuoksu\u00f6ljyj\u00e4!<\/strong><\/p>\n<p>Lataamalla ilmaisen UFIGREENin k\u00e4ytt\u00f6turvallisuustiedotteen (SDS) ja soijavahakynttil\u00e4n CLP-tarran vahvistan, ett\u00e4 olen valmistanut tuotteeni UFICONTROL-vaatimusten mukaisesti ja ett\u00e4 olen ostanut SDS-kortissa mainitut ainesosat Nordic DIY:lt\u00e4.<\/p>\n<ul>\n<li><strong>CLP-tarran voi ladata t\u00e4\u00e4lt\u00e4 - <a href=\"https:\/\/aspol.info\/wp-content\/uploads\/etykiety\/ufi-green.html\" target=\"_blank\" rel=\"noopener\">CLP-tarran generaattori<\/a>.<\/strong><\/li>\n<li><strong><a href=\"https:\/\/goldelseou.sharepoint.com\/:f:\/s\/Nordicdiy.ee\/En6p9xsv4uNKlEFtSGyJhTsBmrxI3teL811r3TSXFGxSVg?e=c6r88P\" target=\"_blank\" rel=\"noopener\">K\u00e4ytt\u00f6turvallisuustiedotteet (SDS), IFRA, allergeenitaulukko ja valmiiden kynttil\u00f6iden k\u00e4ytt\u00f6turvallisuustiedotteet (SDS) l\u00f6ytyv\u00e4t t\u00e4\u00e4lt\u00e4.<\/a><\/strong><\/li>\n<\/ul>\n<p><span dir=\"auto\">K\u00e4ytt\u00f6turvallisuustiedote (SDS) ei muutu, jos valmistat kynttil\u00f6it\u00e4 ACL <a href=\"https:\/\/nordicdiy.ee\/fi\/tuote-osasto\/kynttiloiden-valmistus-fi\/kynttilan-varit\/\" target=\"_blank\" rel=\"noopener\">UFIGREEN -nestev\u00e4reill\u00e4.<\/a> ACL:n kynsiv\u00e4rit on valmistettu turvallisesti, niit\u00e4 ei ole luokiteltu vaarallisiksi eik\u00e4 niihin tarvita PCN-todistusta.<\/span><\/p>\n<p>Sallitut enimm\u00e4ism\u00e4\u00e4r\u00e4t kotituoksutikkujen, hajustesuihkeiden, saippuoiden (kiinte\u00e4t ja nestem\u00e4iset) ja muiden tuotteiden valmistukseen voidaan ladata IFRAn taulukosta.<\/p>\n<p><strong data-start=\"1310\" data-end=\"1326\">S\u00e4ilytys:<\/strong> suositeltu s\u00e4ilyvyysaika on <strong data-start=\"1353\" data-end=\"1364\">1 vuosi<\/strong>, mutta jos tuote s\u00e4ilytet\u00e4\u00e4n oikein (suojattuna auringonvalolta, kuivassa ja viile\u00e4ss\u00e4 paikassa), se s\u00e4ilyy k\u00e4ytt\u00f6kelpoisena useita vuosia.<\/p>\n<p>VAROITUS!<br \/>\n<img decoding=\"async\" class=\"\" src=\"https:\/\/nordicdiy.ee\/wp-content\/uploads\/2025\/01\/terviseoht.jpg\" width=\"70\" height=\"70\"><img decoding=\"async\" class=\"\" src=\"https:\/\/nordicdiy.ee\/wp-content\/uploads\/2025\/02\/keskkonnaoht.jpg\" width=\"70\" height=\"70\"><\/p>\n","protected":false},"excerpt":{"rendered":"<div class=\"woocommerce-product-details__short-description\">\n<p><strong data-start=\"0\" data-end=\"44\">Tutustu UFIGREEN-tuoksu\u00f6ljyyn, jonka k\u00e4ytt\u00f6aste on jopa 73 %!<br \/>\n<\/strong><strong data-start=\"0\" data-end=\"44\">ASPOL SCENTRA UFIGREEN-sertifioidut tuoksu\u00f6ljyt<\/strong> ovat turvallinen ja laadukas valinta tuoksukynttil\u00f6ihin, kodin tuoksuihin, tuoksusumutteisiin, tuoksuvahoihin ja saippuoihin. Tarkista <strong data-start=\"174\" data-end=\"210\">turvallisen k\u00e4yt\u00f6n raja-arvot ennen<\/strong> k\u00e4ytt\u00f6\u00e4.<strong><br \/>\n<\/strong><br \/>\nTuotannon yksinkertaistamiseksi voit <strong data-start=\"242\" data-end=\"265\">ladata<\/strong> soijavahakynttil\u00f6iden SDS- ja CLP-tarramallit <strong data-start=\"242\" data-end=\"265\">ILMAISEKSI<\/strong>, ja noudattamalla tuoksu\u00f6ljyn valmistajan suosittelemia k\u00e4ytt\u00f6alueita <strong>sinun ei tarvitse itse luoda ja ilmoittaa UFI-koodia PCN:ss\u00e4 tai rekister\u00f6ity\u00e4 erikseen ECHAS-j\u00e4rjestelm\u00e4\u00e4n.<br \/>\n<\/strong>Lis\u00e4tietoja tuoksu\u00f6ljyn k\u00e4yt\u00f6st\u00e4 on tuotekuvauksessa.<\/p>\n<p><strong>Tuoksun s\u00e4vyt<\/strong><br \/>\nP\u00e4\u00e4n s\u00e4vyt: suklaa<br \/>\nSyd\u00e4men s\u00e4vyt: kerma<br \/>\nPohjan s\u00e4vyt: vanilja<\/p>\n<\/div>\n<form class=\"variations_form cart plausible-event-name=Woo+Add+to+Cart plausible-event-quantity=1 plausible-event-product_id=4258 plausible-event-product_name=White+Chocolate+Fondue+aroomi\u00f5li plausible-event-price=2.90\" style=\"box-sizing: inherit; zoom: 1; color: #4b4f58; font-family: 'Work Sans', sans-serif; font-size: 15px; font-style: normal; font-variant-ligatures: normal; font-variant-caps: normal; font-weight: 400; letter-spacing: normal; orphans: 2; text-align: start; text-indent: 0px; text-transform: none; widows: 2; word-spacing: 0px; -webkit-text-stroke-width: 0px; white-space: normal; background-color: #f5f5f5; text-decoration-thickness: initial; text-decoration-style: initial; text-decoration-color: initial;\" action=\"https:\/\/nordicdiy.ee\/epood\/kuunalde-valmistamine\/kuunla-lohnad\/white-chocolate-fondue-aroomioli\/\" enctype=\"multipart\/form-data\" method=\"post\" data-product_id=\"4258\" data-product_variations=\"[{\" attributes=\"\">\\n\\t\\t\\t\\t\\t<span class='\\\"ast-stock-avail\\\"'>Saadavus\\n\\t\\t\\t\\t\\t<span class='\\\"stock' in-stock=\"\">Laos\\n\\t\\t\\t\\t\\n\\t\\t\\t\\t\",\"backorders_allowed\":false,\"dimensions\":{\"length\":\"3&#8243;,\"width\":\"3&#8243;,\"height\":\"8&#8243;},\"dimensions_html\":\"3 \u00d7 3 \u00d7 8 cm\",\"display_price\":2.899999999999999911182158029987476766109466552734375,\"display_regular_price\":2.899999999999999911182158029987476766109466552734375,\"image\":{\"title\":\"aroomi\\u00f5li ufigreen AF70_0467&#8243;,\"caption\":\"aroomi\\u00f5li ufigreen AF70_0467&#8243;,\"url\":\"https:\\\/\\\/nordicdiy.ee\\\/wp-content\\\/uploads\\\/2025\\\/01\\\/ufigreen-AF70_0467.jpg\",\"alt\":\"aroomi\\u00f5li ufigreen AF70_0467&#8243;,\"src\":\"https:\\\/\\\/nordicdiy.ee\\\/wp-content\\\/uploads\\\/2025\\\/01\\\/ufigreen-AF70_0467-600&#215;601.jpg\",\"srcset\":\"https:\\\/\\\/nordicdiy.ee\\\/wp-content\\\/uploads\\\/2025\\\/01\\\/ufigreen-AF70_0467-600&#215;601.jpg 600w, https:\\\/\\\/nordicdiy.ee\\\/wp-content\\\/uploads\\\/2025\\\/01\\\/ufigreen-AF70_0467-300&#215;300.jpg 300w, https:\\\/\\\/nordicdiy.ee\\\/wp-content\\\/uploads\\\/2025\\\/01\\\/ufigreen-AF70_0467-1022&#215;1024.jpg 1022w, https:\\\/\\\/nordicdiy.ee\\\/wp-content\\\/uploads\\\/2025\\\/01\\\/ufigreen-AF70_0467-150&#215;150.jpg 150w, https:\\\/\\\/nordicdiy.ee\\\/wp-content\\\/uploads\\\/2025\\\/01\\\/ufigreen-AF70_0467-768&#215;770.jpg 768w, https:\\\/\\\/nordicdiy.ee\\\/wp-content\\\/uploads\\\/2025\\\/01\\\/ufigreen-AF70_0467-1532&#215;1536.jpg 1532w, https:\\\/\\\/nordicdiy.ee\\\/wp-content\\\/uploads\\\/2025\\\/01\\\/ufigreen-AF70_0467-100&#215;100.jpg 100w, https:\\\/\\\/nordicdiy.ee\\\/wp-content\\\/uploads\\\/2025\\\/01\\\/ufigreen-AF70_0467.jpg 1643w\",\"sizes\":\"(max-width: 600px) 100vw, 600px\",\"full_src\":\"https:\\\/\\\/nordicdiy.ee\\\/wp-content\\\/uploads\\\/2025\\\/01\\\/ufigreen-AF70_0467.jpg\",\"full_src_w\":1643,\"full_src_h\":1647,\"gallery_thumbnail_src\":\"https:\\\/\\\/nordicdiy.ee\\\/wp-content\\\/uploads\\\/2025\\\/01\\\/ufigreen-AF70_0467-100&#215;100.jpg\",\"gallery_thumbnail_src_w\":100,\"gallery_thumbnail_src_h\":100,\"thumb_src\":\"https:\\\/\\\/nordicdiy.ee\\\/wp-content\\\/uploads\\\/2025\\\/01\\\/ufigreen-AF70_0467-300&#215;300.jpg\",\"thumb_src_w\":300,\"thumb_src_h\":300,\"src_w\":600,\"src_h\":601},\"image_id\":5197,\"is_downloadable\":false,\"is_in_stock\":true,\"is_purchasable\":true,\"is_sold_individually\":\"no\",\"is_virtual\":false,\"max_qty\":18,\"min_qty\":1,\"price_html\":\"<span class='\\\"price\\\"'><span class='\\\"woocommerce-Price-amount' amount=\"\"><bdi>2,90&nbsp;<span class='\\\"woocommerce-Price-currencySymbol\\\"'>\u20ac\",\"sku\":\"AF700467_20&#8243;,\"variation_description\":\"<\/p>\n<p>\\u00dchiku hind 145\\u20ac\\\/l\\n\",\"variation_id\":4273,\"variation_is_active\":true,\"variation_is_visible\":true,\"weight\":\"0.02&#8243;,\"weight_html\":\"0,02 kg\"},{\"attributes\":{\"attribute_pa_kogus\":\"100ml\"},\"availability_html\":\"\\t\\t\\t\\t<\/p>\n<p class='\\\"ast-stock-detail\\\"'>\\n\\t\\t\\t\\t\\t<span class='\\\"ast-stock-avail\\\"'>Saadavus\\n\\t\\t\\t\\t\\t<span class='\\\"stock' in-stock=\"\">Laos\\n\\t\\t\\t\\t\\n\\t\\t\\t\\t\",\"backorders_allowed\":false,\"dimensions\":{\"length\":\"4&#8243;,\"width\":\"4&#8243;,\"height\":\"9&#8243;},\"dimensions_html\":\"4 \u00d7 4 \u00d7 9 cm\",\"display_price\":8.9000000000000003552713678800500929355621337890625,\"display_regular_price\":8.9000000000000003552713678800500929355621337890625,\"image\":{\"title\":\"aroomi\\u00f5li ufigreen AF70_0467&#8243;,\"caption\":\"aroomi\\u00f5li ufigreen AF70_0467&#8243;,\"url\":\"https:\\\/\\\/nordicdiy.ee\\\/wp-content\\\/uploads\\\/2025\\\/01\\\/ufigreen-AF70_0467.jpg\",\"alt\":\"aroomi\\u00f5li ufigreen AF70_0467&#8243;,\"src\":\"https:\\\/\\\/nordicdiy.ee\\\/wp-content\\\/uploads\\\/2025\\\/01\\\/ufigreen-AF70_0467-600&#215;601.jpg\",\"srcset\":\"https:\\\/\\\/nordicdiy.ee\\\/wp-content\\\/uploads\\\/2025\\\/01\\\/ufigreen-AF70_0467-600&#215;601.jpg 600w, https:\\\/\\\/nordicdiy.ee\\\/wp-content\\\/uploads\\\/2025\\\/01\\\/ufigreen-AF70_0467-300&#215;300.jpg 300w, https:\\\/\\\/nordicdiy.ee\\\/wp-content\\\/uploads\\\/2025\\\/01\\\/ufigreen-AF70_0467-1022&#215;1024.jpg 1022w, https:\\\/\\\/nordicdiy.ee\\\/wp-content\\\/uploads\\\/2025\\\/01\\\/ufigreen-AF70_0467-150&#215;150.jpg 150w, https:\\\/\\\/nordicdiy.ee\\\/wp-content\\\/uploads\\\/2025\\\/01\\\/ufigreen-AF70_0467-768&#215;770.jpg 768w, https:\\\/\\\/nordicdiy.ee\\\/wp-content\\\/uploads\\\/2025\\\/01\\\/ufigreen-AF70_0467-1532&#215;1536.jpg 1532w, https:\\\/\\\/nordicdiy.ee\\\/wp-content\\\/uploads\\\/2025\\\/01\\\/ufigreen-AF70_0467-100&#215;100.jpg 100w, https:\\\/\\\/nordicdiy.ee\\\/wp-content\\\/uploads\\\/2025\\\/01\\\/ufigreen-AF70_0467.jpg 1643w\",\"sizes\":\"(max-width: 600px) 100vw, 600px\",\"full_src\":\"https:\\\/\\\/nordicdiy.ee\\\/wp-content\\\/uploads\\\/2025\\\/01\\\/ufigreen-AF70_0467.jpg\",\"full_src_w\":1643,\"full_src_h\":1647,\"gallery_thumbnail_src\":\"https:\\\/\\\/nordicdiy.ee\\\/wp-content\\\/uploads\\\/2025\\\/01\\\/ufigreen-AF70_0467-100&#215;100.jpg\",\"gallery_thumbnail_src_w\":100,\"gallery_thumbnail_src_h\":100,\"thumb_src\":\"https:\\\/\\\/nordicdiy.ee\\\/wp-content\\\/uploads\\\/2025\\\/01\\\/ufigreen-AF70_0467-300&#215;300.jpg\",\"thumb_src_w\":300,\"thumb_src_h\":300,\"src_w\":600,\"src_h\":601},\"image_id\":5197,\"is_downloadable\":false,\"is_in_stock\":true,\"is_purchasable\":true,\"is_sold_individually\":\"no\",\"is_virtual\":false,\"max_qty\":5,\"min_qty\":1,\"price_html\":\"<span class='\\\"price\\\"'><span class='\\\"woocommerce-Price-amount' amount=\"\"><bdi>8,90&nbsp;<span class='\\\"woocommerce-Price-currencySymbol\\\"'>\u20ac\",\"sku\":\"AF700467_100&#8243;,\"variation_description\":\"<\/p>\n<p>\\u00dchiku hind 89\\u20ac\\\/l\\n\",\"variation_id\":4271,\"variation_is_active\":true,\"variation_is_visible\":true,\"weight\":\"0.1&#8243;,\"weight_html\":\"0,1 kg\"},{\"attributes\":{\"attribute_pa_kogus\":\"500ml\"},\"availability_html\":\"\\t\\t\\t\\t<\/p>\n<p class='\\\"ast-stock-detail\\\"'>\\n\\t\\t\\t\\t\\t<span class='\\\"ast-stock-avail\\\"'>Saadavus\\n\\t\\t\\t\\t\\t<span class='\\\"stock' in-stock=\"\">Laos\\n\\t\\t\\t\\t\\n\\t\\t\\t\\t\",\"backorders_allowed\":false,\"dimensions\":{\"length\":\"7&#8243;,\"width\":\"7&#8243;,\"height\":\"15&#8243;},\"dimensions_html\":\"7 \u00d7 7 \u00d7 15 cm\",\"display_price\":22,\"display_regular_price\":22,\"image\":{\"title\":\"aroomi\\u00f5li ufigreen AF70_0467&#8243;,\"caption\":\"aroomi\\u00f5li ufigreen AF70_0467&#8243;,\"url\":\"https:\\\/\\\/nordicdiy.ee\\\/wp-content\\\/uploads\\\/2025\\\/01\\\/ufigreen-AF70_0467.jpg\",\"alt\":\"aroomi\\u00f5li ufigreen AF70_0467&#8243;,\"src\":\"https:\\\/\\\/nordicdiy.ee\\\/wp-content\\\/uploads\\\/2025\\\/01\\\/ufigreen-AF70_0467-600&#215;601.jpg\",\"srcset\":\"https:\\\/\\\/nordicdiy.ee\\\/wp-content\\\/uploads\\\/2025\\\/01\\\/ufigreen-AF70_0467-600&#215;601.jpg 600w, https:\\\/\\\/nordicdiy.ee\\\/wp-content\\\/uploads\\\/2025\\\/01\\\/ufigreen-AF70_0467-300&#215;300.jpg 300w, https:\\\/\\\/nordicdiy.ee\\\/wp-content\\\/uploads\\\/2025\\\/01\\\/ufigreen-AF70_0467-1022&#215;1024.jpg 1022w, https:\\\/\\\/nordicdiy.ee\\\/wp-content\\\/uploads\\\/2025\\\/01\\\/ufigreen-AF70_0467-150&#215;150.jpg 150w, https:\\\/\\\/nordicdiy.ee\\\/wp-content\\\/uploads\\\/2025\\\/01\\\/ufigreen-AF70_0467-768&#215;770.jpg 768w, https:\\\/\\\/nordicdiy.ee\\\/wp-content\\\/uploads\\\/2025\\\/01\\\/ufigreen-AF70_0467-1532&#215;1536.jpg 1532w, https:\\\/\\\/nordicdiy.ee\\\/wp-content\\\/uploads\\\/2025\\\/01\\\/ufigreen-AF70_0467-100&#215;100.jpg 100w, https:\\\/\\\/nordicdiy.ee\\\/wp-content\\\/uploads\\\/2025\\\/01\\\/ufigreen-AF70_0467.jpg 1643w\",\"sizes\":\"(max-width: 600px) 100vw, 600px\",\"full_src\":\"https:\\\/\\\/nordicdiy.ee\\\/wp-content\\\/uploads\\\/2025\\\/01\\\/ufigreen-AF70_0467.jpg\",\"full_src_w\":1643,\"full_src_h\":1647,\"gallery_thumbnail_src\":\"https:\\\/\\\/nordicdiy.ee\\\/wp-content\\\/uploads\\\/2025\\\/01\\\/ufigreen-AF70_0467-100&#215;100.jpg\",\"gallery_thumbnail_src_w\":100,\"gallery_thumbnail_src_h\":100,\"thumb_src\":\"https:\\\/\\\/nordicdiy.ee\\\/wp-content\\\/uploads\\\/2025\\\/01\\\/ufigreen-AF70_0467-300&#215;300.jpg\",\"thumb_src_w\":300,\"thumb_src_h\":300,\"src_w\":600,\"src_h\":601},\"image_id\":5197,\"is_downloadable\":false,\"is_in_stock\":true,\"is_purchasable\":true,\"is_sold_individually\":\"no\",\"is_virtual\":false,\"max_qty\":1,\"min_qty\":1,\"price_html\":\"<span class='\\\"price\\\"'><span class='\\\"woocommerce-Price-amount' amount=\"\"><bdi>22,00&nbsp;<span class='\\\"woocommerce-Price-currencySymbol\\\"'>\u20ac\",\"sku\":\"AF700467_500&#8243;,\"variation_description\":\"<\/p>\n<p>\\u00dchiku hind 44\\u20ac\\\/l\\n\",\"variation_id\":4272,\"variation_is_active\":true,\"variation_is_visible\":true,\"weight\":\"0.5&#8243;,\"weight_html\":\"0,5 kg\"},{\"attributes\":{\"attribute_pa_kogus\":\"1000ml\"},\"availability_html\":\"<\/p>\n<p class='\\\"stock' out-of-stock=\"\">Laost otsas\\n\",\"backorders_allowed\":false,\"dimensions\":{\"length\":\"8&#8243;,\"width\":\"8&#8243;,\"height\":\"22&#8243;},\"dimensions_html\":\"8 \u00d7 8 \u00d7 22 cm\",\"display_price\":39,\"display_regular_price\":39,\"image\":{\"title\":\"aroomi\\u00f5li ufigreen AF70_0467&#8243;,\"caption\":\"aroomi\\u00f5li ufigreen AF70_0467&#8243;,\"url\":\"https:\\\/\\\/nordicdiy.ee\\\/wp-content\\\/uploads\\\/2025\\\/01\\\/ufigreen-AF70_0467.jpg\",\"alt\":\"aroomi\\u00f5li ufigreen AF70_0467&#8243;,\"src\":\"https:\\\/\\\/nordicdiy.ee\\\/wp-content\\\/uploads\\\/2025\\\/01\\\/ufigreen-AF70_0467-600&#215;601.jpg\",\"srcset\":\"https:\\\/\\\/nordicdiy.ee\\\/wp-content\\\/uploads\\\/2025\\\/01\\\/ufigreen-AF70_0467-600&#215;601.jpg 600w, https:\\\/\\\/nordicdiy.ee\\\/wp-content\\\/uploads\\\/2025\\\/01\\\/ufigreen-AF70_0467-300&#215;300.jpg 300w, https:\\\/\\\/nordicdiy.ee\\\/wp-content\\\/uploads\\\/2025\\\/01\\\/ufigreen-AF70_0467-1022&#215;1024.jpg 1022w, https:\\\/\\\/nordicdiy.ee\\\/wp-content\\\/uploads\\\/2025\\\/01\\\/ufigreen-AF70_0467-150&#215;150.jpg 150w, https:\\\/\\\/nordicdiy.ee\\\/wp-content\\\/uploads\\\/2025\\\/01\\\/ufigreen-AF70_0467-768&#215;770.jpg 768w, https:\\\/\\\/nordicdiy.ee\\\/wp-content\\\/uploads\\\/2025\\\/01\\\/ufigreen-AF70_0467-1532&#215;1536.jpg 1532w, https:\\\/\\\/nordicdiy.ee\\\/wp-content\\\/uploads\\\/2025\\\/01\\\/ufigreen-AF70_0467-100&#215;100.jpg 100w, https:\\\/\\\/nordicdiy.ee\\\/wp-content\\\/uploads\\\/2025\\\/01\\\/ufigreen-AF70_0467.jpg 1643w\",\"sizes\":\"(max-width: 600px) 100vw, 600px\",\"full_src\":\"https:\\\/\\\/nordicdiy.ee\\\/wp-content\\\/uploads\\\/2025\\\/01\\\/ufigreen-AF70_0467.jpg\",\"full_src_w\":1643,\"full_src_h\":1647,\"gallery_thumbnail_src\":\"https:\\\/\\\/nordicdiy.ee\\\/wp-content\\\/uploads\\\/2025\\\/01\\\/ufigreen-AF70_0467-100&#215;100.jpg\",\"gallery_thumbnail_src_w\":100,\"gallery_thumbnail_src_h\":100,\"thumb_src\":\"https:\\\/\\\/nordicdiy.ee\\\/wp-content\\\/uploads\\\/2025\\\/01\\\/ufigreen-AF70_0467-300&#215;300.jpg\",\"thumb_src_w\":300,\"thumb_src_h\":300,\"src_w\":600,\"src_h\":601},\"image_id\":5197,\"is_downloadable\":false,\"is_in_stock\":false,\"is_purchasable\":true,\"is_sold_individually\":\"no\",\"is_virtual\":false,\"max_qty\":\"\",\"min_qty\":1,\"price_html\":\"<span class='\\\"price\\\"'><span class='\\\"woocommerce-Price-amount' amount=\"\"><bdi>39,00&nbsp;<span class='\\\"woocommerce-Price-currencySymbol\\\"'>\u20ac\",\"sku\":\"AF700467_1&#8243;,\"variation_description\":\"<\/p>\n<p>\\u00dchiku hind 39\\u20ac\\\/l\\n\",\"variation_id\":4270,\"variation_is_active\":true,\"variation_is_visible\":true,\"weight\":\"1&#8243;,\"weight_html\":\"1 kg\"}]\"\/&gt;<\/p>\n<p><\/span><\/bdi><\/span><\/span><\/p>\n<p><\/span><\/bdi><\/span><\/span><\/span><\/span><\/p>\n<p><\/span><\/bdi><\/span><\/span><\/span><\/span><\/p>\n<p><\/span><\/bdi><\/span><\/span><\/span><\/span><\/form>\n","protected":false},"featured_media":22164,"template":"","meta":{"site-sidebar-layout":"default","site-content-layout":"","ast-site-content-layout":"default","site-content-style":"default","site-sidebar-style":"default","ast-global-header-display":"","ast-banner-title-visibility":"","ast-main-header-display":"","ast-hfb-above-header-display":"","ast-hfb-below-header-display":"","ast-hfb-mobile-header-display":"","site-post-title":"","ast-breadcrumbs-content":"","ast-featured-img":"","footer-sml-layout":"","ast-disable-related-posts":"","theme-transparent-header-meta":"default","adv-header-id-meta":"","stick-header-meta":"default","header-above-stick-meta":"","header-main-stick-meta":"","header-below-stick-meta":"","astra-migrate-meta-layouts":"default","ast-page-background-enabled":"default","ast-page-background-meta":{"desktop":{"background-color":"","background-image":"","background-repeat":"repeat","background-position":"center center","background-size":"auto","background-attachment":"scroll","background-type":"","background-media":"","overlay-type":"","overlay-color":"","overlay-opacity":"","overlay-gradient":""},"tablet":{"background-color":"","background-image":"","background-repeat":"repeat","background-position":"center center","background-size":"auto","background-attachment":"scroll","background-type":"","background-media":"","overlay-type":"","overlay-color":"","overlay-opacity":"","overlay-gradient":""},"mobile":{"background-color":"","background-image":"","background-repeat":"repeat","background-position":"center center","background-size":"auto","background-attachment":"scroll","background-type":"","background-media":"","overlay-type":"","overlay-color":"","overlay-opacity":"","overlay-gradient":""}},"ast-content-background-meta":{"desktop":{"background-color":"var(--ast-global-color-5)","background-image":"","background-repeat":"repeat","background-position":"center center","background-size":"auto","background-attachment":"scroll","background-type":"","background-media":"","overlay-type":"","overlay-color":"","overlay-opacity":"","overlay-gradient":""},"tablet":{"background-color":"var(--ast-global-color-5)","background-image":"","background-repeat":"repeat","background-position":"center center","background-size":"auto","background-attachment":"scroll","background-type":"","background-media":"","overlay-type":"","overlay-color":"","overlay-opacity":"","overlay-gradient":""},"mobile":{"background-color":"var(--ast-global-color-5)","background-image":"","background-repeat":"repeat","background-position":"center center","background-size":"auto","background-attachment":"scroll","background-type":"","background-media":"","overlay-type":"","overlay-color":"","overlay-opacity":"","overlay-gradient":""}}},"product_brand":[],"product_cat":[268,176,129,178],"product_tag":[],"class_list":{"0":"post-18487","1":"product","2":"type-product","3":"status-publish","4":"has-post-thumbnail","6":"product_cat-diffuusoriin-sopivat-tuoksuoljyt","7":"product_cat-kynttilan-tuoksut","8":"product_cat-tuoksuoljy","9":"product_cat-ufi-green-fi","10":"desktop-align-left","11":"tablet-align-left","12":"mobile-align-left","13":"ast-product-gallery-layout-horizontal","14":"ast-product-gallery-with-no-image","15":"ast-product-single-variable","16":"ast-product-tabs-layout-horizontal","18":"first","19":"instock","20":"taxable","21":"shipping-taxable","22":"purchasable","23":"product-type-variable"},"_links":{"self":[{"href":"https:\/\/nordicdiy.ee\/fi\/wp-json\/wp\/v2\/product\/18487","targetHints":{"allow":["GET"]}}],"collection":[{"href":"https:\/\/nordicdiy.ee\/fi\/wp-json\/wp\/v2\/product"}],"about":[{"href":"https:\/\/nordicdiy.ee\/fi\/wp-json\/wp\/v2\/types\/product"}],"wp:featuredmedia":[{"embeddable":true,"href":"https:\/\/nordicdiy.ee\/fi\/wp-json\/wp\/v2\/media\/22164"}],"wp:attachment":[{"href":"https:\/\/nordicdiy.ee\/fi\/wp-json\/wp\/v2\/media?parent=18487"}],"wp:term":[{"taxonomy":"product_brand","embeddable":true,"href":"https:\/\/nordicdiy.ee\/fi\/wp-json\/wp\/v2\/product_brand?post=18487"},{"taxonomy":"product_cat","embeddable":true,"href":"https:\/\/nordicdiy.ee\/fi\/wp-json\/wp\/v2\/product_cat?post=18487"},{"taxonomy":"product_tag","embeddable":true,"href":"https:\/\/nordicdiy.ee\/fi\/wp-json\/wp\/v2\/product_tag?post=18487"}],"curies":[{"name":"wp","href":"https:\/\/api.w.org\/{rel}","templated":true}]}}