{"id":19654,"date":"2025-06-01T19:09:01","date_gmt":"2025-06-01T16:09:01","guid":{"rendered":"https:\/\/nordicdiy.ee\/?post_type=product&#038;p=19654"},"modified":"2026-03-05T01:37:35","modified_gmt":"2026-03-04T22:37:35","slug":"winter-cranberry-tuoksuoljy-kosmetiikkaan-ja-saippuaan-copy","status":"publish","type":"product","link":"https:\/\/nordicdiy.ee\/fi\/epood\/kosmetiikan-valmistus\/kosmetiikan-ja-saippuoiden-hajusteoljyt\/winter-cranberry-tuoksuoljy-kosmetiikkaan-ja-saippuaan-copy\/","title":{"rendered":"Zen Spa -tuoksu\u00f6ljy kosmetiikassa ja saippuassa"},"content":{"rendered":"<p><strong data-start=\"662\" data-end=\"673\">Zen Spa<\/strong> on harmoninen ja rentouttava tuoksu, joka tuo mieleen kylpyl\u00e4n rauhan ja puhtauden. Sen pehme\u00e4 ja tasapainoinen koostumus sopii t\u00e4ydellisesti p\u00e4ivitt\u00e4iseen k\u00e4ytt\u00f6\u00f6n vartalonhoito- ja tuoksutuotteissa. Ihanteellinen valinta niille, jotka haluavat luoda rentouttavan ymp\u00e4rist\u00f6n kylpyhuoneeseen, kehonhoitotuotteisiin ja kosmetiikkaan.  <\/p>\n<p>Se on <strong>vesipohjainen hajuste\u00f6ljy<\/strong>, joka sopii erinomaisesti kosmetiikkaan, voiteisiin, saippuoihin ja shampooseihin sek\u00e4 pesu- ja puhdistusaineisiin. Koostumuksensa ansiosta se sekoittuu hyvin erilaisiin resepteihin ja antaa tasaisen ja pitk\u00e4kestoisen tuoksun. <\/p>\n<p>Zen Spa on osa <strong>ASPOL Fragrance AF72 -sarjaa, joka on UFI Ready -sertifioitu.<\/strong><\/p>\n<p><strong>IFRA-luokkien noudattaminen on pakollista kaikille, jotka valmistavat hajusteita ja kosmetiikkatuotteita - ne asettavat turvallisen k\u00e4yt\u00f6n rajat!<br \/>\n<\/strong><\/p>\n<p>Voiteissa ja suihkugeeleiss\u00e4 keskim\u00e4\u00e4r\u00e4inen k\u00e4ytt\u00f6aste on 0,5-1 %. Suosittelemme kuitenkin aina kokeilemaan ensin pienemp\u00e4\u00e4 m\u00e4\u00e4r\u00e4\u00e4, sill\u00e4 eri tuoksu\u00f6ljyjen vahvuudet vaihtelevat. Esimerkiksi 500 ml:n nestesaippuaa varten voit lis\u00e4t\u00e4 noin 2,5-5 ml tuoksu\u00f6ljy\u00e4.  <\/p>\n<p>Ei k\u00e4ytett\u00e4v\u00e4ksi huulituotteissa tai suunhoitotuotteissa.<\/p>\n<p>Ei sovellu kynttil\u00f6iden valmistukseen, mutta <strong>sopii k\u00e4ytett\u00e4v\u00e4ksi tuoksulampuissa, s\u00e4hk\u00f6isiss\u00e4 tuoksulampuissa ja tuoksusumuttimissa<\/strong> (vesipohjaiset).<\/p>\n<p>Tuoksu\u00f6ljyt voivat tehd\u00e4 suihkugeeleist\u00e4 maitomaisia tai nestem\u00e4isi\u00e4, ja t\u00e4m\u00e4n ongelman ratkaisemiseksi suositellaan W405-stabilisaattorin k\u00e4ytt\u00f6\u00e4. W405-stabilisaattoria k\u00e4ytet\u00e4\u00e4n yleisesti nestem\u00e4isten saippuoiden, shampoiden, suihkugeelien ja muiden pinta-aktiivisten (tensidipohjaisten) pesuaineiden viskositeetin lis\u00e4\u00e4miseen, eli tuotteen sakeuttamiseen ja vakauttamiseen. T\u00e4m\u00e4 ainesosa auttaa saavuttamaan miellytt\u00e4v\u00e4n geelim\u00e4isen koostumuksen, jota kuluttajat odottavat saippualta tai shampoolta.  <\/p>\n<p><strong>Parasta ennen:<\/strong> ASPOL Fragrance -tuoksu\u00f6ljyjen suositeltava s\u00e4ilyvyysaika on 1 vuosi. ASPOL FRANCOLE -tuoksu\u00f6ljyjen suositeltu k\u00e4ytt\u00f6aika on 1 vuosi. Oikein s\u00e4ilytettyn\u00e4 - poissa auringonvalolta, kuivassa ja viile\u00e4ss\u00e4 paikassa - tuotteet s\u00e4ilyv\u00e4t k\u00e4ytt\u00f6kelpoisina useita vuosia. <\/p>\n<p>VAROITUS!<br \/>\n<img decoding=\"async\" class=\"\" src=\"https:\/\/nordicdiy.ee\/wp-content\/uploads\/2025\/01\/terviseoht.jpg\" width=\"70\" height=\"70\"> <img decoding=\"async\" class=\"\" src=\"https:\/\/nordicdiy.ee\/wp-content\/uploads\/2025\/02\/keskkonnaoht.jpg\" width=\"70\" height=\"70\"><\/p>\n","protected":false},"excerpt":{"rendered":"<p data-start=\"159\" data-end=\"343\"><strong>Zen Spa<\/strong> vesipohjainen tuoksu\u00f6ljy (AF72 43361) - rauhoittava ja tasapainoinen tuoksu, ihanteellinen k\u00e4sintehtyihin saippuoihin ja kosmetiikkaan. UFI Ready -sertifioitu, turvallinen ja laadukas valinta ammattilaisille. Yksityiskohtaiset tiedot k\u00e4yt\u00f6st\u00e4 ja sallituista pitoisuuksista l\u00f6ytyv\u00e4t tuotespesifikaation dokumentaatio-osasta. <strong data-start=\"1163\" data-end=\"1209\">IFRA-luokkien noudattaminen on pakollista<\/strong> kaikille, jotka valmistavat tuoksu- ja kosmetiikkatuotteita - ne asettavat turvalliset k\u00e4ytt\u00f6rajat.   Parasta ennen: 26.05.2026.<\/p>\n<p data-start=\"159\" data-end=\"343\"><strong>Ilmavuustiedot<\/strong><br \/>\nYl\u00e4tuoksu:<br \/>\nSyd\u00e4ntuoksu:<br \/>\nPohjatuoksu:<\/p>\n","protected":false},"featured_media":19300,"template":"","meta":{"site-sidebar-layout":"default","site-content-layout":"","ast-site-content-layout":"default","site-content-style":"default","site-sidebar-style":"default","ast-global-header-display":"","ast-banner-title-visibility":"","ast-main-header-display":"","ast-hfb-above-header-display":"","ast-hfb-below-header-display":"","ast-hfb-mobile-header-display":"","site-post-title":"","ast-breadcrumbs-content":"","ast-featured-img":"","footer-sml-layout":"","ast-disable-related-posts":"","theme-transparent-header-meta":"default","adv-header-id-meta":"","stick-header-meta":"default","header-above-stick-meta":"","header-main-stick-meta":"","header-below-stick-meta":"","astra-migrate-meta-layouts":"set","ast-page-background-enabled":"default","ast-page-background-meta":{"desktop":{"background-color":"","background-image":"","background-repeat":"repeat","background-position":"center center","background-size":"auto","background-attachment":"scroll","background-type":"","background-media":"","overlay-type":"","overlay-color":"","overlay-opacity":"","overlay-gradient":""},"tablet":{"background-color":"","background-image":"","background-repeat":"repeat","background-position":"center center","background-size":"auto","background-attachment":"scroll","background-type":"","background-media":"","overlay-type":"","overlay-color":"","overlay-opacity":"","overlay-gradient":""},"mobile":{"background-color":"","background-image":"","background-repeat":"repeat","background-position":"center center","background-size":"auto","background-attachment":"scroll","background-type":"","background-media":"","overlay-type":"","overlay-color":"","overlay-opacity":"","overlay-gradient":""}},"ast-content-background-meta":{"desktop":{"background-color":"var(--ast-global-color-5)","background-image":"","background-repeat":"repeat","background-position":"center center","background-size":"auto","background-attachment":"scroll","background-type":"","background-media":"","overlay-type":"","overlay-color":"","overlay-opacity":"","overlay-gradient":""},"tablet":{"background-color":"var(--ast-global-color-5)","background-image":"","background-repeat":"repeat","background-position":"center center","background-size":"auto","background-attachment":"scroll","background-type":"","background-media":"","overlay-type":"","overlay-color":"","overlay-opacity":"","overlay-gradient":""},"mobile":{"background-color":"var(--ast-global-color-5)","background-image":"","background-repeat":"repeat","background-position":"center center","background-size":"auto","background-attachment":"scroll","background-type":"","background-media":"","overlay-type":"","overlay-color":"","overlay-opacity":"","overlay-gradient":""}}},"product_brand":[],"product_cat":[417,281,280,215],"product_tag":[],"class_list":{"0":"post-19654","1":"product","2":"type-product","3":"status-publish","4":"has-post-thumbnail","6":"product_cat-erikoistarjoukset","7":"product_cat-kosmetiikan-ja-saippuoiden-hajusteoljyt","8":"product_cat-kosmetiikan-valmistus","9":"product_cat-saippuan-valmistus","10":"desktop-align-left","11":"tablet-align-left","12":"mobile-align-left","13":"ast-product-gallery-layout-horizontal","14":"ast-product-gallery-with-no-image","15":"ast-product-single-variable","16":"ast-product-tabs-layout-horizontal","18":"first","19":"instock","20":"sale","21":"taxable","22":"shipping-taxable","23":"purchasable","24":"product-type-variable"},"_links":{"self":[{"href":"https:\/\/nordicdiy.ee\/fi\/wp-json\/wp\/v2\/product\/19654","targetHints":{"allow":["GET"]}}],"collection":[{"href":"https:\/\/nordicdiy.ee\/fi\/wp-json\/wp\/v2\/product"}],"about":[{"href":"https:\/\/nordicdiy.ee\/fi\/wp-json\/wp\/v2\/types\/product"}],"wp:featuredmedia":[{"embeddable":true,"href":"https:\/\/nordicdiy.ee\/fi\/wp-json\/wp\/v2\/media\/19300"}],"wp:attachment":[{"href":"https:\/\/nordicdiy.ee\/fi\/wp-json\/wp\/v2\/media?parent=19654"}],"wp:term":[{"taxonomy":"product_brand","embeddable":true,"href":"https:\/\/nordicdiy.ee\/fi\/wp-json\/wp\/v2\/product_brand?post=19654"},{"taxonomy":"product_cat","embeddable":true,"href":"https:\/\/nordicdiy.ee\/fi\/wp-json\/wp\/v2\/product_cat?post=19654"},{"taxonomy":"product_tag","embeddable":true,"href":"https:\/\/nordicdiy.ee\/fi\/wp-json\/wp\/v2\/product_tag?post=19654"}],"curies":[{"name":"wp","href":"https:\/\/api.w.org\/{rel}","templated":true}]}}