{"id":20436,"date":"2025-08-21T14:39:13","date_gmt":"2025-08-21T11:39:13","guid":{"rendered":"https:\/\/nordicdiy.ee\/epood\/Ei-luokiteltu\/kynttilalasi-musta-kiiltava-280-ml-h96-x-d80-mm\/"},"modified":"2025-09-17T00:08:49","modified_gmt":"2025-09-16T21:08:49","slug":"kynttilalasi-musta-kiiltava-280-ml-h96-x-d80-mm","status":"publish","type":"product","link":"https:\/\/nordicdiy.ee\/fi\/epood\/kynttiloiden-valmistus-fi\/kynttilalasit-ja-kannet\/kynttilalasi-musta-kiiltava-280-ml-h96-x-d80-mm\/","title":{"rendered":"Kynttil\u00e4lasi musta kiilt\u00e4v\u00e4 280 ml, h96 x d80 mm"},"content":{"rendered":"<p>Kynttil\u00e4purkin mitat h96 x d80 mm takaavat optimaalisen tilavuuden, johon mahtuu jopa 280 ml vahaa, mik\u00e4 antaa mahdollisuuden valmistaa tuoksukynttil\u00f6it\u00e4 sek\u00e4 pelkki\u00e4 koristekynttil\u00f6it\u00e4. Ylellinen kiilt\u00e4v\u00e4 musta pinta lis\u00e4\u00e4 eleganssia ja v\u00e4ri\u00e4 mihin tahansa huoneeseen, ihanteellinen minimalistiseen sisustukseen. <\/p>\n<p>Lasin <strong>edut:<\/strong><\/p>\n<p>Turvallinen - l\u00e4mm\u00f6nkest\u00e4v\u00e4, soveltuu kynttil\u00f6iden valmistukseen.<br \/>\nEsteettinen - moderni ja huomiota her\u00e4tt\u00e4v\u00e4 ulkon\u00e4k\u00f6.<br \/>\nUudelleenk\u00e4ytett\u00e4v\u00e4 - kynttil\u00e4n polton j\u00e4lkeen astia voidaan kierr\u00e4tt\u00e4\u00e4.<br \/>\nTurvallinen - lasi ei sis\u00e4ll\u00e4 raskasmetalleja.<\/p>\n<p><strong>Tekniset tiedot:<\/strong><\/p>\n<p>Korkeus: 9,6 cm<br \/>\nHalkaisija: 8 cm<br \/>\nPohjan halkaisija: 7 cm<br \/>\nTilavuus: 280 ml<br \/>\nV\u00e4ri: Kiilt\u00e4v\u00e4 musta.<\/p>\n<p><strong>Lasimaalit - UFIREADY Lakat Lakat<\/strong><\/p>\n<p>Astian maalaamiseen k\u00e4ytetyt erityiset lasimaalit takaavat kest\u00e4vyyden, esteettisyyden ja turvallisuuden my\u00f6s runsaalla aromaattisten \u00f6ljyjen k\u00e4yt\u00f6ll\u00e4.<\/p>\n<p><strong>T\u00e4rkeimm\u00e4t tuoteominaisuudet:<\/strong><\/p>\n<p>EU:n laatu- ja turvallisuusstandardien mukainen.<br \/>\nKest\u00e4v\u00e4 - k\u00e4yt\u00e4mme erityisi\u00e4 lasikoristemaaleja, joilla varmistetaan kest\u00e4v\u00e4 ja laadukas viimeistely.<br \/>\nMekaaninen kest\u00e4vyys - kest\u00e4\u00e4 jopa 500 astianpesukertaa.<br \/>\nKemiallinen kest\u00e4vyys - k\u00e4ytetyt v\u00e4rit kest\u00e4v\u00e4t poikkeuksellisen hyvin monenlaisia kemikaaleja.<br \/>\nTurvallinen k\u00e4ytt\u00e4\u00e4 - sopii ep\u00e4suoraan kosketukseen elintarvikkeiden kanssa.<br \/>\nVegaaninen - ei sis\u00e4ll\u00e4 el\u00e4inper\u00e4isi\u00e4 ainesosia.<br \/>\nCruelty Free - tuotetta ei ole testattu el\u00e4imill\u00e4.<br \/>\nTurvallinen koostumus - ei sis\u00e4ll\u00e4 raskasmetalleja tai ftalaatteja. Cruelty Free - tuotetta ei ole testattu el\u00e4imill\u00e4. Turvallinen koostumus - ei sis\u00e4ll\u00e4 raskasmetalleja tai ftalaatteja.<\/p>\n","protected":false},"excerpt":{"rendered":"<p>Klassinen ja ylellinen musta kiilt\u00e4v\u00e4 280 ml:n kynttil\u00e4lasi on t\u00e4ydellinen valinta k\u00e4sintehtyihin kynttil\u00f6ihin. Sen koko ja skandinaavinen muotoilu sopivat erinomaisesti k\u00e4ytett\u00e4v\u00e4ksi erilaisten vahojen, kuten soijavahan, parafiinivahan, rypsi\u00f6ljyvahan, mehil\u00e4isvahan ja palmuvahan kanssa.  L\u00e4mm\u00f6nkest\u00e4v\u00e4 lasikulho tarjoaa turvallisen ja kest\u00e4v\u00e4n ratkaisun sek\u00e4 ylellisen ulkon\u00e4\u00f6n.<\/p>\n","protected":false},"featured_media":21111,"template":"","meta":{"site-sidebar-layout":"default","site-content-layout":"","ast-site-content-layout":"default","site-content-style":"default","site-sidebar-style":"default","ast-global-header-display":"","ast-banner-title-visibility":"","ast-main-header-display":"","ast-hfb-above-header-display":"","ast-hfb-below-header-display":"","ast-hfb-mobile-header-display":"","site-post-title":"","ast-breadcrumbs-content":"","ast-featured-img":"","footer-sml-layout":"","ast-disable-related-posts":"","theme-transparent-header-meta":"default","adv-header-id-meta":"","stick-header-meta":"default","header-above-stick-meta":"","header-main-stick-meta":"","header-below-stick-meta":"","astra-migrate-meta-layouts":"default","ast-page-background-enabled":"default","ast-page-background-meta":{"desktop":{"background-color":"","background-image":"","background-repeat":"repeat","background-position":"center center","background-size":"auto","background-attachment":"scroll","background-type":"","background-media":"","overlay-type":"","overlay-color":"","overlay-opacity":"","overlay-gradient":""},"tablet":{"background-color":"","background-image":"","background-repeat":"repeat","background-position":"center center","background-size":"auto","background-attachment":"scroll","background-type":"","background-media":"","overlay-type":"","overlay-color":"","overlay-opacity":"","overlay-gradient":""},"mobile":{"background-color":"","background-image":"","background-repeat":"repeat","background-position":"center center","background-size":"auto","background-attachment":"scroll","background-type":"","background-media":"","overlay-type":"","overlay-color":"","overlay-opacity":"","overlay-gradient":""}},"ast-content-background-meta":{"desktop":{"background-color":"var(--ast-global-color-5)","background-image":"","background-repeat":"repeat","background-position":"center center","background-size":"auto","background-attachment":"scroll","background-type":"","background-media":"","overlay-type":"","overlay-color":"","overlay-opacity":"","overlay-gradient":""},"tablet":{"background-color":"var(--ast-global-color-5)","background-image":"","background-repeat":"repeat","background-position":"center center","background-size":"auto","background-attachment":"scroll","background-type":"","background-media":"","overlay-type":"","overlay-color":"","overlay-opacity":"","overlay-gradient":""},"mobile":{"background-color":"var(--ast-global-color-5)","background-image":"","background-repeat":"repeat","background-position":"center center","background-size":"auto","background-attachment":"scroll","background-type":"","background-media":"","overlay-type":"","overlay-color":"","overlay-opacity":"","overlay-gradient":""}}},"product_brand":[],"product_cat":[163,158],"product_tag":[],"class_list":{"0":"post-20436","1":"product","2":"type-product","3":"status-publish","4":"has-post-thumbnail","6":"product_cat-kynttilalasit-ja-kannet","7":"product_cat-kynttiloiden-valmistus-fi","8":"desktop-align-left","9":"tablet-align-left","10":"mobile-align-left","11":"ast-product-gallery-layout-horizontal","12":"ast-product-gallery-with-no-image","13":"ast-product-tabs-layout-horizontal","15":"first","16":"instock","17":"taxable","18":"shipping-taxable","19":"purchasable","20":"product-type-simple"},"_links":{"self":[{"href":"https:\/\/nordicdiy.ee\/fi\/wp-json\/wp\/v2\/product\/20436","targetHints":{"allow":["GET"]}}],"collection":[{"href":"https:\/\/nordicdiy.ee\/fi\/wp-json\/wp\/v2\/product"}],"about":[{"href":"https:\/\/nordicdiy.ee\/fi\/wp-json\/wp\/v2\/types\/product"}],"wp:featuredmedia":[{"embeddable":true,"href":"https:\/\/nordicdiy.ee\/fi\/wp-json\/wp\/v2\/media\/21111"}],"wp:attachment":[{"href":"https:\/\/nordicdiy.ee\/fi\/wp-json\/wp\/v2\/media?parent=20436"}],"wp:term":[{"taxonomy":"product_brand","embeddable":true,"href":"https:\/\/nordicdiy.ee\/fi\/wp-json\/wp\/v2\/product_brand?post=20436"},{"taxonomy":"product_cat","embeddable":true,"href":"https:\/\/nordicdiy.ee\/fi\/wp-json\/wp\/v2\/product_cat?post=20436"},{"taxonomy":"product_tag","embeddable":true,"href":"https:\/\/nordicdiy.ee\/fi\/wp-json\/wp\/v2\/product_tag?post=20436"}],"curies":[{"name":"wp","href":"https:\/\/api.w.org\/{rel}","templated":true}]}}