{"id":20565,"date":"2025-08-22T09:34:14","date_gmt":"2025-08-22T06:34:14","guid":{"rendered":"https:\/\/nordicdiy.ee\/epood\/Ei-luokiteltu\/kodintuoksupullo-korkilla-tummanruskea-kiiltava-100ml\/"},"modified":"2025-08-25T14:06:06","modified_gmt":"2025-08-25T11:06:06","slug":"kodintuoksupullo-korkilla-tummanruskea-kiiltava-100ml","status":"publish","type":"product","link":"https:\/\/nordicdiy.ee\/fi\/epood\/huonetuoksun-valmistaminen\/huoneenraikastinpullot\/kodintuoksupullo-korkilla-tummanruskea-kiiltava-100ml\/","title":{"rendered":"Kodintuoksupullo korkilla, tummanruskea kiilt\u00e4v\u00e4 100ml"},"content":{"rendered":"<p>T\u00e4m\u00e4 minimalistinen lasinen tuoksusumutin, jonka v\u00e4ri on luonnollinen ruskea, on t\u00e4ydellinen valinta sek\u00e4 ammattilaisille ett\u00e4 kotituoksujen yst\u00e4ville. Sen kest\u00e4v\u00e4 ja esteettinen viimeistely tekee siit\u00e4 t\u00e4ydellisen koristeen mihin tahansa sisustukseen. <\/p>\n<p>Lasin <strong>edut:<\/strong><\/p>\n<p>Turvallinen - kest\u00e4v\u00e4 ja hajuste\u00f6ljyj\u00e4 kest\u00e4v\u00e4.<br \/>\n<span style=\"font-size: 16px;\">Esteettisesti miellytt\u00e4v\u00e4 - moderni ulkon\u00e4k\u00f6, joka sopii erilaisiin sisustustyyleihin.<br \/>\n<\/span><span style=\"font-size: 16px;\">Uudelleenk\u00e4ytett\u00e4viss\u00e4 - s\u00e4ili\u00f6 voidaan t\u00e4ytt\u00e4\u00e4 uudelleen, kun \u00f6ljyloppuu.<br \/>\n Turvallinen - ei sis\u00e4ll\u00e4 raskasmetalleja, kemiallisesti neutraali materiaali.<\/span><\/p>\n<p><strong>Tekniset tiedot:<\/strong><\/p>\n<p>Korkeus: 7 cm<br \/>\nHalkaisija: 6,9 cm<br \/>\nTikkujen aukon halkaisija: 2,6 cm<br \/>\nTilavuus: 100 ml<br \/>\nV\u00e4ri: Tummanruskea kiilt\u00e4v\u00e4 l\u00e4pin\u00e4kyv\u00e4<br \/>\n1 kpl:n sarja: 1 kpl.<\/p>\n<p><strong>Lasimaalit - UFIREADY Lakat Lakat<\/strong><\/p>\n<p>Astian maalauksessa k\u00e4ytetyt erityiset lasimaalit takaavat kest\u00e4vyyden, esteettisen ulkon\u00e4\u00f6n ja turvallisuuden my\u00f6s voimakkaan hajuisten \u00f6ljyjen l\u00e4sn\u00e4 ollessa.<\/p>\n<p><strong>T\u00e4rkeimm\u00e4t tuoteominaisuudet:<\/strong><\/p>\n<p>EU:n laatu- ja turvallisuusstandardien mukainen.<br \/>\nKoristeellinen kest\u00e4vyys - ei kulu eik\u00e4 haalistu pitk\u00e4aikaisenkaan k\u00e4yt\u00f6n j\u00e4lkeen.<br \/>\nMekaaninen kest\u00e4vyys - kest\u00e4\u00e4 jopa 500 astianpesukertaa.<br \/>\nAlkoholinkest\u00e4v\u00e4 - v\u00e4rit kest\u00e4v\u00e4t alkoholia.<br \/>\nTurvallinen k\u00e4ytt\u00e4\u00e4 - sopii ep\u00e4suoraan elintarvikekontaktiin.<br \/>\nVegaaninen - ei sis\u00e4ll\u00e4 el\u00e4inper\u00e4isi\u00e4 ainesosia.<br \/>\nCruelty Free - ei testattu el\u00e4imill\u00e4.<br \/>\nTurvallinen koostumus - ei sis\u00e4ll\u00e4 raskasmetalleja tai ftalaatteja.<\/p>\n","protected":false},"excerpt":{"rendered":"<p><strong data-start=\"85\" data-end=\"161\">Elegantti 100 ml:n tummanruskea kiilt\u00e4v\u00e4 lasinen diffuusoripullo on<\/strong> tyylik\u00e4s ja kest\u00e4v\u00e4 lasis\u00e4ili\u00f6 aromaattiselle diffuusorillesi. Uudelleenk\u00e4ytett\u00e4viss\u00e4, kest\u00e4\u00e4 tuoksu\u00f6ljyj\u00e4 ja sopii mihin tahansa sisustukseen - ihanteellinen koti- tai ammattik\u00e4ytt\u00f6\u00f6n. <\/p>\n","protected":false},"featured_media":21070,"template":"","meta":{"site-sidebar-layout":"default","site-content-layout":"","ast-site-content-layout":"default","site-content-style":"default","site-sidebar-style":"default","ast-global-header-display":"","ast-banner-title-visibility":"","ast-main-header-display":"","ast-hfb-above-header-display":"","ast-hfb-below-header-display":"","ast-hfb-mobile-header-display":"","site-post-title":"","ast-breadcrumbs-content":"","ast-featured-img":"","footer-sml-layout":"","ast-disable-related-posts":"","theme-transparent-header-meta":"default","adv-header-id-meta":"","stick-header-meta":"default","header-above-stick-meta":"","header-main-stick-meta":"","header-below-stick-meta":"","astra-migrate-meta-layouts":"default","ast-page-background-enabled":"default","ast-page-background-meta":{"desktop":{"background-color":"","background-image":"","background-repeat":"repeat","background-position":"center center","background-size":"auto","background-attachment":"scroll","background-type":"","background-media":"","overlay-type":"","overlay-color":"","overlay-opacity":"","overlay-gradient":""},"tablet":{"background-color":"","background-image":"","background-repeat":"repeat","background-position":"center center","background-size":"auto","background-attachment":"scroll","background-type":"","background-media":"","overlay-type":"","overlay-color":"","overlay-opacity":"","overlay-gradient":""},"mobile":{"background-color":"","background-image":"","background-repeat":"repeat","background-position":"center center","background-size":"auto","background-attachment":"scroll","background-type":"","background-media":"","overlay-type":"","overlay-color":"","overlay-opacity":"","overlay-gradient":""}},"ast-content-background-meta":{"desktop":{"background-color":"var(--ast-global-color-5)","background-image":"","background-repeat":"repeat","background-position":"center center","background-size":"auto","background-attachment":"scroll","background-type":"","background-media":"","overlay-type":"","overlay-color":"","overlay-opacity":"","overlay-gradient":""},"tablet":{"background-color":"var(--ast-global-color-5)","background-image":"","background-repeat":"repeat","background-position":"center center","background-size":"auto","background-attachment":"scroll","background-type":"","background-media":"","overlay-type":"","overlay-color":"","overlay-opacity":"","overlay-gradient":""},"mobile":{"background-color":"var(--ast-global-color-5)","background-image":"","background-repeat":"repeat","background-position":"center center","background-size":"auto","background-attachment":"scroll","background-type":"","background-media":"","overlay-type":"","overlay-color":"","overlay-opacity":"","overlay-gradient":""}}},"product_brand":[],"product_cat":[417,240,207],"product_tag":[],"class_list":{"0":"post-20565","1":"product","2":"type-product","3":"status-publish","4":"has-post-thumbnail","6":"product_cat-erikoistarjoukset","7":"product_cat-huoneenraikastinpullot","8":"product_cat-huonetuoksun-valmistaminen","9":"desktop-align-left","10":"tablet-align-left","11":"mobile-align-left","12":"ast-product-gallery-layout-horizontal","13":"ast-product-gallery-with-no-image","14":"ast-product-single-variable","15":"ast-product-tabs-layout-horizontal","17":"first","18":"instock","19":"taxable","20":"shipping-taxable","21":"purchasable","22":"product-type-variable"},"_links":{"self":[{"href":"https:\/\/nordicdiy.ee\/fi\/wp-json\/wp\/v2\/product\/20565","targetHints":{"allow":["GET"]}}],"collection":[{"href":"https:\/\/nordicdiy.ee\/fi\/wp-json\/wp\/v2\/product"}],"about":[{"href":"https:\/\/nordicdiy.ee\/fi\/wp-json\/wp\/v2\/types\/product"}],"wp:featuredmedia":[{"embeddable":true,"href":"https:\/\/nordicdiy.ee\/fi\/wp-json\/wp\/v2\/media\/21070"}],"wp:attachment":[{"href":"https:\/\/nordicdiy.ee\/fi\/wp-json\/wp\/v2\/media?parent=20565"}],"wp:term":[{"taxonomy":"product_brand","embeddable":true,"href":"https:\/\/nordicdiy.ee\/fi\/wp-json\/wp\/v2\/product_brand?post=20565"},{"taxonomy":"product_cat","embeddable":true,"href":"https:\/\/nordicdiy.ee\/fi\/wp-json\/wp\/v2\/product_cat?post=20565"},{"taxonomy":"product_tag","embeddable":true,"href":"https:\/\/nordicdiy.ee\/fi\/wp-json\/wp\/v2\/product_tag?post=20565"}],"curies":[{"name":"wp","href":"https:\/\/api.w.org\/{rel}","templated":true}]}}