{"id":20613,"date":"2025-08-22T09:49:22","date_gmt":"2025-08-22T06:49:22","guid":{"rendered":"https:\/\/nordicdiy.ee\/epood\/Ei-luokiteltu\/koti-tuoksupullo-keraaminen-valkoinen-valkoinen-korkki-180ml\/"},"modified":"2025-08-25T12:40:16","modified_gmt":"2025-08-25T09:40:16","slug":"koti-tuoksupullo-keraaminen-valkoinen-valkoinen-korkki-180ml","status":"publish","type":"product","link":"https:\/\/nordicdiy.ee\/fi\/epood\/huonetuoksun-valmistaminen\/huoneenraikastinpullot\/koti-tuoksupullo-keraaminen-valkoinen-valkoinen-korkki-180ml\/","title":{"rendered":"Koti tuoksupullo keraaminen valkoinen, valkoinen korkki 180ml"},"content":{"rendered":"<p>T\u00e4m\u00e4 tyylik\u00e4s tuoksusumutinastia on loistava valinta sek\u00e4 ammattimaisille hajuvesien valmistajille ett\u00e4 kotituoksujen yst\u00e4ville. Sen kest\u00e4v\u00e4 ja tyylik\u00e4s viimeistely tekee siit\u00e4 kauniin koristeen mihin tahansa sisustukseen. <\/p>\n<p><strong>Lasin edut:<\/strong><\/p>\n<p>Turvallinen - kest\u00e4v\u00e4 ja tuoksuturvallinen.<br \/>\nEsteettinen - moderni ulkon\u00e4k\u00f6 sopii erilaisiin sisustustyyleihin.<br \/>\nUudelleenk\u00e4ytett\u00e4v\u00e4 - pullo voidaan t\u00e4ytt\u00e4\u00e4 uudelleen \u00f6ljyn loppumisen j\u00e4lkeen.<br \/>\nTurvallinen - ei sis\u00e4ll\u00e4 raskasmetalleja, kemiallisesti neutraali materiaali.<\/p>\n<p><strong>Tekniset tiedot:<\/strong><br \/>\nKorkeus: 11 cm<br \/>\nHalkaisija: 7,4 cm<br \/>\nAukon halkaisija tikkuja varten: 3,2 cm<br \/>\nTilavuus: 180 ml<br \/>\nV\u00e4ri: Keraaminen<br \/>\nSis\u00e4ltyy sarjaan: 1 kpl.<\/p>\n","protected":false},"excerpt":{"rendered":"<p><strong data-start=\"76\" data-end=\"131\">Keraaminen 180 ml <\/strong>:n <strong data-start=\"76\" data-end=\"131\">diffuusori on <\/strong>tyylik\u00e4s ja tukeva tuoksudiffuusori koti- tai ammattik\u00e4ytt\u00f6\u00f6n. Uudelleenk\u00e4ytett\u00e4viss\u00e4, kest\u00e4\u00e4 tuoksu\u00f6ljyj\u00e4 ja sopii mihin tahansa sisustukseen. <\/p>\n","protected":false},"featured_media":21059,"template":"","meta":{"site-sidebar-layout":"default","site-content-layout":"","ast-site-content-layout":"default","site-content-style":"default","site-sidebar-style":"default","ast-global-header-display":"","ast-banner-title-visibility":"","ast-main-header-display":"","ast-hfb-above-header-display":"","ast-hfb-below-header-display":"","ast-hfb-mobile-header-display":"","site-post-title":"","ast-breadcrumbs-content":"","ast-featured-img":"","footer-sml-layout":"","ast-disable-related-posts":"","theme-transparent-header-meta":"default","adv-header-id-meta":"","stick-header-meta":"default","header-above-stick-meta":"","header-main-stick-meta":"","header-below-stick-meta":"","astra-migrate-meta-layouts":"default","ast-page-background-enabled":"default","ast-page-background-meta":{"desktop":{"background-color":"","background-image":"","background-repeat":"repeat","background-position":"center center","background-size":"auto","background-attachment":"scroll","background-type":"","background-media":"","overlay-type":"","overlay-color":"","overlay-opacity":"","overlay-gradient":""},"tablet":{"background-color":"","background-image":"","background-repeat":"repeat","background-position":"center center","background-size":"auto","background-attachment":"scroll","background-type":"","background-media":"","overlay-type":"","overlay-color":"","overlay-opacity":"","overlay-gradient":""},"mobile":{"background-color":"","background-image":"","background-repeat":"repeat","background-position":"center center","background-size":"auto","background-attachment":"scroll","background-type":"","background-media":"","overlay-type":"","overlay-color":"","overlay-opacity":"","overlay-gradient":""}},"ast-content-background-meta":{"desktop":{"background-color":"var(--ast-global-color-5)","background-image":"","background-repeat":"repeat","background-position":"center center","background-size":"auto","background-attachment":"scroll","background-type":"","background-media":"","overlay-type":"","overlay-color":"","overlay-opacity":"","overlay-gradient":""},"tablet":{"background-color":"var(--ast-global-color-5)","background-image":"","background-repeat":"repeat","background-position":"center center","background-size":"auto","background-attachment":"scroll","background-type":"","background-media":"","overlay-type":"","overlay-color":"","overlay-opacity":"","overlay-gradient":""},"mobile":{"background-color":"var(--ast-global-color-5)","background-image":"","background-repeat":"repeat","background-position":"center center","background-size":"auto","background-attachment":"scroll","background-type":"","background-media":"","overlay-type":"","overlay-color":"","overlay-opacity":"","overlay-gradient":""}}},"product_brand":[],"product_cat":[417,240,207],"product_tag":[],"class_list":{"0":"post-20613","1":"product","2":"type-product","3":"status-publish","4":"has-post-thumbnail","6":"product_cat-erikoistarjoukset","7":"product_cat-huoneenraikastinpullot","8":"product_cat-huonetuoksun-valmistaminen","9":"desktop-align-left","10":"tablet-align-left","11":"mobile-align-left","12":"ast-product-gallery-layout-horizontal","13":"ast-product-gallery-with-no-image","14":"ast-product-tabs-layout-horizontal","16":"first","17":"instock","18":"taxable","19":"shipping-taxable","20":"purchasable","21":"product-type-simple"},"_links":{"self":[{"href":"https:\/\/nordicdiy.ee\/fi\/wp-json\/wp\/v2\/product\/20613","targetHints":{"allow":["GET"]}}],"collection":[{"href":"https:\/\/nordicdiy.ee\/fi\/wp-json\/wp\/v2\/product"}],"about":[{"href":"https:\/\/nordicdiy.ee\/fi\/wp-json\/wp\/v2\/types\/product"}],"wp:featuredmedia":[{"embeddable":true,"href":"https:\/\/nordicdiy.ee\/fi\/wp-json\/wp\/v2\/media\/21059"}],"wp:attachment":[{"href":"https:\/\/nordicdiy.ee\/fi\/wp-json\/wp\/v2\/media?parent=20613"}],"wp:term":[{"taxonomy":"product_brand","embeddable":true,"href":"https:\/\/nordicdiy.ee\/fi\/wp-json\/wp\/v2\/product_brand?post=20613"},{"taxonomy":"product_cat","embeddable":true,"href":"https:\/\/nordicdiy.ee\/fi\/wp-json\/wp\/v2\/product_cat?post=20613"},{"taxonomy":"product_tag","embeddable":true,"href":"https:\/\/nordicdiy.ee\/fi\/wp-json\/wp\/v2\/product_tag?post=20613"}],"curies":[{"name":"wp","href":"https:\/\/api.w.org\/{rel}","templated":true}]}}