{"id":20614,"date":"2025-10-01T09:49:22","date_gmt":"2025-10-01T06:49:22","guid":{"rendered":"https:\/\/nordicdiy.ee\/epood\/Ei-luokiteltu\/koti-hajuvesipullo-korkilla-uurrettu-cappucino-sametti-150ml\/"},"modified":"2026-03-05T01:37:29","modified_gmt":"2026-03-04T22:37:29","slug":"koti-hajuvesipullo-korkilla-uurrettu-cappucino-sametti-150ml","status":"publish","type":"product","link":"https:\/\/nordicdiy.ee\/fi\/epood\/huonetuoksun-valmistaminen\/huoneenraikastinpullot\/koti-hajuvesipullo-korkilla-uurrettu-cappucino-sametti-150ml\/","title":{"rendered":"Koti hajuvesipullo korkilla, uurrettu, cappuccino sametti 150ml"},"content":{"rendered":"<p>T\u00e4m\u00e4 tyylik\u00e4s lasinen tuoksusumutinastia on t\u00e4ydellinen valinta sek\u00e4 ammattimaisille kotituoksujen tuottajille ett\u00e4 kotituoksujen yst\u00e4ville. Kest\u00e4v\u00e4 lasi ja tyylik\u00e4s viimeistely tekev\u00e4t siit\u00e4 huomiota her\u00e4tt\u00e4v\u00e4n yksityiskohdan miss\u00e4 tahansa sisustuksessa. <\/p>\n<p><strong>Lasin edut:<\/strong><\/p>\n<p>Turvallinen - kest\u00e4v\u00e4 ja tuoksuturvallinen.<br \/>\nEsteettinen - moderni ulkon\u00e4k\u00f6 sopii erilaisiin sisustustyyleihin.<br \/>\nUudelleenk\u00e4ytett\u00e4v\u00e4 - pullo voidaan t\u00e4ytt\u00e4\u00e4 uudelleen \u00f6ljyn loppumisen j\u00e4lkeen.<br \/>\nTurvallinen - ei sis\u00e4ll\u00e4 raskasmetalleja, kemiallisesti neutraali materiaali.<\/p>\n<p><strong>Tekniset tiedot:<\/strong><\/p>\n<p>Korkeus: 12,5 cm<br \/>\n<span style=\"font-size: 16px;\">Halkaisija: 5,8 cm<br \/>\n<\/span>Aukon halkaisija tikkuja varten: 2,6 cm<br \/>\nTilavuus: 150 ml<br \/>\nV\u00e4ri: Cappuccino Velvet<br \/>\n1 kpl:n sarja.<\/p>\n<p><strong>Lasimaalit - UFIREADY Lakat Lakat<\/strong><\/p>\n<p>Astia on viimeistelty erityisill\u00e4 lasimaaleilla, jotka takaavat kest\u00e4vyyden, esteettisen ulkon\u00e4\u00f6n ja turvallisuuden my\u00f6s voimakkaita aromaattisia \u00f6ljyj\u00e4 k\u00e4ytett\u00e4ess\u00e4.<\/p>\n<p><strong>T\u00e4rkeimm\u00e4t tuoteominaisuudet:<\/strong><\/p>\n<p>EU:n laatu- ja turvallisuusstandardien mukainen.<br \/>\nKoristeellinen kest\u00e4vyys - ei kulu eik\u00e4 haalistu pitk\u00e4aikaisenkaan k\u00e4yt\u00f6n j\u00e4lkeen.<br \/>\nMekaaninen kest\u00e4vyys - kest\u00e4\u00e4 jopa 500 astianpesukertaa.<br \/>\nAlkoholiturvallinen - v\u00e4rit kest\u00e4v\u00e4t alkoholia.<br \/>\nTurvallinen k\u00e4ytt\u00e4\u00e4 - sopii ep\u00e4suoraan elintarvikekontaktiin.<br \/>\nVegaaninen - ei sis\u00e4ll\u00e4 el\u00e4inper\u00e4isi\u00e4 ainesosia.<br \/>\nCruelty Free - tuotetta ei ole testattu el\u00e4imill\u00e4.<br \/>\nTurvallinen koostumus - ei sis\u00e4ll\u00e4 raskasmetalleja tai ftalaatteja.<\/p>\n","protected":false},"excerpt":{"rendered":"<p>Minimalistinen ja muodikas lasidiffuusori 150 ml, Cappuccino Velvet on tyylik\u00e4s ja kest\u00e4v\u00e4 lasidiffuusori, joka sopii erinomaisesti kotituoksujen luomiseen ja ammattik\u00e4ytt\u00f6\u00f6n. Uudelleenk\u00e4ytett\u00e4v\u00e4, hajuste\u00f6ljyj\u00e4 kest\u00e4v\u00e4 ja keraamisella viimeistelyll\u00e4 varustettu. Lasi on turvallista, ei sis\u00e4ll\u00e4 raskasmetalleja ja sopii mihin tahansa sisustukseen.  <\/p>\n","protected":false},"featured_media":21054,"template":"","meta":{"site-sidebar-layout":"default","site-content-layout":"","ast-site-content-layout":"default","site-content-style":"default","site-sidebar-style":"default","ast-global-header-display":"","ast-banner-title-visibility":"","ast-main-header-display":"","ast-hfb-above-header-display":"","ast-hfb-below-header-display":"","ast-hfb-mobile-header-display":"","site-post-title":"","ast-breadcrumbs-content":"","ast-featured-img":"","footer-sml-layout":"","ast-disable-related-posts":"","theme-transparent-header-meta":"default","adv-header-id-meta":"","stick-header-meta":"default","header-above-stick-meta":"","header-main-stick-meta":"","header-below-stick-meta":"","astra-migrate-meta-layouts":"default","ast-page-background-enabled":"default","ast-page-background-meta":{"desktop":{"background-color":"","background-image":"","background-repeat":"repeat","background-position":"center center","background-size":"auto","background-attachment":"scroll","background-type":"","background-media":"","overlay-type":"","overlay-color":"","overlay-opacity":"","overlay-gradient":""},"tablet":{"background-color":"","background-image":"","background-repeat":"repeat","background-position":"center center","background-size":"auto","background-attachment":"scroll","background-type":"","background-media":"","overlay-type":"","overlay-color":"","overlay-opacity":"","overlay-gradient":""},"mobile":{"background-color":"","background-image":"","background-repeat":"repeat","background-position":"center center","background-size":"auto","background-attachment":"scroll","background-type":"","background-media":"","overlay-type":"","overlay-color":"","overlay-opacity":"","overlay-gradient":""}},"ast-content-background-meta":{"desktop":{"background-color":"var(--ast-global-color-5)","background-image":"","background-repeat":"repeat","background-position":"center center","background-size":"auto","background-attachment":"scroll","background-type":"","background-media":"","overlay-type":"","overlay-color":"","overlay-opacity":"","overlay-gradient":""},"tablet":{"background-color":"var(--ast-global-color-5)","background-image":"","background-repeat":"repeat","background-position":"center center","background-size":"auto","background-attachment":"scroll","background-type":"","background-media":"","overlay-type":"","overlay-color":"","overlay-opacity":"","overlay-gradient":""},"mobile":{"background-color":"var(--ast-global-color-5)","background-image":"","background-repeat":"repeat","background-position":"center center","background-size":"auto","background-attachment":"scroll","background-type":"","background-media":"","overlay-type":"","overlay-color":"","overlay-opacity":"","overlay-gradient":""}}},"product_brand":[],"product_cat":[417,240,207],"product_tag":[],"class_list":{"0":"post-20614","1":"product","2":"type-product","3":"status-publish","4":"has-post-thumbnail","6":"product_cat-erikoistarjoukset","7":"product_cat-huoneenraikastinpullot","8":"product_cat-huonetuoksun-valmistaminen","9":"desktop-align-left","10":"tablet-align-left","11":"mobile-align-left","12":"ast-product-gallery-layout-horizontal","13":"ast-product-gallery-with-no-image","14":"ast-product-single-variable","15":"ast-product-tabs-layout-horizontal","17":"first","18":"instock","19":"taxable","20":"shipping-taxable","21":"purchasable","22":"product-type-variable"},"_links":{"self":[{"href":"https:\/\/nordicdiy.ee\/fi\/wp-json\/wp\/v2\/product\/20614","targetHints":{"allow":["GET"]}}],"collection":[{"href":"https:\/\/nordicdiy.ee\/fi\/wp-json\/wp\/v2\/product"}],"about":[{"href":"https:\/\/nordicdiy.ee\/fi\/wp-json\/wp\/v2\/types\/product"}],"wp:featuredmedia":[{"embeddable":true,"href":"https:\/\/nordicdiy.ee\/fi\/wp-json\/wp\/v2\/media\/21054"}],"wp:attachment":[{"href":"https:\/\/nordicdiy.ee\/fi\/wp-json\/wp\/v2\/media?parent=20614"}],"wp:term":[{"taxonomy":"product_brand","embeddable":true,"href":"https:\/\/nordicdiy.ee\/fi\/wp-json\/wp\/v2\/product_brand?post=20614"},{"taxonomy":"product_cat","embeddable":true,"href":"https:\/\/nordicdiy.ee\/fi\/wp-json\/wp\/v2\/product_cat?post=20614"},{"taxonomy":"product_tag","embeddable":true,"href":"https:\/\/nordicdiy.ee\/fi\/wp-json\/wp\/v2\/product_tag?post=20614"}],"curies":[{"name":"wp","href":"https:\/\/api.w.org\/{rel}","templated":true}]}}