{"id":21705,"date":"2025-09-15T11:05:49","date_gmt":"2025-09-15T08:05:49","guid":{"rendered":"https:\/\/nordicdiy.ee\/epood\/Ei-luokiteltu\/esivalmisteltu-sydanlanka-shw60-h12cm\/"},"modified":"2026-03-15T12:08:43","modified_gmt":"2026-03-15T09:08:43","slug":"esivalmisteltu-sydanlanka-shw60-h12cm","status":"publish","type":"product","link":"https:\/\/nordicdiy.ee\/fi\/epood\/kynttiloiden-valmistus-fi\/kynttilan-sydanlangat-ja-alustat\/esivalmisteltu-sydanlanka-shw60-h12cm\/","title":{"rendered":"Esivalmisteltu syd\u00e4nlanka SHW60\/BF-32 h12cm"},"content":{"rendered":"<p data-end=\"793\" data-start=\"489\">Esivahattu kynttil\u00e4npidin SHW60 on valmistettu 100-prosenttisesti puhtaasta luonnonpuuvillasta, ja se on asennettu metallijalustalle, joten se on k\u00e4tev\u00e4 ja ammattimainen k\u00e4ytt\u00e4\u00e4. Pidike on esivahattu, sen korkeus on 12 cm ja se on suunniteltu k\u00e4ytett\u00e4v\u00e4ksi <strong data-end=\"776\" data-start=\"737\">votiivi-<\/strong> tai <strong data-end=\"776\" data-start=\"737\">lasikynttil\u00f6iden<\/strong> kanssa <strong data-end=\"776\" data-start=\"737\">, joiden halkaisija on 50-70 mm.<\/strong> <\/p>\n<p data-end=\"1191\" data-start=\"795\">N\u00e4m\u00e4 ovat korkealaatuisia FLAT-lanttivahoja, jotka soveltuvat 100 % luonnonvahoille (paitsi rypsi\u00f6ljyvahalle), 100 % parafiinivahalle ja n\u00e4iden sekoituksille. Ne kest\u00e4v\u00e4t my\u00f6s enint\u00e4\u00e4n <strong data-end=\"998\" data-start=\"972\">10 % hajuste\u00f6ljy\u00e4.<\/strong> Testeiss\u00e4mme k\u00e4ytimme <strong data-end=\"1051\" data-start=\"1025\">Nature Wax C3 soijavahaa, 6 % tuoksuvahaa<\/strong> ja kynttil\u00e4vahaa - tuloksena oli tasainen <strong data-end=\"1122\" data-start=\"1102\">palaminen, ei<\/strong> lainkaan <strong data-end=\"1122\" data-start=\"1102\">n\u00e4kyv\u00e4\u00e4<\/strong> tai lasista nokea eik\u00e4 k\u00e4yt\u00e4nn\u00f6ss\u00e4 lainkaan sienien muodostumista.   SHW60 ja SHW80 eroavat toisistaan l\u00e4hinn\u00e4 lasin koon suhteen, johon ne soveltuvat parhaiten. Esimerkiksi 10012 <strong data-start=\"1747\" data-end=\"1756\">(180 ml) lasissa SHW80<\/strong> toimi t\u00e4ydellisesti <strong data-start=\"1747\" data-end=\"1756\">,<\/strong> kun taas 10036 (280 ml) ja <strong data-start=\"1810\" data-end=\"1819\">10022 (260 ml)<\/strong> lasissa <strong data-start=\"1810\" data-end=\"1819\">parhaat<\/strong> <strong data-start=\"1823\" data-end=\"1832\">tulokset<\/strong> <strong> saatiin k\u00e4ytt\u00e4m\u00e4ll\u00e4<\/strong> kahta SHW60:t\u00e4. <\/p>\n<ul data-end=\"1414\" data-start=\"1276\">\n<li data-end=\"1414\" data-start=\"1384\">\n<p data-end=\"1275\" data-start=\"1193\">SHW-sarjan syd\u00e4nlangan laadun vahvistaa se, ett\u00e4 se on kansainv\u00e4listen standardien mukainen:<\/p>\n<ul data-end=\"1414\" data-start=\"1276\">\n<li data-end=\"1304\" data-start=\"1276\">\n<p data-end=\"1304\" data-start=\"1278\"><strong data-end=\"1302\" data-start=\"1278\">\u00d6ko-Tex Standard 100 (sertifiointi takaa, ett\u00e4 tahna on testattu haitallisten aineiden varalta ja ett\u00e4 se on 100-prosenttisen turvallinen kotik\u00e4ytt\u00f6\u00f6n).<\/strong><\/p>\n<\/li>\n<li data-end=\"1323\" data-start=\"1305\">\n<p data-end=\"1323\" data-start=\"1307\"><strong data-end=\"1321\" data-start=\"1307\">BCI puuvilla<\/strong><\/p>\n<\/li>\n<li data-end=\"1341\" data-start=\"1324\">\n<p data-end=\"1341\" data-start=\"1326\"><strong data-end=\"1339\" data-start=\"1326\">RAL GZ041<\/strong><\/p>\n<\/li>\n<li data-end=\"1383\" data-start=\"1342\">\n<p data-end=\"1383\" data-start=\"1344\">100 % <strong data-end=\"1381\" data-start=\"1349\">booraksiton k\u00e4sittely (BF-32)<\/strong><\/p>\n<\/li>\n<li data-end=\"1414\" data-start=\"1384\">\n<p data-end=\"1414\" data-start=\"1386\"><strong data-end=\"1412\" data-start=\"1395\">SVHC-vaatimusten<\/strong> noudattaminen <strong data-end=\"1412\" data-start=\"1395\">(ei Euroopan unionin vaarallisten aineiden erityisluettelossa mainittuja aineita)<\/strong>.<\/p>\n<\/li>\n<li><a href=\"https:\/\/nordicdiy.ee\/fi\/uudet-booraksittomat-kynttilanpitimet\/\" target=\"_blank\" rel=\"noopener\">Lue lis\u00e4\u00e4 booraksittomista syd\u00e4nlangoista t\u00e4\u00e4lt\u00e4.<\/a><\/li>\n<\/ul>\n<\/li>\n<\/ul>\n<p data-end=\"1659\" data-start=\"1416\">SHW60-langat valmistetaan johtavassa saksalaisessa kynttil\u00e4tehtaassa, jolla on yli <strong data-end=\"1516\" data-start=\"1495\">30 vuoden kokemus.<\/strong> N\u00e4m\u00e4 ovat samoja syd\u00e4nlankaa, joita suuret kynttil\u00e4nvalmistajat k\u00e4ytt\u00e4v\u00e4t, joten ne sopivat erinomaisesti sek\u00e4 harraste- ett\u00e4 ammattimaiseen kynttil\u00e4nvalmistukseen. <\/p>\n","protected":false},"excerpt":{"rendered":"<p>Esivalmisteltu metallinen kynttil\u00e4njalka SHW60 (12 cm), valmistettu 100 % puhtaasta luonnonpuuvillasta. SHW-sarjan syd\u00e4met ovat 100 % booraksittomia (BF-32-k\u00e4sittely). Soveltuu k\u00e4ytett\u00e4v\u00e4ksi luonnonvaha- (paitsi rypsi\u00f6ljy) ja parafiinivaha votiivi- ja lasikynttil\u00f6iss\u00e4 (50-70 mm). Vahat eiv\u00e4t sis\u00e4ll\u00e4 metalleja eiv\u00e4tk\u00e4 ne erit\u00e4 myrkyllisi\u00e4 aineita palamisen aikana, mik\u00e4 takaa puhtaan ja tasaisen palamisen, ei nokea eik\u00e4 sieni\u00e4.   <\/p>\n","protected":false},"featured_media":21842,"template":"","meta":{"site-sidebar-layout":"default","site-content-layout":"","ast-site-content-layout":"default","site-content-style":"default","site-sidebar-style":"default","ast-global-header-display":"","ast-banner-title-visibility":"","ast-main-header-display":"","ast-hfb-above-header-display":"","ast-hfb-below-header-display":"","ast-hfb-mobile-header-display":"","site-post-title":"","ast-breadcrumbs-content":"","ast-featured-img":"","footer-sml-layout":"","ast-disable-related-posts":"","theme-transparent-header-meta":"default","adv-header-id-meta":"","stick-header-meta":"","header-above-stick-meta":"","header-main-stick-meta":"","header-below-stick-meta":"","astra-migrate-meta-layouts":"default","ast-page-background-enabled":"default","ast-page-background-meta":{"desktop":{"background-color":"","background-image":"","background-repeat":"repeat","background-position":"center center","background-size":"auto","background-attachment":"scroll","background-type":"","background-media":"","overlay-type":"","overlay-color":"","overlay-opacity":"","overlay-gradient":""},"tablet":{"background-color":"","background-image":"","background-repeat":"repeat","background-position":"center center","background-size":"auto","background-attachment":"scroll","background-type":"","background-media":"","overlay-type":"","overlay-color":"","overlay-opacity":"","overlay-gradient":""},"mobile":{"background-color":"","background-image":"","background-repeat":"repeat","background-position":"center center","background-size":"auto","background-attachment":"scroll","background-type":"","background-media":"","overlay-type":"","overlay-color":"","overlay-opacity":"","overlay-gradient":""}},"ast-content-background-meta":{"desktop":{"background-color":"var(--ast-global-color-5)","background-image":"","background-repeat":"repeat","background-position":"center center","background-size":"auto","background-attachment":"scroll","background-type":"","background-media":"","overlay-type":"","overlay-color":"","overlay-opacity":"","overlay-gradient":""},"tablet":{"background-color":"var(--ast-global-color-5)","background-image":"","background-repeat":"repeat","background-position":"center center","background-size":"auto","background-attachment":"scroll","background-type":"","background-media":"","overlay-type":"","overlay-color":"","overlay-opacity":"","overlay-gradient":""},"mobile":{"background-color":"var(--ast-global-color-5)","background-image":"","background-repeat":"repeat","background-position":"center center","background-size":"auto","background-attachment":"scroll","background-type":"","background-media":"","overlay-type":"","overlay-color":"","overlay-opacity":"","overlay-gradient":""}}},"product_brand":[],"product_cat":[200,158],"product_tag":[],"class_list":{"0":"post-21705","1":"product","2":"type-product","3":"status-publish","4":"has-post-thumbnail","6":"product_cat-kynttilan-sydanlangat-ja-alustat","7":"product_cat-kynttiloiden-valmistus-fi","8":"desktop-align-left","9":"tablet-align-left","10":"mobile-align-left","11":"ast-product-gallery-layout-horizontal","12":"ast-product-gallery-with-no-image","13":"ast-product-single-variable","14":"ast-product-tabs-layout-horizontal","16":"first","17":"instock","18":"taxable","19":"shipping-taxable","20":"purchasable","21":"product-type-variable"},"_links":{"self":[{"href":"https:\/\/nordicdiy.ee\/fi\/wp-json\/wp\/v2\/product\/21705","targetHints":{"allow":["GET"]}}],"collection":[{"href":"https:\/\/nordicdiy.ee\/fi\/wp-json\/wp\/v2\/product"}],"about":[{"href":"https:\/\/nordicdiy.ee\/fi\/wp-json\/wp\/v2\/types\/product"}],"wp:featuredmedia":[{"embeddable":true,"href":"https:\/\/nordicdiy.ee\/fi\/wp-json\/wp\/v2\/media\/21842"}],"wp:attachment":[{"href":"https:\/\/nordicdiy.ee\/fi\/wp-json\/wp\/v2\/media?parent=21705"}],"wp:term":[{"taxonomy":"product_brand","embeddable":true,"href":"https:\/\/nordicdiy.ee\/fi\/wp-json\/wp\/v2\/product_brand?post=21705"},{"taxonomy":"product_cat","embeddable":true,"href":"https:\/\/nordicdiy.ee\/fi\/wp-json\/wp\/v2\/product_cat?post=21705"},{"taxonomy":"product_tag","embeddable":true,"href":"https:\/\/nordicdiy.ee\/fi\/wp-json\/wp\/v2\/product_tag?post=21705"}],"curies":[{"name":"wp","href":"https:\/\/api.w.org\/{rel}","templated":true}]}}