{"id":22505,"date":"2025-09-27T10:27:07","date_gmt":"2025-09-27T07:27:07","guid":{"rendered":"https:\/\/nordicdiy.ee\/epood\/Ei-luokiteltu\/metallinen-kynttilanpidin\/"},"modified":"2026-04-19T21:16:03","modified_gmt":"2026-04-19T18:16:03","slug":"metallinen-kynttilanpidin","status":"publish","type":"product","link":"https:\/\/nordicdiy.ee\/fi\/epood\/kynttiloiden-valmistus-fi\/kynttilan-sydanlangat-ja-alustat\/metallinen-kynttilanpidin\/","title":{"rendered":"Metallinen kynttil\u00e4npidin"},"content":{"rendered":"<p>Korkealaatuinen ruostumattomasta metallista valmistettu kynttil\u00e4npidike auttaa pit\u00e4m\u00e4\u00e4n kynttil\u00e4n syd\u00e4nlankaa t\u00e4sm\u00e4lleen keskell\u00e4 kynttil\u00e4nvalmistuksen aikana, mik\u00e4 takaa suoran palamisen ja ammattimaisen lopputuloksen.<br \/>\nPidike soveltuu k\u00e4ytett\u00e4v\u00e4ksi eri halkaisijaltaan olevien astioiden kanssa, ja se on helppo puhdistaa ja k\u00e4ytt\u00e4\u00e4 uudelleen.<\/p>\n<ul>\n<li>Materiaali: ruostumaton ter\u00e4s<\/li>\n<li>Pituus: 10 cm<\/li>\n<li>Leveys: 2,5 cm<\/li>\n<li>V\u00e4ri: hopea<\/li>\n<\/ul>\n<p>K\u00e4ytt\u00f6: sopii yhdelle tai kahdelle sivulle.<\/p>\n<p>T\u00e4m\u00e4 ruostumattomasta ter\u00e4ksest\u00e4 valmistettu kynttil\u00e4npidike on kest\u00e4v\u00e4, se ei ruostu ja auttaa saamaan kynttil\u00e4n syd\u00e4nlankaa keskitetysti, mik\u00e4 on t\u00e4rke\u00e4\u00e4 tasaisen palamisen ja esteettisen ulkon\u00e4\u00f6n kannalta. Sopii sek\u00e4 aloittelijoille ett\u00e4 kokeneille kynttil\u00e4nvalmistajille. <\/p>\n<ul>\n<li>Ihanteellinen k\u00e4ytett\u00e4v\u00e4ksi laseissa, purkeissa ja muissa astioissa.<\/li>\n<li>Kierr\u00e4tett\u00e4v\u00e4 ja ymp\u00e4rist\u00f6yst\u00e4v\u00e4llinen ratkaisu<\/li>\n<li>K\u00e4tev\u00e4 ty\u00f6kalu kynttil\u00e4nvalmistajalle<\/li>\n<\/ul>\n","protected":false},"excerpt":{"rendered":"<p>Korkealaatuinen ruostumattomasta metallista valmistettu kynttil\u00e4npidike (10 cm) auttaa pit\u00e4m\u00e4\u00e4n kynttil\u00e4n syd\u00e4nlankaa t\u00e4sm\u00e4lleen keskell\u00e4 kynttil\u00e4nvalmistuksen aikana, mik\u00e4 takaa suoran palamisen ja ammattimaisen lopputuloksen.<br \/>\nPidike soveltuu k\u00e4ytett\u00e4v\u00e4ksi eri halkaisijaltaan olevien astioiden kanssa, ja se on helppo puhdistaa ja k\u00e4ytt\u00e4\u00e4 uudelleen.<\/p>\n","protected":false},"featured_media":22515,"template":"","meta":{"site-sidebar-layout":"default","site-content-layout":"","ast-site-content-layout":"default","site-content-style":"default","site-sidebar-style":"default","ast-global-header-display":"","ast-banner-title-visibility":"","ast-main-header-display":"","ast-hfb-above-header-display":"","ast-hfb-below-header-display":"","ast-hfb-mobile-header-display":"","site-post-title":"","ast-breadcrumbs-content":"","ast-featured-img":"","footer-sml-layout":"","ast-disable-related-posts":"","theme-transparent-header-meta":"default","adv-header-id-meta":"","stick-header-meta":"default","header-above-stick-meta":"","header-main-stick-meta":"","header-below-stick-meta":"","astra-migrate-meta-layouts":"default","ast-page-background-enabled":"default","ast-page-background-meta":{"desktop":{"background-color":"","background-image":"","background-repeat":"repeat","background-position":"center center","background-size":"auto","background-attachment":"scroll","background-type":"","background-media":"","overlay-type":"","overlay-color":"","overlay-opacity":"","overlay-gradient":""},"tablet":{"background-color":"","background-image":"","background-repeat":"repeat","background-position":"center center","background-size":"auto","background-attachment":"scroll","background-type":"","background-media":"","overlay-type":"","overlay-color":"","overlay-opacity":"","overlay-gradient":""},"mobile":{"background-color":"","background-image":"","background-repeat":"repeat","background-position":"center center","background-size":"auto","background-attachment":"scroll","background-type":"","background-media":"","overlay-type":"","overlay-color":"","overlay-opacity":"","overlay-gradient":""}},"ast-content-background-meta":{"desktop":{"background-color":"var(--ast-global-color-5)","background-image":"","background-repeat":"repeat","background-position":"center center","background-size":"auto","background-attachment":"scroll","background-type":"","background-media":"","overlay-type":"","overlay-color":"","overlay-opacity":"","overlay-gradient":""},"tablet":{"background-color":"var(--ast-global-color-5)","background-image":"","background-repeat":"repeat","background-position":"center center","background-size":"auto","background-attachment":"scroll","background-type":"","background-media":"","overlay-type":"","overlay-color":"","overlay-opacity":"","overlay-gradient":""},"mobile":{"background-color":"var(--ast-global-color-5)","background-image":"","background-repeat":"repeat","background-position":"center center","background-size":"auto","background-attachment":"scroll","background-type":"","background-media":"","overlay-type":"","overlay-color":"","overlay-opacity":"","overlay-gradient":""}}},"product_brand":[],"product_cat":[200,158],"product_tag":[],"class_list":{"0":"post-22505","1":"product","2":"type-product","3":"status-publish","4":"has-post-thumbnail","6":"product_cat-kynttilan-sydanlangat-ja-alustat","7":"product_cat-kynttiloiden-valmistus-fi","8":"desktop-align-left","9":"tablet-align-left","10":"mobile-align-left","11":"ast-product-gallery-layout-horizontal","12":"ast-product-gallery-with-no-image","13":"ast-product-tabs-layout-horizontal","15":"first","16":"instock","17":"taxable","18":"shipping-taxable","19":"purchasable","20":"product-type-simple"},"_links":{"self":[{"href":"https:\/\/nordicdiy.ee\/fi\/wp-json\/wp\/v2\/product\/22505","targetHints":{"allow":["GET"]}}],"collection":[{"href":"https:\/\/nordicdiy.ee\/fi\/wp-json\/wp\/v2\/product"}],"about":[{"href":"https:\/\/nordicdiy.ee\/fi\/wp-json\/wp\/v2\/types\/product"}],"wp:featuredmedia":[{"embeddable":true,"href":"https:\/\/nordicdiy.ee\/fi\/wp-json\/wp\/v2\/media\/22515"}],"wp:attachment":[{"href":"https:\/\/nordicdiy.ee\/fi\/wp-json\/wp\/v2\/media?parent=22505"}],"wp:term":[{"taxonomy":"product_brand","embeddable":true,"href":"https:\/\/nordicdiy.ee\/fi\/wp-json\/wp\/v2\/product_brand?post=22505"},{"taxonomy":"product_cat","embeddable":true,"href":"https:\/\/nordicdiy.ee\/fi\/wp-json\/wp\/v2\/product_cat?post=22505"},{"taxonomy":"product_tag","embeddable":true,"href":"https:\/\/nordicdiy.ee\/fi\/wp-json\/wp\/v2\/product_tag?post=22505"}],"curies":[{"name":"wp","href":"https:\/\/api.w.org\/{rel}","templated":true}]}}