{"id":22579,"date":"2025-10-01T11:57:11","date_gmt":"2025-10-01T08:57:11","guid":{"rendered":"https:\/\/nordicdiy.ee\/epood\/Ei-luokiteltu\/saippuavaha-golden-wax-464-kynttilalasille\/"},"modified":"2026-03-31T16:43:19","modified_gmt":"2026-03-31T13:43:19","slug":"saippuavaha-golden-wax-464-kynttilalasille","status":"publish","type":"product","link":"https:\/\/nordicdiy.ee\/fi\/epood\/kynttiloiden-valmistus-fi\/kynttilavahat-2\/saippuavaha-golden-wax-464-kynttilalasille\/","title":{"rendered":"Soijavaha Golden Wax 464 lohko kynttil\u00e4lasille"},"content":{"rendered":"<p>Golden Wax 464 on pehme\u00e4 ja kermainen soijavaha, joka sopii t\u00e4ydellisesti lasikynttil\u00f6iden ja teevalaisimien valmistukseen.<\/p>\n<p>Golden Wax 464 on <strong>vegaaniyst\u00e4v\u00e4llinen ja vastuullisesti tuotettu<\/strong>, ja se noudattaa korkeita eettisi\u00e4 ja ymp\u00e4rist\u00f6standardeja. Lis\u00e4ksi se on kest\u00e4v\u00e4 valinta, sill\u00e4 AAK painottaa ymp\u00e4rist\u00f6yst\u00e4v\u00e4llisyytt\u00e4. T\u00e4m\u00e4 vaha on my\u00f6s mikroaaltouunikelpoinen. Jotta kynttil\u00e4n pinta ei halkeilisi ja polymorfismin todenn\u00e4k\u00f6isyys pienenisi, pid\u00e4 lasit huoneenl\u00e4mm\u00f6ss\u00e4 (20 \u00b0C) ja v\u00e4lt\u00e4 \u00e4killisi\u00e4 l\u00e4mp\u00f6tilanvaihteluita j\u00e4\u00e4hdytyksen aikana.   <\/p>\n<ul>\n<li><strong>Sulamispiste:<\/strong> 45-48 \u00b0C<\/li>\n<li><strong>Hajun ja v\u00e4rin lis\u00e4ysl\u00e4mp\u00f6tila:<\/strong> 70-80 \u00b0C.<\/li>\n<li><strong>Valul\u00e4mp\u00f6tila:<\/strong> 60-75 \u00b0C<\/li>\n<li><strong>Tuoksupitoisuus: 6-10 %<\/strong> (yleens\u00e4 6 % riitt\u00e4\u00e4).<\/li>\n<li><strong>V\u00e4ripitoisuus: 0,1-0<\/strong>,4 %<br \/>\nGolden Wax 464 on erinomainen valinta niille, jotka etsiv\u00e4t korkealaatuista ja ymp\u00e4rist\u00f6yst\u00e4v\u00e4llist\u00e4 vahaa, joka takaa erinomaisen tuloksen jokaisessa kynttil\u00e4ss\u00e4. AAK Swedenin valmistama. Pakattu vahalohkoihin.  <\/li>\n<\/ul>\n","protected":false},"excerpt":{"rendered":"<p>Golden Wax 464 Soijavaha sopii t\u00e4ydellisesti lasikynttil\u00f6iden ja teevalaisimien valmistukseen. Vaha sis\u00e4lt\u00e4\u00e4 runsaasti tuoksu\u00f6ljy\u00e4, on vakaa ja palaa puhtaasti. Se on valmistettu 100-prosenttisesti luonnonmateriaaleista, joten se on ymp\u00e4rist\u00f6yst\u00e4v\u00e4llinen ja GMO-vapaa. Tuoksu\u00f6ljyj\u00e4 voidaan lis\u00e4t\u00e4 6-10 %:iin asti. Pakattu vahapalikoihin.<\/p>\n","protected":false},"featured_media":23212,"template":"","meta":{"site-sidebar-layout":"default","site-content-layout":"","ast-site-content-layout":"default","site-content-style":"default","site-sidebar-style":"default","ast-global-header-display":"","ast-banner-title-visibility":"","ast-main-header-display":"","ast-hfb-above-header-display":"","ast-hfb-below-header-display":"","ast-hfb-mobile-header-display":"","site-post-title":"","ast-breadcrumbs-content":"","ast-featured-img":"","footer-sml-layout":"","ast-disable-related-posts":"","theme-transparent-header-meta":"default","adv-header-id-meta":"","stick-header-meta":"default","header-above-stick-meta":"","header-main-stick-meta":"","header-below-stick-meta":"","astra-migrate-meta-layouts":"default","ast-page-background-enabled":"default","ast-page-background-meta":{"desktop":{"background-color":"","background-image":"","background-repeat":"repeat","background-position":"center center","background-size":"auto","background-attachment":"scroll","background-type":"","background-media":"","overlay-type":"","overlay-color":"","overlay-opacity":"","overlay-gradient":""},"tablet":{"background-color":"","background-image":"","background-repeat":"repeat","background-position":"center center","background-size":"auto","background-attachment":"scroll","background-type":"","background-media":"","overlay-type":"","overlay-color":"","overlay-opacity":"","overlay-gradient":""},"mobile":{"background-color":"","background-image":"","background-repeat":"repeat","background-position":"center center","background-size":"auto","background-attachment":"scroll","background-type":"","background-media":"","overlay-type":"","overlay-color":"","overlay-opacity":"","overlay-gradient":""}},"ast-content-background-meta":{"desktop":{"background-color":"var(--ast-global-color-5)","background-image":"","background-repeat":"repeat","background-position":"center center","background-size":"auto","background-attachment":"scroll","background-type":"","background-media":"","overlay-type":"","overlay-color":"","overlay-opacity":"","overlay-gradient":""},"tablet":{"background-color":"var(--ast-global-color-5)","background-image":"","background-repeat":"repeat","background-position":"center center","background-size":"auto","background-attachment":"scroll","background-type":"","background-media":"","overlay-type":"","overlay-color":"","overlay-opacity":"","overlay-gradient":""},"mobile":{"background-color":"var(--ast-global-color-5)","background-image":"","background-repeat":"repeat","background-position":"center center","background-size":"auto","background-attachment":"scroll","background-type":"","background-media":"","overlay-type":"","overlay-color":"","overlay-opacity":"","overlay-gradient":""}}},"product_brand":[],"product_cat":[160,158],"product_tag":[],"class_list":{"0":"post-22579","1":"product","2":"type-product","3":"status-publish","4":"has-post-thumbnail","6":"product_cat-kynttilavahat-2","7":"product_cat-kynttiloiden-valmistus-fi","8":"desktop-align-left","9":"tablet-align-left","10":"mobile-align-left","11":"ast-product-gallery-layout-horizontal","12":"ast-product-gallery-with-no-image","13":"ast-product-single-variable","14":"ast-product-tabs-layout-horizontal","16":"first","17":"instock","18":"taxable","19":"shipping-taxable","20":"purchasable","21":"product-type-variable"},"_links":{"self":[{"href":"https:\/\/nordicdiy.ee\/fi\/wp-json\/wp\/v2\/product\/22579","targetHints":{"allow":["GET"]}}],"collection":[{"href":"https:\/\/nordicdiy.ee\/fi\/wp-json\/wp\/v2\/product"}],"about":[{"href":"https:\/\/nordicdiy.ee\/fi\/wp-json\/wp\/v2\/types\/product"}],"wp:featuredmedia":[{"embeddable":true,"href":"https:\/\/nordicdiy.ee\/fi\/wp-json\/wp\/v2\/media\/23212"}],"wp:attachment":[{"href":"https:\/\/nordicdiy.ee\/fi\/wp-json\/wp\/v2\/media?parent=22579"}],"wp:term":[{"taxonomy":"product_brand","embeddable":true,"href":"https:\/\/nordicdiy.ee\/fi\/wp-json\/wp\/v2\/product_brand?post=22579"},{"taxonomy":"product_cat","embeddable":true,"href":"https:\/\/nordicdiy.ee\/fi\/wp-json\/wp\/v2\/product_cat?post=22579"},{"taxonomy":"product_tag","embeddable":true,"href":"https:\/\/nordicdiy.ee\/fi\/wp-json\/wp\/v2\/product_tag?post=22579"}],"curies":[{"name":"wp","href":"https:\/\/api.w.org\/{rel}","templated":true}]}}