{"id":22942,"date":"2025-09-29T16:35:47","date_gmt":"2025-09-29T13:35:47","guid":{"rendered":"https:\/\/nordicdiy.ee\/epood\/Ei-luokiteltu\/bubblegum-ws-tuoksuoljy\/"},"modified":"2026-02-26T17:22:33","modified_gmt":"2026-02-26T14:22:33","slug":"bubblegum-ws-tuoksuoljy","status":"publish","type":"product","link":"https:\/\/nordicdiy.ee\/fi\/epood\/kynttiloiden-valmistus-fi\/kynttilan-tuoksut\/bubblegum-ws-tuoksuoljy\/","title":{"rendered":"Bubblegum WS tuoksu\u00f6ljy"},"content":{"rendered":"<p>T\u00e4m\u00e4 kynttil\u00f6iden tuoksu\u00f6ljy tuo k\u00e4sity\u00f6h\u00f6si ainutlaatuisen ja pitk\u00e4kestoisen tuoksun. Tuoksu soveltuu k\u00e4ytett\u00e4v\u00e4ksi erilaisissa vahatyypeiss\u00e4: <\/p>\n<ul>\n<li>Suositeltu annostus parafiinivahoissa ja vahaseoksissa: 1-3 %.<\/li>\n<li>Suositeltu annos luonnonvahoissa (esim. soijassa): 5-10 %.<\/li>\n<\/ul>\n<p class=\"\" data-start=\"1065\" data-end=\"1095\"><strong data-start=\"1065\" data-end=\"1093\">Todistukset ja turvallisuus:<\/strong><\/p>\n<ul data-start=\"1096\" data-end=\"1536\">\n<li class=\"\" data-start=\"1096\" data-end=\"1205\">\n<p class=\"\" data-start=\"1098\" data-end=\"1205\"><strong data-start=\"1105\" data-end=\"1113\">IFRA:n<\/strong> (International Fragrance Association) standardien mukainen (sertifikaatit saatavilla pyynn\u00f6st\u00e4).<\/p>\n<\/li>\n<li class=\"\" data-start=\"1206\" data-end=\"1325\">\n<p class=\"\" data-start=\"1208\" data-end=\"1325\"><strong data-start=\"1215\" data-end=\"1224\">REACH-asetuksen<\/strong> mukainen - ei sis\u00e4ll\u00e4 <strong data-start=\"1272\" data-end=\"1296\">SVHC-ehdokasluettelossa<\/strong> olevia aineita 07.2019 alkaen.<\/p>\n<\/li>\n<li class=\"\" data-start=\"1326\" data-end=\"1420\">\n<p class=\"\" data-start=\"1328\" data-end=\"1420\"><strong data-start=\"1328\" data-end=\"1337\">Vegaaninen<\/strong> - ei sis\u00e4ll\u00e4 el\u00e4inper\u00e4isi\u00e4 ainesosia eik\u00e4 v\u00e4riaineita.<\/p>\n<\/li>\n<li class=\"\" data-start=\"1421\" data-end=\"1536\">\n<p class=\"\" data-start=\"1423\" data-end=\"1536\"><strong data-start=\"1423\" data-end=\"1451\">Ei ole testattu el\u00e4imill\u00e4<\/strong> - kansainv\u00e4lisen kosmetiikan ainesosaoppaan (8. painos) mukaisesti.<\/p>\n<\/li>\n<\/ul>\n<p>ENG: K\u00e4ytt\u00f6turvallisuustiedote (SDS)<br \/>\nENG: IFRA<br \/>\nENG: Allergeeneja<\/p>\n<p>Kynttil\u00f6iden, hajuvahojen, saippuoiden (kiinte\u00e4t ja nestem\u00e4iset), kotituoksujen ja suihkeiden sallitut enimm\u00e4ism\u00e4\u00e4r\u00e4t voi ladata IFRAn taulukosta.<\/p>\n<p><strong data-start=\"1310\" data-end=\"1326\">S\u00e4ilytys:<\/strong> suositeltu s\u00e4ilyvyysaika on <strong data-start=\"1353\" data-end=\"1364\">1 vuosi<\/strong>, mutta jos tuote s\u00e4ilytet\u00e4\u00e4n oikein (suojattuna auringonvalolta, kuivassa ja viile\u00e4ss\u00e4 paikassa), se s\u00e4ilyy k\u00e4ytt\u00f6kelpoisena useita vuosia.<\/p>\n<p>VAROITUS!<br \/>\n<img decoding=\"async\" class=\"\" src=\"https:\/\/nordicdiy.ee\/wp-content\/uploads\/2025\/01\/terviseoht.jpg\" width=\"70\" height=\"70\"><img decoding=\"async\" class=\"\" src=\"https:\/\/nordicdiy.ee\/wp-content\/uploads\/2025\/02\/keskkonnaoht.jpg\" width=\"71\" height=\"71\"><\/p>\n","protected":false},"excerpt":{"rendered":"<p>Tuoksu\u00f6ljy, joka antaa tuoksukynttil\u00f6ille ainutlaatuisen ja mieleenpainuvan tuoksun. Sopii hyvin k\u00e4ytett\u00e4v\u00e4ksi parafiinivahoissa, vahasekoituksissa ja luonnonvahoissa (esim. saippuavahassa). Lis\u00e4tietoja tuoksu\u00f6ljyn k\u00e4yt\u00f6st\u00e4 l\u00f6yd\u00e4t tuotekuvauksesta.  <\/p>\n<p><strong>Tuoksun vivahteet<\/strong><br \/>\nYl\u00e4tuoksu: lime, mandariini, makea minttu, freesia, mansikka, banaani, p\u00e4\u00e4ryn\u00e4, ananas<br \/>\nSyd\u00e4ntuoksu: heliotroopin kukka, neilikka, kirsikka, punaiset marjat, aprikoosi<br \/>\nPohjatuoksu: vadelma, makea vanilja.<\/p>\n","protected":false},"featured_media":22980,"template":"","meta":{"site-sidebar-layout":"default","site-content-layout":"","ast-site-content-layout":"default","site-content-style":"default","site-sidebar-style":"default","ast-global-header-display":"","ast-banner-title-visibility":"","ast-main-header-display":"","ast-hfb-above-header-display":"","ast-hfb-below-header-display":"","ast-hfb-mobile-header-display":"","site-post-title":"","ast-breadcrumbs-content":"","ast-featured-img":"","footer-sml-layout":"","ast-disable-related-posts":"","theme-transparent-header-meta":"default","adv-header-id-meta":"","stick-header-meta":"default","header-above-stick-meta":"","header-main-stick-meta":"","header-below-stick-meta":"","astra-migrate-meta-layouts":"default","ast-page-background-enabled":"default","ast-page-background-meta":{"desktop":{"background-color":"","background-image":"","background-repeat":"repeat","background-position":"center center","background-size":"auto","background-attachment":"scroll","background-type":"","background-media":"","overlay-type":"","overlay-color":"","overlay-opacity":"","overlay-gradient":""},"tablet":{"background-color":"","background-image":"","background-repeat":"repeat","background-position":"center center","background-size":"auto","background-attachment":"scroll","background-type":"","background-media":"","overlay-type":"","overlay-color":"","overlay-opacity":"","overlay-gradient":""},"mobile":{"background-color":"","background-image":"","background-repeat":"repeat","background-position":"center center","background-size":"auto","background-attachment":"scroll","background-type":"","background-media":"","overlay-type":"","overlay-color":"","overlay-opacity":"","overlay-gradient":""}},"ast-content-background-meta":{"desktop":{"background-color":"var(--ast-global-color-5)","background-image":"","background-repeat":"repeat","background-position":"center center","background-size":"auto","background-attachment":"scroll","background-type":"","background-media":"","overlay-type":"","overlay-color":"","overlay-opacity":"","overlay-gradient":""},"tablet":{"background-color":"var(--ast-global-color-5)","background-image":"","background-repeat":"repeat","background-position":"center center","background-size":"auto","background-attachment":"scroll","background-type":"","background-media":"","overlay-type":"","overlay-color":"","overlay-opacity":"","overlay-gradient":""},"mobile":{"background-color":"var(--ast-global-color-5)","background-image":"","background-repeat":"repeat","background-position":"center center","background-size":"auto","background-attachment":"scroll","background-type":"","background-media":"","overlay-type":"","overlay-color":"","overlay-opacity":"","overlay-gradient":""}}},"product_brand":[],"product_cat":[176,158,129],"product_tag":[],"class_list":{"0":"post-22942","1":"product","2":"type-product","3":"status-publish","4":"has-post-thumbnail","6":"product_cat-kynttilan-tuoksut","7":"product_cat-kynttiloiden-valmistus-fi","8":"product_cat-tuoksuoljy","9":"desktop-align-left","10":"tablet-align-left","11":"mobile-align-left","12":"ast-product-gallery-layout-horizontal","13":"ast-product-gallery-with-no-image","14":"ast-product-single-variable","15":"ast-product-tabs-layout-horizontal","17":"first","18":"instock","19":"taxable","20":"shipping-taxable","21":"purchasable","22":"product-type-variable"},"_links":{"self":[{"href":"https:\/\/nordicdiy.ee\/fi\/wp-json\/wp\/v2\/product\/22942","targetHints":{"allow":["GET"]}}],"collection":[{"href":"https:\/\/nordicdiy.ee\/fi\/wp-json\/wp\/v2\/product"}],"about":[{"href":"https:\/\/nordicdiy.ee\/fi\/wp-json\/wp\/v2\/types\/product"}],"wp:featuredmedia":[{"embeddable":true,"href":"https:\/\/nordicdiy.ee\/fi\/wp-json\/wp\/v2\/media\/22980"}],"wp:attachment":[{"href":"https:\/\/nordicdiy.ee\/fi\/wp-json\/wp\/v2\/media?parent=22942"}],"wp:term":[{"taxonomy":"product_brand","embeddable":true,"href":"https:\/\/nordicdiy.ee\/fi\/wp-json\/wp\/v2\/product_brand?post=22942"},{"taxonomy":"product_cat","embeddable":true,"href":"https:\/\/nordicdiy.ee\/fi\/wp-json\/wp\/v2\/product_cat?post=22942"},{"taxonomy":"product_tag","embeddable":true,"href":"https:\/\/nordicdiy.ee\/fi\/wp-json\/wp\/v2\/product_tag?post=22942"}],"curies":[{"name":"wp","href":"https:\/\/api.w.org\/{rel}","templated":true}]}}