{"id":23047,"date":"2025-09-30T15:35:16","date_gmt":"2025-09-30T12:35:16","guid":{"rendered":"https:\/\/nordicdiy.ee\/epood\/Ei-luokiteltu\/diy-kynttiloiden-valmistuksen-lahjasetti-pastel-dreams\/"},"modified":"2026-02-26T17:20:14","modified_gmt":"2026-02-26T14:20:14","slug":"diy-kynttiloiden-valmistuksen-lahjasetti-pastel-dreams","status":"publish","type":"product","link":"https:\/\/nordicdiy.ee\/fi\/epood\/diy-sarjat\/diy-kynttiloiden-valmistuksen-lahjasetti-pastel-dreams\/","title":{"rendered":"DIY Kynttil\u00f6iden valmistuksen lahjasetti &#8217;Pastel &amp; Dreams&#8217;"},"content":{"rendered":"<p data-start=\"315\" data-end=\"546\"><strong data-start=\"529\" data-end=\"544\">Mukana:<\/strong><\/p>\n<ul data-start=\"547\" data-end=\"738\">\n<li data-start=\"547\" data-end=\"582\">\n<p data-start=\"549\" data-end=\"582\">Saippuavaha Nature Wax C3 - 0,3 kg<\/p>\n<\/li>\n<li data-start=\"547\" data-end=\"582\">\n<p data-start=\"549\" data-end=\"582\">3 kynttil\u00e4lasia 180ml<\/p>\n<\/li>\n<li data-start=\"583\" data-end=\"604\">\n<p data-start=\"585\" data-end=\"604\">10 kynttil\u00e4njalkaa<\/p>\n<\/li>\n<li data-start=\"605\" data-end=\"626\">\n<p data-start=\"607\" data-end=\"626\">Punertava violetti nestem\u00e4inen kynsiv\u00e4ri<\/p>\n<\/li>\n<li data-start=\"627\" data-end=\"652\">\n<p data-start=\"629\" data-end=\"652\">Vaiheittainen opas<\/p>\n<\/li>\n<li data-start=\"653\" data-end=\"738\">\n<p data-start=\"655\" data-end=\"738\"><strong data-start=\"655\" data-end=\"685\">3 ainutlaatuista tuoksu\u00f6ljy\u00e4:<\/strong> Panna Cotta &amp; vadelma, Valkoinen tee &amp; viikuna.<\/p>\n<\/li>\n<\/ul>\n<p data-start=\"740\" data-end=\"814\"><em data-start=\"742\" data-end=\"814\">T\u00e4ydellinen lahja romanttiselle yst\u00e4v\u00e4lle tai luomaan viihtyisi\u00e4 hetki\u00e4 itsellesi.<\/em><\/p>\n","protected":false},"excerpt":{"rendered":"<p><strong data-start=\"315\" data-end=\"364\">Herkk\u00e4\u00e4 romantiikkaa ja unelmiesi valoa kotiisi.<\/strong><br data-start=\"364\" data-end=\"367\">Luo omia kauniita pastelliv\u00e4risi\u00e4 kynttil\u00f6it\u00e4, jotka tuovat l\u00e4mp\u00f6\u00e4 ja valoa sisustukseesi. Pakkaus sis\u00e4lt\u00e4\u00e4 kaiken tarvittavan rentouttavaan ja luovaan toimintaan. <\/p>\n","protected":false},"featured_media":25258,"template":"","meta":{"site-sidebar-layout":"default","site-content-layout":"","ast-site-content-layout":"default","site-content-style":"default","site-sidebar-style":"default","ast-global-header-display":"","ast-banner-title-visibility":"","ast-main-header-display":"","ast-hfb-above-header-display":"","ast-hfb-below-header-display":"","ast-hfb-mobile-header-display":"","site-post-title":"","ast-breadcrumbs-content":"","ast-featured-img":"","footer-sml-layout":"","ast-disable-related-posts":"","theme-transparent-header-meta":"default","adv-header-id-meta":"","stick-header-meta":"default","header-above-stick-meta":"","header-main-stick-meta":"","header-below-stick-meta":"","astra-migrate-meta-layouts":"default","ast-page-background-enabled":"default","ast-page-background-meta":{"desktop":{"background-color":"","background-image":"","background-repeat":"repeat","background-position":"center center","background-size":"auto","background-attachment":"scroll","background-type":"","background-media":"","overlay-type":"","overlay-color":"","overlay-opacity":"","overlay-gradient":""},"tablet":{"background-color":"","background-image":"","background-repeat":"repeat","background-position":"center center","background-size":"auto","background-attachment":"scroll","background-type":"","background-media":"","overlay-type":"","overlay-color":"","overlay-opacity":"","overlay-gradient":""},"mobile":{"background-color":"","background-image":"","background-repeat":"repeat","background-position":"center center","background-size":"auto","background-attachment":"scroll","background-type":"","background-media":"","overlay-type":"","overlay-color":"","overlay-opacity":"","overlay-gradient":""}},"ast-content-background-meta":{"desktop":{"background-color":"var(--ast-global-color-5)","background-image":"","background-repeat":"repeat","background-position":"center center","background-size":"auto","background-attachment":"scroll","background-type":"","background-media":"","overlay-type":"","overlay-color":"","overlay-opacity":"","overlay-gradient":""},"tablet":{"background-color":"var(--ast-global-color-5)","background-image":"","background-repeat":"repeat","background-position":"center center","background-size":"auto","background-attachment":"scroll","background-type":"","background-media":"","overlay-type":"","overlay-color":"","overlay-opacity":"","overlay-gradient":""},"mobile":{"background-color":"var(--ast-global-color-5)","background-image":"","background-repeat":"repeat","background-position":"center center","background-size":"auto","background-attachment":"scroll","background-type":"","background-media":"","overlay-type":"","overlay-color":"","overlay-opacity":"","overlay-gradient":""}}},"product_brand":[],"product_cat":[227],"product_tag":[],"class_list":{"0":"post-23047","1":"product","2":"type-product","3":"status-publish","4":"has-post-thumbnail","6":"product_cat-diy-sarjat","7":"desktop-align-left","8":"tablet-align-left","9":"mobile-align-left","10":"ast-product-gallery-layout-horizontal","11":"ast-product-tabs-layout-horizontal","13":"first","14":"instock","15":"taxable","16":"shipping-taxable","17":"purchasable","18":"product-type-simple"},"_links":{"self":[{"href":"https:\/\/nordicdiy.ee\/fi\/wp-json\/wp\/v2\/product\/23047","targetHints":{"allow":["GET"]}}],"collection":[{"href":"https:\/\/nordicdiy.ee\/fi\/wp-json\/wp\/v2\/product"}],"about":[{"href":"https:\/\/nordicdiy.ee\/fi\/wp-json\/wp\/v2\/types\/product"}],"wp:featuredmedia":[{"embeddable":true,"href":"https:\/\/nordicdiy.ee\/fi\/wp-json\/wp\/v2\/media\/25258"}],"wp:attachment":[{"href":"https:\/\/nordicdiy.ee\/fi\/wp-json\/wp\/v2\/media?parent=23047"}],"wp:term":[{"taxonomy":"product_brand","embeddable":true,"href":"https:\/\/nordicdiy.ee\/fi\/wp-json\/wp\/v2\/product_brand?post=23047"},{"taxonomy":"product_cat","embeddable":true,"href":"https:\/\/nordicdiy.ee\/fi\/wp-json\/wp\/v2\/product_cat?post=23047"},{"taxonomy":"product_tag","embeddable":true,"href":"https:\/\/nordicdiy.ee\/fi\/wp-json\/wp\/v2\/product_tag?post=23047"}],"curies":[{"name":"wp","href":"https:\/\/api.w.org\/{rel}","templated":true}]}}