{"id":23055,"date":"2025-09-30T15:35:16","date_gmt":"2025-09-30T12:35:16","guid":{"rendered":"https:\/\/nordicdiy.ee\/epood\/Ei-luokiteltu\/diy-kynttilan-valmistuksen-lahjasetti-joulun-valo\/"},"modified":"2026-02-26T17:20:21","modified_gmt":"2026-02-26T14:20:21","slug":"diy-kynttilan-valmistuksen-lahjasetti-joulun-valo","status":"publish","type":"product","link":"https:\/\/nordicdiy.ee\/fi\/epood\/diy-sarjat\/diy-kynttilan-valmistuksen-lahjasetti-joulun-valo\/","title":{"rendered":"DIY Kynttil\u00e4n valmistuksen lahjasetti &#8217;Joulun valo&#8217;"},"content":{"rendered":"<p data-start=\"1453\" data-end=\"1698\"><strong data-start=\"1681\" data-end=\"1696\">Mukana:<\/strong><\/p>\n<ul data-start=\"1699\" data-end=\"1882\">\n<li data-start=\"1699\" data-end=\"1734\">\n<p data-start=\"1701\" data-end=\"1734\">Saippuavaha Nature Wax C3 - 0,3 kg<\/p>\n<\/li>\n<li data-start=\"1699\" data-end=\"1734\">\n<p data-start=\"1701\" data-end=\"1734\">3 kynttil\u00e4lasia 180ml<\/p>\n<\/li>\n<li data-start=\"1735\" data-end=\"1756\">\n<p data-start=\"1737\" data-end=\"1756\">10 kynttil\u00e4njalkaa SHW80<\/p>\n<\/li>\n<li data-start=\"1757\" data-end=\"1778\">\n<p data-start=\"1759\" data-end=\"1778\">Punertava violetti kynsiv\u00e4ri<\/p>\n<\/li>\n<li data-start=\"1779\" data-end=\"1804\">\n<p data-start=\"1781\" data-end=\"1804\">Vaiheittainen opas<\/p>\n<\/li>\n<li data-start=\"1805\" data-end=\"1882\">\n<p data-start=\"1807\" data-end=\"1882\"><strong data-start=\"1807\" data-end=\"1829\">3 jouluista tuoksu\u00f6ljy\u00e4: Joulumets\u00e4<\/strong>, Talvinen karpalo, Joulun aika<\/p>\n<\/li>\n<\/ul>\n<p data-start=\"1884\" data-end=\"1967\"><em data-start=\"1887\" data-end=\"1967\">T\u00e4ydellinen joululahja luoville sieluille tai joulun viettoon yhdess\u00e4 perheen\u00e4.<\/em><\/p>\n","protected":false},"excerpt":{"rendered":"<p><strong data-start=\"1453\" data-end=\"1511\">Sieppaa joulun l\u00e4mmin hehku ja taianomainen tuoksu omin k\u00e4sin.<\/strong><br data-start=\"1511\" data-end=\"1514\">Punaiset, vihre\u00e4t ja valkoiset lasit ja klassiset jouluiset tuoksut tuovat huoneeseen kodikkaan ja juhlavan tunnelman. Luo k\u00e4sintehtyj\u00e4 kynttil\u00f6it\u00e4, jotka tekev\u00e4t jokaisesta illasta erityisen. <\/p>\n","protected":false},"featured_media":24717,"template":"","meta":{"site-sidebar-layout":"default","site-content-layout":"","ast-site-content-layout":"default","site-content-style":"default","site-sidebar-style":"default","ast-global-header-display":"","ast-banner-title-visibility":"","ast-main-header-display":"","ast-hfb-above-header-display":"","ast-hfb-below-header-display":"","ast-hfb-mobile-header-display":"","site-post-title":"","ast-breadcrumbs-content":"","ast-featured-img":"","footer-sml-layout":"","ast-disable-related-posts":"","theme-transparent-header-meta":"default","adv-header-id-meta":"","stick-header-meta":"default","header-above-stick-meta":"","header-main-stick-meta":"","header-below-stick-meta":"","astra-migrate-meta-layouts":"default","ast-page-background-enabled":"default","ast-page-background-meta":{"desktop":{"background-color":"","background-image":"","background-repeat":"repeat","background-position":"center center","background-size":"auto","background-attachment":"scroll","background-type":"","background-media":"","overlay-type":"","overlay-color":"","overlay-opacity":"","overlay-gradient":""},"tablet":{"background-color":"","background-image":"","background-repeat":"repeat","background-position":"center center","background-size":"auto","background-attachment":"scroll","background-type":"","background-media":"","overlay-type":"","overlay-color":"","overlay-opacity":"","overlay-gradient":""},"mobile":{"background-color":"","background-image":"","background-repeat":"repeat","background-position":"center center","background-size":"auto","background-attachment":"scroll","background-type":"","background-media":"","overlay-type":"","overlay-color":"","overlay-opacity":"","overlay-gradient":""}},"ast-content-background-meta":{"desktop":{"background-color":"var(--ast-global-color-5)","background-image":"","background-repeat":"repeat","background-position":"center center","background-size":"auto","background-attachment":"scroll","background-type":"","background-media":"","overlay-type":"","overlay-color":"","overlay-opacity":"","overlay-gradient":""},"tablet":{"background-color":"var(--ast-global-color-5)","background-image":"","background-repeat":"repeat","background-position":"center center","background-size":"auto","background-attachment":"scroll","background-type":"","background-media":"","overlay-type":"","overlay-color":"","overlay-opacity":"","overlay-gradient":""},"mobile":{"background-color":"var(--ast-global-color-5)","background-image":"","background-repeat":"repeat","background-position":"center center","background-size":"auto","background-attachment":"scroll","background-type":"","background-media":"","overlay-type":"","overlay-color":"","overlay-opacity":"","overlay-gradient":""}}},"product_brand":[],"product_cat":[227],"product_tag":[],"class_list":{"0":"post-23055","1":"product","2":"type-product","3":"status-publish","4":"has-post-thumbnail","6":"product_cat-diy-sarjat","7":"desktop-align-left","8":"tablet-align-left","9":"mobile-align-left","10":"ast-product-gallery-layout-horizontal","11":"ast-product-tabs-layout-horizontal","13":"first","14":"instock","15":"taxable","16":"shipping-taxable","17":"purchasable","18":"product-type-simple"},"_links":{"self":[{"href":"https:\/\/nordicdiy.ee\/fi\/wp-json\/wp\/v2\/product\/23055","targetHints":{"allow":["GET"]}}],"collection":[{"href":"https:\/\/nordicdiy.ee\/fi\/wp-json\/wp\/v2\/product"}],"about":[{"href":"https:\/\/nordicdiy.ee\/fi\/wp-json\/wp\/v2\/types\/product"}],"wp:featuredmedia":[{"embeddable":true,"href":"https:\/\/nordicdiy.ee\/fi\/wp-json\/wp\/v2\/media\/24717"}],"wp:attachment":[{"href":"https:\/\/nordicdiy.ee\/fi\/wp-json\/wp\/v2\/media?parent=23055"}],"wp:term":[{"taxonomy":"product_brand","embeddable":true,"href":"https:\/\/nordicdiy.ee\/fi\/wp-json\/wp\/v2\/product_brand?post=23055"},{"taxonomy":"product_cat","embeddable":true,"href":"https:\/\/nordicdiy.ee\/fi\/wp-json\/wp\/v2\/product_cat?post=23055"},{"taxonomy":"product_tag","embeddable":true,"href":"https:\/\/nordicdiy.ee\/fi\/wp-json\/wp\/v2\/product_tag?post=23055"}],"curies":[{"name":"wp","href":"https:\/\/api.w.org\/{rel}","templated":true}]}}