{"id":23060,"date":"2025-09-30T15:35:16","date_gmt":"2025-09-30T12:35:16","guid":{"rendered":"https:\/\/nordicdiy.ee\/epood\/Ei-luokiteltu\/diy-kynttiloiden-valmistuksen-lahjasetti-urban-elegance\/"},"modified":"2026-02-26T17:20:15","modified_gmt":"2026-02-26T14:20:15","slug":"diy-kynttiloiden-valmistuksen-lahjasetti-urban-elegance","status":"publish","type":"product","link":"https:\/\/nordicdiy.ee\/fi\/epood\/diy-sarjat\/diy-kynttiloiden-valmistuksen-lahjasetti-urban-elegance\/","title":{"rendered":"DIY Kynttil\u00f6iden valmistuksen lahjasetti &#8217;Urban Elegance&#8217;"},"content":{"rendered":"<p data-start=\"892\" data-end=\"1117\"><strong data-start=\"1100\" data-end=\"1115\">Mukana:<\/strong><\/p>\n<ul data-start=\"1118\" data-end=\"1304\">\n<li data-start=\"1118\" data-end=\"1153\">\n<p data-start=\"1120\" data-end=\"1153\">Saippuavaha Nature Wax C3 - 0,3 kg<\/p>\n<\/li>\n<li style=\"font-size: 16px;\" data-start=\"1154\" data-end=\"1175\">\n<p style=\"font-size: 16px;\" data-start=\"1156\" data-end=\"1175\">3 kynttil\u00e4lasia 180ml<\/p>\n<\/li>\n<li data-start=\"1154\" data-end=\"1175\">\n<p data-start=\"1156\" data-end=\"1175\">10 kynttil\u00e4njalkaa SHW80<\/p>\n<\/li>\n<li data-start=\"1176\" data-end=\"1197\">\n<p data-start=\"1178\" data-end=\"1197\">Punertava violetti kynsiv\u00e4ri<\/p>\n<\/li>\n<li data-start=\"1198\" data-end=\"1223\">\n<p data-start=\"1200\" data-end=\"1223\">Vaiheittainen opas<\/p>\n<\/li>\n<li data-start=\"1224\" data-end=\"1304\">\n<p data-start=\"1226\" data-end=\"1304\"><strong data-start=\"1226\" data-end=\"1242\">3 aromaattista \u00f6ljy\u00e4:<\/strong> P\u00e4hkin\u00e4t: Arabian y\u00f6, mehukas laventeli, Bourbon-vanilja ja p\u00e4hkin\u00e4t.<\/p>\n<\/li>\n<\/ul>\n<p data-start=\"1306\" data-end=\"1378\"><em data-start=\"1309\" data-end=\"1378\">T\u00e4ydellinen valinta niille, jotka arvostavat laatua ja modernia muotoilua.<\/em><\/p>\n","protected":false},"excerpt":{"rendered":"<p><strong data-start=\"892\" data-end=\"965\">Tyylik\u00e4s ja moderni - t\u00e4ydellinen yhdistelm\u00e4 yksinkertaisuutta ja ylellisyytt\u00e4.<\/strong><br data-start=\"965\" data-end=\"968\">Urban Elegance yhdist\u00e4\u00e4 vastakkaisia s\u00e4vyj\u00e4 ja aistillisia tuoksuja luoden tyylikk\u00e4\u00e4n ja tyylikk\u00e4\u00e4n tunnelman mihin tahansa huoneeseen.<\/p>\n","protected":false},"featured_media":25254,"template":"","meta":{"site-sidebar-layout":"default","site-content-layout":"","ast-site-content-layout":"default","site-content-style":"default","site-sidebar-style":"default","ast-global-header-display":"","ast-banner-title-visibility":"","ast-main-header-display":"","ast-hfb-above-header-display":"","ast-hfb-below-header-display":"","ast-hfb-mobile-header-display":"","site-post-title":"","ast-breadcrumbs-content":"","ast-featured-img":"","footer-sml-layout":"","ast-disable-related-posts":"","theme-transparent-header-meta":"default","adv-header-id-meta":"","stick-header-meta":"default","header-above-stick-meta":"","header-main-stick-meta":"","header-below-stick-meta":"","astra-migrate-meta-layouts":"default","ast-page-background-enabled":"default","ast-page-background-meta":{"desktop":{"background-color":"","background-image":"","background-repeat":"repeat","background-position":"center center","background-size":"auto","background-attachment":"scroll","background-type":"","background-media":"","overlay-type":"","overlay-color":"","overlay-opacity":"","overlay-gradient":""},"tablet":{"background-color":"","background-image":"","background-repeat":"repeat","background-position":"center center","background-size":"auto","background-attachment":"scroll","background-type":"","background-media":"","overlay-type":"","overlay-color":"","overlay-opacity":"","overlay-gradient":""},"mobile":{"background-color":"","background-image":"","background-repeat":"repeat","background-position":"center center","background-size":"auto","background-attachment":"scroll","background-type":"","background-media":"","overlay-type":"","overlay-color":"","overlay-opacity":"","overlay-gradient":""}},"ast-content-background-meta":{"desktop":{"background-color":"var(--ast-global-color-5)","background-image":"","background-repeat":"repeat","background-position":"center center","background-size":"auto","background-attachment":"scroll","background-type":"","background-media":"","overlay-type":"","overlay-color":"","overlay-opacity":"","overlay-gradient":""},"tablet":{"background-color":"var(--ast-global-color-5)","background-image":"","background-repeat":"repeat","background-position":"center center","background-size":"auto","background-attachment":"scroll","background-type":"","background-media":"","overlay-type":"","overlay-color":"","overlay-opacity":"","overlay-gradient":""},"mobile":{"background-color":"var(--ast-global-color-5)","background-image":"","background-repeat":"repeat","background-position":"center center","background-size":"auto","background-attachment":"scroll","background-type":"","background-media":"","overlay-type":"","overlay-color":"","overlay-opacity":"","overlay-gradient":""}}},"product_brand":[],"product_cat":[227],"product_tag":[],"class_list":{"0":"post-23060","1":"product","2":"type-product","3":"status-publish","4":"has-post-thumbnail","6":"product_cat-diy-sarjat","7":"desktop-align-left","8":"tablet-align-left","9":"mobile-align-left","10":"ast-product-gallery-layout-horizontal","11":"ast-product-tabs-layout-horizontal","13":"first","14":"instock","15":"taxable","16":"shipping-taxable","17":"purchasable","18":"product-type-simple"},"_links":{"self":[{"href":"https:\/\/nordicdiy.ee\/fi\/wp-json\/wp\/v2\/product\/23060","targetHints":{"allow":["GET"]}}],"collection":[{"href":"https:\/\/nordicdiy.ee\/fi\/wp-json\/wp\/v2\/product"}],"about":[{"href":"https:\/\/nordicdiy.ee\/fi\/wp-json\/wp\/v2\/types\/product"}],"wp:featuredmedia":[{"embeddable":true,"href":"https:\/\/nordicdiy.ee\/fi\/wp-json\/wp\/v2\/media\/25254"}],"wp:attachment":[{"href":"https:\/\/nordicdiy.ee\/fi\/wp-json\/wp\/v2\/media?parent=23060"}],"wp:term":[{"taxonomy":"product_brand","embeddable":true,"href":"https:\/\/nordicdiy.ee\/fi\/wp-json\/wp\/v2\/product_brand?post=23060"},{"taxonomy":"product_cat","embeddable":true,"href":"https:\/\/nordicdiy.ee\/fi\/wp-json\/wp\/v2\/product_cat?post=23060"},{"taxonomy":"product_tag","embeddable":true,"href":"https:\/\/nordicdiy.ee\/fi\/wp-json\/wp\/v2\/product_tag?post=23060"}],"curies":[{"name":"wp","href":"https:\/\/api.w.org\/{rel}","templated":true}]}}