{"id":23271,"date":"2025-10-24T14:37:25","date_gmt":"2025-10-24T11:37:25","guid":{"rendered":"https:\/\/nordicdiy.ee\/epood\/Ei-luokiteltu\/christmas-cake-tuoksuoljy\/"},"modified":"2025-12-03T13:16:36","modified_gmt":"2025-12-03T10:16:36","slug":"christmas-cake-tuoksuoljy","status":"publish","type":"product","link":"https:\/\/nordicdiy.ee\/fi\/epood\/tuoksuoljy\/joulun-tuoksut\/christmas-cake-tuoksuoljy\/","title":{"rendered":"Christmas Cake tuoksu\u00f6ljy"},"content":{"rendered":"<p><strong>ASPOL Scentra on<\/strong> rekister\u00f6inyt UFIREADY-turvallisuustiedotteet (SDS), jotka on laadittu eri hajuste\u00f6ljym\u00e4\u00e4rille ja joita voidaan k\u00e4ytt\u00e4\u00e4 soijavahakynttil\u00f6iden valmistuksessa. N\u00e4iden turvakorttien ja CLP-tarrojen ansiosta sinun <strong>ei tarvitse itse luoda UFI-koodia ja ilmoittaa sit\u00e4 PCN:ss\u00e4 tai rekister\u00f6ity\u00e4 ECHAS:iin, sill\u00e4 tehdas on jo rekister\u00f6inyt tuotteesi puolestasi.<\/strong> <\/p>\n<p><strong>K\u00e4ytt\u00f6 kynttil\u00f6iss\u00e4 -<\/strong> Suositeltu tuoksu\u00f6ljyn m\u00e4\u00e4r\u00e4 soijavahakynttil\u00f6iss\u00e4 on 6-10 %. Tarkat m\u00e4\u00e4r\u00e4t ja SDS-kortit <a href=\"https:\/\/goldelseou.sharepoint.com\/:f:\/s\/Nordicdiy.ee\/EmwnXf9U5slKgTzR89eKUVkBDhTwAeuFIcyJVwHdRrVAug?e=alyGmD\" target=\"_blank\" rel=\"noopener\">l\u00f6yd\u00e4t t\u00e4\u00e4lt\u00e4.<\/a> <strong>\u00c4l\u00e4 sekoita eri tuoksu\u00f6ljyj\u00e4!<\/strong> <\/p>\n<p>Lataamalla ilmaisen UFIREADY-turvallisuustiedotteen (SDS) ja soijavahakynttil\u00e4n CLP-tarran vahvistan, ett\u00e4 olen valmistanut tuotteeni UFICONTROL-vaatimusten mukaisesti ja ett\u00e4 olen ostanut SDS-kortissa mainitut ainesosat Nordic DIY:lt\u00e4.<\/p>\n<ul>\n<li><strong>CLP-tarran voi ladata t\u00e4\u00e4lt\u00e4 - <a href=\"https:\/\/aspol.info\/wp-content\/uploads\/etykiety\/ufi-green.html\" target=\"_blank\" rel=\"noopener\">CLP-tarran generaattori<\/a>.<\/strong><\/li>\n<li><strong><a href=\"https:\/\/goldelseou.sharepoint.com\/:f:\/s\/Nordicdiy.ee\/EsGDlpOhc5hEhYxjgfc-fFQB74KwmzioinuTKcSU1eWV2A?e=S8L8O9\" target=\"_blank\" rel=\"noopener\">K\u00e4ytt\u00f6turvallisuustiedotteet (SDS), IFRA, allergeenitaulukko ja valmiiden kynttil\u00f6iden k\u00e4ytt\u00f6turvallisuustiedotteet (SDS) l\u00f6ytyv\u00e4t t\u00e4\u00e4lt\u00e4.<\/a><\/strong><\/li>\n<\/ul>\n<p>Voit ladata asiakirjojen osiosta saatavan IFRA-taulukon, josta l\u00f6yd\u00e4t sallitut enimm\u00e4ism\u00e4\u00e4r\u00e4t kotituoksujen, hajustesuihkeiden tai saippuoiden (kiinte\u00e4t ja nestem\u00e4iset saippuat) valmistukseen.<\/p>\n<p><strong>Parasta ennen:<\/strong> ASPOL Scentra -tuoksu\u00f6ljyjen suositeltu k\u00e4ytt\u00f6ik\u00e4 on 1 vuosi. AScentra-tuoksu\u00f6ljyjen suositeltu k\u00e4ytt\u00f6ik\u00e4 on 1 vuosi. Oikein s\u00e4ilytettyn\u00e4 - poissa auringonvalolta, kuivassa ja viile\u00e4ss\u00e4 paikassa - tuotteet s\u00e4ilyv\u00e4t k\u00e4ytt\u00f6kelpoisina useita vuosia. <\/p>\n<p>VAROITUS!<br \/>\n<img decoding=\"async\" class=\"\" src=\"https:\/\/nordicdiy.ee\/wp-content\/uploads\/2025\/01\/terviseoht.jpg\" width=\"70\" height=\"70\"><img decoding=\"async\" class=\"\" src=\"https:\/\/nordicdiy.ee\/wp-content\/uploads\/2025\/02\/keskkonnaoht.jpg\" width=\"70\" height=\"70\"><\/p>\n","protected":false},"excerpt":{"rendered":"<p><strong>ASPOL Scentra UFIREADY -sertifioidut tuoksu\u00f6ljyt ovat<\/strong> ihanteellinen valinta tuoksukynttil\u00f6ihin, kodintuoksuihin, tuoksuvahoihin ja saippuoihin. Ne ovat puhtaita, korkealaatuisia ja turvallisia tuoksu\u00f6ljyj\u00e4. Tarkista <strong>turvallisen k\u00e4yt\u00f6n raja-arvot ennen<\/strong> k\u00e4ytt\u00f6\u00e4.  <\/p>\n<p>Tuotannon helpottamiseksi voit ladata Soijanahkakynttil\u00f6iden k\u00e4ytt\u00f6turvallisuustiedotteet (SDS) ja CLP-tarramallit <strong>ILMAISEKSI.<\/strong> Tehdas on luonut sinulle <strong>UFI-koodin ja ilmoittanut PCN:n, ja ECHAS on rekister\u00f6inyt <\/strong>tuotteesi edellytt\u00e4en, ett\u00e4 k\u00e4yt\u00e4t hajuste\u00f6ljy\u00e4 tehtaan rekister\u00f6im\u00e4ll\u00e4 m\u00e4\u00e4r\u00e4ll\u00e4.<br \/>\nLis\u00e4tietoa hajuste\u00f6ljyn k\u00e4yt\u00f6st\u00e4 on tuotekuvauksessa. <\/p>\n<p><strong>Tuoksun s\u00e4vyt<\/strong><br \/>\nP\u00e4\u00e4n\u00e4yte: appelsiini, maito, kerma<br \/>\nSyd\u00e4men s\u00e4vyt: kookos, hunaja<br \/>\nPohjan s\u00e4vyt: karamelli, vanilja.<\/p>\n","protected":false},"featured_media":23282,"template":"","meta":{"site-sidebar-layout":"default","site-content-layout":"","ast-site-content-layout":"default","site-content-style":"default","site-sidebar-style":"default","ast-global-header-display":"","ast-banner-title-visibility":"","ast-main-header-display":"","ast-hfb-above-header-display":"","ast-hfb-below-header-display":"","ast-hfb-mobile-header-display":"","site-post-title":"","ast-breadcrumbs-content":"","ast-featured-img":"","footer-sml-layout":"","ast-disable-related-posts":"","theme-transparent-header-meta":"default","adv-header-id-meta":"","stick-header-meta":"default","header-above-stick-meta":"","header-main-stick-meta":"","header-below-stick-meta":"","astra-migrate-meta-layouts":"default","ast-page-background-enabled":"default","ast-page-background-meta":{"desktop":{"background-color":"","background-image":"","background-repeat":"repeat","background-position":"center center","background-size":"auto","background-attachment":"scroll","background-type":"","background-media":"","overlay-type":"","overlay-color":"","overlay-opacity":"","overlay-gradient":""},"tablet":{"background-color":"","background-image":"","background-repeat":"repeat","background-position":"center center","background-size":"auto","background-attachment":"scroll","background-type":"","background-media":"","overlay-type":"","overlay-color":"","overlay-opacity":"","overlay-gradient":""},"mobile":{"background-color":"","background-image":"","background-repeat":"repeat","background-position":"center center","background-size":"auto","background-attachment":"scroll","background-type":"","background-media":"","overlay-type":"","overlay-color":"","overlay-opacity":"","overlay-gradient":""}},"ast-content-background-meta":{"desktop":{"background-color":"var(--ast-global-color-5)","background-image":"","background-repeat":"repeat","background-position":"center center","background-size":"auto","background-attachment":"scroll","background-type":"","background-media":"","overlay-type":"","overlay-color":"","overlay-opacity":"","overlay-gradient":""},"tablet":{"background-color":"var(--ast-global-color-5)","background-image":"","background-repeat":"repeat","background-position":"center center","background-size":"auto","background-attachment":"scroll","background-type":"","background-media":"","overlay-type":"","overlay-color":"","overlay-opacity":"","overlay-gradient":""},"mobile":{"background-color":"var(--ast-global-color-5)","background-image":"","background-repeat":"repeat","background-position":"center center","background-size":"auto","background-attachment":"scroll","background-type":"","background-media":"","overlay-type":"","overlay-color":"","overlay-opacity":"","overlay-gradient":""}}},"product_brand":[],"product_cat":[177,176,158,129,174],"product_tag":[],"class_list":{"0":"post-23271","1":"product","2":"type-product","3":"status-publish","4":"has-post-thumbnail","6":"product_cat-joulun-tuoksut","7":"product_cat-kynttilan-tuoksut","8":"product_cat-kynttiloiden-valmistus-fi","9":"product_cat-tuoksuoljy","10":"product_cat-ufi-ready","11":"desktop-align-left","12":"tablet-align-left","13":"mobile-align-left","14":"ast-product-gallery-layout-horizontal","15":"ast-product-gallery-with-no-image","16":"ast-product-single-variable","17":"ast-product-tabs-layout-horizontal","19":"first","20":"instock","21":"taxable","22":"shipping-taxable","23":"purchasable","24":"product-type-variable"},"_links":{"self":[{"href":"https:\/\/nordicdiy.ee\/fi\/wp-json\/wp\/v2\/product\/23271","targetHints":{"allow":["GET"]}}],"collection":[{"href":"https:\/\/nordicdiy.ee\/fi\/wp-json\/wp\/v2\/product"}],"about":[{"href":"https:\/\/nordicdiy.ee\/fi\/wp-json\/wp\/v2\/types\/product"}],"wp:featuredmedia":[{"embeddable":true,"href":"https:\/\/nordicdiy.ee\/fi\/wp-json\/wp\/v2\/media\/23282"}],"wp:attachment":[{"href":"https:\/\/nordicdiy.ee\/fi\/wp-json\/wp\/v2\/media?parent=23271"}],"wp:term":[{"taxonomy":"product_brand","embeddable":true,"href":"https:\/\/nordicdiy.ee\/fi\/wp-json\/wp\/v2\/product_brand?post=23271"},{"taxonomy":"product_cat","embeddable":true,"href":"https:\/\/nordicdiy.ee\/fi\/wp-json\/wp\/v2\/product_cat?post=23271"},{"taxonomy":"product_tag","embeddable":true,"href":"https:\/\/nordicdiy.ee\/fi\/wp-json\/wp\/v2\/product_tag?post=23271"}],"curies":[{"name":"wp","href":"https:\/\/api.w.org\/{rel}","templated":true}]}}