{"id":23369,"date":"2025-10-25T09:57:59","date_gmt":"2025-10-25T06:57:59","guid":{"rendered":"https:\/\/nordicdiy.ee\/epood\/Ei-luokiteltu\/kodin-hajuvesipullo-korkilla-lapinakyva-pyorea-littea-200ml\/"},"modified":"2025-10-25T09:01:36","modified_gmt":"2025-10-25T06:01:36","slug":"kodin-hajuvesipullo-korkilla-lapinakyva-pyorea-littea-200ml","status":"publish","type":"product","link":"https:\/\/nordicdiy.ee\/fi\/epood\/huonetuoksun-valmistaminen\/huoneenraikastinpullot\/kodin-hajuvesipullo-korkilla-lapinakyva-pyorea-littea-200ml\/","title":{"rendered":"Kodin hajuvesipullo korkilla, l\u00e4pin\u00e4kyv\u00e4 py\u00f6re\u00e4 litte\u00e4 200ml"},"content":{"rendered":"<div>\n<p>T\u00e4m\u00e4 ylellinen kirkas lasinen tuoksusumutinastia on t\u00e4ydellinen valinta sek\u00e4 ammattimaisille hajuvesien valmistajille ett\u00e4 kotituoksujen yst\u00e4ville. Sen kest\u00e4v\u00e4 ja esteettinen viimeistely tekee siit\u00e4 t\u00e4ydellisen koristeen mihin tahansa sisustukseen. <\/p>\n<p>Lasin <strong>edut:<\/strong><\/p>\n<p>Turvallinen - kest\u00e4v\u00e4 ja tuoksuturvallinen.<br \/>\nEsteettinen - moderni ulkon\u00e4k\u00f6 sopii erilaisiin sisustustyyleihin.<br \/>\nUudelleenk\u00e4ytett\u00e4v\u00e4 - voidaan t\u00e4ytt\u00e4\u00e4 uudelleen, kun \u00f6ljy loppuu.<br \/>\nTurvallinen - ei sis\u00e4ll\u00e4 raskasmetalleja, kemiallisesti neutraali materiaali.<\/p>\n<\/div>\n<div>\n<p><strong><span dir=\"auto\">Tekniset tiedot:  <\/span><\/strong><\/p>\n<\/div>\n<div>\n<ul>\n<li><span dir=\"auto\">Korkeus: 9,5 cm<\/span><\/li>\n<li><span dir=\"auto\">Halkaisija: 5,5 cm<\/span><\/li>\n<li><span dir=\"auto\">Aukon halkaisija tikkuja varten: 2,6 cm.<\/span><\/li>\n<li><span dir=\"auto\">Kapasiteetti: 200 ml<\/span><\/li>\n<li><span dir=\"auto\">1 kappaleen sarja<\/span><\/li>\n<\/ul>\n<\/div>\n","protected":false},"excerpt":{"rendered":"<p><strong data-start=\"85\" data-end=\"161\">Ylellinen lasinen diffuusoripullo, py\u00f6ristetty ja litte\u00e4n muotoinen 200 ml on <\/strong>tyylik\u00e4s ja kest\u00e4v\u00e4 <strong data-start=\"85\" data-end=\"161\">lasiastia <\/strong>aromidiffuusorillesi. Uudelleenk\u00e4ytett\u00e4viss\u00e4, kest\u00e4\u00e4 tuoksu\u00f6ljyj\u00e4 ja sopii mihin tahansa sisustukseen - ihanteellinen koti- tai ammattik\u00e4ytt\u00f6\u00f6n. <\/p>\n","protected":false},"featured_media":23388,"template":"","meta":{"site-sidebar-layout":"default","site-content-layout":"","ast-site-content-layout":"default","site-content-style":"default","site-sidebar-style":"default","ast-global-header-display":"","ast-banner-title-visibility":"","ast-main-header-display":"","ast-hfb-above-header-display":"","ast-hfb-below-header-display":"","ast-hfb-mobile-header-display":"","site-post-title":"","ast-breadcrumbs-content":"","ast-featured-img":"","footer-sml-layout":"","ast-disable-related-posts":"","theme-transparent-header-meta":"default","adv-header-id-meta":"","stick-header-meta":"default","header-above-stick-meta":"","header-main-stick-meta":"","header-below-stick-meta":"","astra-migrate-meta-layouts":"default","ast-page-background-enabled":"default","ast-page-background-meta":{"desktop":{"background-color":"","background-image":"","background-repeat":"repeat","background-position":"center center","background-size":"auto","background-attachment":"scroll","background-type":"","background-media":"","overlay-type":"","overlay-color":"","overlay-opacity":"","overlay-gradient":""},"tablet":{"background-color":"","background-image":"","background-repeat":"repeat","background-position":"center center","background-size":"auto","background-attachment":"scroll","background-type":"","background-media":"","overlay-type":"","overlay-color":"","overlay-opacity":"","overlay-gradient":""},"mobile":{"background-color":"","background-image":"","background-repeat":"repeat","background-position":"center center","background-size":"auto","background-attachment":"scroll","background-type":"","background-media":"","overlay-type":"","overlay-color":"","overlay-opacity":"","overlay-gradient":""}},"ast-content-background-meta":{"desktop":{"background-color":"var(--ast-global-color-5)","background-image":"","background-repeat":"repeat","background-position":"center center","background-size":"auto","background-attachment":"scroll","background-type":"","background-media":"","overlay-type":"","overlay-color":"","overlay-opacity":"","overlay-gradient":""},"tablet":{"background-color":"var(--ast-global-color-5)","background-image":"","background-repeat":"repeat","background-position":"center center","background-size":"auto","background-attachment":"scroll","background-type":"","background-media":"","overlay-type":"","overlay-color":"","overlay-opacity":"","overlay-gradient":""},"mobile":{"background-color":"var(--ast-global-color-5)","background-image":"","background-repeat":"repeat","background-position":"center center","background-size":"auto","background-attachment":"scroll","background-type":"","background-media":"","overlay-type":"","overlay-color":"","overlay-opacity":"","overlay-gradient":""}}},"product_brand":[],"product_cat":[417,240,207],"product_tag":[],"class_list":{"0":"post-23369","1":"product","2":"type-product","3":"status-publish","4":"has-post-thumbnail","6":"product_cat-erikoistarjoukset","7":"product_cat-huoneenraikastinpullot","8":"product_cat-huonetuoksun-valmistaminen","9":"desktop-align-left","10":"tablet-align-left","11":"mobile-align-left","12":"ast-product-gallery-layout-horizontal","13":"ast-product-gallery-with-no-image","14":"ast-product-single-variable","15":"ast-product-tabs-layout-horizontal","17":"first","18":"outofstock","19":"taxable","20":"shipping-taxable","21":"purchasable","22":"product-type-variable"},"_links":{"self":[{"href":"https:\/\/nordicdiy.ee\/fi\/wp-json\/wp\/v2\/product\/23369","targetHints":{"allow":["GET"]}}],"collection":[{"href":"https:\/\/nordicdiy.ee\/fi\/wp-json\/wp\/v2\/product"}],"about":[{"href":"https:\/\/nordicdiy.ee\/fi\/wp-json\/wp\/v2\/types\/product"}],"wp:featuredmedia":[{"embeddable":true,"href":"https:\/\/nordicdiy.ee\/fi\/wp-json\/wp\/v2\/media\/23388"}],"wp:attachment":[{"href":"https:\/\/nordicdiy.ee\/fi\/wp-json\/wp\/v2\/media?parent=23369"}],"wp:term":[{"taxonomy":"product_brand","embeddable":true,"href":"https:\/\/nordicdiy.ee\/fi\/wp-json\/wp\/v2\/product_brand?post=23369"},{"taxonomy":"product_cat","embeddable":true,"href":"https:\/\/nordicdiy.ee\/fi\/wp-json\/wp\/v2\/product_cat?post=23369"},{"taxonomy":"product_tag","embeddable":true,"href":"https:\/\/nordicdiy.ee\/fi\/wp-json\/wp\/v2\/product_tag?post=23369"}],"curies":[{"name":"wp","href":"https:\/\/api.w.org\/{rel}","templated":true}]}}