{"id":23392,"date":"2025-10-25T08:56:07","date_gmt":"2025-10-25T05:56:07","guid":{"rendered":"https:\/\/nordicdiy.ee\/epood\/Ei-luokiteltu\/kodin-hajuvesipullo-tulpalla-lapinakyva-pyorea-225ml\/"},"modified":"2025-10-25T09:13:38","modified_gmt":"2025-10-25T06:13:38","slug":"kodin-hajuvesipullo-tulpalla-lapinakyva-pyorea-225ml","status":"publish","type":"product","link":"https:\/\/nordicdiy.ee\/fi\/epood\/huonetuoksun-valmistaminen\/huoneenraikastinpullot\/kodin-hajuvesipullo-tulpalla-lapinakyva-pyorea-225ml\/","title":{"rendered":"Kodin hajuvesipullo tulpalla, l\u00e4pin\u00e4kyv\u00e4 py\u00f6re\u00e4 225ml"},"content":{"rendered":"<p>Tyylik\u00e4s ja eksklusiivinen 200 ml:n diffuusoripullo, joka on saanut inspiraationsa ylellisist\u00e4 alkoholi- tai vintage-tyylisist\u00e4 ruohopulloista. L\u00e4pin\u00e4kyv\u00e4 lasi ja kultainen korkki luovat tyylikk\u00e4\u00e4n ja ajattoman ilmeen, joka sopii t\u00e4ydellisesti mihin tahansa sisustukseen - kotiin, kylpyl\u00e4\u00e4n, hotelliin tai ravintolaan. <\/p>\n<p>Pullo on valmistettu kest\u00e4v\u00e4st\u00e4 lasista, joka <strong data-start=\"478\" data-end=\"529\">kest\u00e4\u00e4 aromaattisia \u00f6ljyj\u00e4 ja eteerisi\u00e4 \u00f6ljyj\u00e4 ja<\/strong> on <strong data-start=\"535\" data-end=\"552\">kierr\u00e4tett\u00e4viss\u00e4.<\/strong> T\u00e4ydellinen valinta laadukkaan ja esteettisen aromaterapia-diffuusorin luomiseen. <\/p>\n<p>Lasin <strong>edut:<\/strong><\/p>\n<p>Turvallinen - kest\u00e4v\u00e4 ja tuoksuturvallinen.<br \/>\nEsteettinen - moderni ulkon\u00e4k\u00f6 sopii erilaisiin sisustustyyleihin.<br \/>\nUudelleenk\u00e4ytett\u00e4v\u00e4 - voidaan t\u00e4ytt\u00e4\u00e4 uudelleen, kun \u00f6ljy loppuu.<br \/>\nTurvallinen - ei sis\u00e4ll\u00e4 raskasmetalleja, kemiallisesti neutraali materiaali.<\/p>\n<p><strong>Tekniset tiedot:<\/strong><\/p>\n<p>Korkeus: 14 cm<br \/>\nHalkaisija: 5,2 cm<br \/>\nAukon halkaisija tikkuja varten: 1,5 cm<br \/>\nTilavuus: 225 ml<br \/>\nMukana: 1 lasipullo + kultainen korkki.<\/p>\n","protected":false},"excerpt":{"rendered":"<p>Tyylik\u00e4s ja eksklusiivinen 200 ml:n diffuusoripullo, joka on saanut inspiraationsa ylellisist\u00e4 alkoholi- tai vintage-tyylisist\u00e4 ruohopulloista. L\u00e4pin\u00e4kyv\u00e4 lasi ja kultainen korkki luovat tyylikk\u00e4\u00e4n ja ajattoman ilmeen, joka sopii t\u00e4ydellisesti mihin tahansa sisustukseen - kotiin, kylpyl\u00e4\u00e4n, hotelliin tai ravintolaan. <\/p>\n","protected":false},"featured_media":23403,"template":"","meta":{"site-sidebar-layout":"default","site-content-layout":"","ast-site-content-layout":"default","site-content-style":"default","site-sidebar-style":"default","ast-global-header-display":"","ast-banner-title-visibility":"","ast-main-header-display":"","ast-hfb-above-header-display":"","ast-hfb-below-header-display":"","ast-hfb-mobile-header-display":"","site-post-title":"","ast-breadcrumbs-content":"","ast-featured-img":"","footer-sml-layout":"","ast-disable-related-posts":"","theme-transparent-header-meta":"default","adv-header-id-meta":"","stick-header-meta":"default","header-above-stick-meta":"","header-main-stick-meta":"","header-below-stick-meta":"","astra-migrate-meta-layouts":"default","ast-page-background-enabled":"default","ast-page-background-meta":{"desktop":{"background-color":"","background-image":"","background-repeat":"repeat","background-position":"center center","background-size":"auto","background-attachment":"scroll","background-type":"","background-media":"","overlay-type":"","overlay-color":"","overlay-opacity":"","overlay-gradient":""},"tablet":{"background-color":"","background-image":"","background-repeat":"repeat","background-position":"center center","background-size":"auto","background-attachment":"scroll","background-type":"","background-media":"","overlay-type":"","overlay-color":"","overlay-opacity":"","overlay-gradient":""},"mobile":{"background-color":"","background-image":"","background-repeat":"repeat","background-position":"center center","background-size":"auto","background-attachment":"scroll","background-type":"","background-media":"","overlay-type":"","overlay-color":"","overlay-opacity":"","overlay-gradient":""}},"ast-content-background-meta":{"desktop":{"background-color":"var(--ast-global-color-5)","background-image":"","background-repeat":"repeat","background-position":"center center","background-size":"auto","background-attachment":"scroll","background-type":"","background-media":"","overlay-type":"","overlay-color":"","overlay-opacity":"","overlay-gradient":""},"tablet":{"background-color":"var(--ast-global-color-5)","background-image":"","background-repeat":"repeat","background-position":"center center","background-size":"auto","background-attachment":"scroll","background-type":"","background-media":"","overlay-type":"","overlay-color":"","overlay-opacity":"","overlay-gradient":""},"mobile":{"background-color":"var(--ast-global-color-5)","background-image":"","background-repeat":"repeat","background-position":"center center","background-size":"auto","background-attachment":"scroll","background-type":"","background-media":"","overlay-type":"","overlay-color":"","overlay-opacity":"","overlay-gradient":""}}},"product_brand":[],"product_cat":[417,240,207],"product_tag":[],"class_list":{"0":"post-23392","1":"product","2":"type-product","3":"status-publish","4":"has-post-thumbnail","6":"product_cat-erikoistarjoukset","7":"product_cat-huoneenraikastinpullot","8":"product_cat-huonetuoksun-valmistaminen","9":"desktop-align-left","10":"tablet-align-left","11":"mobile-align-left","12":"ast-product-gallery-layout-horizontal","13":"ast-product-gallery-with-no-image","14":"ast-product-tabs-layout-horizontal","16":"first","17":"instock","18":"taxable","19":"shipping-taxable","20":"purchasable","21":"product-type-simple"},"_links":{"self":[{"href":"https:\/\/nordicdiy.ee\/fi\/wp-json\/wp\/v2\/product\/23392","targetHints":{"allow":["GET"]}}],"collection":[{"href":"https:\/\/nordicdiy.ee\/fi\/wp-json\/wp\/v2\/product"}],"about":[{"href":"https:\/\/nordicdiy.ee\/fi\/wp-json\/wp\/v2\/types\/product"}],"wp:featuredmedia":[{"embeddable":true,"href":"https:\/\/nordicdiy.ee\/fi\/wp-json\/wp\/v2\/media\/23403"}],"wp:attachment":[{"href":"https:\/\/nordicdiy.ee\/fi\/wp-json\/wp\/v2\/media?parent=23392"}],"wp:term":[{"taxonomy":"product_brand","embeddable":true,"href":"https:\/\/nordicdiy.ee\/fi\/wp-json\/wp\/v2\/product_brand?post=23392"},{"taxonomy":"product_cat","embeddable":true,"href":"https:\/\/nordicdiy.ee\/fi\/wp-json\/wp\/v2\/product_cat?post=23392"},{"taxonomy":"product_tag","embeddable":true,"href":"https:\/\/nordicdiy.ee\/fi\/wp-json\/wp\/v2\/product_tag?post=23392"}],"curies":[{"name":"wp","href":"https:\/\/api.w.org\/{rel}","templated":true}]}}