{"id":23411,"date":"2025-10-25T09:25:57","date_gmt":"2025-10-25T06:25:57","guid":{"rendered":"https:\/\/nordicdiy.ee\/epood\/Ei-luokiteltu\/pullo-mustalla-tulpalla-kotiparfyymin-valmistajalle-nelio-100ml\/"},"modified":"2025-10-25T09:32:53","modified_gmt":"2025-10-25T06:32:53","slug":"pullo-mustalla-tulpalla-kotiparfyymin-valmistajalle-nelio-100ml","status":"publish","type":"product","link":"https:\/\/nordicdiy.ee\/fi\/epood\/huonetuoksun-valmistaminen\/huoneenraikastinpullot\/pullo-mustalla-tulpalla-kotiparfyymin-valmistajalle-nelio-100ml\/","title":{"rendered":"Pullo mustalla tulpalla kotiparfyymin valmistajalle, neli\u00f6 100ml"},"content":{"rendered":"<p>Minimalistisen ja skandinaavisen muotoilun ansiosta <strong data-start=\"179\" data-end=\"207\">100 ml:n neli\u00f6nmuotoinen diffuusoripullo on<\/strong> t\u00e4ydellinen <strong data-start=\"179\" data-end=\"207\">valinta<\/strong> tyylikk\u00e4\u00e4n kotituoksun luomiseen. Uudelleenk\u00e4ytett\u00e4v\u00e4, tuoksu\u00f6ljyn kest\u00e4v\u00e4 ja kaikkiin sis\u00e4tiloihin sopiva pullo sopii sek\u00e4 koti- ett\u00e4 ammattik\u00e4ytt\u00f6\u00f6n. <\/p>\n<p data-start=\"134\" data-end=\"381\">Puhdas muoto ja musta tulppa lis\u00e4\u00e4v\u00e4t tyylikkyytt\u00e4 mihin tahansa sisustukseen - sopii sek\u00e4 moderneihin ett\u00e4 klassisiin tiloihin.<\/p>\n<p data-start=\"383\" data-end=\"587\">Valmistettu korkealaatuisesta ja kest\u00e4v\u00e4st\u00e4 lasista, <strong data-start=\"443\" data-end=\"483\">sopii aromaattisille \u00f6ljyille ja on uudelleenk\u00e4ytett\u00e4viss\u00e4.<\/strong> T\u00e4ydellinen sek\u00e4 kotitekoisiin tuoksudiffuusoreihin ett\u00e4 ammattik\u00e4ytt\u00f6\u00f6n hotelleissa ja kylpyl\u00f6iss\u00e4. <\/p>\n<p>Lasin <strong>edut:<\/strong><\/p>\n<p>Turvallinen - kest\u00e4v\u00e4 ja tuoksuturvallinen.<br \/>\nEsteettinen - moderni ulkon\u00e4k\u00f6 sopii erilaisiin sisustustyyleihin.<br \/>\nUudelleenk\u00e4ytett\u00e4v\u00e4 - voidaan t\u00e4ytt\u00e4\u00e4 uudelleen, kun \u00f6ljy loppuu.<br \/>\nTurvallinen - ei sis\u00e4ll\u00e4 raskasmetalleja, kemiallisesti neutraali materiaali.<\/p>\n<p><strong>Tekniset tiedot:<\/strong><\/p>\n<p>Korkeus: 7 cm<br \/>\nHalkaisija: 7,5 cm<br \/>\nAukon halkaisija tikkuja varten: 1,9 cm<br \/>\nTilavuus: 100 ml<br \/>\nMukana: 1 lasipullo + musta korkki.<\/p>\n","protected":false},"excerpt":{"rendered":"<p>Minimalistisen ja skandinaavisen muotoilun ansiosta <strong data-start=\"179\" data-end=\"207\">100 ml:n neli\u00f6n muotoinen diffuusoripullo on<\/strong> t\u00e4ydellinen <strong data-start=\"179\" data-end=\"207\">valinta<\/strong> tyylikk\u00e4\u00e4n kotituoksun luomiseen. Uudelleenk\u00e4ytett\u00e4v\u00e4, tuoksu\u00f6ljyn kest\u00e4v\u00e4 ja kaikkiin sis\u00e4tiloihin sopiva pullo sopii sek\u00e4 koti- ett\u00e4 ammattik\u00e4ytt\u00f6\u00f6n. <\/p>\n","protected":false},"featured_media":23419,"template":"","meta":{"site-sidebar-layout":"default","site-content-layout":"","ast-site-content-layout":"default","site-content-style":"default","site-sidebar-style":"default","ast-global-header-display":"","ast-banner-title-visibility":"","ast-main-header-display":"","ast-hfb-above-header-display":"","ast-hfb-below-header-display":"","ast-hfb-mobile-header-display":"","site-post-title":"","ast-breadcrumbs-content":"","ast-featured-img":"","footer-sml-layout":"","ast-disable-related-posts":"","theme-transparent-header-meta":"default","adv-header-id-meta":"","stick-header-meta":"default","header-above-stick-meta":"","header-main-stick-meta":"","header-below-stick-meta":"","astra-migrate-meta-layouts":"default","ast-page-background-enabled":"default","ast-page-background-meta":{"desktop":{"background-color":"","background-image":"","background-repeat":"repeat","background-position":"center center","background-size":"auto","background-attachment":"scroll","background-type":"","background-media":"","overlay-type":"","overlay-color":"","overlay-opacity":"","overlay-gradient":""},"tablet":{"background-color":"","background-image":"","background-repeat":"repeat","background-position":"center center","background-size":"auto","background-attachment":"scroll","background-type":"","background-media":"","overlay-type":"","overlay-color":"","overlay-opacity":"","overlay-gradient":""},"mobile":{"background-color":"","background-image":"","background-repeat":"repeat","background-position":"center center","background-size":"auto","background-attachment":"scroll","background-type":"","background-media":"","overlay-type":"","overlay-color":"","overlay-opacity":"","overlay-gradient":""}},"ast-content-background-meta":{"desktop":{"background-color":"var(--ast-global-color-5)","background-image":"","background-repeat":"repeat","background-position":"center center","background-size":"auto","background-attachment":"scroll","background-type":"","background-media":"","overlay-type":"","overlay-color":"","overlay-opacity":"","overlay-gradient":""},"tablet":{"background-color":"var(--ast-global-color-5)","background-image":"","background-repeat":"repeat","background-position":"center center","background-size":"auto","background-attachment":"scroll","background-type":"","background-media":"","overlay-type":"","overlay-color":"","overlay-opacity":"","overlay-gradient":""},"mobile":{"background-color":"var(--ast-global-color-5)","background-image":"","background-repeat":"repeat","background-position":"center center","background-size":"auto","background-attachment":"scroll","background-type":"","background-media":"","overlay-type":"","overlay-color":"","overlay-opacity":"","overlay-gradient":""}}},"product_brand":[],"product_cat":[417,240,207],"product_tag":[],"class_list":{"0":"post-23411","1":"product","2":"type-product","3":"status-publish","4":"has-post-thumbnail","6":"product_cat-erikoistarjoukset","7":"product_cat-huoneenraikastinpullot","8":"product_cat-huonetuoksun-valmistaminen","9":"desktop-align-left","10":"tablet-align-left","11":"mobile-align-left","12":"ast-product-gallery-layout-horizontal","13":"ast-product-tabs-layout-horizontal","15":"first","16":"instock","17":"taxable","18":"shipping-taxable","19":"purchasable","20":"product-type-simple"},"_links":{"self":[{"href":"https:\/\/nordicdiy.ee\/fi\/wp-json\/wp\/v2\/product\/23411","targetHints":{"allow":["GET"]}}],"collection":[{"href":"https:\/\/nordicdiy.ee\/fi\/wp-json\/wp\/v2\/product"}],"about":[{"href":"https:\/\/nordicdiy.ee\/fi\/wp-json\/wp\/v2\/types\/product"}],"wp:featuredmedia":[{"embeddable":true,"href":"https:\/\/nordicdiy.ee\/fi\/wp-json\/wp\/v2\/media\/23419"}],"wp:attachment":[{"href":"https:\/\/nordicdiy.ee\/fi\/wp-json\/wp\/v2\/media?parent=23411"}],"wp:term":[{"taxonomy":"product_brand","embeddable":true,"href":"https:\/\/nordicdiy.ee\/fi\/wp-json\/wp\/v2\/product_brand?post=23411"},{"taxonomy":"product_cat","embeddable":true,"href":"https:\/\/nordicdiy.ee\/fi\/wp-json\/wp\/v2\/product_cat?post=23411"},{"taxonomy":"product_tag","embeddable":true,"href":"https:\/\/nordicdiy.ee\/fi\/wp-json\/wp\/v2\/product_tag?post=23411"}],"curies":[{"name":"wp","href":"https:\/\/api.w.org\/{rel}","templated":true}]}}