{"id":23458,"date":"2025-10-25T09:56:02","date_gmt":"2025-10-25T06:56:02","guid":{"rendered":"https:\/\/nordicdiy.ee\/epood\/Ei-luokiteltu\/kodin-tuoksupullo-korkilla-nelio-cut-corner-150ml\/"},"modified":"2025-10-25T15:04:36","modified_gmt":"2025-10-25T12:04:36","slug":"kodin-tuoksupullo-korkilla-nelio-cut-corner-150ml","status":"publish","type":"product","link":"https:\/\/nordicdiy.ee\/fi\/epood\/huonetuoksun-valmistaminen\/huoneenraikastinpullot\/kodin-tuoksupullo-korkilla-nelio-cut-corner-150ml\/","title":{"rendered":"Kodin tuoksupullo korkilla, neli\u00f6 Cut Corner 150ml"},"content":{"rendered":"<p>Ylellinen ja erottuva, <strong data-start=\"161\" data-end=\"202\">neli\u00f6nmuotoinen \"Cut Corner\" -hajuvesipullo 150 ml on huomiota her\u00e4tt\u00e4v\u00e4 lis\u00e4<\/strong> mihin tahansa sisustukseen. Laadukkaasta lasista valmistetussa pullossa yhdistyv\u00e4t tyylikkyys ja k\u00e4yt\u00e4nn\u00f6llisyys - t\u00e4ydellinen valinta kotituoksuihin, ravintoloihin, hotelleihin tai lahjaksi. <\/p>\n<p>Valittavana on kolme tyylik\u00e4st\u00e4 korkkia:<\/p>\n<ul>\n<li>Kulta - klassisen ylellisyyden yst\u00e4v\u00e4lle<\/li>\n<li>Hopea - modernin ja selke\u00e4n tyylin yst\u00e4v\u00e4lle<\/li>\n<li>Ruusukulta - romanttisten ja pehmeiden s\u00e4vyjen yst\u00e4v\u00e4lle.<\/li>\n<\/ul>\n<p><strong>Lasin edut:<\/strong><\/p>\n<p>Turvallinen - kest\u00e4v\u00e4 ja tuoksuturvallinen.<br \/>\nEsteettinen - moderni ulkon\u00e4k\u00f6 sopii erilaisiin sisustustyyleihin.<br \/>\nUudelleenk\u00e4ytett\u00e4v\u00e4 - voidaan t\u00e4ytt\u00e4\u00e4 uudelleen, kun \u00f6ljy loppuu.<br \/>\nTurvallinen - ei sis\u00e4ll\u00e4 raskasmetalleja, kemiallisesti neutraali materiaali.<\/p>\n<p><strong>Tekniset tiedot:<\/strong><\/p>\n<p>Korkeus: 7 cm<br \/>\nHalkaisija: 8 cm<br \/>\nAukon halkaisija tikkuja varten: 2,6 cm<br \/>\nTilavuus: 150 ml<br \/>\nSetti sis\u00e4lt\u00e4\u00e4: 1 lasipullo + korkki + v\u00e4rillinen korkki.<\/p>\n","protected":false},"excerpt":{"rendered":"<p>Ylellinen ja erottuva, <strong data-start=\"161\" data-end=\"202\">neli\u00f6nmuotoinen \"Cut Corner\" -hajuvesipullo 150 ml on huomiota her\u00e4tt\u00e4v\u00e4 lis\u00e4<\/strong> mihin tahansa sisustukseen. Laadukkaasta lasista valmistetussa pullossa yhdistyv\u00e4t tyylikkyys ja k\u00e4yt\u00e4nn\u00f6llisyys - t\u00e4ydellinen valinta kotituoksuihin, ravintoloihin, hotelleihin tai lahjaksi. <\/p>\n","protected":false},"featured_media":23487,"template":"","meta":{"site-sidebar-layout":"default","site-content-layout":"","ast-site-content-layout":"default","site-content-style":"default","site-sidebar-style":"default","ast-global-header-display":"","ast-banner-title-visibility":"","ast-main-header-display":"","ast-hfb-above-header-display":"","ast-hfb-below-header-display":"","ast-hfb-mobile-header-display":"","site-post-title":"","ast-breadcrumbs-content":"","ast-featured-img":"","footer-sml-layout":"","ast-disable-related-posts":"","theme-transparent-header-meta":"default","adv-header-id-meta":"","stick-header-meta":"default","header-above-stick-meta":"","header-main-stick-meta":"","header-below-stick-meta":"","astra-migrate-meta-layouts":"default","ast-page-background-enabled":"default","ast-page-background-meta":{"desktop":{"background-color":"","background-image":"","background-repeat":"repeat","background-position":"center center","background-size":"auto","background-attachment":"scroll","background-type":"","background-media":"","overlay-type":"","overlay-color":"","overlay-opacity":"","overlay-gradient":""},"tablet":{"background-color":"","background-image":"","background-repeat":"repeat","background-position":"center center","background-size":"auto","background-attachment":"scroll","background-type":"","background-media":"","overlay-type":"","overlay-color":"","overlay-opacity":"","overlay-gradient":""},"mobile":{"background-color":"","background-image":"","background-repeat":"repeat","background-position":"center center","background-size":"auto","background-attachment":"scroll","background-type":"","background-media":"","overlay-type":"","overlay-color":"","overlay-opacity":"","overlay-gradient":""}},"ast-content-background-meta":{"desktop":{"background-color":"var(--ast-global-color-5)","background-image":"","background-repeat":"repeat","background-position":"center center","background-size":"auto","background-attachment":"scroll","background-type":"","background-media":"","overlay-type":"","overlay-color":"","overlay-opacity":"","overlay-gradient":""},"tablet":{"background-color":"var(--ast-global-color-5)","background-image":"","background-repeat":"repeat","background-position":"center center","background-size":"auto","background-attachment":"scroll","background-type":"","background-media":"","overlay-type":"","overlay-color":"","overlay-opacity":"","overlay-gradient":""},"mobile":{"background-color":"var(--ast-global-color-5)","background-image":"","background-repeat":"repeat","background-position":"center center","background-size":"auto","background-attachment":"scroll","background-type":"","background-media":"","overlay-type":"","overlay-color":"","overlay-opacity":"","overlay-gradient":""}}},"product_brand":[],"product_cat":[417,240,207],"product_tag":[],"class_list":{"0":"post-23458","1":"product","2":"type-product","3":"status-publish","4":"has-post-thumbnail","6":"product_cat-erikoistarjoukset","7":"product_cat-huoneenraikastinpullot","8":"product_cat-huonetuoksun-valmistaminen","9":"desktop-align-left","10":"tablet-align-left","11":"mobile-align-left","12":"ast-product-gallery-layout-horizontal","13":"ast-product-gallery-with-no-image","14":"ast-product-single-variable","15":"ast-product-tabs-layout-horizontal","17":"first","18":"instock","19":"taxable","20":"shipping-taxable","21":"purchasable","22":"product-type-variable"},"_links":{"self":[{"href":"https:\/\/nordicdiy.ee\/fi\/wp-json\/wp\/v2\/product\/23458","targetHints":{"allow":["GET"]}}],"collection":[{"href":"https:\/\/nordicdiy.ee\/fi\/wp-json\/wp\/v2\/product"}],"about":[{"href":"https:\/\/nordicdiy.ee\/fi\/wp-json\/wp\/v2\/types\/product"}],"wp:featuredmedia":[{"embeddable":true,"href":"https:\/\/nordicdiy.ee\/fi\/wp-json\/wp\/v2\/media\/23487"}],"wp:attachment":[{"href":"https:\/\/nordicdiy.ee\/fi\/wp-json\/wp\/v2\/media?parent=23458"}],"wp:term":[{"taxonomy":"product_brand","embeddable":true,"href":"https:\/\/nordicdiy.ee\/fi\/wp-json\/wp\/v2\/product_brand?post=23458"},{"taxonomy":"product_cat","embeddable":true,"href":"https:\/\/nordicdiy.ee\/fi\/wp-json\/wp\/v2\/product_cat?post=23458"},{"taxonomy":"product_tag","embeddable":true,"href":"https:\/\/nordicdiy.ee\/fi\/wp-json\/wp\/v2\/product_tag?post=23458"}],"curies":[{"name":"wp","href":"https:\/\/api.w.org\/{rel}","templated":true}]}}