{"id":23497,"date":"2025-10-25T15:11:04","date_gmt":"2025-10-25T12:11:04","guid":{"rendered":"https:\/\/nordicdiy.ee\/epood\/Ei-luokiteltu\/puiset-kannet-suurille-kynttilalaseille-10022-ja-10073-joissa-on-tiiviste\/"},"modified":"2025-10-25T15:41:10","modified_gmt":"2025-10-25T12:41:10","slug":"puiset-kannet-suurille-kynttilalaseille-10022-ja-10073-joissa-on-tiiviste","status":"publish","type":"product","link":"https:\/\/nordicdiy.ee\/fi\/epood\/kynttiloiden-valmistus-fi\/kynttilalasit-ja-kannet\/puiset-kannet-suurille-kynttilalaseille-10022-ja-10073-joissa-on-tiiviste\/","title":{"rendered":"Puiset kannet kynttil\u00e4lasille 10022 ja 10073, joissa on tiiviste."},"content":{"rendered":"<p>Tiivisteell\u00e4 varustettu puinen kansi on ihanteellinen muotoiluelementti kynttil\u00e4laseille 10022 ja 10073. Se takaa tuoksun pidemm\u00e4n s\u00e4ilymisen ja turvallisen s\u00e4ilytyksen. Se pit\u00e4\u00e4 my\u00f6s p\u00f6lyn ja lian poissa. Puinen kansi sopii 260 ml:n kynttil\u00e4lasiin, h88 x d80 mm, joko l\u00e4pin\u00e4kyv\u00e4\u00e4n tai v\u00e4rilliseen. Puutiivisteell\u00e4 varustetun kannen mitat: korkeus - 1,5 cm, ulkohalkaisija - 8,2 cm, sis\u00e4halkaisija - 6,9 cm.  Voit kaivertaa logosi tai muun viestisi puiseen kynttil\u00e4n kanteen, mik\u00e4 lis\u00e4\u00e4 tuotteeseesi ylellisen ja mieleenpainuvan yksityiskohdan. Pyyd\u00e4 tarjous kaiverruksesta osoitteessa epood@nordicdiy.ee.<\/p>\n","protected":false},"excerpt":{"rendered":"<p>Tiivisteell\u00e4 varustettu puinen kansi on ihanteellinen muotoiluelementti kynttil\u00e4npidikkeisiin, sill\u00e4 se takaa pidemm\u00e4n hajun s\u00e4ilymisen ja turvallisen s\u00e4ilytyksen. Se pit\u00e4\u00e4 my\u00f6s p\u00f6lyn ja lian poissa. Puinen kansi sopii 260 ml:aan, korkeus 88 x syvyys 80 mm (10022 ja 10073), joko l\u00e4pin\u00e4kyv\u00e4 tai v\u00e4rillinen.<\/p>\n","protected":false},"featured_media":23503,"template":"","meta":{"site-sidebar-layout":"default","site-content-layout":"","ast-site-content-layout":"default","site-content-style":"default","site-sidebar-style":"default","ast-global-header-display":"","ast-banner-title-visibility":"","ast-main-header-display":"","ast-hfb-above-header-display":"","ast-hfb-below-header-display":"","ast-hfb-mobile-header-display":"","site-post-title":"","ast-breadcrumbs-content":"","ast-featured-img":"","footer-sml-layout":"","ast-disable-related-posts":"","theme-transparent-header-meta":"default","adv-header-id-meta":"","stick-header-meta":"default","header-above-stick-meta":"","header-main-stick-meta":"","header-below-stick-meta":"","astra-migrate-meta-layouts":"default","ast-page-background-enabled":"default","ast-page-background-meta":{"desktop":{"background-color":"","background-image":"","background-repeat":"repeat","background-position":"center center","background-size":"auto","background-attachment":"scroll","background-type":"","background-media":"","overlay-type":"","overlay-color":"","overlay-opacity":"","overlay-gradient":""},"tablet":{"background-color":"","background-image":"","background-repeat":"repeat","background-position":"center center","background-size":"auto","background-attachment":"scroll","background-type":"","background-media":"","overlay-type":"","overlay-color":"","overlay-opacity":"","overlay-gradient":""},"mobile":{"background-color":"","background-image":"","background-repeat":"repeat","background-position":"center center","background-size":"auto","background-attachment":"scroll","background-type":"","background-media":"","overlay-type":"","overlay-color":"","overlay-opacity":"","overlay-gradient":""}},"ast-content-background-meta":{"desktop":{"background-color":"var(--ast-global-color-5)","background-image":"","background-repeat":"repeat","background-position":"center center","background-size":"auto","background-attachment":"scroll","background-type":"","background-media":"","overlay-type":"","overlay-color":"","overlay-opacity":"","overlay-gradient":""},"tablet":{"background-color":"var(--ast-global-color-5)","background-image":"","background-repeat":"repeat","background-position":"center center","background-size":"auto","background-attachment":"scroll","background-type":"","background-media":"","overlay-type":"","overlay-color":"","overlay-opacity":"","overlay-gradient":""},"mobile":{"background-color":"var(--ast-global-color-5)","background-image":"","background-repeat":"repeat","background-position":"center center","background-size":"auto","background-attachment":"scroll","background-type":"","background-media":"","overlay-type":"","overlay-color":"","overlay-opacity":"","overlay-gradient":""}}},"product_brand":[],"product_cat":[163,158],"product_tag":[],"class_list":{"0":"post-23497","1":"product","2":"type-product","3":"status-publish","4":"has-post-thumbnail","6":"product_cat-kynttilalasit-ja-kannet","7":"product_cat-kynttiloiden-valmistus-fi","8":"desktop-align-left","9":"tablet-align-left","10":"mobile-align-left","11":"ast-product-gallery-layout-horizontal","12":"ast-product-gallery-with-no-image","13":"ast-product-tabs-layout-horizontal","15":"first","16":"instock","17":"taxable","18":"shipping-taxable","19":"purchasable","20":"product-type-simple"},"_links":{"self":[{"href":"https:\/\/nordicdiy.ee\/fi\/wp-json\/wp\/v2\/product\/23497","targetHints":{"allow":["GET"]}}],"collection":[{"href":"https:\/\/nordicdiy.ee\/fi\/wp-json\/wp\/v2\/product"}],"about":[{"href":"https:\/\/nordicdiy.ee\/fi\/wp-json\/wp\/v2\/types\/product"}],"wp:featuredmedia":[{"embeddable":true,"href":"https:\/\/nordicdiy.ee\/fi\/wp-json\/wp\/v2\/media\/23503"}],"wp:attachment":[{"href":"https:\/\/nordicdiy.ee\/fi\/wp-json\/wp\/v2\/media?parent=23497"}],"wp:term":[{"taxonomy":"product_brand","embeddable":true,"href":"https:\/\/nordicdiy.ee\/fi\/wp-json\/wp\/v2\/product_brand?post=23497"},{"taxonomy":"product_cat","embeddable":true,"href":"https:\/\/nordicdiy.ee\/fi\/wp-json\/wp\/v2\/product_cat?post=23497"},{"taxonomy":"product_tag","embeddable":true,"href":"https:\/\/nordicdiy.ee\/fi\/wp-json\/wp\/v2\/product_tag?post=23497"}],"curies":[{"name":"wp","href":"https:\/\/api.w.org\/{rel}","templated":true}]}}