{"id":24258,"date":"2025-11-13T13:41:34","date_gmt":"2025-11-13T10:41:34","guid":{"rendered":"https:\/\/nordicdiy.ee\/epood\/Ei-luokiteltu\/w405-vakaaja\/"},"modified":"2025-11-13T15:18:36","modified_gmt":"2025-11-13T12:18:36","slug":"w405-vakaaja","status":"publish","type":"product","link":"https:\/\/nordicdiy.ee\/fi\/epood\/kynttiloiden-valmistus-fi\/kynttilavahat-2\/w405-vakaaja\/","title":{"rendered":"W405 vakaaja"},"content":{"rendered":"<p>W405-stabilisaattori on tehokas kuivarakeinen lis\u00e4aine, jota k\u00e4ytet\u00e4\u00e4n kynsivahasekoituksissa sek\u00e4 pinta-aktiivisiin aineisiin (tensideihin) perustuvissa henkil\u00f6kohtaisen hygienian tuotteissa, kuten nestesaippuassa, shampoossa ja suihkugeeliss\u00e4.<\/p>\n<p><strong>W405 auttaa sinua tekem\u00e4\u00e4n kynttil\u00f6it\u00e4:<\/strong><\/p>\n<p>- Vahvistaa vahaa ja v\u00e4hent\u00e4\u00e4 pinnan tarttuvuutta<br \/>\n- Parantaa opaalisuutta<br \/>\n- V\u00e4hent\u00e4\u00e4 v\u00e4rimuutoksia ja tippumista<br \/>\n- Tekee lopputuloksesta visuaalisesti puhtaamman ja ammattimaisemman.<\/p>\n<p><strong>Kosmetiikassa - suihkugeeliss\u00e4, shampoossa ja nestesaippuassa - W405-stabilisaattori auttaa:<\/strong><\/p>\n<p>- Lis\u00e4t\u00e4 viskositeettia, eli tehd\u00e4 tuotteesta paksumpi ja geelim\u00e4isempi<br \/>\n- Vakioida lopullinen koostumus, v\u00e4ltt\u00e4\u00e4 kerrostumista tai ylim\u00e4\u00e4r\u00e4ist\u00e4 nestett\u00e4<br \/>\n- Kompensoida tuoksu\u00f6ljyjen vaikutuksia, jotka voivat tehd\u00e4 geelist\u00e4 maitomaisen tai nestem\u00e4isen<br \/>\n- Luoda tuttu geelim\u00e4inen koostumus, jota kuluttajat odottavat shampoolta tai vartalonpesuaineelta.<\/p>\n<p>W405:n k\u00e4ytt\u00f6\u00e4 suositellaan erityisesti silloin, kun hajuste\u00f6ljyt tekev\u00e4t pesuaineesta liian nestem\u00e4isen tai samean.<\/p>\n<p>Suositeltu k\u00e4ytt\u00f6m\u00e4\u00e4r\u00e4: 0,02%-0,1%. Paras l\u00e4ht\u00f6taso on 0,05 %. Vaikka sit\u00e4 voidaan lis\u00e4t\u00e4 enemm\u00e4n (esim. 1 %:iin asti), se ei yleens\u00e4 ole taloudellisesti perusteltua.<br \/>\nSulamispiste: 72-76 \u00b0C.  <\/p>\n<p>Olomuoto ja pakkaus: kuivarakeet, saatavilla pusseissa.<br \/>\nTurvallisuus: ei luokiteltu vaaralliseksi aineeksi (ei ADR\/RID-luettelossa).<\/p>\n","protected":false},"excerpt":{"rendered":"<p>W405 Stabilizer - monipuolinen lis\u00e4aine, joka kovettaa vahaa ja tekee nestem\u00e4isist\u00e4 saippuoista ja suihkugeeleist\u00e4 geelim\u00e4isempi\u00e4. Parantaa kynttil\u00f6iden ulkon\u00e4k\u00f6\u00e4 ja v\u00e4hent\u00e4\u00e4 tippumista. Soveltuu my\u00f6s tensidipohjaisten kosmetiikkatuotteiden sakeuttamiseen.  <\/p>\n","protected":false},"featured_media":19230,"template":"","meta":{"site-sidebar-layout":"default","site-content-layout":"","ast-site-content-layout":"default","site-content-style":"default","site-sidebar-style":"default","ast-global-header-display":"","ast-banner-title-visibility":"","ast-main-header-display":"","ast-hfb-above-header-display":"","ast-hfb-below-header-display":"","ast-hfb-mobile-header-display":"","site-post-title":"","ast-breadcrumbs-content":"","ast-featured-img":"","footer-sml-layout":"","ast-disable-related-posts":"","theme-transparent-header-meta":"default","adv-header-id-meta":"","stick-header-meta":"default","header-above-stick-meta":"","header-main-stick-meta":"","header-below-stick-meta":"","astra-migrate-meta-layouts":"default","ast-page-background-enabled":"default","ast-page-background-meta":{"desktop":{"background-color":"","background-image":"","background-repeat":"repeat","background-position":"center center","background-size":"auto","background-attachment":"scroll","background-type":"","background-media":"","overlay-type":"","overlay-color":"","overlay-opacity":"","overlay-gradient":""},"tablet":{"background-color":"","background-image":"","background-repeat":"repeat","background-position":"center center","background-size":"auto","background-attachment":"scroll","background-type":"","background-media":"","overlay-type":"","overlay-color":"","overlay-opacity":"","overlay-gradient":""},"mobile":{"background-color":"","background-image":"","background-repeat":"repeat","background-position":"center center","background-size":"auto","background-attachment":"scroll","background-type":"","background-media":"","overlay-type":"","overlay-color":"","overlay-opacity":"","overlay-gradient":""}},"ast-content-background-meta":{"desktop":{"background-color":"var(--ast-global-color-5)","background-image":"","background-repeat":"repeat","background-position":"center center","background-size":"auto","background-attachment":"scroll","background-type":"","background-media":"","overlay-type":"","overlay-color":"","overlay-opacity":"","overlay-gradient":""},"tablet":{"background-color":"var(--ast-global-color-5)","background-image":"","background-repeat":"repeat","background-position":"center center","background-size":"auto","background-attachment":"scroll","background-type":"","background-media":"","overlay-type":"","overlay-color":"","overlay-opacity":"","overlay-gradient":""},"mobile":{"background-color":"var(--ast-global-color-5)","background-image":"","background-repeat":"repeat","background-position":"center center","background-size":"auto","background-attachment":"scroll","background-type":"","background-media":"","overlay-type":"","overlay-color":"","overlay-opacity":"","overlay-gradient":""}}},"product_brand":[],"product_cat":[160,158],"product_tag":[],"class_list":{"0":"post-24258","1":"product","2":"type-product","3":"status-publish","4":"has-post-thumbnail","6":"product_cat-kynttilavahat-2","7":"product_cat-kynttiloiden-valmistus-fi","8":"desktop-align-left","9":"tablet-align-left","10":"mobile-align-left","11":"ast-product-gallery-layout-horizontal","12":"ast-product-gallery-with-no-image","13":"ast-product-single-variable","14":"ast-product-tabs-layout-horizontal","16":"first","17":"instock","18":"taxable","19":"shipping-taxable","20":"purchasable","21":"product-type-variable"},"_links":{"self":[{"href":"https:\/\/nordicdiy.ee\/fi\/wp-json\/wp\/v2\/product\/24258","targetHints":{"allow":["GET"]}}],"collection":[{"href":"https:\/\/nordicdiy.ee\/fi\/wp-json\/wp\/v2\/product"}],"about":[{"href":"https:\/\/nordicdiy.ee\/fi\/wp-json\/wp\/v2\/types\/product"}],"wp:featuredmedia":[{"embeddable":true,"href":"https:\/\/nordicdiy.ee\/fi\/wp-json\/wp\/v2\/media\/19230"}],"wp:attachment":[{"href":"https:\/\/nordicdiy.ee\/fi\/wp-json\/wp\/v2\/media?parent=24258"}],"wp:term":[{"taxonomy":"product_brand","embeddable":true,"href":"https:\/\/nordicdiy.ee\/fi\/wp-json\/wp\/v2\/product_brand?post=24258"},{"taxonomy":"product_cat","embeddable":true,"href":"https:\/\/nordicdiy.ee\/fi\/wp-json\/wp\/v2\/product_cat?post=24258"},{"taxonomy":"product_tag","embeddable":true,"href":"https:\/\/nordicdiy.ee\/fi\/wp-json\/wp\/v2\/product_tag?post=24258"}],"curies":[{"name":"wp","href":"https:\/\/api.w.org\/{rel}","templated":true}]}}