{"id":24337,"date":"2025-11-13T17:56:30","date_gmt":"2025-11-13T14:56:30","guid":{"rendered":"https:\/\/nordicdiy.ee\/epood\/Ei-luokiteltu\/parafiini-polwax-ltp-54-56-polwax-ltp-54-56\/"},"modified":"2026-04-02T00:25:25","modified_gmt":"2026-04-01T21:25:25","slug":"parafiini-polwax-ltp-54-56-polwax-ltp-54-56","status":"publish","type":"product","link":"https:\/\/nordicdiy.ee\/fi\/epood\/kynttiloiden-valmistus-fi\/kynttilavahat-2\/parafiini-polwax-ltp-54-56-polwax-ltp-54-56\/","title":{"rendered":"Parafiini Polwax LTP 54\/56 Polwax LTP 54\/56"},"content":{"rendered":"<p>Polwax LTP 56\/25 -parafiinigranulaatti on yksi suosituimmista k\u00e4sity\u00f6kynttil\u00f6iden valmistukseen k\u00e4ytett\u00e4vist\u00e4 parafiineista sen korkean puhtauden ja vakaan laadun ansiosta. T\u00e4m\u00e4 parafiini on tarkoitettu kynttil\u00f6iden valmistukseen sek\u00e4 aloittelijoille ett\u00e4 kokeneille k\u00e4sity\u00f6l\u00e4isille, jotka haluavat saada kynttil\u00f6it\u00e4, joilla on yhten\u00e4inen rakenne, kaunis ulkon\u00e4k\u00f6 ja puhdas palaminen. <\/p>\n<p>Rakeiden muoto tekee parafiinin k\u00e4yt\u00f6st\u00e4 erityisen k\u00e4tev\u00e4\u00e4 - se sulaa nopeasti, levi\u00e4\u00e4 tasaisesti kattilaan eik\u00e4 j\u00e4t\u00e4 kokkareita. Polwax LTP 56\/25 soveltuu erinomaisesti muotokynttil\u00f6iden, s\u00e4ili\u00f6kynttil\u00f6iden, koristekynttil\u00f6iden sek\u00e4 erilaisten v\u00e4rillisten ja tuoksukynttil\u00f6iden valmistukseen. <\/p>\n<p>Parafiini sekoittuu hyvin tuoksu\u00f6ljyjen ja kynttil\u00e4v\u00e4rien kanssa, mik\u00e4 auttaa saamaan aikaan voimakkaan tuoksun ja kirkkaan v\u00e4rin. Alhainen \u00f6ljypitoisuus takaa puhtaamman palamisen, kauniimman kiderakenteen ja ammattimaisen lopputuloksen jokaisessa kynttil\u00e4ss\u00e4. <\/p>\n<p>Sulamispiste: 54-58 \u00b0C - ihanteellinen useimmille kynttil\u00e4tyypeille.<\/p>\n<p><strong>Miksi valita Polwax LTP 56\/25 kynsilakka?<\/strong><\/p>\n<ul>\n<li>Eritt\u00e4in puhdas ja vakaa parafiini<\/li>\n<li>Loistava valinta k\u00e4sity\u00f6kynttil\u00f6iden valmistukseen<\/li>\n<li>Soveltuu sek\u00e4 muotoilluille kynttil\u00f6ille ett\u00e4 s\u00e4ili\u00f6kynttil\u00f6ille.<\/li>\n<li>Hyv\u00e4 haju- ja v\u00e4rinkantaja<\/li>\n<li>Varmistaa tasaisen pinnan ja tasaisen palamisen.<\/li>\n<li>K\u00e4tev\u00e4 rakeinen muoto<\/li>\n<\/ul>\n<p><strong>Sopii parhaiten k\u00e4ytett\u00e4v\u00e4ksi:<\/strong><\/p>\n<ul>\n<li>Hobby-kynttil\u00f6iden valmistajat<\/li>\n<li>Pienet kynttil\u00e4studiot ja k\u00e4sity\u00f6l\u00e4istuottajat<\/li>\n<li>Tuoksukynttil\u00f6iden valmistus<\/li>\n<li>Koristeellisten ja v\u00e4rillisten kynttil\u00f6iden luominen<\/li>\n<\/ul>\n","protected":false},"excerpt":{"rendered":"<p>Polwax LTP 56\/25 parafiinirakeet - eritt\u00e4in puhdasta kynttil\u00e4vahaa ammattilaisille ja harrastajille. Soveltuu valu- ja s\u00e4ili\u00f6kynttil\u00f6ihin, sulaa tasaisesti ja sekoittuu hyvin tuoksujen ja v\u00e4rien kanssa. Eritt\u00e4in korkealaatuinen parafiini, joka antaa kynttil\u00f6ille sile\u00e4n pinnan ja vakaan palamisen.  <\/p>\n","protected":false},"featured_media":24338,"template":"","meta":{"site-sidebar-layout":"default","site-content-layout":"","ast-site-content-layout":"default","site-content-style":"default","site-sidebar-style":"default","ast-global-header-display":"","ast-banner-title-visibility":"","ast-main-header-display":"","ast-hfb-above-header-display":"","ast-hfb-below-header-display":"","ast-hfb-mobile-header-display":"","site-post-title":"","ast-breadcrumbs-content":"","ast-featured-img":"","footer-sml-layout":"","ast-disable-related-posts":"","theme-transparent-header-meta":"default","adv-header-id-meta":"","stick-header-meta":"default","header-above-stick-meta":"","header-main-stick-meta":"","header-below-stick-meta":"","astra-migrate-meta-layouts":"default","ast-page-background-enabled":"default","ast-page-background-meta":{"desktop":{"background-color":"","background-image":"","background-repeat":"repeat","background-position":"center center","background-size":"auto","background-attachment":"scroll","background-type":"","background-media":"","overlay-type":"","overlay-color":"","overlay-opacity":"","overlay-gradient":""},"tablet":{"background-color":"","background-image":"","background-repeat":"repeat","background-position":"center center","background-size":"auto","background-attachment":"scroll","background-type":"","background-media":"","overlay-type":"","overlay-color":"","overlay-opacity":"","overlay-gradient":""},"mobile":{"background-color":"","background-image":"","background-repeat":"repeat","background-position":"center center","background-size":"auto","background-attachment":"scroll","background-type":"","background-media":"","overlay-type":"","overlay-color":"","overlay-opacity":"","overlay-gradient":""}},"ast-content-background-meta":{"desktop":{"background-color":"var(--ast-global-color-5)","background-image":"","background-repeat":"repeat","background-position":"center center","background-size":"auto","background-attachment":"scroll","background-type":"","background-media":"","overlay-type":"","overlay-color":"","overlay-opacity":"","overlay-gradient":""},"tablet":{"background-color":"var(--ast-global-color-5)","background-image":"","background-repeat":"repeat","background-position":"center center","background-size":"auto","background-attachment":"scroll","background-type":"","background-media":"","overlay-type":"","overlay-color":"","overlay-opacity":"","overlay-gradient":""},"mobile":{"background-color":"var(--ast-global-color-5)","background-image":"","background-repeat":"repeat","background-position":"center center","background-size":"auto","background-attachment":"scroll","background-type":"","background-media":"","overlay-type":"","overlay-color":"","overlay-opacity":"","overlay-gradient":""}}},"product_brand":[],"product_cat":[160,158],"product_tag":[],"class_list":{"0":"post-24337","1":"product","2":"type-product","3":"status-publish","4":"has-post-thumbnail","6":"product_cat-kynttilavahat-2","7":"product_cat-kynttiloiden-valmistus-fi","8":"desktop-align-left","9":"tablet-align-left","10":"mobile-align-left","11":"ast-product-gallery-layout-horizontal","12":"ast-product-gallery-with-no-image","13":"ast-product-single-variable","14":"ast-product-tabs-layout-horizontal","16":"first","17":"instock","18":"taxable","19":"shipping-taxable","20":"purchasable","21":"product-type-variable"},"_links":{"self":[{"href":"https:\/\/nordicdiy.ee\/fi\/wp-json\/wp\/v2\/product\/24337","targetHints":{"allow":["GET"]}}],"collection":[{"href":"https:\/\/nordicdiy.ee\/fi\/wp-json\/wp\/v2\/product"}],"about":[{"href":"https:\/\/nordicdiy.ee\/fi\/wp-json\/wp\/v2\/types\/product"}],"wp:featuredmedia":[{"embeddable":true,"href":"https:\/\/nordicdiy.ee\/fi\/wp-json\/wp\/v2\/media\/24338"}],"wp:attachment":[{"href":"https:\/\/nordicdiy.ee\/fi\/wp-json\/wp\/v2\/media?parent=24337"}],"wp:term":[{"taxonomy":"product_brand","embeddable":true,"href":"https:\/\/nordicdiy.ee\/fi\/wp-json\/wp\/v2\/product_brand?post=24337"},{"taxonomy":"product_cat","embeddable":true,"href":"https:\/\/nordicdiy.ee\/fi\/wp-json\/wp\/v2\/product_cat?post=24337"},{"taxonomy":"product_tag","embeddable":true,"href":"https:\/\/nordicdiy.ee\/fi\/wp-json\/wp\/v2\/product_tag?post=24337"}],"curies":[{"name":"wp","href":"https:\/\/api.w.org\/{rel}","templated":true}]}}