{"id":24895,"date":"2025-12-01T17:33:13","date_gmt":"2025-12-01T14:33:13","guid":{"rendered":"https:\/\/nordicdiy.ee\/epood\/Ei-luokiteltu\/saippuavaha-jauhe-kynttilalasiin\/"},"modified":"2026-01-23T15:41:59","modified_gmt":"2026-01-23T12:41:59","slug":"saippuavaha-jauhe-kynttilalasiin","status":"publish","type":"product","link":"https:\/\/nordicdiy.ee\/fi\/epood\/kynttiloiden-valmistus-fi\/kynttilavahat-2\/saippuavaha-jauhe-kynttilalasiin\/","title":{"rendered":"Vahajauhe &#8217;Snow Wax&#8217; kynttil\u00e4lasiin tarkoitettu vahajauhe"},"content":{"rendered":"<p>Jauhemainen vaha parafiinivahaseoksista kynttil\u00f6iden valmistukseen - \"Snow Wax\" on valmis k\u00e4ytett\u00e4v\u00e4ksi v\u00e4litt\u00f6m\u00e4sti, sulattamista ei tarvita.<\/p>\n<ul>\n<li>K\u00e4ytt\u00f6valmis heti - kaada astiaan, lis\u00e4\u00e4 syd\u00e4nlanka ja sytyt\u00e4.<\/li>\n<li>Sulattamista ei tarvita - s\u00e4\u00e4st\u00e4\u00e4 aikaa ja on nopea valmistaa.<\/li>\n<li>Luomiseen ja koristeluun - sopii sek\u00e4 oikeille kynttil\u00f6ille ett\u00e4 koristet\u00e4ytteille.<\/li>\n<li>Helppo personoida - lis\u00e4\u00e4 tuoksu\u00f6ljy tai nestem\u00e4isi\u00e4 kynttil\u00e4nv\u00e4rej\u00e4.<\/li>\n<li>Itsesulava vaha - sulanut osa voidaan poistaa ja j\u00e4ljelle j\u00e4\u00e4nyt jauhe voidaan k\u00e4ytt\u00e4\u00e4 uudelleen.<\/li>\n<\/ul>\n<p><strong>T\u00e4ydellinen aloittelijoille ja kun tarvitset kauniin kynttil\u00e4n lahjaksi tai tapahtumaan kiireess\u00e4!<\/strong><\/p>\n<p>Vahajauhe on innovatiivinen ja eritt\u00e4in k\u00e4tev\u00e4 ratkaisu kaikille, jotka haluavat tehd\u00e4 kynttil\u00f6it\u00e4 nopeasti, helposti ja ilman lis\u00e4ty\u00f6kaluja. Jauhemainen vaha muistuttaa pehme\u00e4\u00e4 lunta ja on heti k\u00e4ytt\u00f6valmis - kaada se vain valitsemaasi kynttil\u00e4npitimeen, lis\u00e4\u00e4 syd\u00e4nlanka ja kynttil\u00e4 on valmis syttym\u00e4\u00e4n. <\/p>\n<p>T\u00e4m\u00e4 vahajauhe sopii erinomaisesti aloittelijoille ja niille, jotka haluavat tehd\u00e4 kynttil\u00f6it\u00e4 mahdollisimman v\u00e4h\u00e4ll\u00e4 vaivalla. Sen sulamattoman koostumuksen ansiosta ei tarvita liett\u00e4, vesihauteeseen tai erikoisv\u00e4lineit\u00e4. Jos haluat antaa kynttil\u00e4llesi persoonallisen s\u00e4v\u00e4yksen, lis\u00e4\u00e4 vain hieman erityist\u00e4 kynttil\u00e4nesteen v\u00e4ri\u00e4 tai muutama tippa tuoksu\u00f6ljy\u00e4, sekoita ja kaada astiaan. Se on nopeaa ja siisti\u00e4.   <\/p>\n<p>Jauhe on itsest\u00e4\u00e4n sammuvaa, mik\u00e4 tarkoittaa, ett\u00e4 kun kynttil\u00e4 on sammutettu, sulanut vahaj\u00e4\u00e4m\u00e4 voidaan helposti poistaa ja j\u00e4ljelle j\u00e4\u00e4nyt jauhe voidaan k\u00e4ytt\u00e4\u00e4 uudelleen - mik\u00e4 tekee siit\u00e4 kest\u00e4v\u00e4n ja k\u00e4ytt\u00e4j\u00e4yst\u00e4v\u00e4llisen valinnan.<\/p>\n<p>Jauhevahaa voidaan k\u00e4ytt\u00e4\u00e4 k\u00e4yt\u00e4nn\u00f6lliseen kynttil\u00e4nvalmistukseen, lahjojen antamiseen ja kodin sisustukseen.<\/p>\n","protected":false},"excerpt":{"rendered":"<p>Tuoretta lunta muistuttava parafiinijauhe kynttil\u00f6iden nopeaan ja helppoon valmistukseen. Kaada jauhe astiaan, lis\u00e4\u00e4 syd\u00e4nlanka ja olet valmis! Voit halutessasi lis\u00e4t\u00e4 my\u00f6s tuoksu\u00f6ljyj\u00e4 ja v\u00e4rej\u00e4.  <\/p>\n","protected":false},"featured_media":24904,"template":"","meta":{"site-sidebar-layout":"default","site-content-layout":"","ast-site-content-layout":"default","site-content-style":"default","site-sidebar-style":"default","ast-global-header-display":"","ast-banner-title-visibility":"","ast-main-header-display":"","ast-hfb-above-header-display":"","ast-hfb-below-header-display":"","ast-hfb-mobile-header-display":"","site-post-title":"","ast-breadcrumbs-content":"","ast-featured-img":"","footer-sml-layout":"","ast-disable-related-posts":"","theme-transparent-header-meta":"default","adv-header-id-meta":"","stick-header-meta":"default","header-above-stick-meta":"","header-main-stick-meta":"","header-below-stick-meta":"","astra-migrate-meta-layouts":"default","ast-page-background-enabled":"default","ast-page-background-meta":{"desktop":{"background-color":"","background-image":"","background-repeat":"repeat","background-position":"center center","background-size":"auto","background-attachment":"scroll","background-type":"","background-media":"","overlay-type":"","overlay-color":"","overlay-opacity":"","overlay-gradient":""},"tablet":{"background-color":"","background-image":"","background-repeat":"repeat","background-position":"center center","background-size":"auto","background-attachment":"scroll","background-type":"","background-media":"","overlay-type":"","overlay-color":"","overlay-opacity":"","overlay-gradient":""},"mobile":{"background-color":"","background-image":"","background-repeat":"repeat","background-position":"center center","background-size":"auto","background-attachment":"scroll","background-type":"","background-media":"","overlay-type":"","overlay-color":"","overlay-opacity":"","overlay-gradient":""}},"ast-content-background-meta":{"desktop":{"background-color":"var(--ast-global-color-5)","background-image":"","background-repeat":"repeat","background-position":"center center","background-size":"auto","background-attachment":"scroll","background-type":"","background-media":"","overlay-type":"","overlay-color":"","overlay-opacity":"","overlay-gradient":""},"tablet":{"background-color":"var(--ast-global-color-5)","background-image":"","background-repeat":"repeat","background-position":"center center","background-size":"auto","background-attachment":"scroll","background-type":"","background-media":"","overlay-type":"","overlay-color":"","overlay-opacity":"","overlay-gradient":""},"mobile":{"background-color":"var(--ast-global-color-5)","background-image":"","background-repeat":"repeat","background-position":"center center","background-size":"auto","background-attachment":"scroll","background-type":"","background-media":"","overlay-type":"","overlay-color":"","overlay-opacity":"","overlay-gradient":""}}},"product_brand":[],"product_cat":[160,158],"product_tag":[],"class_list":{"0":"post-24895","1":"product","2":"type-product","3":"status-publish","4":"has-post-thumbnail","6":"product_cat-kynttilavahat-2","7":"product_cat-kynttiloiden-valmistus-fi","8":"desktop-align-left","9":"tablet-align-left","10":"mobile-align-left","11":"ast-product-gallery-layout-horizontal","12":"ast-product-gallery-with-no-image","13":"ast-product-single-variable","14":"ast-product-tabs-layout-horizontal","16":"first","17":"instock","18":"taxable","19":"shipping-taxable","20":"purchasable","21":"product-type-variable"},"_links":{"self":[{"href":"https:\/\/nordicdiy.ee\/fi\/wp-json\/wp\/v2\/product\/24895","targetHints":{"allow":["GET"]}}],"collection":[{"href":"https:\/\/nordicdiy.ee\/fi\/wp-json\/wp\/v2\/product"}],"about":[{"href":"https:\/\/nordicdiy.ee\/fi\/wp-json\/wp\/v2\/types\/product"}],"wp:featuredmedia":[{"embeddable":true,"href":"https:\/\/nordicdiy.ee\/fi\/wp-json\/wp\/v2\/media\/24904"}],"wp:attachment":[{"href":"https:\/\/nordicdiy.ee\/fi\/wp-json\/wp\/v2\/media?parent=24895"}],"wp:term":[{"taxonomy":"product_brand","embeddable":true,"href":"https:\/\/nordicdiy.ee\/fi\/wp-json\/wp\/v2\/product_brand?post=24895"},{"taxonomy":"product_cat","embeddable":true,"href":"https:\/\/nordicdiy.ee\/fi\/wp-json\/wp\/v2\/product_cat?post=24895"},{"taxonomy":"product_tag","embeddable":true,"href":"https:\/\/nordicdiy.ee\/fi\/wp-json\/wp\/v2\/product_tag?post=24895"}],"curies":[{"name":"wp","href":"https:\/\/api.w.org\/{rel}","templated":true}]}}