{"id":25175,"date":"2025-11-13T18:04:06","date_gmt":"2025-11-13T15:04:06","guid":{"rendered":"https:\/\/nordicdiy.ee\/epood\/Ei-luokiteltu\/valmiiksi-viimeistelty-sydanlanka-shw120-bf-32-h12cm\/"},"modified":"2025-12-11T18:09:50","modified_gmt":"2025-12-11T15:09:50","slug":"valmiiksi-viimeistelty-sydanlanka-shw120-bf-32-h12cm","status":"publish","type":"product","link":"https:\/\/nordicdiy.ee\/fi\/epood\/kynttiloiden-valmistus-fi\/kynttilan-sydanlangat-ja-alustat\/valmiiksi-viimeistelty-sydanlanka-shw120-bf-32-h12cm\/","title":{"rendered":"Valmiiksi viimeistelty syd\u00e4nlanka SHW120\/BF-32 h12cm"},"content":{"rendered":"<p>Esivahattu kynttil\u00e4npidin SHW120 on valmistettu 100-prosenttisesti puhtaasta luonnonpuuvillasta, ja se on asennettu metallijalustalle, joten se on k\u00e4tev\u00e4 ja ammattimainen k\u00e4ytt\u00e4\u00e4. Pidike on esivahattu, sen korkeus on 12 cm, ja se on suunniteltu k\u00e4ytett\u00e4v\u00e4ksi votiivi- tai lasikynttil\u00f6iden kanssa, joiden halkaisija on 110-130 cm. <\/p>\n<p>N\u00e4m\u00e4 ovat korkealaatuisia FLAT-lanttivahoja, jotka soveltuvat 100 % luonnonvahoille (paitsi rypsi\u00f6ljyvahalle), 100 % parafiinivahalle ja n\u00e4iden sekoituksille. Ne kest\u00e4v\u00e4t my\u00f6s enint\u00e4\u00e4n 10 % hajuste\u00f6ljy\u00e4. Testeiss\u00e4mme k\u00e4ytimme Nature Wax C3 soijavahaa, 6 % tuoksuvahaa ja kynttil\u00e4vahaa - tuloksena oli tasainen palaminen, ei lainkaan n\u00e4kyv\u00e4\u00e4 tai lasista nokea eik\u00e4 k\u00e4yt\u00e4nn\u00f6ss\u00e4 lainkaan sienien muodostumista.  <\/p>\n<ul>\n<li>SHW-sarjan syd\u00e4nlangan laadun vahvistaa se, ett\u00e4 se on kansainv\u00e4listen standardien mukainen:<\/li>\n<li>\u00d6ko-Tex Standard 100 (sertifiointi takaa, ett\u00e4 tahna on testattu haitallisten aineiden varalta ja ett\u00e4 se on 100-prosenttisen turvallinen kotik\u00e4ytt\u00f6\u00f6n).<\/li>\n<li>BCI puuvilla<\/li>\n<li>RAL GZ041<\/li>\n<li>100 % booraksiton k\u00e4sittely (BF-32)<\/li>\n<li>SVHC-vaatimusten noudattaminen (ei Euroopan unionin vaarallisten aineiden erityisluettelossa mainittuja aineita).<\/li>\n<\/ul>\n<p><a href=\"https:\/\/nordicdiy.ee\/fi\/uudet-booraksittomat-kynttilanpitimet\/\" target=\"_blank\" rel=\"noopener\">Lue lis\u00e4\u00e4 booraksittomista syd\u00e4nlangoista t\u00e4\u00e4lt\u00e4.<\/a><\/p>\n<p>SHW60-langat valmistetaan Saksan johtavassa kynttil\u00e4tehtaassa, jolla on yli 30 vuoden kokemus. N\u00e4m\u00e4 ovat samoja syd\u00e4nlankaa, joita suuret kynttil\u00e4nvalmistajat k\u00e4ytt\u00e4v\u00e4t, joten ne sopivat erinomaisesti sek\u00e4 harraste- ett\u00e4 ammattimaiseen kynttil\u00e4nvalmistukseen. <\/p>\n","protected":false},"excerpt":{"rendered":"<p>Esivalmisteltu metallinen kynttil\u00e4njalka SHW120 (12 cm), valmistettu 100 % puhtaasta luonnonpuuvillasta. SHW-sarjan syd\u00e4met ovat 100 % booraksittomia (BF-32-k\u00e4sittely). Soveltuu k\u00e4ytett\u00e4v\u00e4ksi luonnonvaha- (paitsi rypsi\u00f6ljy) ja parafiinivaha votiivi- ja lasikynttil\u00f6iss\u00e4 (110-130 mm). Vahat eiv\u00e4t sis\u00e4ll\u00e4 metalleja eiv\u00e4tk\u00e4 ne erit\u00e4 myrkyllisi\u00e4 aineita palamisen aikana, mik\u00e4 takaa puhtaan ja tasaisen palamisen, ei nokea eik\u00e4 sieni\u00e4.   <\/p>\n","protected":false},"featured_media":27198,"template":"","meta":{"site-sidebar-layout":"default","site-content-layout":"","ast-site-content-layout":"default","site-content-style":"default","site-sidebar-style":"default","ast-global-header-display":"","ast-banner-title-visibility":"","ast-main-header-display":"","ast-hfb-above-header-display":"","ast-hfb-below-header-display":"","ast-hfb-mobile-header-display":"","site-post-title":"","ast-breadcrumbs-content":"","ast-featured-img":"","footer-sml-layout":"","ast-disable-related-posts":"","theme-transparent-header-meta":"default","adv-header-id-meta":"","stick-header-meta":"default","header-above-stick-meta":"","header-main-stick-meta":"","header-below-stick-meta":"","astra-migrate-meta-layouts":"default","ast-page-background-enabled":"default","ast-page-background-meta":{"desktop":{"background-color":"","background-image":"","background-repeat":"repeat","background-position":"center center","background-size":"auto","background-attachment":"scroll","background-type":"","background-media":"","overlay-type":"","overlay-color":"","overlay-opacity":"","overlay-gradient":""},"tablet":{"background-color":"","background-image":"","background-repeat":"repeat","background-position":"center center","background-size":"auto","background-attachment":"scroll","background-type":"","background-media":"","overlay-type":"","overlay-color":"","overlay-opacity":"","overlay-gradient":""},"mobile":{"background-color":"","background-image":"","background-repeat":"repeat","background-position":"center center","background-size":"auto","background-attachment":"scroll","background-type":"","background-media":"","overlay-type":"","overlay-color":"","overlay-opacity":"","overlay-gradient":""}},"ast-content-background-meta":{"desktop":{"background-color":"var(--ast-global-color-5)","background-image":"","background-repeat":"repeat","background-position":"center center","background-size":"auto","background-attachment":"scroll","background-type":"","background-media":"","overlay-type":"","overlay-color":"","overlay-opacity":"","overlay-gradient":""},"tablet":{"background-color":"var(--ast-global-color-5)","background-image":"","background-repeat":"repeat","background-position":"center center","background-size":"auto","background-attachment":"scroll","background-type":"","background-media":"","overlay-type":"","overlay-color":"","overlay-opacity":"","overlay-gradient":""},"mobile":{"background-color":"var(--ast-global-color-5)","background-image":"","background-repeat":"repeat","background-position":"center center","background-size":"auto","background-attachment":"scroll","background-type":"","background-media":"","overlay-type":"","overlay-color":"","overlay-opacity":"","overlay-gradient":""}}},"product_brand":[],"product_cat":[200,158],"product_tag":[],"class_list":{"0":"post-25175","1":"product","2":"type-product","3":"status-publish","4":"has-post-thumbnail","6":"product_cat-kynttilan-sydanlangat-ja-alustat","7":"product_cat-kynttiloiden-valmistus-fi","8":"desktop-align-left","9":"tablet-align-left","10":"mobile-align-left","11":"ast-product-gallery-layout-horizontal","12":"ast-product-gallery-with-no-image","13":"ast-product-single-variable","14":"ast-product-tabs-layout-horizontal","16":"first","17":"instock","18":"taxable","19":"shipping-taxable","20":"purchasable","21":"product-type-variable"},"_links":{"self":[{"href":"https:\/\/nordicdiy.ee\/fi\/wp-json\/wp\/v2\/product\/25175","targetHints":{"allow":["GET"]}}],"collection":[{"href":"https:\/\/nordicdiy.ee\/fi\/wp-json\/wp\/v2\/product"}],"about":[{"href":"https:\/\/nordicdiy.ee\/fi\/wp-json\/wp\/v2\/types\/product"}],"wp:featuredmedia":[{"embeddable":true,"href":"https:\/\/nordicdiy.ee\/fi\/wp-json\/wp\/v2\/media\/27198"}],"wp:attachment":[{"href":"https:\/\/nordicdiy.ee\/fi\/wp-json\/wp\/v2\/media?parent=25175"}],"wp:term":[{"taxonomy":"product_brand","embeddable":true,"href":"https:\/\/nordicdiy.ee\/fi\/wp-json\/wp\/v2\/product_brand?post=25175"},{"taxonomy":"product_cat","embeddable":true,"href":"https:\/\/nordicdiy.ee\/fi\/wp-json\/wp\/v2\/product_cat?post=25175"},{"taxonomy":"product_tag","embeddable":true,"href":"https:\/\/nordicdiy.ee\/fi\/wp-json\/wp\/v2\/product_tag?post=25175"}],"curies":[{"name":"wp","href":"https:\/\/api.w.org\/{rel}","templated":true}]}}