{"id":25332,"date":"2025-12-17T16:34:02","date_gmt":"2025-12-17T13:34:02","guid":{"rendered":"https:\/\/nordicdiy.ee\/epood\/Ei-luokiteltu\/valkoinen-mehilaisvaha\/"},"modified":"2026-03-23T17:53:31","modified_gmt":"2026-03-23T14:53:31","slug":"valkoinen-mehilaisvaha","status":"publish","type":"product","link":"https:\/\/nordicdiy.ee\/fi\/epood\/kynttiloiden-valmistus-fi\/kynttilavahat-2\/valkoinen-mehilaisvaha\/","title":{"rendered":"Valkoinen mehil\u00e4isvaha"},"content":{"rendered":"<p data-start=\"412\" data-end=\"694\"><strong data-start=\"412\" data-end=\"449\">Valkoinen mehil\u00e4isvaha on<\/strong> luonnollisesti puhdistettua mehil\u00e4isvahaa, jolle on ominaista sen hyvin vaalea v\u00e4ri ja l\u00e4hes hajuton koostumus. Suuren puhtautensa ja homogeenisen koostumuksensa ansiosta se on arvostettu raaka-aine erityisesti ammattimaisessa kosmetiikka- ja l\u00e4\u00e4keteollisuudessa. <\/p>\n<p data-start=\"696\" data-end=\"954\">Valkoisella mehil\u00e4isvahalla on <strong data-start=\"720\" data-end=\"773\">suojaavia, stabiloivia ja pehment\u00e4vi\u00e4 ominaisuuksia, jotka<\/strong> auttavat parantamaan tuotteiden koostumusta, kest\u00e4vyytt\u00e4 ja tuntumaa iholla. Se muodostaa iholle herk\u00e4n suojakerroksen, joka s\u00e4ilytt\u00e4\u00e4 kosteutta ja tukee ihon luonnollista tasapainoa. <\/p>\n<p data-start=\"956\" data-end=\"1189\">Neutraaliutensa ansiosta se sopii tuotteisiin, joissa halutaan v\u00e4ltt\u00e4\u00e4 voimakasta tuoksua tai tummempaa s\u00e4vy\u00e4. Se on my\u00f6s ihanteellinen valinta <strong data-start=\"1103\" data-end=\"1138\">tyylikk\u00e4isiin, tuoksuttomiin kynttil\u00f6ihin, sill\u00e4 se takaa<\/strong> puhtaan ja tasaisen palamisen. <\/p>\n<h4 data-start=\"1191\" data-end=\"1218\"><strong data-start=\"1196\" data-end=\"1218\">K\u00e4ytt\u00f6alueet:<\/strong><\/h4>\n<ul data-start=\"1219\" data-end=\"1611\">\n<li data-start=\"1219\" data-end=\"1300\">\n<p data-start=\"1221\" data-end=\"1300\"><strong data-start=\"1221\" data-end=\"1243\">Ensiluokkainen kosmetiikka -<\/strong> ylelliset voiteet, balsamit, voiteet ja huulipunat.<\/p>\n<\/li>\n<li data-start=\"1301\" data-end=\"1371\">\n<p data-start=\"1303\" data-end=\"1371\"><strong data-start=\"1303\" data-end=\"1323\">Farmaseuttiset valmisteet -<\/strong> ihotautivalmisteet ja -voiteet l\u00e4\u00e4ketieteelliseen hoitoon<\/p>\n<\/li>\n<li data-start=\"1372\" data-end=\"1451\">\n<p data-start=\"1374\" data-end=\"1451\"><strong data-start=\"1374\" data-end=\"1399\">Kynttil\u00f6iden valmistus -<\/strong> puhdas liekki, tuoksukynttil\u00e4t ja esteettiset kynttil\u00e4t<\/p>\n<\/li>\n<li data-start=\"1452\" data-end=\"1513\">\n<p data-start=\"1454\" data-end=\"1513\"><strong data-start=\"1454\" data-end=\"1474\">Elintarviketeollisuus -<\/strong> luonnollinen suojapinnoite ja emulgointiaine<\/p>\n<\/li>\n<li data-start=\"1514\" data-end=\"1611\">\n<p data-start=\"1516\" data-end=\"1611\"><strong data-start=\"1516\" data-end=\"1553\">Ekologinen koristekosmetiikka -<\/strong> luonnonkosmetiikka, huulipunat ja luomiv\u00e4rit.<\/p>\n<\/li>\n<\/ul>\n","protected":false},"excerpt":{"rendered":"<p><strong data-start=\"162\" data-end=\"183\">Valkoinen mehil\u00e4isvaha on<\/strong> luonnollisesti puhdistettua, eritt\u00e4in puhdasta vahaa, jolla on vaalea s\u00e4vy ja neutraali haju. Sen herkk\u00e4 rakenne tekee siit\u00e4 ihanteellisen kosmetiikkaan, l\u00e4\u00e4kkeisiin ja kynttil\u00f6iden valmistukseen. <\/p>\n","protected":false},"featured_media":26578,"template":"","meta":{"site-sidebar-layout":"default","site-content-layout":"","ast-site-content-layout":"default","site-content-style":"default","site-sidebar-style":"default","ast-global-header-display":"","ast-banner-title-visibility":"","ast-main-header-display":"","ast-hfb-above-header-display":"","ast-hfb-below-header-display":"","ast-hfb-mobile-header-display":"","site-post-title":"","ast-breadcrumbs-content":"","ast-featured-img":"","footer-sml-layout":"","ast-disable-related-posts":"","theme-transparent-header-meta":"default","adv-header-id-meta":"","stick-header-meta":"default","header-above-stick-meta":"","header-main-stick-meta":"","header-below-stick-meta":"","astra-migrate-meta-layouts":"default","ast-page-background-enabled":"default","ast-page-background-meta":{"desktop":{"background-color":"","background-image":"","background-repeat":"repeat","background-position":"center center","background-size":"auto","background-attachment":"scroll","background-type":"","background-media":"","overlay-type":"","overlay-color":"","overlay-opacity":"","overlay-gradient":""},"tablet":{"background-color":"","background-image":"","background-repeat":"repeat","background-position":"center center","background-size":"auto","background-attachment":"scroll","background-type":"","background-media":"","overlay-type":"","overlay-color":"","overlay-opacity":"","overlay-gradient":""},"mobile":{"background-color":"","background-image":"","background-repeat":"repeat","background-position":"center center","background-size":"auto","background-attachment":"scroll","background-type":"","background-media":"","overlay-type":"","overlay-color":"","overlay-opacity":"","overlay-gradient":""}},"ast-content-background-meta":{"desktop":{"background-color":"var(--ast-global-color-5)","background-image":"","background-repeat":"repeat","background-position":"center center","background-size":"auto","background-attachment":"scroll","background-type":"","background-media":"","overlay-type":"","overlay-color":"","overlay-opacity":"","overlay-gradient":""},"tablet":{"background-color":"var(--ast-global-color-5)","background-image":"","background-repeat":"repeat","background-position":"center center","background-size":"auto","background-attachment":"scroll","background-type":"","background-media":"","overlay-type":"","overlay-color":"","overlay-opacity":"","overlay-gradient":""},"mobile":{"background-color":"var(--ast-global-color-5)","background-image":"","background-repeat":"repeat","background-position":"center center","background-size":"auto","background-attachment":"scroll","background-type":"","background-media":"","overlay-type":"","overlay-color":"","overlay-opacity":"","overlay-gradient":""}}},"product_brand":[],"product_cat":[160,158],"product_tag":[],"class_list":{"0":"post-25332","1":"product","2":"type-product","3":"status-publish","4":"has-post-thumbnail","6":"product_cat-kynttilavahat-2","7":"product_cat-kynttiloiden-valmistus-fi","8":"desktop-align-left","9":"tablet-align-left","10":"mobile-align-left","11":"ast-product-gallery-layout-horizontal","12":"ast-product-gallery-with-no-image","13":"ast-product-single-variable","14":"ast-product-tabs-layout-horizontal","16":"first","17":"instock","18":"taxable","19":"shipping-taxable","20":"purchasable","21":"product-type-variable"},"_links":{"self":[{"href":"https:\/\/nordicdiy.ee\/fi\/wp-json\/wp\/v2\/product\/25332","targetHints":{"allow":["GET"]}}],"collection":[{"href":"https:\/\/nordicdiy.ee\/fi\/wp-json\/wp\/v2\/product"}],"about":[{"href":"https:\/\/nordicdiy.ee\/fi\/wp-json\/wp\/v2\/types\/product"}],"wp:featuredmedia":[{"embeddable":true,"href":"https:\/\/nordicdiy.ee\/fi\/wp-json\/wp\/v2\/media\/26578"}],"wp:attachment":[{"href":"https:\/\/nordicdiy.ee\/fi\/wp-json\/wp\/v2\/media?parent=25332"}],"wp:term":[{"taxonomy":"product_brand","embeddable":true,"href":"https:\/\/nordicdiy.ee\/fi\/wp-json\/wp\/v2\/product_brand?post=25332"},{"taxonomy":"product_cat","embeddable":true,"href":"https:\/\/nordicdiy.ee\/fi\/wp-json\/wp\/v2\/product_cat?post=25332"},{"taxonomy":"product_tag","embeddable":true,"href":"https:\/\/nordicdiy.ee\/fi\/wp-json\/wp\/v2\/product_tag?post=25332"}],"curies":[{"name":"wp","href":"https:\/\/api.w.org\/{rel}","templated":true}]}}