{"id":25583,"date":"2026-01-02T21:19:08","date_gmt":"2026-01-02T18:19:08","guid":{"rendered":"https:\/\/nordicdiy.ee\/epood\/Ei-luokiteltu\/keragreen-container-oliivivaha-oliivivaha-kynttilan-lasi\/"},"modified":"2026-01-02T21:35:24","modified_gmt":"2026-01-02T18:35:24","slug":"keragreen-container-oliivivaha-oliivivaha-kynttilan-lasi","status":"publish","type":"product","link":"https:\/\/nordicdiy.ee\/fi\/epood\/kynttiloiden-valmistus-fi\/kynttilavahat-2\/keragreen-container-oliivivaha-oliivivaha-kynttilan-lasi\/","title":{"rendered":"Keragreen Container Oliivivaha oliivivaha kynttil\u00e4n lasi"},"content":{"rendered":"<p data-start=\"760\" data-end=\"1115\">KeraGreen Container Olive Wax on korkealaatuinen <strong data-start=\"813\" data-end=\"847\">oliivipohjainen kasvikynttil\u00e4vaha<\/strong>, joka <strong data-start=\"813\" data-end=\"847\">on kehitetty<\/strong> erityisesti <strong data-start=\"880\" data-end=\"897\">s\u00e4ili\u00f6kynttil\u00f6iden<\/strong> valmistukseen <strong data-start=\"880\" data-end=\"897\">.<\/strong> Sen luonnollinen ja biohajoava koostumus tekee siit\u00e4 erinomaisen vaihtoehdon parafiinivahalle ja vastaa ymp\u00e4rist\u00f6yst\u00e4v\u00e4llisten ja kest\u00e4vien kynttil\u00e4materiaalien kasvavaan kysynt\u00e4\u00e4n. <\/p>\n<p data-start=\"1117\" data-end=\"1433\">Vaha takaa <strong data-start=\"1128\" data-end=\"1187\">erinomaisen tarttuvuuden lasi-, keramiikka- ja metallipintoihin, mik\u00e4 v\u00e4hent\u00e4\u00e4<\/strong> halkeilun ja irtoamisen riski\u00e4. Tasaisen ja puhtaan palamisen ja erinomaisen hajunsitomiskykyns\u00e4 ansiosta se soveltuu erityisen hyvin <strong data-start=\"1330\" data-end=\"1347\">tuoksukynttil\u00f6iden<\/strong> valmistukseen <strong data-start=\"1330\" data-end=\"1347\">- tuoksu<\/strong> vapautuu v\u00e4hitellen ja intensiivisesti koko palamisen ajan. <\/p>\n<p data-start=\"1435\" data-end=\"1818\">KeraGreen Container Olive Waxin kermainen koostumus ja luonnollinen vaalea s\u00e4vy antavat kynttil\u00f6ille <strong data-start=\"1525\" data-end=\"1569\">tyylikk\u00e4\u00e4n ja ammattimaisen lopputuloksen,<\/strong> joka sopii t\u00e4ydellisesti luksus- ja design-kynttil\u00e4kokoelmiin. T\u00e4m\u00e4 vaha on <strong data-start=\"1679\" data-end=\"1697\">k\u00e4sity\u00f6l\u00e4isten,<\/strong> <strong data-start=\"1699\" data-end=\"1718\">pientuottajien ja<\/strong> <strong data-start=\"1726\" data-end=\"1754\">premium-kynttil\u00e4merkkien<\/strong> suosima valinta <strong data-start=\"1726\" data-end=\"1754\">, kun arvostetaan<\/strong> laatua, luonnollisuutta ja visuaalista lopputulosta. <\/p>\n<ul>\n<li>Sulamispiste noin 54-62 \u00b0C - vaha sulaa tasaisesti ja antaa sile\u00e4n, kiilt\u00e4v\u00e4n pinnan.<\/li>\n<li>Kaatol\u00e4mp\u00f6tila: noin 60-65 \u00b0C - ihanteellinen l\u00e4mp\u00f6tila, jossa vaha kaadetaan astiaan hyv\u00e4n tartunnan ja sile\u00e4n pinnan aikaansaamiseksi.<\/li>\n<li>Kynttil\u00e4n kuivumisaika: 48 tuntia ennen ensimm\u00e4ist\u00e4 polttokoetta.<\/li>\n<li>Tuoksupitoisuus enint\u00e4\u00e4n 10 % hajuste\u00f6ljyj\u00e4 (riippuen hajuste\u00f6ljyn ominaisuuksista ja soveltuvuudesta). Korkea tuoksu\u00f6ljypitoisuus auttaa saavuttamaan intensiivisen tuoksun sek\u00e4 ennen kynttil\u00e4n sytytt\u00e4mist\u00e4 ett\u00e4 sen j\u00e4lkeen. <\/li>\n<\/ul>\n<p>V\u00e4rien lis\u00e4\u00e4minen: voidaan lis\u00e4t\u00e4 nestem\u00e4isi\u00e4 tai jauhemaisia v\u00e4rej\u00e4 ~70-75 \u00b0C:ssa l\u00e4mmitettyyn vahaan.<\/p>\n<p><strong>Todistukset ja vaatimustenmukaisuusvaatimukset<\/strong><\/p>\n<p><strong>GMO-vapaa<\/strong><br \/>\nTuote ei sis\u00e4ll\u00e4 muuntogeenisi\u00e4 organismeja, mik\u00e4 takaa korkean puhtauden ja vakaan laadun koko tuotantoprosessin ajan.<\/p>\n<p><strong>Elintarvikekontaktin vaatimukset t\u00e4ytt\u00e4v\u00e4<\/strong><br \/>\nT\u00e4ytt\u00e4\u00e4 elintarvikekontaktin turvallisuusvaatimukset, mik\u00e4 vahvistaa materiaalin puhtauden ja k\u00e4ytt\u00f6turvallisuuden valvotuissa olosuhteissa.<\/p>\n<p><strong>100 % vegaani<\/strong><br \/>\nEi sis\u00e4ll\u00e4 el\u00e4inper\u00e4isi\u00e4 ainesosia ja t\u00e4ytt\u00e4\u00e4 t\u00e4ysin vegaanistandardit.<\/p>\n<p><strong>REACH-vaatimustenmukaisuus<\/strong><br \/>\nNoudattaa Euroopan unionin REACH-asetusta, mik\u00e4 takaa kemikaaliturvallisuutta, terveytt\u00e4 ja ymp\u00e4rist\u00f6\u00e4 koskevien vaatimusten noudattamisen.<\/p>\n<p>&nbsp;<\/p>\n","protected":false},"excerpt":{"rendered":"<p>KeraGreen Container Olive Wax on korkealaatuinen kasvioliivivaha, joka on suunniteltu erityisesti s\u00e4ili\u00f6kynttil\u00f6iden valmistukseen. T\u00e4m\u00e4 luonnollinen ja ymp\u00e4rist\u00f6yst\u00e4v\u00e4llinen kynttil\u00e4vaha takaa erinomaisen tarttuvuuden lasiin ja keramiikkaan, puhtaan palamisen ja erinomaisen hajun s\u00e4ilymisen. Ihanteellinen premium- ja k\u00e4sity\u00f6kynttil\u00f6iden valmistukseen.  <\/p>\n","protected":false},"featured_media":25602,"template":"","meta":{"site-sidebar-layout":"default","site-content-layout":"","ast-site-content-layout":"default","site-content-style":"default","site-sidebar-style":"default","ast-global-header-display":"","ast-banner-title-visibility":"","ast-main-header-display":"","ast-hfb-above-header-display":"","ast-hfb-below-header-display":"","ast-hfb-mobile-header-display":"","site-post-title":"","ast-breadcrumbs-content":"","ast-featured-img":"","footer-sml-layout":"","ast-disable-related-posts":"","theme-transparent-header-meta":"default","adv-header-id-meta":"","stick-header-meta":"default","header-above-stick-meta":"","header-main-stick-meta":"","header-below-stick-meta":"","astra-migrate-meta-layouts":"default","ast-page-background-enabled":"default","ast-page-background-meta":{"desktop":{"background-color":"","background-image":"","background-repeat":"repeat","background-position":"center center","background-size":"auto","background-attachment":"scroll","background-type":"","background-media":"","overlay-type":"","overlay-color":"","overlay-opacity":"","overlay-gradient":""},"tablet":{"background-color":"","background-image":"","background-repeat":"repeat","background-position":"center center","background-size":"auto","background-attachment":"scroll","background-type":"","background-media":"","overlay-type":"","overlay-color":"","overlay-opacity":"","overlay-gradient":""},"mobile":{"background-color":"","background-image":"","background-repeat":"repeat","background-position":"center center","background-size":"auto","background-attachment":"scroll","background-type":"","background-media":"","overlay-type":"","overlay-color":"","overlay-opacity":"","overlay-gradient":""}},"ast-content-background-meta":{"desktop":{"background-color":"var(--ast-global-color-5)","background-image":"","background-repeat":"repeat","background-position":"center center","background-size":"auto","background-attachment":"scroll","background-type":"","background-media":"","overlay-type":"","overlay-color":"","overlay-opacity":"","overlay-gradient":""},"tablet":{"background-color":"var(--ast-global-color-5)","background-image":"","background-repeat":"repeat","background-position":"center center","background-size":"auto","background-attachment":"scroll","background-type":"","background-media":"","overlay-type":"","overlay-color":"","overlay-opacity":"","overlay-gradient":""},"mobile":{"background-color":"var(--ast-global-color-5)","background-image":"","background-repeat":"repeat","background-position":"center center","background-size":"auto","background-attachment":"scroll","background-type":"","background-media":"","overlay-type":"","overlay-color":"","overlay-opacity":"","overlay-gradient":""}}},"product_brand":[],"product_cat":[160,158],"product_tag":[],"class_list":{"0":"post-25583","1":"product","2":"type-product","3":"status-publish","4":"has-post-thumbnail","6":"product_cat-kynttilavahat-2","7":"product_cat-kynttiloiden-valmistus-fi","8":"desktop-align-left","9":"tablet-align-left","10":"mobile-align-left","11":"ast-product-gallery-layout-horizontal","12":"ast-product-gallery-with-no-image","13":"ast-product-tabs-layout-horizontal","15":"first","16":"outofstock","17":"taxable","18":"shipping-taxable","19":"product-type-simple"},"_links":{"self":[{"href":"https:\/\/nordicdiy.ee\/fi\/wp-json\/wp\/v2\/product\/25583","targetHints":{"allow":["GET"]}}],"collection":[{"href":"https:\/\/nordicdiy.ee\/fi\/wp-json\/wp\/v2\/product"}],"about":[{"href":"https:\/\/nordicdiy.ee\/fi\/wp-json\/wp\/v2\/types\/product"}],"wp:featuredmedia":[{"embeddable":true,"href":"https:\/\/nordicdiy.ee\/fi\/wp-json\/wp\/v2\/media\/25602"}],"wp:attachment":[{"href":"https:\/\/nordicdiy.ee\/fi\/wp-json\/wp\/v2\/media?parent=25583"}],"wp:term":[{"taxonomy":"product_brand","embeddable":true,"href":"https:\/\/nordicdiy.ee\/fi\/wp-json\/wp\/v2\/product_brand?post=25583"},{"taxonomy":"product_cat","embeddable":true,"href":"https:\/\/nordicdiy.ee\/fi\/wp-json\/wp\/v2\/product_cat?post=25583"},{"taxonomy":"product_tag","embeddable":true,"href":"https:\/\/nordicdiy.ee\/fi\/wp-json\/wp\/v2\/product_tag?post=25583"}],"curies":[{"name":"wp","href":"https:\/\/api.w.org\/{rel}","templated":true}]}}