{"id":25783,"date":"2026-01-10T17:19:00","date_gmt":"2026-01-10T14:19:00","guid":{"rendered":"https:\/\/nordicdiy.ee\/epood\/Ei-luokiteltu\/kynttilanpidin-tarrat-100kpl\/"},"modified":"2026-05-03T16:17:21","modified_gmt":"2026-05-03T13:17:21","slug":"kynttilanpidin-tarrat-100kpl","status":"publish","type":"product","link":"https:\/\/nordicdiy.ee\/fi\/epood\/kynttiloiden-valmistus-fi\/kynttilan-sydanlangat-ja-alustat\/kynttilanpidin-tarrat-100kpl\/","title":{"rendered":"Kynttil\u00e4npidin tarrat 100kpl"},"content":{"rendered":"<p data-start=\"283\" data-end=\"610\"><strong data-start=\"283\" data-end=\"307\">Kynttil\u00e4tarrat ovat<\/strong> k\u00e4yt\u00e4nn\u00f6llinen ja luotettava ratkaisu <strong data-start=\"348\" data-end=\"396\">kynttil\u00e4tarran nopeaan ja turvalliseen kiinnitt\u00e4miseen<\/strong> kynttil\u00e4muotin tai -purkin <strong data-start=\"283\" data-end=\"307\">pohjaan<\/strong>. Valmistettu korkealaatuisesta <strong data-start=\"452\" data-end=\"489\">valkoisesta akryylivaahdosta,<\/strong> joka tarjoaa vahvan liiman ja auttaa pit\u00e4m\u00e4\u00e4n kynttil\u00e4n syd\u00e4nlankaa tukevasti paikallaan koko kynttil\u00e4n valu-, j\u00e4\u00e4hdytys- ja polttoprosessin ajan. <\/p>\n<p data-start=\"612\" data-end=\"892\">Py\u00f6re\u00e4t tarrat ovat <strong data-start=\"642\" data-end=\"662\">halkaisijaltaan<\/strong> 2 <strong data-start=\"642\" data-end=\"662\">cm, ja<\/strong> ne sopivat useimpiin tavallisiin kynttil\u00e4npidikkeisiin. Ihanteellinen valinta <strong data-start=\"736\" data-end=\"760\">DIY-kynttil\u00f6iden tekij\u00f6ille,<\/strong> askartelijoille ja pienille askartelijoille, jotka haluavat puhtaamman ja ammattimaisemman lopputuloksen ilman liimaa tai kuumaliimaa. <\/p>\n<ul data-start=\"918\" data-end=\"1100\">\n<li data-start=\"918\" data-end=\"937\">\n<p data-start=\"920\" data-end=\"937\">M\u00e4\u00e4r\u00e4: 100 <strong data-start=\"927\" data-end=\"937\">kpl<\/strong><\/p>\n<\/li>\n<li data-start=\"938\" data-end=\"958\">\n<p data-start=\"940\" data-end=\"958\">Lehdet: 5 <strong data-start=\"947\" data-end=\"958\">lehte\u00e4<\/strong><\/p>\n<\/li>\n<li data-start=\"959\" data-end=\"988\">\n<p data-start=\"961\" data-end=\"988\">Tarran halkaisija: 2 cm<\/p>\n<\/li>\n<li data-start=\"989\" data-end=\"1034\">\n<p data-start=\"991\" data-end=\"1034\">Materiaali: valkoinen <strong data-start=\"1001\" data-end=\"1034\">akryylivaahto apilanlehti<\/strong><\/p>\n<\/li>\n<li data-start=\"1035\" data-end=\"1056\">\n<p data-start=\"1037\" data-end=\"1056\">Muoto: py\u00f6re\u00e4<\/p>\n<\/li>\n<li data-start=\"1057\" data-end=\"1073\">\n<p data-start=\"1059\" data-end=\"1073\">Vahva tartunta<\/p>\n<\/li>\n<li data-start=\"1074\" data-end=\"1100\">\n<p data-start=\"1076\" data-end=\"1100\">Helppo ja nopea k\u00e4ytt\u00e4\u00e4<\/p>\n<\/li>\n<\/ul>\n","protected":false},"excerpt":{"rendered":"<p>Kynttil\u00e4tarrat kynttil\u00f6iden valmistukseen - 100 kpl valkoisia akryylivaahtotarroja, joilla voit kiinnitt\u00e4\u00e4 syd\u00e4nlangan kynttil\u00e4muotin tai lasin pohjaan.<\/p>\n","protected":false},"featured_media":25788,"template":"","meta":{"site-sidebar-layout":"default","site-content-layout":"","ast-site-content-layout":"default","site-content-style":"default","site-sidebar-style":"default","ast-global-header-display":"","ast-banner-title-visibility":"","ast-main-header-display":"","ast-hfb-above-header-display":"","ast-hfb-below-header-display":"","ast-hfb-mobile-header-display":"","site-post-title":"","ast-breadcrumbs-content":"","ast-featured-img":"","footer-sml-layout":"","ast-disable-related-posts":"","theme-transparent-header-meta":"default","adv-header-id-meta":"","stick-header-meta":"default","header-above-stick-meta":"","header-main-stick-meta":"","header-below-stick-meta":"","astra-migrate-meta-layouts":"default","ast-page-background-enabled":"default","ast-page-background-meta":{"desktop":{"background-color":"","background-image":"","background-repeat":"repeat","background-position":"center center","background-size":"auto","background-attachment":"scroll","background-type":"","background-media":"","overlay-type":"","overlay-color":"","overlay-opacity":"","overlay-gradient":""},"tablet":{"background-color":"","background-image":"","background-repeat":"repeat","background-position":"center center","background-size":"auto","background-attachment":"scroll","background-type":"","background-media":"","overlay-type":"","overlay-color":"","overlay-opacity":"","overlay-gradient":""},"mobile":{"background-color":"","background-image":"","background-repeat":"repeat","background-position":"center center","background-size":"auto","background-attachment":"scroll","background-type":"","background-media":"","overlay-type":"","overlay-color":"","overlay-opacity":"","overlay-gradient":""}},"ast-content-background-meta":{"desktop":{"background-color":"var(--ast-global-color-5)","background-image":"","background-repeat":"repeat","background-position":"center center","background-size":"auto","background-attachment":"scroll","background-type":"","background-media":"","overlay-type":"","overlay-color":"","overlay-opacity":"","overlay-gradient":""},"tablet":{"background-color":"var(--ast-global-color-5)","background-image":"","background-repeat":"repeat","background-position":"center center","background-size":"auto","background-attachment":"scroll","background-type":"","background-media":"","overlay-type":"","overlay-color":"","overlay-opacity":"","overlay-gradient":""},"mobile":{"background-color":"var(--ast-global-color-5)","background-image":"","background-repeat":"repeat","background-position":"center center","background-size":"auto","background-attachment":"scroll","background-type":"","background-media":"","overlay-type":"","overlay-color":"","overlay-opacity":"","overlay-gradient":""}}},"product_brand":[],"product_cat":[200,158],"product_tag":[],"class_list":{"0":"post-25783","1":"product","2":"type-product","3":"status-publish","4":"has-post-thumbnail","6":"product_cat-kynttilan-sydanlangat-ja-alustat","7":"product_cat-kynttiloiden-valmistus-fi","8":"desktop-align-left","9":"tablet-align-left","10":"mobile-align-left","11":"ast-product-gallery-layout-horizontal","12":"ast-product-gallery-with-no-image","13":"ast-product-tabs-layout-horizontal","15":"first","16":"instock","17":"taxable","18":"shipping-taxable","19":"purchasable","20":"product-type-simple"},"_links":{"self":[{"href":"https:\/\/nordicdiy.ee\/fi\/wp-json\/wp\/v2\/product\/25783","targetHints":{"allow":["GET"]}}],"collection":[{"href":"https:\/\/nordicdiy.ee\/fi\/wp-json\/wp\/v2\/product"}],"about":[{"href":"https:\/\/nordicdiy.ee\/fi\/wp-json\/wp\/v2\/types\/product"}],"wp:featuredmedia":[{"embeddable":true,"href":"https:\/\/nordicdiy.ee\/fi\/wp-json\/wp\/v2\/media\/25788"}],"wp:attachment":[{"href":"https:\/\/nordicdiy.ee\/fi\/wp-json\/wp\/v2\/media?parent=25783"}],"wp:term":[{"taxonomy":"product_brand","embeddable":true,"href":"https:\/\/nordicdiy.ee\/fi\/wp-json\/wp\/v2\/product_brand?post=25783"},{"taxonomy":"product_cat","embeddable":true,"href":"https:\/\/nordicdiy.ee\/fi\/wp-json\/wp\/v2\/product_cat?post=25783"},{"taxonomy":"product_tag","embeddable":true,"href":"https:\/\/nordicdiy.ee\/fi\/wp-json\/wp\/v2\/product_tag?post=25783"}],"curies":[{"name":"wp","href":"https:\/\/api.w.org\/{rel}","templated":true}]}}