{"id":26978,"date":"2026-01-19T13:19:06","date_gmt":"2026-01-19T10:19:06","guid":{"rendered":"https:\/\/nordicdiy.ee\/epood\/Ei-luokiteltu\/tuoksuva-vaha-tai-saippuamuotti-jossa-on-d6cmn-kansi\/"},"modified":"2026-01-21T13:39:46","modified_gmt":"2026-01-21T10:39:46","slug":"tuoksuva-vaha-tai-saippuamuotti-jossa-on-d6cmn-kansi","status":"publish","type":"product","link":"https:\/\/nordicdiy.ee\/fi\/epood\/kynttiloiden-valmistus-fi\/kynttilavahat-2\/tuoksuva-vaha-tai-saippuamuotti-jossa-on-d6cmn-kansi\/","title":{"rendered":"Tuoksuva vaha- tai saippuamuotti, jossa on d6cm:n kansi."},"content":{"rendered":"<p>Kolmion muotoinen tuoksuvaha- ja saippuamuotti (pieni) on yleisp\u00e4tev\u00e4 ja k\u00e4yt\u00e4nn\u00f6llinen muotti k\u00e4sin valamiseen. Se sopii erinomaisesti tuoksuvahojen, hajuvahojen ja saippuoiden valmistukseen. Kest\u00e4v\u00e4 ja l\u00e4mp\u00f6tilan kest\u00e4v\u00e4 materiaali takaa muotin vakauden kaadon ja kovettumisen aikana ja mahdollistaa valmiin tuotteen helpon irrottamisen.  <\/p>\n<p>Kolmiomuotoinen muoto antaa valmiille tuotteille esteettisen, selke\u00e4n ja modernin ilmeen, joka sopii t\u00e4ydellisesti minimalistisiin, skandinaavisiin ja nykyaikaisiin sisustuksiin. Hienostuneen muotoilunsa ansiosta muotti on helppo k\u00e4ytt\u00e4\u00e4 sek\u00e4 kotona ett\u00e4 pienimuotoisessa tuotannossa. <\/p>\n<p>Tuoksuvaha- ja saippuamuotit sopivat DIY-harrastajille ja pienille ja keskisuurille kynttil\u00e4nvalmistajille. Tukevan rakenteen ansiosta muotti on helppo puhdistaa ja uudelleenk\u00e4ytett\u00e4viss\u00e4. <\/p>\n<p><strong>Tuotteen ominaisuudet:<\/strong><\/p>\n<ul>\n<li>Tuotetyyppi: tuoksuvaha ja saippua<\/li>\n<li>Muoto: kolmion muotoinen (6kpl)<\/li>\n<li>Kolmion koko: korkeus 1,5cm, leveys 2,5cm (leve\u00e4mpi osa), pituus 2,2cm.<\/li>\n<li>Materiaali: kest\u00e4v\u00e4 ja l\u00e4mp\u00f6tilan kest\u00e4v\u00e4<\/li>\n<li>K\u00e4ytt\u00f6: kynttil\u00f6iden, hajuvahojen ja saippuoiden valmistukseen.<\/li>\n<li>Helppo puhdistaa ja uudelleenk\u00e4ytett\u00e4viss\u00e4<\/li>\n<li>Suunniteltu manuaalista kaatamista varten<\/li>\n<\/ul>\n<p><strong>Soveltamisala:<br \/>\n<\/strong>Kolmion muotoinen muotti sopii erinomaisesti tuoksukynttil\u00f6iden, hajuvahojen ja k\u00e4sintehtyjen saippuoiden valmistukseen. Muotti takaa tasaisen j\u00e4hmettymisen ja oikean muodon, joten se on loistava valinta kodin askarteluun, luoviin studioihin ja valmistajille. <\/p>\n<p><strong>K\u00e4ytt\u00f6opas:<\/strong><\/p>\n<ul>\n<li>Varmista, ett\u00e4 muotti on puhdas ja kuiva.<\/li>\n<li>Sulata vaha tai valmista saippuaseos reseptin mukaisesti.<\/li>\n<li>Kaada sulanut seos varovasti muottiin.<\/li>\n<li>Anna tuotteen j\u00e4hmetty\u00e4 kokonaan.<\/li>\n<li>J\u00e4\u00e4htymisen j\u00e4lkeen valmis tuote poistetaan muotista.<\/li>\n<\/ul>\n","protected":false},"excerpt":{"rendered":"<p>Kolmion muotoinen aromivaha- ja saippuamuotti \u00d86 cm, joka sopii kynttil\u00f6ille, aromivahoille ja k\u00e4sintehdyille saippuoille. Kest\u00e4v\u00e4 ja l\u00e4mp\u00f6tilaa kest\u00e4v\u00e4 muotti on suunniteltu k\u00e4sin kaadettavaksi, helppo puhdistaa ja uudelleenk\u00e4ytett\u00e4v\u00e4ksi - ihanteellinen niin DIY-harrastajille kuin pientuottajillekin. <\/p>\n","protected":false},"featured_media":26988,"template":"","meta":{"site-sidebar-layout":"default","site-content-layout":"","ast-site-content-layout":"default","site-content-style":"default","site-sidebar-style":"default","ast-global-header-display":"","ast-banner-title-visibility":"","ast-main-header-display":"","ast-hfb-above-header-display":"","ast-hfb-below-header-display":"","ast-hfb-mobile-header-display":"","site-post-title":"","ast-breadcrumbs-content":"","ast-featured-img":"","footer-sml-layout":"","ast-disable-related-posts":"","theme-transparent-header-meta":"default","adv-header-id-meta":"","stick-header-meta":"default","header-above-stick-meta":"","header-main-stick-meta":"","header-below-stick-meta":"","astra-migrate-meta-layouts":"default","ast-page-background-enabled":"default","ast-page-background-meta":{"desktop":{"background-color":"","background-image":"","background-repeat":"repeat","background-position":"center center","background-size":"auto","background-attachment":"scroll","background-type":"","background-media":"","overlay-type":"","overlay-color":"","overlay-opacity":"","overlay-gradient":""},"tablet":{"background-color":"","background-image":"","background-repeat":"repeat","background-position":"center center","background-size":"auto","background-attachment":"scroll","background-type":"","background-media":"","overlay-type":"","overlay-color":"","overlay-opacity":"","overlay-gradient":""},"mobile":{"background-color":"","background-image":"","background-repeat":"repeat","background-position":"center center","background-size":"auto","background-attachment":"scroll","background-type":"","background-media":"","overlay-type":"","overlay-color":"","overlay-opacity":"","overlay-gradient":""}},"ast-content-background-meta":{"desktop":{"background-color":"var(--ast-global-color-5)","background-image":"","background-repeat":"repeat","background-position":"center center","background-size":"auto","background-attachment":"scroll","background-type":"","background-media":"","overlay-type":"","overlay-color":"","overlay-opacity":"","overlay-gradient":""},"tablet":{"background-color":"var(--ast-global-color-5)","background-image":"","background-repeat":"repeat","background-position":"center center","background-size":"auto","background-attachment":"scroll","background-type":"","background-media":"","overlay-type":"","overlay-color":"","overlay-opacity":"","overlay-gradient":""},"mobile":{"background-color":"var(--ast-global-color-5)","background-image":"","background-repeat":"repeat","background-position":"center center","background-size":"auto","background-attachment":"scroll","background-type":"","background-media":"","overlay-type":"","overlay-color":"","overlay-opacity":"","overlay-gradient":""}}},"product_brand":[],"product_cat":[160,158],"product_tag":[],"class_list":{"0":"post-26978","1":"product","2":"type-product","3":"status-publish","4":"has-post-thumbnail","6":"product_cat-kynttilavahat-2","7":"product_cat-kynttiloiden-valmistus-fi","8":"desktop-align-left","9":"tablet-align-left","10":"mobile-align-left","11":"ast-product-gallery-layout-horizontal","12":"ast-product-gallery-with-no-image","13":"ast-product-tabs-layout-horizontal","15":"first","16":"instock","17":"taxable","18":"shipping-taxable","19":"purchasable","20":"product-type-simple"},"_links":{"self":[{"href":"https:\/\/nordicdiy.ee\/fi\/wp-json\/wp\/v2\/product\/26978","targetHints":{"allow":["GET"]}}],"collection":[{"href":"https:\/\/nordicdiy.ee\/fi\/wp-json\/wp\/v2\/product"}],"about":[{"href":"https:\/\/nordicdiy.ee\/fi\/wp-json\/wp\/v2\/types\/product"}],"wp:featuredmedia":[{"embeddable":true,"href":"https:\/\/nordicdiy.ee\/fi\/wp-json\/wp\/v2\/media\/26988"}],"wp:attachment":[{"href":"https:\/\/nordicdiy.ee\/fi\/wp-json\/wp\/v2\/media?parent=26978"}],"wp:term":[{"taxonomy":"product_brand","embeddable":true,"href":"https:\/\/nordicdiy.ee\/fi\/wp-json\/wp\/v2\/product_brand?post=26978"},{"taxonomy":"product_cat","embeddable":true,"href":"https:\/\/nordicdiy.ee\/fi\/wp-json\/wp\/v2\/product_cat?post=26978"},{"taxonomy":"product_tag","embeddable":true,"href":"https:\/\/nordicdiy.ee\/fi\/wp-json\/wp\/v2\/product_tag?post=26978"}],"curies":[{"name":"wp","href":"https:\/\/api.w.org\/{rel}","templated":true}]}}