{"id":27039,"date":"2026-01-19T14:19:01","date_gmt":"2026-01-19T11:19:01","guid":{"rendered":"https:\/\/nordicdiy.ee\/epood\/Ei-luokiteltu\/kodin-hajuvesipullo-korkilla-musta-matta-200ml\/"},"modified":"2026-01-28T15:24:23","modified_gmt":"2026-01-28T12:24:23","slug":"kodin-hajuvesipullo-korkilla-musta-matta-200ml","status":"publish","type":"product","link":"https:\/\/nordicdiy.ee\/fi\/epood\/huonetuoksun-valmistaminen\/huoneenraikastinpullot\/kodin-hajuvesipullo-korkilla-musta-matta-200ml\/","title":{"rendered":"Kodin hajuvesipullo korkilla, musta matta 200ml"},"content":{"rendered":"<p>T\u00e4m\u00e4 tyylik\u00e4s lasinen kotituoksulasi on ihanteellinen ratkaisu sek\u00e4 ammattimaisille parfyymintekij\u00f6ille ett\u00e4 kotituoksujen valmistajille. Tukevan lasin ja esteettisen mattamustan viimeistelyn ansiosta se sopii mihin tahansa sisustukseen - modernista klassiseen. <\/p>\n<p><strong>Lasin edut:<\/strong><\/p>\n<ul>\n<li>Turvallinen - kest\u00e4v\u00e4 ja sopii k\u00e4ytett\u00e4v\u00e4ksi tuoksu\u00f6ljyjen kanssa.<\/li>\n<li>Esteettisesti miellytt\u00e4v\u00e4 - moderni ulkon\u00e4k\u00f6, joka sopii erilaisiin sisustustyyleihin.<\/li>\n<li>Uudelleenk\u00e4ytett\u00e4v\u00e4 - pullo voidaan t\u00e4ytt\u00e4\u00e4 uudelleen, kun \u00f6ljy loppuu.<\/li>\n<li>Ei sis\u00e4ll\u00e4 raskasmetalleja - lasi on kemiallisesti neutraalia ja turvallista.<\/li>\n<\/ul>\n<p><strong>Tekniset tiedot:<\/strong><\/p>\n<ul>\n<li>Korkeus: 6,0 cm (ilman kaulaa)<\/li>\n<li>Halkaisija: 8,3 cm<\/li>\n<li>Langan halkaisija: 2,6 cm, korkeus 1,5cm.<\/li>\n<li>Kapasiteetti: 200 ml<\/li>\n<li>V\u00e4ri: mattamusta<\/li>\n<li>Setti sis\u00e4lt\u00e4\u00e4: pullo, jossa on kauneuskorkki ja tulppa.<\/li>\n<\/ul>\n<p><strong>Lasin maalaukseen k\u00e4ytett\u00e4v\u00e4t lakat - UFIREADY lakat<\/strong><\/p>\n<p>Erityiset lasikoristelakkamme takaavat kest\u00e4vyyden, esteettisyyden ja turvallisuuden, vaikka niit\u00e4 k\u00e4ytett\u00e4isiin voimakkaiden tuoksujen kanssa.<\/p>\n<p><strong>T\u00e4rkeimm\u00e4t tuoteominaisuudet:<\/strong><\/p>\n<ul>\n<li>EU-standardien noudattaminen - t\u00e4ytt\u00e4\u00e4 eurooppalaiset turvallisuus- ja laatuvaatimukset.<\/li>\n<li>Sisustuksen kest\u00e4vyys - kulutusta ja v\u00e4ri\u00e4 kest\u00e4v\u00e4.<\/li>\n<li>Mekaaninen kest\u00e4vyys - kest\u00e4\u00e4 jopa 500 astianpesukertaa.<\/li>\n<li>Alkoholinkest\u00e4v\u00e4 - lakat kest\u00e4v\u00e4t alkoholia.<\/li>\n<li>Turvallinen k\u00e4ytt\u00e4\u00e4 - soveltuu ep\u00e4suoraan elintarvikekontaktiin.<\/li>\n<li>Vegaaninen koostumus - ei sis\u00e4ll\u00e4 el\u00e4inper\u00e4isi\u00e4 ainesosia.<\/li>\n<li>Cruelty Free - ei testattu el\u00e4imill\u00e4.<\/li>\n<li>Turvallinen koostumus - ei sis\u00e4ll\u00e4 raskasmetalleja tai ftalaatteja.<\/li>\n<\/ul>\n","protected":false},"excerpt":{"rendered":"<p>Tyylik\u00e4s himme\u00e4 musta lasinen diffuusoripullo sopii sek\u00e4 ammattilaisparfyymien valmistajille ett\u00e4 kotik\u00e4ytt\u00f6\u00f6n. Kest\u00e4v\u00e4, tyylik\u00e4s ja uudelleenk\u00e4ytett\u00e4v\u00e4 s\u00e4ili\u00f6 t\u00e4ydent\u00e4\u00e4 mit\u00e4 tahansa sisustusta ja takaa turvallisen k\u00e4yt\u00f6n tuoksu\u00f6ljyjen kanssa. <\/p>\n","protected":false},"featured_media":27260,"template":"","meta":{"site-sidebar-layout":"default","site-content-layout":"","ast-site-content-layout":"default","site-content-style":"default","site-sidebar-style":"default","ast-global-header-display":"","ast-banner-title-visibility":"","ast-main-header-display":"","ast-hfb-above-header-display":"","ast-hfb-below-header-display":"","ast-hfb-mobile-header-display":"","site-post-title":"","ast-breadcrumbs-content":"","ast-featured-img":"","footer-sml-layout":"","ast-disable-related-posts":"","theme-transparent-header-meta":"default","adv-header-id-meta":"","stick-header-meta":"default","header-above-stick-meta":"","header-main-stick-meta":"","header-below-stick-meta":"","astra-migrate-meta-layouts":"default","ast-page-background-enabled":"default","ast-page-background-meta":{"desktop":{"background-color":"","background-image":"","background-repeat":"repeat","background-position":"center center","background-size":"auto","background-attachment":"scroll","background-type":"","background-media":"","overlay-type":"","overlay-color":"","overlay-opacity":"","overlay-gradient":""},"tablet":{"background-color":"","background-image":"","background-repeat":"repeat","background-position":"center center","background-size":"auto","background-attachment":"scroll","background-type":"","background-media":"","overlay-type":"","overlay-color":"","overlay-opacity":"","overlay-gradient":""},"mobile":{"background-color":"","background-image":"","background-repeat":"repeat","background-position":"center center","background-size":"auto","background-attachment":"scroll","background-type":"","background-media":"","overlay-type":"","overlay-color":"","overlay-opacity":"","overlay-gradient":""}},"ast-content-background-meta":{"desktop":{"background-color":"var(--ast-global-color-5)","background-image":"","background-repeat":"repeat","background-position":"center center","background-size":"auto","background-attachment":"scroll","background-type":"","background-media":"","overlay-type":"","overlay-color":"","overlay-opacity":"","overlay-gradient":""},"tablet":{"background-color":"var(--ast-global-color-5)","background-image":"","background-repeat":"repeat","background-position":"center center","background-size":"auto","background-attachment":"scroll","background-type":"","background-media":"","overlay-type":"","overlay-color":"","overlay-opacity":"","overlay-gradient":""},"mobile":{"background-color":"var(--ast-global-color-5)","background-image":"","background-repeat":"repeat","background-position":"center center","background-size":"auto","background-attachment":"scroll","background-type":"","background-media":"","overlay-type":"","overlay-color":"","overlay-opacity":"","overlay-gradient":""}}},"product_brand":[],"product_cat":[417,240,207],"product_tag":[],"class_list":{"0":"post-27039","1":"product","2":"type-product","3":"status-publish","4":"has-post-thumbnail","6":"product_cat-erikoistarjoukset","7":"product_cat-huoneenraikastinpullot","8":"product_cat-huonetuoksun-valmistaminen","9":"desktop-align-left","10":"tablet-align-left","11":"mobile-align-left","12":"ast-product-gallery-layout-horizontal","13":"ast-product-gallery-with-no-image","14":"ast-product-single-variable","15":"ast-product-tabs-layout-horizontal","17":"first","18":"instock","19":"taxable","20":"shipping-taxable","21":"purchasable","22":"product-type-variable"},"_links":{"self":[{"href":"https:\/\/nordicdiy.ee\/fi\/wp-json\/wp\/v2\/product\/27039","targetHints":{"allow":["GET"]}}],"collection":[{"href":"https:\/\/nordicdiy.ee\/fi\/wp-json\/wp\/v2\/product"}],"about":[{"href":"https:\/\/nordicdiy.ee\/fi\/wp-json\/wp\/v2\/types\/product"}],"wp:featuredmedia":[{"embeddable":true,"href":"https:\/\/nordicdiy.ee\/fi\/wp-json\/wp\/v2\/media\/27260"}],"wp:attachment":[{"href":"https:\/\/nordicdiy.ee\/fi\/wp-json\/wp\/v2\/media?parent=27039"}],"wp:term":[{"taxonomy":"product_brand","embeddable":true,"href":"https:\/\/nordicdiy.ee\/fi\/wp-json\/wp\/v2\/product_brand?post=27039"},{"taxonomy":"product_cat","embeddable":true,"href":"https:\/\/nordicdiy.ee\/fi\/wp-json\/wp\/v2\/product_cat?post=27039"},{"taxonomy":"product_tag","embeddable":true,"href":"https:\/\/nordicdiy.ee\/fi\/wp-json\/wp\/v2\/product_tag?post=27039"}],"curies":[{"name":"wp","href":"https:\/\/api.w.org\/{rel}","templated":true}]}}