{"id":27159,"date":"2026-01-19T14:19:03","date_gmt":"2026-01-19T11:19:03","guid":{"rendered":"https:\/\/nordicdiy.ee\/epood\/Ei-luokiteltu\/sahkoinen-kuumaliimapistooli-tikun-halkaisija-d112mm\/"},"modified":"2026-01-27T15:05:03","modified_gmt":"2026-01-27T12:05:03","slug":"sahkoinen-kuumaliimapistooli-tikun-halkaisija-d112mm","status":"publish","type":"product","link":"https:\/\/nordicdiy.ee\/fi\/epood\/kynttiloiden-valmistus-fi\/kynttilan-sydanlangat-ja-alustat\/sahkoinen-kuumaliimapistooli-tikun-halkaisija-d112mm\/","title":{"rendered":"S\u00e4hk\u00f6inen kuumaliimapistooli, tikun halkaisija d11,2mm"},"content":{"rendered":"<p data-start=\"424\" data-end=\"757\">S\u00e4hk\u00f6inen kuumaliimapistooli on k\u00e4yt\u00e4nn\u00f6llinen ja helppok\u00e4ytt\u00f6inen ty\u00f6kalu k\u00e4sit\u00f6ihin, DIY-projekteihin sek\u00e4 pieniin korjauksiin. 40 W:n tehon ja 130 \u00b0C:n k\u00e4ytt\u00f6l\u00e4mp\u00f6tilan ansiosta se sopii paperille, pahville, tekstiileille, puulle, muoville, keramiikalle ja monille muille materiaaleille. <\/p>\n<p data-start=\"759\" data-end=\"1004\">Se l\u00e4mpenee nopeasti ja on k\u00e4ytt\u00f6valmis vain 3-5 minuutissa. Halkaisijaltaan 11,2 mm:n liimapuikot takaavat tarkan liiman levityksen. Ihanteellinen <strong data-start=\"1050\" data-end=\"1092\">kynttil\u00e4nvarsien kiinnitt\u00e4miseen kynttil\u00e4lasiin,<\/strong> auttaa varmistamaan, ett\u00e4 kynttil\u00e4nvarsi on vakaassa ja oikeassa asennossa ennen vahan kaatamista.  <\/p>\n<p data-start=\"1221\" data-end=\"1380\">Pakkaus sis\u00e4lt\u00e4\u00e4 kaksi liimapuikkoa, joten voit aloittaa heti. Kompaktin kokonsa ja keveytens\u00e4 ansiosta liimapistoolia on k\u00e4tev\u00e4 k\u00e4ytt\u00e4\u00e4 pitki\u00e4kin aikoja. <\/p>\n","protected":false},"excerpt":{"rendered":"<p>Kompakti s\u00e4hk\u00f6inen kuumaliimapistooli 40W teholla. 11,2 mm:n liimapuikot, k\u00e4ytt\u00f6l\u00e4mp\u00f6tila 130 \u00b0C ja l\u00e4mpi\u00e4\u00e4 nopeasti 3-5 minuutissa. Soveltuu syd\u00e4men syd\u00e4nlankainten kiinnitt\u00e4miseen kynttil\u00e4lasiin. Toimitetaan 2 liimapuikon kanssa.   <\/p>\n","protected":false},"featured_media":27179,"template":"","meta":{"site-sidebar-layout":"default","site-content-layout":"","ast-site-content-layout":"default","site-content-style":"default","site-sidebar-style":"default","ast-global-header-display":"","ast-banner-title-visibility":"","ast-main-header-display":"","ast-hfb-above-header-display":"","ast-hfb-below-header-display":"","ast-hfb-mobile-header-display":"","site-post-title":"","ast-breadcrumbs-content":"","ast-featured-img":"","footer-sml-layout":"","ast-disable-related-posts":"","theme-transparent-header-meta":"default","adv-header-id-meta":"","stick-header-meta":"default","header-above-stick-meta":"","header-main-stick-meta":"","header-below-stick-meta":"","astra-migrate-meta-layouts":"default","ast-page-background-enabled":"default","ast-page-background-meta":{"desktop":{"background-color":"","background-image":"","background-repeat":"repeat","background-position":"center center","background-size":"auto","background-attachment":"scroll","background-type":"","background-media":"","overlay-type":"","overlay-color":"","overlay-opacity":"","overlay-gradient":""},"tablet":{"background-color":"","background-image":"","background-repeat":"repeat","background-position":"center center","background-size":"auto","background-attachment":"scroll","background-type":"","background-media":"","overlay-type":"","overlay-color":"","overlay-opacity":"","overlay-gradient":""},"mobile":{"background-color":"","background-image":"","background-repeat":"repeat","background-position":"center center","background-size":"auto","background-attachment":"scroll","background-type":"","background-media":"","overlay-type":"","overlay-color":"","overlay-opacity":"","overlay-gradient":""}},"ast-content-background-meta":{"desktop":{"background-color":"var(--ast-global-color-5)","background-image":"","background-repeat":"repeat","background-position":"center center","background-size":"auto","background-attachment":"scroll","background-type":"","background-media":"","overlay-type":"","overlay-color":"","overlay-opacity":"","overlay-gradient":""},"tablet":{"background-color":"var(--ast-global-color-5)","background-image":"","background-repeat":"repeat","background-position":"center center","background-size":"auto","background-attachment":"scroll","background-type":"","background-media":"","overlay-type":"","overlay-color":"","overlay-opacity":"","overlay-gradient":""},"mobile":{"background-color":"var(--ast-global-color-5)","background-image":"","background-repeat":"repeat","background-position":"center center","background-size":"auto","background-attachment":"scroll","background-type":"","background-media":"","overlay-type":"","overlay-color":"","overlay-opacity":"","overlay-gradient":""}}},"product_brand":[],"product_cat":[200,158],"product_tag":[],"class_list":{"0":"post-27159","1":"product","2":"type-product","3":"status-publish","4":"has-post-thumbnail","6":"product_cat-kynttilan-sydanlangat-ja-alustat","7":"product_cat-kynttiloiden-valmistus-fi","8":"desktop-align-left","9":"tablet-align-left","10":"mobile-align-left","11":"ast-product-gallery-layout-horizontal","12":"ast-product-gallery-with-no-image","13":"ast-product-tabs-layout-horizontal","15":"first","16":"instock","17":"taxable","18":"shipping-taxable","19":"purchasable","20":"product-type-simple"},"_links":{"self":[{"href":"https:\/\/nordicdiy.ee\/fi\/wp-json\/wp\/v2\/product\/27159","targetHints":{"allow":["GET"]}}],"collection":[{"href":"https:\/\/nordicdiy.ee\/fi\/wp-json\/wp\/v2\/product"}],"about":[{"href":"https:\/\/nordicdiy.ee\/fi\/wp-json\/wp\/v2\/types\/product"}],"wp:featuredmedia":[{"embeddable":true,"href":"https:\/\/nordicdiy.ee\/fi\/wp-json\/wp\/v2\/media\/27179"}],"wp:attachment":[{"href":"https:\/\/nordicdiy.ee\/fi\/wp-json\/wp\/v2\/media?parent=27159"}],"wp:term":[{"taxonomy":"product_brand","embeddable":true,"href":"https:\/\/nordicdiy.ee\/fi\/wp-json\/wp\/v2\/product_brand?post=27159"},{"taxonomy":"product_cat","embeddable":true,"href":"https:\/\/nordicdiy.ee\/fi\/wp-json\/wp\/v2\/product_cat?post=27159"},{"taxonomy":"product_tag","embeddable":true,"href":"https:\/\/nordicdiy.ee\/fi\/wp-json\/wp\/v2\/product_tag?post=27159"}],"curies":[{"name":"wp","href":"https:\/\/api.w.org\/{rel}","templated":true}]}}