{"id":27669,"date":"2026-02-10T15:25:24","date_gmt":"2026-02-10T12:25:24","guid":{"rendered":"https:\/\/nordicdiy.ee\/epood\/Ei-luokiteltu\/home-hajuvesipullo-satiini-matta-pyorea-100ml\/"},"modified":"2026-02-12T12:44:49","modified_gmt":"2026-02-12T09:44:49","slug":"home-hajuvesipullo-satiini-matta-pyorea-100ml","status":"publish","type":"product","link":"https:\/\/nordicdiy.ee\/fi\/epood\/huonetuoksun-valmistaminen\/huoneenraikastinpullot\/home-hajuvesipullo-satiini-matta-pyorea-100ml\/","title":{"rendered":"Home hajuvesipullo satiini matta py\u00f6re\u00e4 100ml"},"content":{"rendered":"<p>T\u00e4m\u00e4 tyylik\u00e4s lasinen kotituoksulasi on ihanteellinen ratkaisu sek\u00e4 ammattimaisille parfyymintekij\u00f6ille ett\u00e4 kotituoksujen valmistajille. Tukevan lasin ja esteettisen mattamustan viimeistelyn ansiosta se sopii mihin tahansa sisustukseen - modernista klassiseen. <\/p>\n<p><strong>Lasin edut:<\/strong><\/p>\n<ul>\n<li>Turvallinen - kest\u00e4v\u00e4 ja sopii k\u00e4ytett\u00e4v\u00e4ksi tuoksu\u00f6ljyjen kanssa.<\/li>\n<li>Esteettisesti miellytt\u00e4v\u00e4 - moderni ulkon\u00e4k\u00f6, joka sopii erilaisiin sisustustyyleihin.<\/li>\n<li>Uudelleenk\u00e4ytett\u00e4v\u00e4 - pullo voidaan t\u00e4ytt\u00e4\u00e4 uudelleen, kun \u00f6ljy loppuu.<\/li>\n<li>Ei sis\u00e4ll\u00e4 raskasmetalleja - lasi on kemiallisesti neutraalia ja turvallista.<\/li>\n<\/ul>\n<p><strong>Tekniset tiedot:<\/strong><\/p>\n<ul>\n<li>Korkeus: 5,4 cm (ilman kaulaa)<\/li>\n<li>Halkaisija: 6,9 cm<\/li>\n<li>Langan halkaisija: 2,6 cm, korkeus 1,5cm.<\/li>\n<li>Kapasiteetti: 100 ml<\/li>\n<li>V\u00e4ri: matta l\u00e4pin\u00e4kyv\u00e4<\/li>\n<li>Setti sis\u00e4lt\u00e4\u00e4: pullo, jossa on kauneuskorkki ja tulppa.<\/li>\n<\/ul>\n<p><strong>Lasin maalaukseen k\u00e4ytett\u00e4v\u00e4t lakat - UFIREADY lakat<\/strong><\/p>\n<p>Erityiset lasikoristelakkamme takaavat kest\u00e4vyyden, esteettisyyden ja turvallisuuden, vaikka niit\u00e4 k\u00e4ytett\u00e4isiin voimakkaiden tuoksujen kanssa.<\/p>\n<p><strong>T\u00e4rkeimm\u00e4t tuoteominaisuudet:<\/strong><\/p>\n<ul>\n<li>EU-standardien noudattaminen - t\u00e4ytt\u00e4\u00e4 eurooppalaiset turvallisuus- ja laatuvaatimukset.<\/li>\n<li>Sisustuksen kest\u00e4vyys - kulutusta ja v\u00e4ri\u00e4 kest\u00e4v\u00e4.<\/li>\n<li>Mekaaninen kest\u00e4vyys - kest\u00e4\u00e4 jopa 500 astianpesukertaa.<\/li>\n<li>Alkoholinkest\u00e4v\u00e4 - lakat kest\u00e4v\u00e4t alkoholia.<\/li>\n<li>Turvallinen k\u00e4ytt\u00e4\u00e4 - soveltuu ep\u00e4suoraan elintarvikekontaktiin.<\/li>\n<li>Vegaaninen koostumus - ei sis\u00e4ll\u00e4 el\u00e4inper\u00e4isi\u00e4 ainesosia.<\/li>\n<li>Cruelty Free - ei testattu el\u00e4imill\u00e4.<\/li>\n<li>Turvallinen koostumus - ei sis\u00e4ll\u00e4 raskasmetalleja tai ftalaatteja.<\/li>\n<\/ul>\n","protected":false},"excerpt":{"rendered":"<p>Tyylik\u00e4s satiinihimme\u00e4 lasinen diffuusoripullo sopii erinomaisesti sek\u00e4 ammattilaisparfyymien valmistajille ett\u00e4 kotik\u00e4ytt\u00f6\u00f6n. Kest\u00e4v\u00e4, tyylik\u00e4s ja uudelleenk\u00e4ytett\u00e4v\u00e4 s\u00e4ili\u00f6 t\u00e4ydent\u00e4\u00e4 mit\u00e4 tahansa sisustusta ja takaa turvallisen k\u00e4yt\u00f6n tuoksu\u00f6ljyjen kanssa. <\/p>\n","protected":false},"featured_media":27725,"template":"","meta":{"site-sidebar-layout":"default","site-content-layout":"","ast-site-content-layout":"default","site-content-style":"default","site-sidebar-style":"default","ast-global-header-display":"","ast-banner-title-visibility":"","ast-main-header-display":"","ast-hfb-above-header-display":"","ast-hfb-below-header-display":"","ast-hfb-mobile-header-display":"","site-post-title":"","ast-breadcrumbs-content":"","ast-featured-img":"","footer-sml-layout":"","ast-disable-related-posts":"","theme-transparent-header-meta":"default","adv-header-id-meta":"","stick-header-meta":"default","header-above-stick-meta":"","header-main-stick-meta":"","header-below-stick-meta":"","astra-migrate-meta-layouts":"default","ast-page-background-enabled":"default","ast-page-background-meta":{"desktop":{"background-color":"","background-image":"","background-repeat":"repeat","background-position":"center center","background-size":"auto","background-attachment":"scroll","background-type":"","background-media":"","overlay-type":"","overlay-color":"","overlay-opacity":"","overlay-gradient":""},"tablet":{"background-color":"","background-image":"","background-repeat":"repeat","background-position":"center center","background-size":"auto","background-attachment":"scroll","background-type":"","background-media":"","overlay-type":"","overlay-color":"","overlay-opacity":"","overlay-gradient":""},"mobile":{"background-color":"","background-image":"","background-repeat":"repeat","background-position":"center center","background-size":"auto","background-attachment":"scroll","background-type":"","background-media":"","overlay-type":"","overlay-color":"","overlay-opacity":"","overlay-gradient":""}},"ast-content-background-meta":{"desktop":{"background-color":"var(--ast-global-color-5)","background-image":"","background-repeat":"repeat","background-position":"center center","background-size":"auto","background-attachment":"scroll","background-type":"","background-media":"","overlay-type":"","overlay-color":"","overlay-opacity":"","overlay-gradient":""},"tablet":{"background-color":"var(--ast-global-color-5)","background-image":"","background-repeat":"repeat","background-position":"center center","background-size":"auto","background-attachment":"scroll","background-type":"","background-media":"","overlay-type":"","overlay-color":"","overlay-opacity":"","overlay-gradient":""},"mobile":{"background-color":"var(--ast-global-color-5)","background-image":"","background-repeat":"repeat","background-position":"center center","background-size":"auto","background-attachment":"scroll","background-type":"","background-media":"","overlay-type":"","overlay-color":"","overlay-opacity":"","overlay-gradient":""}}},"product_brand":[],"product_cat":[240,207],"product_tag":[],"class_list":{"0":"post-27669","1":"product","2":"type-product","3":"status-publish","4":"has-post-thumbnail","6":"product_cat-huoneenraikastinpullot","7":"product_cat-huonetuoksun-valmistaminen","8":"desktop-align-left","9":"tablet-align-left","10":"mobile-align-left","11":"ast-product-gallery-layout-horizontal","12":"ast-product-gallery-with-no-image","13":"ast-product-single-variable","14":"ast-product-tabs-layout-horizontal","16":"first","17":"instock","18":"taxable","19":"shipping-taxable","20":"purchasable","21":"product-type-variable"},"_links":{"self":[{"href":"https:\/\/nordicdiy.ee\/fi\/wp-json\/wp\/v2\/product\/27669","targetHints":{"allow":["GET"]}}],"collection":[{"href":"https:\/\/nordicdiy.ee\/fi\/wp-json\/wp\/v2\/product"}],"about":[{"href":"https:\/\/nordicdiy.ee\/fi\/wp-json\/wp\/v2\/types\/product"}],"wp:featuredmedia":[{"embeddable":true,"href":"https:\/\/nordicdiy.ee\/fi\/wp-json\/wp\/v2\/media\/27725"}],"wp:attachment":[{"href":"https:\/\/nordicdiy.ee\/fi\/wp-json\/wp\/v2\/media?parent=27669"}],"wp:term":[{"taxonomy":"product_brand","embeddable":true,"href":"https:\/\/nordicdiy.ee\/fi\/wp-json\/wp\/v2\/product_brand?post=27669"},{"taxonomy":"product_cat","embeddable":true,"href":"https:\/\/nordicdiy.ee\/fi\/wp-json\/wp\/v2\/product_cat?post=27669"},{"taxonomy":"product_tag","embeddable":true,"href":"https:\/\/nordicdiy.ee\/fi\/wp-json\/wp\/v2\/product_tag?post=27669"}],"curies":[{"name":"wp","href":"https:\/\/api.w.org\/{rel}","templated":true}]}}