{"id":27947,"date":"2026-02-05T10:00:41","date_gmt":"2026-02-05T07:00:41","guid":{"rendered":"https:\/\/nordicdiy.ee\/epood\/Ei-luokiteltu\/meriahven-sls-vapaa-maxi-lowsweat-white-1kg\/"},"modified":"2026-02-26T17:21:56","modified_gmt":"2026-02-26T14:21:56","slug":"meriahven-sls-vapaa-maxi-lowsweat-white-1kg","status":"publish","type":"product","link":"https:\/\/nordicdiy.ee\/fi\/epood\/saippuan-valmistus\/saippuamassat\/meriahven-sls-vapaa-maxi-lowsweat-white-1kg\/","title":{"rendered":"Saippuamassa SLS Free MAXI Lowsweat WHITE 1kg"},"content":{"rendered":"<p data-start=\"722\" data-end=\"1026\">Zeni SLS Free MAXI Lowsweat White on korkealaatuinen valkoinen sulava saippuatahna k\u00e4sintehtyihin saippuoihin. Lowsweat-teknologian ansiosta saippuatahna kest\u00e4\u00e4 paremmin hikoilua eli kosteuden kertymist\u00e4 saippuan pinnalle, joten se sopii erinomaisesti kosteisiin ymp\u00e4rist\u00f6ihin, s\u00e4hk\u00f6iseen kaupank\u00e4yntiin ja pitk\u00e4\u00e4n s\u00e4ilytykseen. <\/p>\n<p data-start=\"1028\" data-end=\"1363\">Pastan suhteellisen hidas j\u00e4hmettyminen tekee siit\u00e4 ihanteellisen valinnan eritt\u00e4in yksityiskohtaisten saippuoiden valmistukseen. Kerrosten eritt\u00e4in vahva tarttuvuus (alkoholilla ruiskutettuna) mahdollistaa monikerroksisten design-saippuoiden valmistamisen. Saippuapastasta valmistetut saippuat on pakattava ilmatiiviisti, kun ne on valmistettu, jotta vesi ei haihtuisi ja paino ei laskisi.  <\/p>\n<p data-start=\"1365\" data-end=\"1582\">Saippua on SLS-vapaa, eli se ei sis\u00e4ll\u00e4 vahvaa pesuainetta natriumlauryylisulfaattia. Saippua on hell\u00e4varaisempi iholle, mutta vaahtoaa silti hyvin. Tuote ei sis\u00e4ll\u00e4 el\u00e4inper\u00e4isi\u00e4 ainesosia, eik\u00e4 sit\u00e4 ole testattu el\u00e4imill\u00e4.  <\/p>\n<p><strong>T\u00e4rkeimm\u00e4t ominaisuudet<\/strong><\/p>\n<ul>\n<li>Intensiivinen valkoinen s\u00e4vy<\/li>\n<li>Lowsweat-teknologia - v\u00e4hent\u00e4\u00e4 kosteuden kertymist\u00e4 saippuan pinnalle.<\/li>\n<li>Eritt\u00e4in hyv\u00e4 avoimuus<\/li>\n<li>Sopii kosteaan ilmastoon<\/li>\n<li>Pitk\u00e4 j\u00e4hmettymisaika yksityiskohtaisten saippuoiden luomiseksi<\/li>\n<li>Eritt\u00e4in vahva kerrosten tarttuvuus<\/li>\n<li>SLS-vapaa (herk\u00e4lle iholle)<\/li>\n<li>Ei el\u00e4inper\u00e4isi\u00e4 ainesosia<\/li>\n<li>Ei testattu el\u00e4imill\u00e4<br \/>\n<strong>Ainesosat<\/strong><\/p>\n<p>Aqua, natriumstearaatti, propyleeniglykoli, sorbitoli, sakkaroosi, glyseriini, natriumlauraatti, natriumlauretaanisulfaatti, dinatriumlauretaanisulfosukkinaatti, natriumkloridi, titaanidioksidi, steariinihappo, lauriinihappo, tetranatrium-EDTA.<\/p>\n<p><strong>Miten tehd\u00e4 saippuaa?<\/strong><\/p>\n<p>Valmiista saippuasekoituksesta on helppo tehd\u00e4 saippuaa:<\/p>\n<ol>\n<li>Leikkaa massa kuutioiksi (1-3 cm).<\/li>\n<li>Sulata kuutiot kuumassa vesihauteessa 65-70 \u00b0C:ssa tai mikroaaltouunissa (noin 400-500 W).<\/li>\n<\/ol>\n<ul>\n<li>L\u00e4mp\u00f6tila ei saa ylitt\u00e4\u00e4 75 \u00b0C.<\/li>\n<li>V\u00e4lt\u00e4 keitt\u00e4mist\u00e4.<\/li>\n<\/ul>\n<p>3. Lis\u00e4\u00e4 aromeja ja v\u00e4rej\u00e4.<\/p>\n<ul>\n<li>Suositeltu m\u00e4\u00e4r\u00e4 tuoksu\u00f6ljyj\u00e4 tai eteerisi\u00e4 \u00f6ljyj\u00e4: 10-20 g\/kg.<\/li>\n<li>L\u00f6yd\u00e4t tuoksu\u00f6ljyn sallitun enimm\u00e4ism\u00e4\u00e4r\u00e4n asianomaisesta <strong data-start=\"1559\" data-end=\"1578\">IFRA:n tuoksu\u00f6ljykategoriasta<\/strong> - noudata aina IFRA:n asettamia rajoja.<\/li>\n<li>Lis\u00e4\u00e4 v\u00e4riainetta pisara kerrallaan, kunnes saavutetaan haluttu tulos.<\/li>\n<li>Ihonhoitotuotteisiin voidaan haluttaessa lis\u00e4t\u00e4 my\u00f6s karitevoita, kaakaovoita, manteli\u00f6ljy\u00e4, kookos\u00f6ljy\u00e4 tai oliivi\u00f6ljy\u00e4. Yleens\u00e4 suositellaan enint\u00e4\u00e4n ~15 g\/kg, jotta saippuasta ei tule liian pehme\u00e4\u00e4. Sekoita kaikki lis\u00e4aineet saippuaseokseen ja varmista, ett\u00e4 kaikki lis\u00e4aineet sekoittuvat hyvin saippuaseokseen.  <\/li>\n<\/ul>\n<p>4. Kaada muottiin ja anna j\u00e4hmetty\u00e4 (noin 20-40 min).<\/p>\n<p>Keskim\u00e4\u00e4rin 1 kg saippuatahnaa voidaan k\u00e4ytt\u00e4\u00e4 noin 10 keskikokoisen saippuan valmistamiseen. Lowsweat-saippuasta valmistettu saippua on pakattava ilmatiiviisti muotista irrottamisen j\u00e4lkeen veden haihtumisen ja painonmenetyksen v\u00e4ltt\u00e4miseksi. <\/li>\n<\/ul>\n<p data-start=\"1365\" data-end=\"1582\">\n","protected":false},"excerpt":{"rendered":"<p>Zeni SLS Free MAXI Lowsweat White on intensiivisen valkoinen sulava saippuapohja, joka on suunniteltu k\u00e4ytett\u00e4v\u00e4ksi kosteissa ja vaihtelevissa s\u00e4\u00e4olosuhteissa. Lowsweat-teknologia auttaa v\u00e4hent\u00e4m\u00e4\u00e4n kosteuden kertymist\u00e4 saippuan pintaan ja sopii erinomaisesti yksityiskohtaisten ja monikerroksisten k\u00e4sintehtyjen saippuoiden valmistukseen. <\/p>\n<p>Saippuapasta voidaan sulattaa kuumassa vesihauteessa tai mikroaaltouunissa (noin 400-500 W), mink\u00e4 j\u00e4lkeen siihen voidaan lis\u00e4t\u00e4 tuoksu\u00f6ljyj\u00e4, v\u00e4rej\u00e4 ja muita lis\u00e4aineita. Saippua j\u00e4hmettyy muotissa noin 20-40 minuutissa ja on k\u00e4ytt\u00f6valmis. <a href=\"https:\/\/goldelseou.sharepoint.com\/:f:\/s\/Nordicdiy.ee\/IgCHtukjjICZS6qCp792p3QJASaskUAJQB88aFdo-MwWoSg?e=ERQvw3\" target=\"_blank\" rel=\"noopener\">Klikkaa t\u00e4st\u00e4 SDS-turvallisuustiedote.<\/a>  <\/p>\n","protected":false},"featured_media":28032,"template":"","meta":{"site-sidebar-layout":"default","site-content-layout":"","ast-site-content-layout":"default","site-content-style":"default","site-sidebar-style":"default","ast-global-header-display":"","ast-banner-title-visibility":"","ast-main-header-display":"","ast-hfb-above-header-display":"","ast-hfb-below-header-display":"","ast-hfb-mobile-header-display":"","site-post-title":"","ast-breadcrumbs-content":"","ast-featured-img":"","footer-sml-layout":"","ast-disable-related-posts":"","theme-transparent-header-meta":"default","adv-header-id-meta":"","stick-header-meta":"default","header-above-stick-meta":"","header-main-stick-meta":"","header-below-stick-meta":"","astra-migrate-meta-layouts":"default","ast-page-background-enabled":"default","ast-page-background-meta":{"desktop":{"background-color":"","background-image":"","background-repeat":"repeat","background-position":"center center","background-size":"auto","background-attachment":"scroll","background-type":"","background-media":"","overlay-type":"","overlay-color":"","overlay-opacity":"","overlay-gradient":""},"tablet":{"background-color":"","background-image":"","background-repeat":"repeat","background-position":"center center","background-size":"auto","background-attachment":"scroll","background-type":"","background-media":"","overlay-type":"","overlay-color":"","overlay-opacity":"","overlay-gradient":""},"mobile":{"background-color":"","background-image":"","background-repeat":"repeat","background-position":"center center","background-size":"auto","background-attachment":"scroll","background-type":"","background-media":"","overlay-type":"","overlay-color":"","overlay-opacity":"","overlay-gradient":""}},"ast-content-background-meta":{"desktop":{"background-color":"var(--ast-global-color-5)","background-image":"","background-repeat":"repeat","background-position":"center center","background-size":"auto","background-attachment":"scroll","background-type":"","background-media":"","overlay-type":"","overlay-color":"","overlay-opacity":"","overlay-gradient":""},"tablet":{"background-color":"var(--ast-global-color-5)","background-image":"","background-repeat":"repeat","background-position":"center center","background-size":"auto","background-attachment":"scroll","background-type":"","background-media":"","overlay-type":"","overlay-color":"","overlay-opacity":"","overlay-gradient":""},"mobile":{"background-color":"var(--ast-global-color-5)","background-image":"","background-repeat":"repeat","background-position":"center center","background-size":"auto","background-attachment":"scroll","background-type":"","background-media":"","overlay-type":"","overlay-color":"","overlay-opacity":"","overlay-gradient":""}}},"product_brand":[],"product_cat":[417,383,215],"product_tag":[],"class_list":{"0":"post-27947","1":"product","2":"type-product","3":"status-publish","4":"has-post-thumbnail","6":"product_cat-erikoistarjoukset","7":"product_cat-saippuamassat","8":"product_cat-saippuan-valmistus","9":"desktop-align-left","10":"tablet-align-left","11":"mobile-align-left","12":"ast-product-gallery-layout-horizontal","13":"ast-product-gallery-with-no-image","14":"ast-product-tabs-layout-horizontal","16":"first","17":"instock","18":"taxable","19":"shipping-taxable","20":"purchasable","21":"product-type-simple"},"_links":{"self":[{"href":"https:\/\/nordicdiy.ee\/fi\/wp-json\/wp\/v2\/product\/27947","targetHints":{"allow":["GET"]}}],"collection":[{"href":"https:\/\/nordicdiy.ee\/fi\/wp-json\/wp\/v2\/product"}],"about":[{"href":"https:\/\/nordicdiy.ee\/fi\/wp-json\/wp\/v2\/types\/product"}],"wp:featuredmedia":[{"embeddable":true,"href":"https:\/\/nordicdiy.ee\/fi\/wp-json\/wp\/v2\/media\/28032"}],"wp:attachment":[{"href":"https:\/\/nordicdiy.ee\/fi\/wp-json\/wp\/v2\/media?parent=27947"}],"wp:term":[{"taxonomy":"product_brand","embeddable":true,"href":"https:\/\/nordicdiy.ee\/fi\/wp-json\/wp\/v2\/product_brand?post=27947"},{"taxonomy":"product_cat","embeddable":true,"href":"https:\/\/nordicdiy.ee\/fi\/wp-json\/wp\/v2\/product_cat?post=27947"},{"taxonomy":"product_tag","embeddable":true,"href":"https:\/\/nordicdiy.ee\/fi\/wp-json\/wp\/v2\/product_tag?post=27947"}],"curies":[{"name":"wp","href":"https:\/\/api.w.org\/{rel}","templated":true}]}}