{"id":27957,"date":"2026-02-05T10:00:41","date_gmt":"2026-02-05T07:00:41","guid":{"rendered":"https:\/\/nordicdiy.ee\/epood\/Ei-luokiteltu\/merileva-sls-vapaa-shea-clear-1kg\/"},"modified":"2026-02-26T17:21:54","modified_gmt":"2026-02-26T14:21:54","slug":"merileva-sls-vapaa-shea-clear-1kg","status":"publish","type":"product","link":"https:\/\/nordicdiy.ee\/fi\/epood\/saippuan-valmistus\/saippuamassat\/merileva-sls-vapaa-shea-clear-1kg\/","title":{"rendered":"Saippuamassa SLS Free Shea CLEAR 1kg"},"content":{"rendered":"<p><strong>Zeni SLS Free Shea Clear on<\/strong> korkealaatuinen kirkas saippuapohja, joka on valmistettu luonnollisesta puhdistamattomasta sheavoista (2 %). Sheavoi on saippuoitu NaOH:lla ja se on per\u00e4isin Ghanasta. Puhdistamaton sheavoi antaa saippualle hieman kellert\u00e4v\u00e4n s\u00e4vyn ja hennon p\u00e4hkin\u00e4isen tuoksun.  <\/p>\n<p>Sheavoi-saippuamassa j\u00e4hmettyy nopeasti, mink\u00e4 vuoksi se soveltuu erityisen hyvin suuriin tuotantom\u00e4\u00e4riin ja nopeaan purkuun. Kerrosten eritt\u00e4in vahva tarttuvuus (ruiskuttamalla alkoholilla) mahdollistaa monikerroksisten ja yksityiskohtaisten saippuoiden valmistamisen. Pienempi painon kutistuminen on t\u00e4rke\u00e4 etu pitk\u00e4aikaisessa varastoinnissa ja pakkaamisessa.  <\/p>\n<p>Saippua on <strong>SLS-vapaa,<\/strong> eli se ei sis\u00e4ll\u00e4 vahvaa pesuainetta natriumlauryylisulfaattia. Saippua vaahtoaa runsaasti, on hell\u00e4varainen iholle eik\u00e4 sis\u00e4ll\u00e4 el\u00e4inper\u00e4isi\u00e4 ainesosia. Tuotetta ei ole testattu el\u00e4imill\u00e4.  <\/p>\n<p><strong>T\u00e4rkeimm\u00e4t ominaisuudet<\/strong><\/p>\n<ul>\n<li>Sis\u00e4lt\u00e4\u00e4 2 % puhdistamatonta karitevoita<\/li>\n<li>Liev\u00e4 kellert\u00e4v\u00e4 s\u00e4vy ja luonnollinen p\u00e4hkin\u00e4inen aromi.<\/li>\n<li>Nopea j\u00e4hmettyminen<\/li>\n<li>Runsas vaahtoaminen<\/li>\n<li>Hell\u00e4varainen tunne iholla<\/li>\n<li>Eritt\u00e4in vahva kerrosten tarttuvuus<\/li>\n<li>V\u00e4hemm\u00e4n kutistumista<\/li>\n<li>SLS-vapaa (herk\u00e4lle iholle)<\/li>\n<li><strong>Ei<\/strong> testattu el\u00e4imill\u00e4Komponentit\n<p>Glyseriini, Aqua, natriumstearaatti, monopropyleeniglykoli, natriumlauraatti, natriumlauretinsulfaatti, sorbitoli, saippuoitu karitevoi, dinatriumlauretinsulfosukkinaatti, natriumkloridi, tetranatrium-EDTA.<\/p>\n<p><strong>Miten tehd\u00e4 saippuaa?<\/strong><\/p>\n<p>Valmiista saippuasekoituksesta on helppo tehd\u00e4 saippuaa:<\/p>\n<ol>\n<li>Leikkaa massa kuutioiksi (1-3 cm).<\/li>\n<li>Sulata kuutiot kuumassa vesihauteessa 65-70 \u00b0C:ssa tai mikroaaltouunissa (noin 400-500 W).<\/li>\n<\/ol>\n<ul>\n<li>L\u00e4mp\u00f6tila ei saa ylitt\u00e4\u00e4 75 \u00b0C.<\/li>\n<li>V\u00e4lt\u00e4 keitt\u00e4mist\u00e4.<\/li>\n<\/ul>\n<p>3. Lis\u00e4\u00e4 aromeja ja v\u00e4rej\u00e4.<\/p>\n<ul>\n<li>Suositeltu m\u00e4\u00e4r\u00e4 tuoksu\u00f6ljyj\u00e4 tai eteerisi\u00e4 \u00f6ljyj\u00e4: 10-20 g\/kg.<\/li>\n<li>L\u00f6yd\u00e4t tuoksu\u00f6ljyn sallitun enimm\u00e4ism\u00e4\u00e4r\u00e4n asianomaisesta <strong data-start=\"1559\" data-end=\"1578\">IFRA:n tuoksu\u00f6ljykategoriasta<\/strong> - noudata aina IFRA:n asettamia rajoja.<\/li>\n<li>Lis\u00e4\u00e4 v\u00e4riainetta pisara kerrallaan, kunnes saavutetaan haluttu tulos.<\/li>\n<li>Ihonhoitotuotteisiin voidaan haluttaessa lis\u00e4t\u00e4 my\u00f6s karitevoita, kaakaovoita, manteli\u00f6ljy\u00e4, kookos\u00f6ljy\u00e4 tai oliivi\u00f6ljy\u00e4. Yleens\u00e4 suositellaan enint\u00e4\u00e4n ~15 g\/kg, jotta saippuasta ei tule liian pehme\u00e4\u00e4. Sekoita kaikki lis\u00e4aineet saippuaseokseen ja varmista, ett\u00e4 kaikki lis\u00e4aineet sekoittuvat hyvin saippuaseokseen.  <\/li>\n<\/ul>\n<p>4. Kaada muottiin ja anna j\u00e4hmetty\u00e4 (noin 20-40 min).<\/p>\n<p>Keskim\u00e4\u00e4rin 1 kg saippuatahnaa voidaan k\u00e4ytt\u00e4\u00e4 noin 10 keskikokoisen saippuan valmistamiseen. Valmis saippua kannattaa pakata kalvoon sen j\u00e4lkeen, kun se on otettu muotista, jotta kosteus ei haihtuisi. <\/li>\n<\/ul>\n","protected":false},"excerpt":{"rendered":"<p><strong>Zeni SLS Free Shea Clear on<\/strong> kirkas, suussa sulava saippuatahna k\u00e4sintehtyjen saippuoiden valmistukseen, jotka sis\u00e4lt\u00e4v\u00e4t saippuoitua puhdistamatonta sheavoita. T\u00e4m\u00e4 SLS-vapaa sheavoi-saippuaseos vaahtoaa hyvin, on hell\u00e4varainen iholle ja sopii sek\u00e4 yksityiskohtaisten ett\u00e4 jokap\u00e4iv\u00e4isten k\u00e4sintehtyjen saippuoiden valmistukseen. <\/p>\n<p>Sheavoi-saippuatahna voidaan sulattaa kuumassa vesihauteessa tai mikroaaltouunissa (noin 400-500 W), mink\u00e4 j\u00e4lkeen siihen voidaan lis\u00e4t\u00e4 tuoksu\u00f6ljyj\u00e4, v\u00e4rej\u00e4 ja muita lis\u00e4aineita. Saippua j\u00e4hmettyy muotissa noin 20-40 minuutissa ja on k\u00e4ytt\u00f6valmis. <a href=\"https:\/\/goldelseou.sharepoint.com\/:f:\/s\/Nordicdiy.ee\/IgCHtukjjICZS6qCp792p3QJASaskUAJQB88aFdo-MwWoSg?e=ERQvw3\" target=\"_blank\" rel=\"noopener\">Klikkaa t\u00e4st\u00e4 SDS-turvallisuustiedote.<\/a>  <\/p>\n","protected":false},"featured_media":28035,"template":"","meta":{"site-sidebar-layout":"default","site-content-layout":"","ast-site-content-layout":"default","site-content-style":"default","site-sidebar-style":"default","ast-global-header-display":"","ast-banner-title-visibility":"","ast-main-header-display":"","ast-hfb-above-header-display":"","ast-hfb-below-header-display":"","ast-hfb-mobile-header-display":"","site-post-title":"","ast-breadcrumbs-content":"","ast-featured-img":"","footer-sml-layout":"","ast-disable-related-posts":"","theme-transparent-header-meta":"default","adv-header-id-meta":"","stick-header-meta":"default","header-above-stick-meta":"","header-main-stick-meta":"","header-below-stick-meta":"","astra-migrate-meta-layouts":"default","ast-page-background-enabled":"default","ast-page-background-meta":{"desktop":{"background-color":"","background-image":"","background-repeat":"repeat","background-position":"center center","background-size":"auto","background-attachment":"scroll","background-type":"","background-media":"","overlay-type":"","overlay-color":"","overlay-opacity":"","overlay-gradient":""},"tablet":{"background-color":"","background-image":"","background-repeat":"repeat","background-position":"center center","background-size":"auto","background-attachment":"scroll","background-type":"","background-media":"","overlay-type":"","overlay-color":"","overlay-opacity":"","overlay-gradient":""},"mobile":{"background-color":"","background-image":"","background-repeat":"repeat","background-position":"center center","background-size":"auto","background-attachment":"scroll","background-type":"","background-media":"","overlay-type":"","overlay-color":"","overlay-opacity":"","overlay-gradient":""}},"ast-content-background-meta":{"desktop":{"background-color":"var(--ast-global-color-5)","background-image":"","background-repeat":"repeat","background-position":"center center","background-size":"auto","background-attachment":"scroll","background-type":"","background-media":"","overlay-type":"","overlay-color":"","overlay-opacity":"","overlay-gradient":""},"tablet":{"background-color":"var(--ast-global-color-5)","background-image":"","background-repeat":"repeat","background-position":"center center","background-size":"auto","background-attachment":"scroll","background-type":"","background-media":"","overlay-type":"","overlay-color":"","overlay-opacity":"","overlay-gradient":""},"mobile":{"background-color":"var(--ast-global-color-5)","background-image":"","background-repeat":"repeat","background-position":"center center","background-size":"auto","background-attachment":"scroll","background-type":"","background-media":"","overlay-type":"","overlay-color":"","overlay-opacity":"","overlay-gradient":""}}},"product_brand":[],"product_cat":[417,383,215],"product_tag":[],"class_list":{"0":"post-27957","1":"product","2":"type-product","3":"status-publish","4":"has-post-thumbnail","6":"product_cat-erikoistarjoukset","7":"product_cat-saippuamassat","8":"product_cat-saippuan-valmistus","9":"desktop-align-left","10":"tablet-align-left","11":"mobile-align-left","12":"ast-product-gallery-layout-horizontal","13":"ast-product-gallery-with-no-image","14":"ast-product-tabs-layout-horizontal","16":"first","17":"instock","18":"taxable","19":"shipping-taxable","20":"purchasable","21":"product-type-simple"},"_links":{"self":[{"href":"https:\/\/nordicdiy.ee\/fi\/wp-json\/wp\/v2\/product\/27957","targetHints":{"allow":["GET"]}}],"collection":[{"href":"https:\/\/nordicdiy.ee\/fi\/wp-json\/wp\/v2\/product"}],"about":[{"href":"https:\/\/nordicdiy.ee\/fi\/wp-json\/wp\/v2\/types\/product"}],"wp:featuredmedia":[{"embeddable":true,"href":"https:\/\/nordicdiy.ee\/fi\/wp-json\/wp\/v2\/media\/28035"}],"wp:attachment":[{"href":"https:\/\/nordicdiy.ee\/fi\/wp-json\/wp\/v2\/media?parent=27957"}],"wp:term":[{"taxonomy":"product_brand","embeddable":true,"href":"https:\/\/nordicdiy.ee\/fi\/wp-json\/wp\/v2\/product_brand?post=27957"},{"taxonomy":"product_cat","embeddable":true,"href":"https:\/\/nordicdiy.ee\/fi\/wp-json\/wp\/v2\/product_cat?post=27957"},{"taxonomy":"product_tag","embeddable":true,"href":"https:\/\/nordicdiy.ee\/fi\/wp-json\/wp\/v2\/product_tag?post=27957"}],"curies":[{"name":"wp","href":"https:\/\/api.w.org\/{rel}","templated":true}]}}