{"id":28065,"date":"2026-02-05T13:15:41","date_gmt":"2026-02-05T10:15:41","guid":{"rendered":"https:\/\/nordicdiy.ee\/epood\/Ei-luokiteltu\/merileva-sls-free-swirl-white-1kg\/"},"modified":"2026-02-26T17:22:04","modified_gmt":"2026-02-26T14:22:04","slug":"merileva-sls-free-swirl-white-1kg","status":"publish","type":"product","link":"https:\/\/nordicdiy.ee\/fi\/epood\/saippuan-valmistus\/saippuamassat\/merileva-sls-free-swirl-white-1kg\/","title":{"rendered":"Saippuamassa SLS Free Swirl WHITE 1kg"},"content":{"rendered":"<p><strong>Zeni SLS Free Swirl White on<\/strong> valkoinen, korkeaviskoosinen saippuapohja, joka on suunniteltu py\u00f6rrekuvioihin ja koriste-efekteihin. Sulatetun tahnan koostumus on paksumpi, joten eriv\u00e4riset tahnakerrokset eiv\u00e4t sekoitu liian nopeasti ja py\u00f6rrekuviot pysyv\u00e4t selv\u00e4sti n\u00e4kyviss\u00e4. <\/p>\n<p>Korkean viskositeetin ansiosta t\u00e4m\u00e4 saippuasekoitus soveltuu hyvin my\u00f6s kuorivien saippuoiden valmistukseen - pienet partikkelit, kuten kuorintarakeet tai kuivatut lis\u00e4aineet, jakautuvat tasaisesti eiv\u00e4tk\u00e4 vajoa pohjaan. Kerrosten eritt\u00e4in vahva tarttuvuus (alkoholilla ruiskutettaessa) auttaa luomaan monikerroksisia design-saippuoita. <\/p>\n<p>Saippua kutistuu v\u00e4hemm\u00e4n, mik\u00e4 on t\u00e4rke\u00e4 etu pitk\u00e4aikaisessa varastoinnissa ja pakkaamisessa.<\/p>\n<p><strong>SLS-vapaa koostumus<\/strong> tarkoittaa, ett\u00e4 koostumus ei sis\u00e4ll\u00e4 vahvaa pesuainetta natriumlauryylisulfaattia, joten saippua on hell\u00e4varaisempi iholle s\u00e4ilytt\u00e4en samalla hyv\u00e4t vaahtoutumisominaisuudet.<\/p>\n<p><strong>T\u00e4rkeimm\u00e4t ominaisuudet<\/strong><\/p>\n<ul>\n<li>Korkea viskositeetti - ihanteellinen py\u00f6rrekuvioiden luomiseen.<\/li>\n<li>Pienet hiukkaset pysyv\u00e4t tasaisesti jakautuneina<\/li>\n<li>Soveltuu kuorivien saippuoiden valmistukseen<\/li>\n<li>Eritt\u00e4in vahva kerrosten tarttuvuus<\/li>\n<li>V\u00e4hemm\u00e4n kutistumista<\/li>\n<li>Runsas vaahtoaminen<\/li>\n<li>SLS-vapaa (herk\u00e4lle iholle)<\/li>\n<li>Ei testattu el\u00e4imill\u00e4<\/li>\n<\/ul>\n<p><strong>Ainesosat<\/strong><\/p>\n<p>Aqua, glyseriini, natriumstearaatti, propyleeniglykoli, sorbitoli, natriumlauraatti, natriumlauretaanisulfaatti, disoduimilauretaanisulfosukkinaatti, piidioksidi, natriumkloridi, titaanidioksidi, steariinihappo, lauriinihappo, tetranatriumedta.<\/p>\n<p><strong>Miten tehd\u00e4 saippuaa?<\/strong><\/p>\n<p>Valmiista saippuasekoituksesta on helppo tehd\u00e4 saippuaa:<\/p>\n<ol>\n<li>Leikkaa massa kuutioiksi (1-3 cm).<\/li>\n<li>Sulata kuutiot kuumassa vesihauteessa 65-70 \u00b0C:ssa tai mikroaaltouunissa (noin 400-500 W).<\/li>\n<\/ol>\n<ul>\n<li>L\u00e4mp\u00f6tila ei saa ylitt\u00e4\u00e4 75 \u00b0C.<\/li>\n<li>V\u00e4lt\u00e4 keitt\u00e4mist\u00e4.<\/li>\n<\/ul>\n<p>3. Lis\u00e4\u00e4 aromeja ja v\u00e4rej\u00e4.<\/p>\n<ul>\n<li>Suositeltu m\u00e4\u00e4r\u00e4 tuoksu\u00f6ljyj\u00e4 tai eteerisi\u00e4 \u00f6ljyj\u00e4: 10-20 g\/kg.<\/li>\n<li>L\u00f6yd\u00e4t tuoksu\u00f6ljyn sallitun enimm\u00e4ism\u00e4\u00e4r\u00e4n asianomaisesta <strong data-start=\"1559\" data-end=\"1578\">IFRA:n tuoksu\u00f6ljykategoriasta<\/strong> - noudata aina IFRA:n asettamia rajoja.<\/li>\n<li>Lis\u00e4\u00e4 v\u00e4riainetta pisara kerrallaan, kunnes saavutetaan haluttu tulos.<\/li>\n<li>Ihonhoitotuotteisiin voidaan haluttaessa lis\u00e4t\u00e4 my\u00f6s karitevoita, kaakaovoita, manteli\u00f6ljy\u00e4, kookos\u00f6ljy\u00e4 tai oliivi\u00f6ljy\u00e4. Yleens\u00e4 suositellaan enint\u00e4\u00e4n ~15 g\/kg, jotta saippuasta ei tule liian pehme\u00e4\u00e4. Sekoita kaikki lis\u00e4aineet saippuaseokseen ja varmista, ett\u00e4 kaikki lis\u00e4aineet sekoittuvat hyvin saippuaseokseen.  <\/li>\n<\/ul>\n<p>4. Kaada muottiin ja anna j\u00e4hmetty\u00e4 (noin 20-40 min).<\/p>\n<p>Keskim\u00e4\u00e4rin 1 kg saippuatahnaa voidaan k\u00e4ytt\u00e4\u00e4 noin 10 keskikokoisen saippuan valmistamiseen. Valmis saippua kannattaa pakata kalvoon sen j\u00e4lkeen, kun se on otettu muotista, jotta kosteus ei haihtuisi. <\/p>\n","protected":false},"excerpt":{"rendered":"<p><strong>Zeni SLS Free Swirl White on<\/strong> korkeaviskositeettinen sulava saippua, joka on suunniteltu erityisesti py\u00f6rreefektien ja kuvioiden luomiseen k\u00e4sintehtyihin saippuoihin. T\u00e4m\u00e4n SLS-vapaan maitomaisen saippuan ansiosta v\u00e4rikerrokset ja -hiukkaset pysyv\u00e4t paikoillaan, joten se on ihanteellinen design-saippuoissa. <\/p>\n<p>Saippuapasta voidaan sulattaa kuumassa vesihauteessa tai mikroaaltouunissa (noin 400-500 W), mink\u00e4 j\u00e4lkeen siihen voidaan lis\u00e4t\u00e4 tuoksu\u00f6ljyj\u00e4, v\u00e4rej\u00e4 ja muita lis\u00e4aineita. Saippua j\u00e4hmettyy muotissa noin 20-40 minuutissa ja on k\u00e4ytt\u00f6valmis. <a href=\"https:\/\/goldelseou.sharepoint.com\/:f:\/s\/Nordicdiy.ee\/IgCHtukjjICZS6qCp792p3QJASaskUAJQB88aFdo-MwWoSg?e=ERQvw3\" target=\"_blank\" rel=\"noopener\">Klikkaa t\u00e4st\u00e4 SDS-turvallisuustiedote.<\/a>  <\/p>\n","protected":false},"featured_media":28038,"template":"","meta":{"site-sidebar-layout":"default","site-content-layout":"","ast-site-content-layout":"default","site-content-style":"default","site-sidebar-style":"default","ast-global-header-display":"","ast-banner-title-visibility":"","ast-main-header-display":"","ast-hfb-above-header-display":"","ast-hfb-below-header-display":"","ast-hfb-mobile-header-display":"","site-post-title":"","ast-breadcrumbs-content":"","ast-featured-img":"","footer-sml-layout":"","ast-disable-related-posts":"","theme-transparent-header-meta":"default","adv-header-id-meta":"","stick-header-meta":"default","header-above-stick-meta":"","header-main-stick-meta":"","header-below-stick-meta":"","astra-migrate-meta-layouts":"default","ast-page-background-enabled":"default","ast-page-background-meta":{"desktop":{"background-color":"","background-image":"","background-repeat":"repeat","background-position":"center center","background-size":"auto","background-attachment":"scroll","background-type":"","background-media":"","overlay-type":"","overlay-color":"","overlay-opacity":"","overlay-gradient":""},"tablet":{"background-color":"","background-image":"","background-repeat":"repeat","background-position":"center center","background-size":"auto","background-attachment":"scroll","background-type":"","background-media":"","overlay-type":"","overlay-color":"","overlay-opacity":"","overlay-gradient":""},"mobile":{"background-color":"","background-image":"","background-repeat":"repeat","background-position":"center center","background-size":"auto","background-attachment":"scroll","background-type":"","background-media":"","overlay-type":"","overlay-color":"","overlay-opacity":"","overlay-gradient":""}},"ast-content-background-meta":{"desktop":{"background-color":"var(--ast-global-color-5)","background-image":"","background-repeat":"repeat","background-position":"center center","background-size":"auto","background-attachment":"scroll","background-type":"","background-media":"","overlay-type":"","overlay-color":"","overlay-opacity":"","overlay-gradient":""},"tablet":{"background-color":"var(--ast-global-color-5)","background-image":"","background-repeat":"repeat","background-position":"center center","background-size":"auto","background-attachment":"scroll","background-type":"","background-media":"","overlay-type":"","overlay-color":"","overlay-opacity":"","overlay-gradient":""},"mobile":{"background-color":"var(--ast-global-color-5)","background-image":"","background-repeat":"repeat","background-position":"center center","background-size":"auto","background-attachment":"scroll","background-type":"","background-media":"","overlay-type":"","overlay-color":"","overlay-opacity":"","overlay-gradient":""}}},"product_brand":[],"product_cat":[417,383,215],"product_tag":[],"class_list":{"0":"post-28065","1":"product","2":"type-product","3":"status-publish","4":"has-post-thumbnail","6":"product_cat-erikoistarjoukset","7":"product_cat-saippuamassat","8":"product_cat-saippuan-valmistus","9":"desktop-align-left","10":"tablet-align-left","11":"mobile-align-left","12":"ast-product-gallery-layout-horizontal","13":"ast-product-gallery-with-no-image","14":"ast-product-tabs-layout-horizontal","16":"first","17":"outofstock","18":"taxable","19":"shipping-taxable","20":"purchasable","21":"product-type-simple"},"_links":{"self":[{"href":"https:\/\/nordicdiy.ee\/fi\/wp-json\/wp\/v2\/product\/28065","targetHints":{"allow":["GET"]}}],"collection":[{"href":"https:\/\/nordicdiy.ee\/fi\/wp-json\/wp\/v2\/product"}],"about":[{"href":"https:\/\/nordicdiy.ee\/fi\/wp-json\/wp\/v2\/types\/product"}],"wp:featuredmedia":[{"embeddable":true,"href":"https:\/\/nordicdiy.ee\/fi\/wp-json\/wp\/v2\/media\/28038"}],"wp:attachment":[{"href":"https:\/\/nordicdiy.ee\/fi\/wp-json\/wp\/v2\/media?parent=28065"}],"wp:term":[{"taxonomy":"product_brand","embeddable":true,"href":"https:\/\/nordicdiy.ee\/fi\/wp-json\/wp\/v2\/product_brand?post=28065"},{"taxonomy":"product_cat","embeddable":true,"href":"https:\/\/nordicdiy.ee\/fi\/wp-json\/wp\/v2\/product_cat?post=28065"},{"taxonomy":"product_tag","embeddable":true,"href":"https:\/\/nordicdiy.ee\/fi\/wp-json\/wp\/v2\/product_tag?post=28065"}],"curies":[{"name":"wp","href":"https:\/\/api.w.org\/{rel}","templated":true}]}}