{"id":28100,"date":"2026-03-05T03:22:42","date_gmt":"2026-03-05T00:22:42","guid":{"rendered":"https:\/\/nordicdiy.ee\/epood\/Ei-luokiteltu\/kynttilalasi-orchid-tint-pearl-180ml-h775-x-d70-mm-h775-x-d70-mm\/"},"modified":"2026-02-23T18:56:09","modified_gmt":"2026-02-23T15:56:09","slug":"kynttilalasi-orchid-tint-pearl-180ml-h775-x-d70-mm-h775-x-d70-mm","status":"publish","type":"product","link":"https:\/\/nordicdiy.ee\/fi\/epood\/kynttiloiden-valmistus-fi\/kynttilalasit-ja-kannet\/kynttilalasi-orchid-tint-pearl-180ml-h775-x-d70-mm-h775-x-d70-mm\/","title":{"rendered":"Kynttil\u00e4lasi Orchid Tint pearl 180ml, h77,5 x d70 mm, h77,5 x d70 mm."},"content":{"rendered":"<div class=\"woocommerce-tabs wc-tabs-wrapper\">\n<div id=\"tab-description\" class=\"woocommerce-Tabs-panel woocommerce-Tabs-panel--description panel entry-content wc-tab\" role=\"tabpanel\" aria-labelledby=\"tab-title-description\">\n<p class=\"isSelectedEnd\">Kynttil\u00e4lasin mitat ovat <strong>h77,5 \u00d7 d70 mm, jotka sopivat<\/strong> t\u00e4ydellisesti erilaisille vahoille ja tuoksuyhdistelmille. Valitse suosikkis\u00e4vysi tai luo kokonainen kev\u00e4tsarja - eksklusiivinen pastelliv\u00e4rinen kynttil\u00e4lasikokoelma antaa kynttil\u00f6illesi raikkaan, trendikk\u00e4\u00e4n ja ammattimaisen ilmeen. Mallistossa on yhteens\u00e4 6 herkk\u00e4\u00e4 kev\u00e4tv\u00e4ri\u00e4, jotka luovat harmonisen ja huomiota her\u00e4tt\u00e4v\u00e4n valikoiman:  <\/p>\n<ul data-spread=\"false\">\n<li>\n<p class=\"isSelectedEnd\"><strong>Ice Lemon -<\/strong> vaaleankeltainen<\/p>\n<\/li>\n<li>\n<p class=\"isSelectedEnd\"><strong>Sateenpisarat ruusuilla -<\/strong> vaaleanpunainen<\/p>\n<\/li>\n<li>\n<p class=\"isSelectedEnd\"><strong>Ice Melt -<\/strong> vaaleansininen<\/p>\n<\/li>\n<li>\n<p class=\"isSelectedEnd\"><strong>Peach Dust -<\/strong> vaalean oranssi<\/p>\n<\/li>\n<li>\n<p class=\"isSelectedEnd\"><strong>Almost Aqua -<\/strong> vaaleanvihre\u00e4<\/p>\n<\/li>\n<li>\n<p class=\"isSelectedEnd\"><strong>Orchid Tint -<\/strong> helmi<\/p>\n<\/li>\n<\/ul>\n<p>Vahvasta, l\u00e4mm\u00f6nkest\u00e4v\u00e4st\u00e4 lasista valmistettu kynttil\u00e4astia on suunniteltu erityisesti kynttil\u00f6iden kaatamiseen - turvallinen, esteettinen ja uudelleenk\u00e4ytett\u00e4v\u00e4. Kun kynttil\u00e4 on palanut loppuun, astia voidaan helposti puhdistaa ja k\u00e4ytt\u00e4\u00e4 uudelleen. <\/p>\n<p><strong>Lasin edut:<\/strong><\/p>\n<ul>\n<li>Turvallinen ja l\u00e4mm\u00f6nkest\u00e4v\u00e4 - suunniteltu kynttil\u00f6iden valmistukseen<\/li>\n<li>Uudelleenk\u00e4ytett\u00e4v\u00e4 ja ymp\u00e4rist\u00f6yst\u00e4v\u00e4llinen<\/li>\n<li>Kaunis ja tyylik\u00e4s ulkon\u00e4k\u00f6<\/li>\n<li>Ei sis\u00e4ll\u00e4 raskasmetalleja<\/li>\n<\/ul>\n<p><strong>Tekniset tiedot:<\/strong><\/p>\n<ul>\n<li>Korkeus: 7,7 cm<\/li>\n<li>Yl\u00e4osan halkaisija: 7 cm<\/li>\n<li>Pohjan halkaisija: 6,3 cm<\/li>\n<li>Kapasiteetti: 180 ml<\/li>\n<li>V\u00e4ri: vaalean violetti matta<\/li>\n<\/ul>\n<p><strong>Lasin maalaamiseen on k\u00e4ytetty UFIREADY-lakkaa:<\/strong><\/p>\n<p>Aspol Scentra -koristelasit on pinnoitettu korkealaatuisilla UFIREADY-lakoilla, jotka takaavat kest\u00e4v\u00e4n ja turvallisen pinnan.<\/p>\n<p><strong>V\u00e4riominaisuudet:<\/strong><\/p>\n<ul>\n<li>T\u00e4ytt\u00e4\u00e4 kaikki EU:n turvallisuus- ja laatustandardit<\/li>\n<li>Kest\u00e4v\u00e4 - s\u00e4ilytt\u00e4\u00e4 v\u00e4rin ja kiillon pitk\u00e4nkin k\u00e4yt\u00f6n j\u00e4lkeen.<\/li>\n<li>Kest\u00e4\u00e4 jopa 500 astianpesukertaa<\/li>\n<li>Kemiallisesti kest\u00e4v\u00e4 ja helppohoitoinen<\/li>\n<li>Turvallinen kosketuksissa elintarvikkeiden kanssa<\/li>\n<li>Vegaaninen ja el\u00e4inkokeeton<\/li>\n<li>Ei sis\u00e4ll\u00e4 raskasmetalleja eik\u00e4 ftalaatteja<\/li>\n<\/ul>\n<\/div>\n<\/div>\n","protected":false},"excerpt":{"rendered":"<p>Kev\u00e4\u00e4n raikkauden innoittamana t\u00e4m\u00e4 <strong>pastelliv\u00e4risten kynttil\u00e4npidinten kokoelma on<\/strong> luotu erityisesti t\u00e4t\u00e4 vuodenaikaa varten. Pantonen vuoden 2026 pastelliv\u00e4rien innoittamana satiinimattak\u00e4sittely luo tyylikk\u00e4\u00e4n ja ajattoman lopputuloksen - t\u00e4ydellinen sek\u00e4 askartelukynttil\u00f6ille ett\u00e4 kodin sisustukseen. 180 ml:n tilavuus on yksi suosituimmista kynttil\u00e4njalostajien keskuudessa, ja se tarjoaa tasapainon esteettisyyden ja k\u00e4yt\u00e4nn\u00f6llisyyden v\u00e4lill\u00e4. Kynttil\u00e4n polton j\u00e4lkeen astia voidaan helposti puhdistaa ja k\u00e4ytt\u00e4\u00e4 uudelleen.   <\/p>\n","protected":false},"featured_media":28131,"template":"","meta":{"site-sidebar-layout":"default","site-content-layout":"","ast-site-content-layout":"default","site-content-style":"default","site-sidebar-style":"default","ast-global-header-display":"","ast-banner-title-visibility":"","ast-main-header-display":"","ast-hfb-above-header-display":"","ast-hfb-below-header-display":"","ast-hfb-mobile-header-display":"","site-post-title":"","ast-breadcrumbs-content":"","ast-featured-img":"","footer-sml-layout":"","ast-disable-related-posts":"","theme-transparent-header-meta":"default","adv-header-id-meta":"","stick-header-meta":"default","header-above-stick-meta":"","header-main-stick-meta":"","header-below-stick-meta":"","astra-migrate-meta-layouts":"default","ast-page-background-enabled":"default","ast-page-background-meta":{"desktop":{"background-color":"","background-image":"","background-repeat":"repeat","background-position":"center center","background-size":"auto","background-attachment":"scroll","background-type":"","background-media":"","overlay-type":"","overlay-color":"","overlay-opacity":"","overlay-gradient":""},"tablet":{"background-color":"","background-image":"","background-repeat":"repeat","background-position":"center center","background-size":"auto","background-attachment":"scroll","background-type":"","background-media":"","overlay-type":"","overlay-color":"","overlay-opacity":"","overlay-gradient":""},"mobile":{"background-color":"","background-image":"","background-repeat":"repeat","background-position":"center center","background-size":"auto","background-attachment":"scroll","background-type":"","background-media":"","overlay-type":"","overlay-color":"","overlay-opacity":"","overlay-gradient":""}},"ast-content-background-meta":{"desktop":{"background-color":"var(--ast-global-color-5)","background-image":"","background-repeat":"repeat","background-position":"center center","background-size":"auto","background-attachment":"scroll","background-type":"","background-media":"","overlay-type":"","overlay-color":"","overlay-opacity":"","overlay-gradient":""},"tablet":{"background-color":"var(--ast-global-color-5)","background-image":"","background-repeat":"repeat","background-position":"center center","background-size":"auto","background-attachment":"scroll","background-type":"","background-media":"","overlay-type":"","overlay-color":"","overlay-opacity":"","overlay-gradient":""},"mobile":{"background-color":"var(--ast-global-color-5)","background-image":"","background-repeat":"repeat","background-position":"center center","background-size":"auto","background-attachment":"scroll","background-type":"","background-media":"","overlay-type":"","overlay-color":"","overlay-opacity":"","overlay-gradient":""}}},"product_brand":[],"product_cat":[417,163,158],"product_tag":[],"class_list":{"0":"post-28100","1":"product","2":"type-product","3":"status-publish","4":"has-post-thumbnail","6":"product_cat-erikoistarjoukset","7":"product_cat-kynttilalasit-ja-kannet","8":"product_cat-kynttiloiden-valmistus-fi","9":"desktop-align-left","10":"tablet-align-left","11":"mobile-align-left","12":"ast-product-gallery-layout-horizontal","13":"ast-product-tabs-layout-horizontal","15":"first","16":"instock","17":"sale","18":"taxable","19":"shipping-taxable","20":"purchasable","21":"product-type-simple"},"_links":{"self":[{"href":"https:\/\/nordicdiy.ee\/fi\/wp-json\/wp\/v2\/product\/28100","targetHints":{"allow":["GET"]}}],"collection":[{"href":"https:\/\/nordicdiy.ee\/fi\/wp-json\/wp\/v2\/product"}],"about":[{"href":"https:\/\/nordicdiy.ee\/fi\/wp-json\/wp\/v2\/types\/product"}],"wp:featuredmedia":[{"embeddable":true,"href":"https:\/\/nordicdiy.ee\/fi\/wp-json\/wp\/v2\/media\/28131"}],"wp:attachment":[{"href":"https:\/\/nordicdiy.ee\/fi\/wp-json\/wp\/v2\/media?parent=28100"}],"wp:term":[{"taxonomy":"product_brand","embeddable":true,"href":"https:\/\/nordicdiy.ee\/fi\/wp-json\/wp\/v2\/product_brand?post=28100"},{"taxonomy":"product_cat","embeddable":true,"href":"https:\/\/nordicdiy.ee\/fi\/wp-json\/wp\/v2\/product_cat?post=28100"},{"taxonomy":"product_tag","embeddable":true,"href":"https:\/\/nordicdiy.ee\/fi\/wp-json\/wp\/v2\/product_tag?post=28100"}],"curies":[{"name":"wp","href":"https:\/\/api.w.org\/{rel}","templated":true}]}}