{"id":28345,"date":"2026-02-10T10:20:23","date_gmt":"2026-02-10T07:20:23","guid":{"rendered":"https:\/\/nordicdiy.ee\/epood\/Ei-luokiteltu\/esileikattu-sydanlanka-wedo-bio-2-h10cm\/"},"modified":"2026-05-03T16:17:23","modified_gmt":"2026-05-03T13:17:23","slug":"esileikattu-sydanlanka-wedo-bio-2-h10cm","status":"publish","type":"product","link":"https:\/\/nordicdiy.ee\/fi\/epood\/kynttiloiden-valmistus-fi\/kynttilan-sydanlangat-ja-alustat\/esileikattu-sydanlanka-wedo-bio-2-h10cm\/","title":{"rendered":"Esileikattu syd\u00e4nlanka Wedo BIO 2 h10cm"},"content":{"rendered":"<p><strong>BIO 2 Puuvillakynttil\u00e4npidin metallijalustalla (<\/strong> 10 cm) on laadukas ja k\u00e4yt\u00e4nn\u00f6llinen ratkaisu DIY-kynttil\u00f6iden valmistukseen lasissa ja muissa kynttil\u00e4npidikkeiss\u00e4. Se on valmiiksi vahattua kynttil\u00e4vahaa, joka on k\u00e4ytt\u00f6valmis eik\u00e4 vaadi muita valmistelutoimenpiteit\u00e4 ennen k\u00e4ytt\u00f6\u00e4. Vaha on valmistettu luonnollisesta puuvillasta, joka on lomitettu paperikuidulla parantaakseen vahan kapillaarista kulkeutumista liekkiin. T\u00e4m\u00e4n ansiosta kynttil\u00e4 palaa tasaisesti, vakaasti ja savuttomasti. Vahan esisukellus auttaa kynttil\u00e4n syd\u00e4nlankaa syttym\u00e4\u00e4n helpommin ja pit\u00e4\u00e4 palamisen tasaisena. Vahaan kiinnitetyn metallijalustan ansiosta syd\u00e4nlanka on helppo kiinnitt\u00e4\u00e4 kynttil\u00e4astian pohjaan ja pit\u00e4\u00e4 sen suorassa asennossa vahaa kaadettaessa. T\u00e4m\u00e4 on t\u00e4rke\u00e4\u00e4 sek\u00e4 kynttil\u00e4n ulkon\u00e4\u00f6n ett\u00e4 palamisen laadun kannalta. 10 cm:n mittainen syd\u00e4nlanka sopii erikorkuisiin kynttil\u00f6ihin. Kynttil\u00e4nlanka voidaan leikata ennen kynttil\u00e4n kaatamista tai sen j\u00e4lkeen.        <\/p>\n<p>BIO 2 -lanka soveltuu k\u00e4ytett\u00e4v\u00e4ksi soijavahan, parafiinivahan ja erilaisten vahasekoitusten kanssa, joten se on yleisvalinta erilaisten s\u00e4ili\u00f6kynttil\u00f6iden valmistukseen.<\/p>\n<p>BIO 2 -kynttil\u00e4npidikkeet sopivat yleens\u00e4 halkaisijaltaan pienille ja keskisuurille s\u00e4ili\u00f6kynttil\u00f6ille. Suositeltava lasin halkaisija on noin 5-6 cm halkaisijaltaan olevat lasit tai kynttil\u00e4njalat. <\/p>\n<p><strong>T\u00e4rke\u00e4\u00e4 tiet\u00e4\u00e4<\/strong><\/p>\n<ul>\n<li>Lamppua valittaessa sopivuuteen vaikuttavat useat tekij\u00e4t:<\/li>\n<li>k\u00e4ytetyn vahan tyyppi (Soijavaha, parafiini, vahasekoitukset).<\/li>\n<li>m\u00e4\u00e4r\u00e4 tuoksu\u00f6ljy\u00e4<\/li>\n<li>v\u00e4riaineiden k\u00e4ytt\u00f6<\/li>\n<li>lasin muoto<\/li>\n<\/ul>\n<p>Esimerkiksi: Soijavahalle sama syd\u00e4nlanka voi sopia paremmin lasiin, jonka halkaisija on 5-5,5 cm, ja parafiinivahalle se voi sopia jopa 6 cm:n lasiin. Kynttil\u00e4nvalmistajien k\u00e4yt\u00e4nn\u00f6ss\u00e4 BIO 2 -langat ovat usein k\u00e4yt\u00f6ss\u00e4 pieniss\u00e4 soijakynttil\u00e4laseissa, koekynttil\u00f6iden valmistuksessa tai matkakynttil\u00f6iden tai minikynttil\u00f6iden valmistuksessa. <\/p>\n<p><strong>Suositus: kannattaa aina tehd\u00e4 polttotesti, sill\u00e4 hajuvesi ja vaha voivat muuttaa palamisen voimakkuutta.<\/strong><\/p>\n<p><strong>Tuotteen ominaisuudet<\/strong><\/p>\n<ul>\n<li>Pastatyyppi: puuvilla, litte\u00e4<\/li>\n<li>Tyyppi: BIO 2<\/li>\n<li>Muoto: metallijalustalla, valmiiksi taottu.<\/li>\n<li>Pituus: 10 cm (voidaan tarvittaessa leikata).<\/li>\n<li>M\u00e4\u00e4r\u00e4 pakkausta kohti: 10 kpl tai 100 kpl<\/li>\n<li>Materiaali: luonnon puuvillaa ja paperikuituja<\/li>\n<li>Soveltuu k\u00e4ytett\u00e4v\u00e4ksi: lasiin valetuissa kynttil\u00f6iss\u00e4 ja kynttil\u00e4njaloissa.<\/li>\n<li>Sopivat vahat: Soijavaha, parafiini, vahaseokset.<\/li>\n<li>Palaminen: vakaa ja tasainen<\/li>\n<\/ul>\n<p><strong>Suositeltava lasin halkaisija BIO-kynttil\u00e4njaloille<\/strong><\/p>\n<p data-start=\"1144\" data-end=\"1161\"><strong data-start=\"1147\" data-end=\"1159\">Ammattilaisten vinkki:<\/strong><\/p>\n<ul data-start=\"1162\" data-end=\"1338\">\n<li data-start=\"1162\" data-end=\"1256\">\n<p data-start=\"1164\" data-end=\"1256\">Jos k\u00e4yt\u00e4t <strong data-start=\"1176\" data-end=\"1213\">enemm\u00e4n tuoksu\u00f6ljy\u00e4 (8-10 %) tai v\u00e4ri\u00e4, valitse usein<\/strong> yht\u00e4 kokoa <strong data-start=\"1227\" data-end=\"1253\">suurempi syd\u00e4nlanka.<\/strong><\/p>\n<\/li>\n<li data-start=\"1257\" data-end=\"1338\">\n<p data-start=\"1259\" data-end=\"1338\">Jos kyseess\u00e4 on hyvin leve\u00e4 lasi (9-10 cm), <strong data-start=\"1310\" data-end=\"1335\">k\u00e4ytet\u00e4\u00e4n usein<\/strong> kahta pienemp\u00e4\u00e4 <strong data-start=\"1310\" data-end=\"1335\">lasia<\/strong>.<\/p>\n<\/li>\n<\/ul>\n<p><strong>Pastan numero \/ suositeltu kynttil\u00e4nlasin halkaisija<\/strong><br \/>\nBIO 2 n. 55-62 mm<br \/>\nBIO 6 n. 55 - 65 mm<br \/>\nBIO 8 n. 60 - 70 mm<br \/>\nBIO 10 n. 65 - 73 mm<br \/>\nBIO 12 n. 70 - 76 mm<br \/>\nBIO 13 n. 75 - 80 mm<br \/>\nBIO 14 n. 80 - 85 mm<\/p>\n","protected":false},"excerpt":{"rendered":"<p>BIO 2 <strong data-start=\"150\" data-end=\"189\">-puuvillakynttil\u00e4npidin, jossa on metallijalusta, on<\/strong> <strong data-start=\"226\" data-end=\"262\">tarkoitettu s\u00e4ili\u00f6kynttil\u00f6iden valmistukseen.<\/strong> Se on valmistettu luonnollisesta puuvillasta, joka on lomitettu paperikuidulla ja esivahatulla tahnalla, mik\u00e4 takaa vakaan <strong data-start=\"380\" data-end=\"413\">ja tasaisen palamisen.<\/strong> Sarjaan kuuluu <strong data-start=\"429\" data-end=\"466\">10 cm pituisia kynttil\u00e4npidikkeit\u00e4, jotka soveltuvat<\/strong> k\u00e4ytett\u00e4v\u00e4ksi <strong data-start=\"493\" data-end=\"542\">soijavahan, parafiinivahan ja erilaisten vahasekoitusten kanssa.<\/strong>  <\/p>\n","protected":false},"featured_media":28359,"template":"","meta":{"site-sidebar-layout":"default","site-content-layout":"","ast-site-content-layout":"default","site-content-style":"default","site-sidebar-style":"default","ast-global-header-display":"","ast-banner-title-visibility":"","ast-main-header-display":"","ast-hfb-above-header-display":"","ast-hfb-below-header-display":"","ast-hfb-mobile-header-display":"","site-post-title":"","ast-breadcrumbs-content":"","ast-featured-img":"","footer-sml-layout":"","ast-disable-related-posts":"","theme-transparent-header-meta":"default","adv-header-id-meta":"","stick-header-meta":"default","header-above-stick-meta":"","header-main-stick-meta":"","header-below-stick-meta":"","astra-migrate-meta-layouts":"default","ast-page-background-enabled":"default","ast-page-background-meta":{"desktop":{"background-color":"","background-image":"","background-repeat":"repeat","background-position":"center center","background-size":"auto","background-attachment":"scroll","background-type":"","background-media":"","overlay-type":"","overlay-color":"","overlay-opacity":"","overlay-gradient":""},"tablet":{"background-color":"","background-image":"","background-repeat":"repeat","background-position":"center center","background-size":"auto","background-attachment":"scroll","background-type":"","background-media":"","overlay-type":"","overlay-color":"","overlay-opacity":"","overlay-gradient":""},"mobile":{"background-color":"","background-image":"","background-repeat":"repeat","background-position":"center center","background-size":"auto","background-attachment":"scroll","background-type":"","background-media":"","overlay-type":"","overlay-color":"","overlay-opacity":"","overlay-gradient":""}},"ast-content-background-meta":{"desktop":{"background-color":"var(--ast-global-color-5)","background-image":"","background-repeat":"repeat","background-position":"center center","background-size":"auto","background-attachment":"scroll","background-type":"","background-media":"","overlay-type":"","overlay-color":"","overlay-opacity":"","overlay-gradient":""},"tablet":{"background-color":"var(--ast-global-color-5)","background-image":"","background-repeat":"repeat","background-position":"center center","background-size":"auto","background-attachment":"scroll","background-type":"","background-media":"","overlay-type":"","overlay-color":"","overlay-opacity":"","overlay-gradient":""},"mobile":{"background-color":"var(--ast-global-color-5)","background-image":"","background-repeat":"repeat","background-position":"center center","background-size":"auto","background-attachment":"scroll","background-type":"","background-media":"","overlay-type":"","overlay-color":"","overlay-opacity":"","overlay-gradient":""}}},"product_brand":[],"product_cat":[200,158],"product_tag":[],"class_list":{"0":"post-28345","1":"product","2":"type-product","3":"status-publish","4":"has-post-thumbnail","6":"product_cat-kynttilan-sydanlangat-ja-alustat","7":"product_cat-kynttiloiden-valmistus-fi","8":"desktop-align-left","9":"tablet-align-left","10":"mobile-align-left","11":"ast-product-gallery-layout-horizontal","12":"ast-product-gallery-with-no-image","13":"ast-product-single-variable","14":"ast-product-tabs-layout-horizontal","16":"first","17":"instock","18":"taxable","19":"shipping-taxable","20":"purchasable","21":"product-type-variable"},"_links":{"self":[{"href":"https:\/\/nordicdiy.ee\/fi\/wp-json\/wp\/v2\/product\/28345","targetHints":{"allow":["GET"]}}],"collection":[{"href":"https:\/\/nordicdiy.ee\/fi\/wp-json\/wp\/v2\/product"}],"about":[{"href":"https:\/\/nordicdiy.ee\/fi\/wp-json\/wp\/v2\/types\/product"}],"wp:featuredmedia":[{"embeddable":true,"href":"https:\/\/nordicdiy.ee\/fi\/wp-json\/wp\/v2\/media\/28359"}],"wp:attachment":[{"href":"https:\/\/nordicdiy.ee\/fi\/wp-json\/wp\/v2\/media?parent=28345"}],"wp:term":[{"taxonomy":"product_brand","embeddable":true,"href":"https:\/\/nordicdiy.ee\/fi\/wp-json\/wp\/v2\/product_brand?post=28345"},{"taxonomy":"product_cat","embeddable":true,"href":"https:\/\/nordicdiy.ee\/fi\/wp-json\/wp\/v2\/product_cat?post=28345"},{"taxonomy":"product_tag","embeddable":true,"href":"https:\/\/nordicdiy.ee\/fi\/wp-json\/wp\/v2\/product_tag?post=28345"}],"curies":[{"name":"wp","href":"https:\/\/api.w.org\/{rel}","templated":true}]}}