{"id":28366,"date":"2026-02-10T11:50:25","date_gmt":"2026-02-10T08:50:25","guid":{"rendered":"https:\/\/nordicdiy.ee\/epood\/Ei-luokiteltu\/kynttilanjalat-puuvilla-3x13-ex\/"},"modified":"2026-03-05T11:58:00","modified_gmt":"2026-03-05T08:58:00","slug":"kynttilanjalat-puuvilla-3x13-ex","status":"publish","type":"product","link":"https:\/\/nordicdiy.ee\/fi\/epood\/kynttiloiden-valmistus-fi\/kynttilan-sydanlangat-ja-alustat\/kynttilanjalat-puuvilla-3x13-ex\/","title":{"rendered":"Kynttil\u00e4njalat puuvilla 3&#215;13 EX"},"content":{"rendered":"<p><strong>3\u00d713 EX-puuvillakynttil\u00e4nlanka rullalla (<\/strong> 10 m) on ammattimainen ja monipuolinen ratkaisu k\u00e4sity\u00f6- ja tuotantokynttil\u00f6iden valmistukseen. Se on litte\u00e4ksi kudottu puuvillakynttil\u00e4nlanka, joka takaa hyv\u00e4n kapillaarisen vahan virtauksen liekkiin ja auttaa saavuttamaan tasaisen ja vakaan palamisen. <\/p>\n<p>Ommel on valmistettu 100-prosenttisesta luonnonpuuvillasta, ja sen 3\u00d713-punos on suunniteltu niin, ett\u00e4 vaha liikkuu tehokkaasti ompeleessa. T\u00e4m\u00e4 auttaa kynttil\u00e4\u00e4 palamaan tasaisesti ja v\u00e4hent\u00e4\u00e4 ep\u00e4tasaisen palamisen riski\u00e4. <\/p>\n<p>Rullamuodossa (10 m) syd\u00e4nlanka voidaan k\u00e4tev\u00e4sti mitata ja leikata t\u00e4sm\u00e4lleen kynttil\u00e4n korkeuteen tai tuotantotarpeisiin sopivaan pituuteen. T\u00e4m\u00e4 tekee tuotteesta k\u00e4yt\u00e4nn\u00f6llisen valinnan sek\u00e4 kotona teht\u00e4v\u00e4\u00e4n DIY-kynttil\u00e4nvalmistukseen ett\u00e4 ty\u00f6pajassa tai studiossa tapahtuvaan kynttil\u00e4nvalmistukseen. <\/p>\n<p>3\u00d713 EX-kynttil\u00e4npidikkeet sopivat k\u00e4ytett\u00e4v\u00e4ksi lasikynttil\u00f6ille, astian kynttil\u00f6ille ja koristekynttil\u00f6ille. Se toimii hyvin soijavahan, parafiinivahan ja erilaisten vahasekoitusten kanssa. Parhaan tuloksen saavuttamiseksi on aina suositeltavaa tehd\u00e4 polttokoe ottaen huomioon k\u00e4ytetty vaha, tuoksu\u00f6ljy ja v\u00e4riaineet.  <\/p>\n<p><strong>Tuotteen ominaisuudet<\/strong><\/p>\n<ul>\n<li>Tuottaja: Aspol Scentra<\/li>\n<li>Pastatyyppi: puuvilla, litte\u00e4<\/li>\n<li>Punos: 3\u00d713<\/li>\n<li>Merkint\u00e4: EX<\/li>\n<li>Eteenp\u00e4in: rullaa<\/li>\n<li>Pituus: 10 m<\/li>\n<li>Viimeistely: karkea (ei kyll\u00e4stetty)<\/li>\n<li>Suositeltava kynttil\u00e4n halkaisija: enint\u00e4\u00e4n noin 9 cm.<\/li>\n<li>Soveltuu: lasi- ja astiakynttil\u00f6ille, koristekynttil\u00f6ille.<\/li>\n<li>Sopivat vahat: Soijavaha, parafiini, vahaseokset.<\/li>\n<\/ul>\n<p><strong>Mit\u00e4 EX tarkoittaa?<\/strong><\/p>\n<p>EX-merkint\u00e4 osoittaa, ett\u00e4 kynttil\u00e4npidin on tarkoitettu tuoksukynttil\u00f6ille ja lis\u00e4aineita sis\u00e4lt\u00e4ville kynttil\u00f6ille (esim. v\u00e4riaineita sis\u00e4lt\u00e4ville kynttil\u00f6ille tai kynttil\u00f6ille, joissa on enemm\u00e4n tuoksu\u00f6ljy\u00e4). EX-tyyppinen kynttil\u00e4nlanka auttaa s\u00e4ilytt\u00e4m\u00e4\u00e4n vakaamman liekin ja tasaisemman palamisen my\u00f6s monimutkaisemmissa koostumuksissa, joissa tavallinen kynttil\u00e4nlanka saattaa palaa ep\u00e4tasaisemmin. <\/p>\n","protected":false},"excerpt":{"rendered":"<p><strong data-start=\"164\" data-end=\"204\">3\u00d713 EX Cotton Candle Holder on<\/strong> korkealaatuinen litte\u00e4 kynttil\u00e4npidike, <strong data-start=\"164\" data-end=\"204\">joka<\/strong> on valmistettu luonnonpuuvillasta ja sopii <strong data-start=\"289\" data-end=\"347\">tuoksukynttil\u00f6ille ja kynttil\u00f6ille, joissa on lis\u00e4aineita.<\/strong> Punoksensa ansiosta syd\u00e4nlanka ohjaa tehokkaasti vahan liekkiin ja takaa vakaan <strong data-start=\"415\" data-end=\"448\">ja tasaisen palamisen.<\/strong> <strong data-start=\"450\" data-end=\"470\">10 metrin rullan avulla<\/strong> syd\u00e4nlanka <strong data-start=\"450\" data-end=\"470\">voidaan<\/strong> leikata t\u00e4sm\u00e4lleen oikean pituiseksi <strong data-start=\"523\" data-end=\"567\">sek\u00e4 DIY-kynttil\u00f6iden valmistusta ett\u00e4 kynttil\u00f6iden valmistusta varten.<\/strong> <\/p>\n","protected":false},"featured_media":28380,"template":"","meta":{"site-sidebar-layout":"default","site-content-layout":"","ast-site-content-layout":"default","site-content-style":"default","site-sidebar-style":"default","ast-global-header-display":"","ast-banner-title-visibility":"","ast-main-header-display":"","ast-hfb-above-header-display":"","ast-hfb-below-header-display":"","ast-hfb-mobile-header-display":"","site-post-title":"","ast-breadcrumbs-content":"","ast-featured-img":"","footer-sml-layout":"","ast-disable-related-posts":"","theme-transparent-header-meta":"default","adv-header-id-meta":"","stick-header-meta":"default","header-above-stick-meta":"","header-main-stick-meta":"","header-below-stick-meta":"","astra-migrate-meta-layouts":"default","ast-page-background-enabled":"default","ast-page-background-meta":{"desktop":{"background-color":"","background-image":"","background-repeat":"repeat","background-position":"center center","background-size":"auto","background-attachment":"scroll","background-type":"","background-media":"","overlay-type":"","overlay-color":"","overlay-opacity":"","overlay-gradient":""},"tablet":{"background-color":"","background-image":"","background-repeat":"repeat","background-position":"center center","background-size":"auto","background-attachment":"scroll","background-type":"","background-media":"","overlay-type":"","overlay-color":"","overlay-opacity":"","overlay-gradient":""},"mobile":{"background-color":"","background-image":"","background-repeat":"repeat","background-position":"center center","background-size":"auto","background-attachment":"scroll","background-type":"","background-media":"","overlay-type":"","overlay-color":"","overlay-opacity":"","overlay-gradient":""}},"ast-content-background-meta":{"desktop":{"background-color":"var(--ast-global-color-5)","background-image":"","background-repeat":"repeat","background-position":"center center","background-size":"auto","background-attachment":"scroll","background-type":"","background-media":"","overlay-type":"","overlay-color":"","overlay-opacity":"","overlay-gradient":""},"tablet":{"background-color":"var(--ast-global-color-5)","background-image":"","background-repeat":"repeat","background-position":"center center","background-size":"auto","background-attachment":"scroll","background-type":"","background-media":"","overlay-type":"","overlay-color":"","overlay-opacity":"","overlay-gradient":""},"mobile":{"background-color":"var(--ast-global-color-5)","background-image":"","background-repeat":"repeat","background-position":"center center","background-size":"auto","background-attachment":"scroll","background-type":"","background-media":"","overlay-type":"","overlay-color":"","overlay-opacity":"","overlay-gradient":""}}},"product_brand":[],"product_cat":[200,158],"product_tag":[],"class_list":{"0":"post-28366","1":"product","2":"type-product","3":"status-publish","4":"has-post-thumbnail","6":"product_cat-kynttilan-sydanlangat-ja-alustat","7":"product_cat-kynttiloiden-valmistus-fi","8":"desktop-align-left","9":"tablet-align-left","10":"mobile-align-left","11":"ast-product-gallery-layout-horizontal","12":"ast-product-gallery-with-no-image","13":"ast-product-single-variable","14":"ast-product-tabs-layout-horizontal","16":"first","17":"instock","18":"taxable","19":"shipping-taxable","20":"purchasable","21":"product-type-variable"},"_links":{"self":[{"href":"https:\/\/nordicdiy.ee\/fi\/wp-json\/wp\/v2\/product\/28366","targetHints":{"allow":["GET"]}}],"collection":[{"href":"https:\/\/nordicdiy.ee\/fi\/wp-json\/wp\/v2\/product"}],"about":[{"href":"https:\/\/nordicdiy.ee\/fi\/wp-json\/wp\/v2\/types\/product"}],"wp:featuredmedia":[{"embeddable":true,"href":"https:\/\/nordicdiy.ee\/fi\/wp-json\/wp\/v2\/media\/28380"}],"wp:attachment":[{"href":"https:\/\/nordicdiy.ee\/fi\/wp-json\/wp\/v2\/media?parent=28366"}],"wp:term":[{"taxonomy":"product_brand","embeddable":true,"href":"https:\/\/nordicdiy.ee\/fi\/wp-json\/wp\/v2\/product_brand?post=28366"},{"taxonomy":"product_cat","embeddable":true,"href":"https:\/\/nordicdiy.ee\/fi\/wp-json\/wp\/v2\/product_cat?post=28366"},{"taxonomy":"product_tag","embeddable":true,"href":"https:\/\/nordicdiy.ee\/fi\/wp-json\/wp\/v2\/product_tag?post=28366"}],"curies":[{"name":"wp","href":"https:\/\/api.w.org\/{rel}","templated":true}]}}