{"id":28514,"date":"2026-03-01T15:35:29","date_gmt":"2026-03-01T12:35:29","guid":{"rendered":"https:\/\/nordicdiy.ee\/epood\/Ei-luokiteltu\/oliivivaha-kerax-eco-olive-sailio-kynttilalasille\/"},"modified":"2026-05-03T16:17:23","modified_gmt":"2026-05-03T13:17:23","slug":"oliivivaha-kerax-eco-olive-sailio-kynttilalasille","status":"publish","type":"product","link":"https:\/\/nordicdiy.ee\/fi\/epood\/kynttiloiden-valmistus-fi\/kynttilavahat-2\/oliivivaha-kerax-eco-olive-sailio-kynttilalasille\/","title":{"rendered":"Oliivivaha Kerax Eco Olive S\u00e4ili\u00f6 kynttil\u00e4lasille"},"content":{"rendered":"<p data-start=\"394\" data-end=\"674\">EcoOlive Container on korkealaatuista, ymp\u00e4rist\u00f6yst\u00e4v\u00e4llist\u00e4 kynttil\u00e4vahaa, joka on valmistettu luonnollisesta oliivi\u00f6ljyst\u00e4 ja kehitetty erityisesti s\u00e4ili\u00f6kynttil\u00f6it\u00e4 varten. T\u00e4ss\u00e4 vahassa on silkkisen pehme\u00e4 ja kermainen koostumus, joka takaa, ett\u00e4 kynttil\u00e4t n\u00e4ytt\u00e4v\u00e4t kauniilta ja ammattimaisilta. <\/p>\n<p data-start=\"676\" data-end=\"932\">Erinomaisten hajuja sitovien ja hajuttavien ominaisuuksiensa ansiosta EcoOlive Container Wax tarjoaa intensiivisen tuoksun sek\u00e4 kylm\u00e4n\u00e4 ett\u00e4 poltettuna. Siksi se on ihanteellinen valinta kynttil\u00e4nvalmistajille, jotka haluavat luoda tuotteita, joissa on rikas ja pitk\u00e4kestoinen tuoksukokemus. <\/p>\n<p data-start=\"934\" data-end=\"1122\">Vaha palaa puhtaasti ja tasaisesti, tuottaa vain v\u00e4h\u00e4n nokea ja takaa pitk\u00e4n paloaikansa. T\u00e4m\u00e4 auttaa luomaan puhtaan ja miellytt\u00e4v\u00e4n k\u00e4ytt\u00f6kokemuksen sek\u00e4 koti- ett\u00e4 ammattiymp\u00e4rist\u00f6iss\u00e4. <\/p>\n<p data-start=\"1124\" data-end=\"1417\">EcoOlive Container on kest\u00e4v\u00e4 vaihtoehto perinteisille parafiini- ja Soijavahoille, ja se sopii t\u00e4ydellisesti niille, jotka pit\u00e4v\u00e4t ymp\u00e4rist\u00f6tietoisista ja luonnonmateriaaleista. Vaha sekoittuu hyvin sek\u00e4 tuoksujen ett\u00e4 v\u00e4rien kanssa, mik\u00e4 mahdollistaa monipuolisten ja yksil\u00f6llisten kynttil\u00f6iden luomisen. <\/p>\n<p data-start=\"1419\" data-end=\"1590\" data-is-last-node=\"\" data-is-only-node=\"\">Soveltuu k\u00e4ytett\u00e4v\u00e4ksi monenlaisissa astioissa, kuten laseissa, metalliastioissa ja muissa kynttil\u00e4npidikkeiss\u00e4, ja tarjoaa aina luotettavan lopputuloksen ja ylellisen, luonnollisen lopputuloksen.<\/p>\n","protected":false},"excerpt":{"rendered":"<p>EcoOlive Container on ymp\u00e4rist\u00f6yst\u00e4v\u00e4llinen oliivi\u00f6ljypohjainen kynttil\u00e4vaha, joka on suunniteltu erityisesti s\u00e4ili\u00f6kynttil\u00f6iden valmistukseen. Sen koostumus on kermainen, tuoksu levi\u00e4\u00e4 erinomaisesti ja se palaa puhtaasti ja tasaisesti, mik\u00e4 takaa laadukkaan ja ylellisen lopputuloksen. <\/p>\n","protected":false},"featured_media":28897,"template":"","meta":{"site-sidebar-layout":"default","site-content-layout":"","ast-site-content-layout":"default","site-content-style":"default","site-sidebar-style":"default","ast-global-header-display":"","ast-banner-title-visibility":"","ast-main-header-display":"","ast-hfb-above-header-display":"","ast-hfb-below-header-display":"","ast-hfb-mobile-header-display":"","site-post-title":"","ast-breadcrumbs-content":"","ast-featured-img":"","footer-sml-layout":"","ast-disable-related-posts":"","theme-transparent-header-meta":"default","adv-header-id-meta":"","stick-header-meta":"default","header-above-stick-meta":"","header-main-stick-meta":"","header-below-stick-meta":"","astra-migrate-meta-layouts":"default","ast-page-background-enabled":"default","ast-page-background-meta":{"desktop":{"background-color":"","background-image":"","background-repeat":"repeat","background-position":"center center","background-size":"auto","background-attachment":"scroll","background-type":"","background-media":"","overlay-type":"","overlay-color":"","overlay-opacity":"","overlay-gradient":""},"tablet":{"background-color":"","background-image":"","background-repeat":"repeat","background-position":"center center","background-size":"auto","background-attachment":"scroll","background-type":"","background-media":"","overlay-type":"","overlay-color":"","overlay-opacity":"","overlay-gradient":""},"mobile":{"background-color":"","background-image":"","background-repeat":"repeat","background-position":"center center","background-size":"auto","background-attachment":"scroll","background-type":"","background-media":"","overlay-type":"","overlay-color":"","overlay-opacity":"","overlay-gradient":""}},"ast-content-background-meta":{"desktop":{"background-color":"var(--ast-global-color-5)","background-image":"","background-repeat":"repeat","background-position":"center center","background-size":"auto","background-attachment":"scroll","background-type":"","background-media":"","overlay-type":"","overlay-color":"","overlay-opacity":"","overlay-gradient":""},"tablet":{"background-color":"var(--ast-global-color-5)","background-image":"","background-repeat":"repeat","background-position":"center center","background-size":"auto","background-attachment":"scroll","background-type":"","background-media":"","overlay-type":"","overlay-color":"","overlay-opacity":"","overlay-gradient":""},"mobile":{"background-color":"var(--ast-global-color-5)","background-image":"","background-repeat":"repeat","background-position":"center center","background-size":"auto","background-attachment":"scroll","background-type":"","background-media":"","overlay-type":"","overlay-color":"","overlay-opacity":"","overlay-gradient":""}}},"product_brand":[],"product_cat":[160,158],"product_tag":[],"class_list":{"0":"post-28514","1":"product","2":"type-product","3":"status-publish","4":"has-post-thumbnail","6":"product_cat-kynttilavahat-2","7":"product_cat-kynttiloiden-valmistus-fi","8":"desktop-align-left","9":"tablet-align-left","10":"mobile-align-left","11":"ast-product-gallery-layout-horizontal","12":"ast-product-single-variable","13":"ast-product-tabs-layout-horizontal","15":"first","16":"instock","17":"taxable","18":"shipping-taxable","19":"purchasable","20":"product-type-variable"},"_links":{"self":[{"href":"https:\/\/nordicdiy.ee\/fi\/wp-json\/wp\/v2\/product\/28514","targetHints":{"allow":["GET"]}}],"collection":[{"href":"https:\/\/nordicdiy.ee\/fi\/wp-json\/wp\/v2\/product"}],"about":[{"href":"https:\/\/nordicdiy.ee\/fi\/wp-json\/wp\/v2\/types\/product"}],"wp:featuredmedia":[{"embeddable":true,"href":"https:\/\/nordicdiy.ee\/fi\/wp-json\/wp\/v2\/media\/28897"}],"wp:attachment":[{"href":"https:\/\/nordicdiy.ee\/fi\/wp-json\/wp\/v2\/media?parent=28514"}],"wp:term":[{"taxonomy":"product_brand","embeddable":true,"href":"https:\/\/nordicdiy.ee\/fi\/wp-json\/wp\/v2\/product_brand?post=28514"},{"taxonomy":"product_cat","embeddable":true,"href":"https:\/\/nordicdiy.ee\/fi\/wp-json\/wp\/v2\/product_cat?post=28514"},{"taxonomy":"product_tag","embeddable":true,"href":"https:\/\/nordicdiy.ee\/fi\/wp-json\/wp\/v2\/product_tag?post=28514"}],"curies":[{"name":"wp","href":"https:\/\/api.w.org\/{rel}","templated":true}]}}