{"id":28626,"date":"2026-03-17T11:35:22","date_gmt":"2026-03-17T08:35:22","guid":{"rendered":"https:\/\/nordicdiy.ee\/epood\/Ei-luokiteltu\/makea-mantelioljy-kosmetiikkaa-ja-saippuoita-varten\/"},"modified":"2026-03-17T12:37:32","modified_gmt":"2026-03-17T09:37:32","slug":"makea-mantelioljy-kosmetiikkaa-ja-saippuoita-varten","status":"publish","type":"product","link":"https:\/\/nordicdiy.ee\/fi\/epood\/saippuan-valmistus\/kasvioljyt-ja-voi\/makea-mantelioljy-kosmetiikkaa-ja-saippuoita-varten\/","title":{"rendered":"Makea manteli\u00f6ljy kosmetiikkaa ja saippuoita varten"},"content":{"rendered":"<p><strong>Puhdistettu manteli\u00f6ljy on korkealaatuinen<\/strong> puhdistettu kasvi\u00f6ljy, jota arvostetaan sen monipuolisten ihonhoito-ominaisuuksien vuoksi. Se on vaaleankeltainen, l\u00e4pin\u00e4kyv\u00e4 ja l\u00e4hes hajuton \u00f6ljy, jolla on ominainen mieto tuoksu. <\/p>\n<p>\u00d6ljy sis\u00e4lt\u00e4\u00e4 runsaasti omega-6- ja omega-9-rasvahappoja ja vitamiineja (A, B1, B2, B6, D ja E), jotka auttavat ravitsemaan, pehment\u00e4m\u00e4\u00e4n ja palauttamaan ihon luonnollisen hehkun.<\/p>\n<p><strong>Vaikutukset ja hy\u00f6dyt<\/strong><\/p>\n<ul>\n<li>Pehment\u00e4\u00e4 ja silottaa ihoa<\/li>\n<li>Auttaa palauttamaan ihon luonnollisen hehkun.<\/li>\n<li>Tekee ihosta joustavamman ja auttaa ehk\u00e4isem\u00e4\u00e4n raskausarpia.<\/li>\n<li>Sopii herk\u00e4lle, kuivalle ja helposti \u00e4rtyv\u00e4lle iholle.<\/li>\n<li>Sopii k\u00e4ytett\u00e4v\u00e4ksi raskauden aikana sek\u00e4 vauvoille ja lapsille.<\/li>\n<li>Silottaa, pehment\u00e4\u00e4 ja vahvistaa kuivia ja rikkoutumiselle alttiita hiuksia.<\/li>\n<li>Sopii hiuksille, joilla on eri huokoisuus<\/li>\n<\/ul>\n<p><strong>K\u00e4ytt\u00f6<\/strong><\/p>\n<ul>\n<li>Kasvojen ja vartalon hoito<\/li>\n<li>Hieronta\u00f6ljy - antaa hyv\u00e4n pidon eik\u00e4 imeydy liian nopeasti.<\/li>\n<li>Hiustenhoito<\/li>\n<li>Kosmeettisten valmisteiden valmistus<\/li>\n<li>Perus\u00f6ljy eteeristen \u00f6ljyjen laimentamiseen<\/li>\n<\/ul>\n<p><strong>K\u00e4ytt\u00f6 saippuassa<\/strong><\/p>\n<ul>\n<li>Kylm\u00e4- ja kuumaprosessisaippuat (CP\/HP):<\/li>\n<li>K\u00e4yt\u00e4 5-20 % rasvavaiheesta<\/li>\n<li>Antaa saippualle pehment\u00e4vi\u00e4 ja ihoa hoitavia ominaisuuksia.<\/li>\n<li>Tukee kermaista vaahtoa<\/li>\n<\/ul>\n<p><strong>Sula ja kaada saippuat (Melt&amp;Pour):<\/strong><\/p>\n<ul>\n<li>Lis\u00e4\u00e4 jopa 1-3%<\/li>\n<li>Parantaa saippuan kosteuttavia ja hoitavia ominaisuuksia.<\/li>\n<li>Liiallinen m\u00e4\u00e4r\u00e4 voi tehd\u00e4 saippuasta pehme\u00e4n tai hikisen.<\/li>\n<\/ul>\n<p><strong>Liukoisuus<\/strong><\/p>\n<ul>\n<li>Veteen liukenematon<\/li>\n<li>Liukenee kloroformiin ja eetteriin.<\/li>\n<li>Liukenee hieman 96-prosenttiseen etanoliin.<\/li>\n<\/ul>\n<p><strong>Varastointi osoitteessa<\/strong><\/p>\n<p>S\u00e4ilyt\u00e4 tiiviisti suljetussa astiassa kuivassa paikassa valolta suojattuna.<\/p>\n<p><strong>S\u00e4ilyvyys<\/strong><\/p>\n<p>24 kuukautta valmistusp\u00e4iv\u00e4st\u00e4 edellytt\u00e4en, ett\u00e4 tuotetta s\u00e4ilytet\u00e4\u00e4n alkuper\u00e4ispakkauksessa s\u00e4ilytysolosuhteiden mukaisesti.<\/p>\n<p>INCI: PRUNUS AMYGDALUS DULCIS -\u00d6LJY<\/p>\n","protected":false},"excerpt":{"rendered":"<p data-start=\"136\" data-end=\"406\">Makea manteli\u00f6ljy (puhdistettu) on kevyt, pehment\u00e4v\u00e4 ja l\u00e4hes hajuton kasvi\u00f6ljy, joka sopii ihon- ja hiustenhoitoon sek\u00e4 kosmetiikkaan. \u00d6ljy sis\u00e4lt\u00e4\u00e4 omega-6- ja omega-9-rasvahappoja sek\u00e4 vitamiineja (A, B, D, E), jotka auttavat kosteuttamaan ja uudistamaan ihoa. <\/p>\n<p data-start=\"408\" data-end=\"531\">Soveltuu my\u00f6s k\u00e4ytett\u00e4v\u00e4ksi k\u00e4sintehtyiss\u00e4 saippuoissa - erityisesti sulatus- ja huurtosaippuoissa 1-3 %:n pitoisuuksina parantamaan saippuan hoitavia ominaisuuksia.<\/p>\n","protected":false},"featured_media":28810,"template":"","meta":{"site-sidebar-layout":"default","site-content-layout":"","ast-site-content-layout":"default","site-content-style":"default","site-sidebar-style":"default","ast-global-header-display":"","ast-banner-title-visibility":"","ast-main-header-display":"","ast-hfb-above-header-display":"","ast-hfb-below-header-display":"","ast-hfb-mobile-header-display":"","site-post-title":"","ast-breadcrumbs-content":"","ast-featured-img":"","footer-sml-layout":"","ast-disable-related-posts":"","theme-transparent-header-meta":"default","adv-header-id-meta":"","stick-header-meta":"default","header-above-stick-meta":"","header-main-stick-meta":"","header-below-stick-meta":"","astra-migrate-meta-layouts":"default","ast-page-background-enabled":"default","ast-page-background-meta":{"desktop":{"background-color":"","background-image":"","background-repeat":"repeat","background-position":"center center","background-size":"auto","background-attachment":"scroll","background-type":"","background-media":"","overlay-type":"","overlay-color":"","overlay-opacity":"","overlay-gradient":""},"tablet":{"background-color":"","background-image":"","background-repeat":"repeat","background-position":"center center","background-size":"auto","background-attachment":"scroll","background-type":"","background-media":"","overlay-type":"","overlay-color":"","overlay-opacity":"","overlay-gradient":""},"mobile":{"background-color":"","background-image":"","background-repeat":"repeat","background-position":"center center","background-size":"auto","background-attachment":"scroll","background-type":"","background-media":"","overlay-type":"","overlay-color":"","overlay-opacity":"","overlay-gradient":""}},"ast-content-background-meta":{"desktop":{"background-color":"var(--ast-global-color-5)","background-image":"","background-repeat":"repeat","background-position":"center center","background-size":"auto","background-attachment":"scroll","background-type":"","background-media":"","overlay-type":"","overlay-color":"","overlay-opacity":"","overlay-gradient":""},"tablet":{"background-color":"var(--ast-global-color-5)","background-image":"","background-repeat":"repeat","background-position":"center center","background-size":"auto","background-attachment":"scroll","background-type":"","background-media":"","overlay-type":"","overlay-color":"","overlay-opacity":"","overlay-gradient":""},"mobile":{"background-color":"var(--ast-global-color-5)","background-image":"","background-repeat":"repeat","background-position":"center center","background-size":"auto","background-attachment":"scroll","background-type":"","background-media":"","overlay-type":"","overlay-color":"","overlay-opacity":"","overlay-gradient":""}}},"product_brand":[],"product_cat":[417,398,280,215],"product_tag":[],"class_list":{"0":"post-28626","1":"product","2":"type-product","3":"status-publish","4":"has-post-thumbnail","6":"product_cat-erikoistarjoukset","7":"product_cat-kasvioljyt-ja-voi","8":"product_cat-kosmetiikan-valmistus","9":"product_cat-saippuan-valmistus","10":"desktop-align-left","11":"tablet-align-left","12":"mobile-align-left","13":"ast-product-gallery-layout-horizontal","14":"ast-product-gallery-with-no-image","15":"ast-product-single-variable","16":"ast-product-tabs-layout-horizontal","18":"first","19":"instock","20":"taxable","21":"shipping-taxable","22":"purchasable","23":"product-type-variable"},"_links":{"self":[{"href":"https:\/\/nordicdiy.ee\/fi\/wp-json\/wp\/v2\/product\/28626","targetHints":{"allow":["GET"]}}],"collection":[{"href":"https:\/\/nordicdiy.ee\/fi\/wp-json\/wp\/v2\/product"}],"about":[{"href":"https:\/\/nordicdiy.ee\/fi\/wp-json\/wp\/v2\/types\/product"}],"wp:featuredmedia":[{"embeddable":true,"href":"https:\/\/nordicdiy.ee\/fi\/wp-json\/wp\/v2\/media\/28810"}],"wp:attachment":[{"href":"https:\/\/nordicdiy.ee\/fi\/wp-json\/wp\/v2\/media?parent=28626"}],"wp:term":[{"taxonomy":"product_brand","embeddable":true,"href":"https:\/\/nordicdiy.ee\/fi\/wp-json\/wp\/v2\/product_brand?post=28626"},{"taxonomy":"product_cat","embeddable":true,"href":"https:\/\/nordicdiy.ee\/fi\/wp-json\/wp\/v2\/product_cat?post=28626"},{"taxonomy":"product_tag","embeddable":true,"href":"https:\/\/nordicdiy.ee\/fi\/wp-json\/wp\/v2\/product_tag?post=28626"}],"curies":[{"name":"wp","href":"https:\/\/api.w.org\/{rel}","templated":true}]}}