{"id":28690,"date":"2026-03-03T18:32:57","date_gmt":"2026-03-03T15:32:57","guid":{"rendered":"https:\/\/nordicdiy.ee\/epood\/Ei-luokiteltu\/kookosoljy-puhdistettu-kiintea\/"},"modified":"2026-03-17T19:38:03","modified_gmt":"2026-03-17T16:38:03","slug":"kookosoljy-puhdistettu-kiintea","status":"publish","type":"product","link":"https:\/\/nordicdiy.ee\/fi\/epood\/saippuan-valmistus\/kasvioljyt-ja-voi\/kookosoljy-puhdistettu-kiintea\/","title":{"rendered":"Puhdistettu kookos\u00f6ljy (kiinte\u00e4)"},"content":{"rendered":"<p><strong>Kookos\u00f6ljy puhdistettu on<\/strong> 100 % luonnollisesti puhdistettu kasvirasva, joka on huoneenl\u00e4mm\u00f6ss\u00e4 kiinte\u00e4\u00e4, mutta sulaa nopeasti iholla. Puhdistusprosessin ansiosta se on hajusteeton, kirkas ja monipuolinen, ihanteellinen sek\u00e4 kosmetiikkaan ett\u00e4 saippuoiden valmistukseen. <\/p>\n<p>Kookos\u00f6ljy sis\u00e4lt\u00e4\u00e4 E-vitamiinia ja antioksidantteja, jotka auttavat suojaamaan, pehment\u00e4m\u00e4\u00e4n ja tukemaan ihon nuorekasta ulkon\u00e4k\u00f6\u00e4. Lis\u00e4ksi sill\u00e4 on rauhoittavia ja antibakteerisia ominaisuuksia, jotka auttavat lievitt\u00e4m\u00e4\u00e4n mikrobien aiheuttamia iho\u00e4rsytyksi\u00e4. <\/p>\n<p><strong>Vaikutukset ja hy\u00f6dyt<\/strong><\/p>\n<ul>\n<li>Kosteuttaa ja auttaa yll\u00e4pit\u00e4m\u00e4\u00e4n ihon kosteustasapainoa.<\/li>\n<li>Pehment\u00e4\u00e4 ja silottaa ihoa<\/li>\n<li>Suojaa ihoa kuivumiselta ja halkeilulta<\/li>\n<li>Tukee ihon kimmoisuutta ja auttaa hidastamaan ik\u00e4\u00e4ntymisen merkkej\u00e4.<\/li>\n<li>Rauhoittaa ja lievitt\u00e4\u00e4 iho\u00e4rsytyst\u00e4<\/li>\n<li>Ravitsee ja vahvistaa hiuksia<\/li>\n<\/ul>\n<p><strong>K\u00e4ytt\u00f6 kosmetiikassa<\/strong><\/p>\n<p>Kookos\u00f6ljy on eritt\u00e4in monipuolinen, ja sit\u00e4 voidaan k\u00e4ytt\u00e4\u00e4 ainesosana tai puhtaana:<\/p>\n<ul>\n<li>Kasvojen ja vartalon \u00f6ljy<\/li>\n<li>Huulirasva<\/li>\n<li>Silmien hoito<\/li>\n<li>Hiusnaamio ja \u00f6ljy<\/li>\n<li>Parranajo-\u00f6ljy<\/li>\n<li>Hieronta\u00f6ljy<\/li>\n<li>Vartalokuorinta (sokerin tai suolan kanssa)<\/li>\n<li>Meikinpoistoaine<\/li>\n<li>Voiteet, voiteet ja hoitoaineet<\/li>\n<\/ul>\n<p>Matalan sulamispisteens\u00e4 (~24 \u00b0C) ansiosta \u00f6ljy sulaa helposti ja liukuu hyvin iholla, mik\u00e4 takaa miellytt\u00e4v\u00e4n levityskokemuksen.<\/p>\n<p><strong>K\u00e4ytt\u00f6 saippuassa<\/strong><\/p>\n<p><strong>Sulata ja kaada saippuat (M&amp;P):<\/strong><\/p>\n<p>Lis\u00e4\u00e4 jopa 1-3%<\/p>\n<ul>\n<li>Parantaa saippuan hoitavia ominaisuuksia<\/li>\n<li>Antaa iholle pehme\u00e4n ja silkkisen tunteen.<\/li>\n<li>Liiallinen m\u00e4\u00e4r\u00e4 voi tehd\u00e4 saippuasta pehme\u00e4n.<\/li>\n<\/ul>\n<p><strong>Kylm\u00e4- ja kuumaprosessisaippuat (CP\/HP):<\/strong><\/p>\n<p>Suositeltu m\u00e4\u00e4r\u00e4 enint\u00e4\u00e4n 30 % rasvavaiheesta.<\/p>\n<p>Antaa saippuaa:<\/p>\n<ul>\n<li>runsas vaahto, jossa on suuri kupla<\/li>\n<li>hyv\u00e4 puhdistustoiminta<\/li>\n<li>kovuus<\/li>\n<\/ul>\n<p>Liian suuret m\u00e4\u00e4r\u00e4t voivat kuivattaa ihoa - on suositeltavaa yhdist\u00e4\u00e4 pehment\u00e4viin \u00f6ljyihin (esim. manteli- tai avokado\u00f6ljy).<\/p>\n<p><strong>K\u00e4ytt\u00f6 hierontakynttil\u00f6iss\u00e4<\/strong><\/p>\n<p>Kookos\u00f6ljy on ihanteellinen ainesosa hierontakynttil\u00f6iden valmistukseen:<\/p>\n<ul>\n<li>Matala sulamispiste - turvallinen iholle<\/li>\n<li>Hyv\u00e4 liukuva hieronta<\/li>\n<li>Kosteuttaa ja pehment\u00e4\u00e4 ihoa.<\/li>\n<li>Ei j\u00e4t\u00e4 ihoa raskaaksi tai tahmeaksi<\/li>\n<\/ul>\n<p>Suositukset:<\/p>\n<p>K\u00e4yt\u00e4 yhdess\u00e4 soijavahan tai muiden kasvivahojen kanssa.<\/p>\n<p>Lis\u00e4\u00e4 10-30 % kookos\u00f6ljy\u00e4, jotta kynttil\u00e4st\u00e4 tulee pehme\u00e4mpi ja yst\u00e4v\u00e4llisempi iholle.<\/p>\n<p><strong>Liukoisuus<\/strong><\/p>\n<ul>\n<li>Veteen liukenematon<\/li>\n<li>Liukenee rasvoihin ja \u00f6ljyihin<\/li>\n<\/ul>\n<p><strong>Varastointi osoitteessa<\/strong><\/p>\n<p>S\u00e4ilyt\u00e4 tiiviisti suljetussa astiassa kuivassa, viile\u00e4ss\u00e4 paikassa, jossa ei ole suoraa valoa.<\/p>\n<p>S\u00e4ilyvyys: jopa 24 kuukautta oikeissa s\u00e4ilytysolosuhteissa.<\/p>\n<p>INCI: COCOS NUCIFERA -\u00d6LJY<\/p>\n","protected":false},"excerpt":{"rendered":"<p data-start=\"145\" data-end=\"340\">Kookos\u00f6ljy (puhdistettu) on 100 % luonnollinen, hajusteeton kasvirasva, joka kosteuttaa, pehment\u00e4\u00e4 ja suojaa ihoa ja hiuksia. Ihanteellinen kosmetiikkaan, saippuoihin ja hierontakynttil\u00f6ihin. <\/p>\n<p data-start=\"342\" data-end=\"436\">Sulaa +24 \u00b0C:n l\u00e4mp\u00f6tilassa ja soveltuu erinomaisesti my\u00f6s 1-3-prosenttisille sulatettaville saippuoille.<\/p>\n","protected":false},"featured_media":28829,"template":"","meta":{"site-sidebar-layout":"default","site-content-layout":"","ast-site-content-layout":"default","site-content-style":"default","site-sidebar-style":"default","ast-global-header-display":"","ast-banner-title-visibility":"","ast-main-header-display":"","ast-hfb-above-header-display":"","ast-hfb-below-header-display":"","ast-hfb-mobile-header-display":"","site-post-title":"","ast-breadcrumbs-content":"","ast-featured-img":"","footer-sml-layout":"","ast-disable-related-posts":"","theme-transparent-header-meta":"default","adv-header-id-meta":"","stick-header-meta":"default","header-above-stick-meta":"","header-main-stick-meta":"","header-below-stick-meta":"","astra-migrate-meta-layouts":"default","ast-page-background-enabled":"default","ast-page-background-meta":{"desktop":{"background-color":"","background-image":"","background-repeat":"repeat","background-position":"center center","background-size":"auto","background-attachment":"scroll","background-type":"","background-media":"","overlay-type":"","overlay-color":"","overlay-opacity":"","overlay-gradient":""},"tablet":{"background-color":"","background-image":"","background-repeat":"repeat","background-position":"center center","background-size":"auto","background-attachment":"scroll","background-type":"","background-media":"","overlay-type":"","overlay-color":"","overlay-opacity":"","overlay-gradient":""},"mobile":{"background-color":"","background-image":"","background-repeat":"repeat","background-position":"center center","background-size":"auto","background-attachment":"scroll","background-type":"","background-media":"","overlay-type":"","overlay-color":"","overlay-opacity":"","overlay-gradient":""}},"ast-content-background-meta":{"desktop":{"background-color":"var(--ast-global-color-5)","background-image":"","background-repeat":"repeat","background-position":"center center","background-size":"auto","background-attachment":"scroll","background-type":"","background-media":"","overlay-type":"","overlay-color":"","overlay-opacity":"","overlay-gradient":""},"tablet":{"background-color":"var(--ast-global-color-5)","background-image":"","background-repeat":"repeat","background-position":"center center","background-size":"auto","background-attachment":"scroll","background-type":"","background-media":"","overlay-type":"","overlay-color":"","overlay-opacity":"","overlay-gradient":""},"mobile":{"background-color":"var(--ast-global-color-5)","background-image":"","background-repeat":"repeat","background-position":"center center","background-size":"auto","background-attachment":"scroll","background-type":"","background-media":"","overlay-type":"","overlay-color":"","overlay-opacity":"","overlay-gradient":""}}},"product_brand":[],"product_cat":[417,398,215],"product_tag":[],"class_list":{"0":"post-28690","1":"product","2":"type-product","3":"status-publish","4":"has-post-thumbnail","6":"product_cat-erikoistarjoukset","7":"product_cat-kasvioljyt-ja-voi","8":"product_cat-saippuan-valmistus","9":"desktop-align-left","10":"tablet-align-left","11":"mobile-align-left","12":"ast-product-gallery-layout-horizontal","13":"ast-product-gallery-with-no-image","14":"ast-product-single-variable","15":"ast-product-tabs-layout-horizontal","17":"first","18":"instock","19":"taxable","20":"shipping-taxable","21":"purchasable","22":"product-type-variable"},"_links":{"self":[{"href":"https:\/\/nordicdiy.ee\/fi\/wp-json\/wp\/v2\/product\/28690","targetHints":{"allow":["GET"]}}],"collection":[{"href":"https:\/\/nordicdiy.ee\/fi\/wp-json\/wp\/v2\/product"}],"about":[{"href":"https:\/\/nordicdiy.ee\/fi\/wp-json\/wp\/v2\/types\/product"}],"wp:featuredmedia":[{"embeddable":true,"href":"https:\/\/nordicdiy.ee\/fi\/wp-json\/wp\/v2\/media\/28829"}],"wp:attachment":[{"href":"https:\/\/nordicdiy.ee\/fi\/wp-json\/wp\/v2\/media?parent=28690"}],"wp:term":[{"taxonomy":"product_brand","embeddable":true,"href":"https:\/\/nordicdiy.ee\/fi\/wp-json\/wp\/v2\/product_brand?post=28690"},{"taxonomy":"product_cat","embeddable":true,"href":"https:\/\/nordicdiy.ee\/fi\/wp-json\/wp\/v2\/product_cat?post=28690"},{"taxonomy":"product_tag","embeddable":true,"href":"https:\/\/nordicdiy.ee\/fi\/wp-json\/wp\/v2\/product_tag?post=28690"}],"curies":[{"name":"wp","href":"https:\/\/api.w.org\/{rel}","templated":true}]}}