{"id":28725,"date":"2026-03-03T19:18:10","date_gmt":"2026-03-03T16:18:10","guid":{"rendered":"https:\/\/nordicdiy.ee\/epood\/Ei-luokiteltu\/jojobaoljy\/"},"modified":"2026-03-17T19:46:37","modified_gmt":"2026-03-17T16:46:37","slug":"jojobaoljy","status":"publish","type":"product","link":"https:\/\/nordicdiy.ee\/fi\/epood\/saippuan-valmistus\/kasvioljyt-ja-voi\/jojobaoljy\/","title":{"rendered":"Jojoba\u00f6ljy"},"content":{"rendered":"<p><strong>Jojoba\u00f6ljy on yksi suosituimmista luonnonkosmetiikka\u00f6ljyist\u00e4, joka on pohjimmiltaan<\/strong> nestem\u00e4inen vaha. \u00d6ljy on per\u00e4isin jojobapuun hedelmist\u00e4, ja se tunnetaan erinomaisesta imukyvyst\u00e4\u00e4n ja ihoa tasapainottavista ominaisuuksistaan. <\/p>\n<p>Jojoba\u00f6ljy sis\u00e4lt\u00e4\u00e4 runsaasti E-vitamiinia, ja sen koostumus muistuttaa ihon luonnollista talia, joten se auttaa palauttamaan ihon luonnollisen pH- ja kosteustasapainon.<\/p>\n<p><strong>Vaikutukset ja hy\u00f6dyt<\/strong><\/p>\n<ul>\n<li>Kosteuttaa ja ravitsee ihoa syv\u00e4sti.<\/li>\n<li>Auttaa palauttamaan ihon luonnollisen tasapainon<\/li>\n<li>Parantaa ihon kimmoisuutta ja pehmeytt\u00e4<\/li>\n<li>Sopii kuivalle, herk\u00e4lle ja ongelmalliselle iholle.<\/li>\n<li>Sill\u00e4 on tulehdusta ehk\u00e4isevi\u00e4 ominaisuuksia<\/li>\n<li>Voi auttaa lievitt\u00e4m\u00e4\u00e4n ekseemaa, psoriaasia ja auringonpolttamia.<\/li>\n<li>Suojaa ihoa kuivumiselta ja \u00e4rsytykselt\u00e4<\/li>\n<li>Vahvistaa ja hoitaa hiuksia<\/li>\n<\/ul>\n<p><strong>K\u00e4ytt\u00f6 kosmetiikassa<\/strong><\/p>\n<p>Jojoba\u00f6ljy on eritt\u00e4in monipuolinen, ja sit\u00e4 voidaan k\u00e4ytt\u00e4\u00e4 puhtaana \u00f6ljyn\u00e4 tai ainesosana:<\/p>\n<ul>\n<li>Kasvojen ja vartalon \u00f6ljy<\/li>\n<li>Meikinpoistoaine (poistaa lian ja bakteerit)<\/li>\n<li>Parranajo-\u00f6ljy - auttaa ehk\u00e4isem\u00e4\u00e4n \u00e4rsytyst\u00e4 ja parranajon palamista.<\/li>\n<li>Hiustenhoito (lis\u00e4\u00e4m\u00e4ll\u00e4 hoitoaineeseen tai hieromalla hiuspohjaan).<\/li>\n<li>Voiteet, voiteet ja seerumit<\/li>\n<li>Hieronta\u00f6ljy<\/li>\n<\/ul>\n<p>K\u00e4ytt\u00f6ohjeet:<br \/>\nLevit\u00e4 pieni m\u00e4\u00e4r\u00e4 \u00f6ljy\u00e4 aamuin illoin hieman kostealle iholle imeytymisen parantamiseksi.<\/p>\n<p><strong>K\u00e4ytt\u00f6 saippuassa<\/strong><\/p>\n<p><strong>Sulata ja kaada saippuat (M&amp;P):<\/strong><\/p>\n<p>Lis\u00e4\u00e4 jopa 1-3%<\/p>\n<ul>\n<li>Antaa saippualle ylellisen ja ravitsevan vaikutuksen iholle.<\/li>\n<li>Soveltuu erityisen hyvin kasvojen puhdistukseen.<\/li>\n<li>Liiallinen m\u00e4\u00e4r\u00e4 voi tehd\u00e4 saippuasta pehme\u00e4n.<\/li>\n<\/ul>\n<p><strong>Kylm\u00e4- ja kuumaprosessisaippuat (CP\/HP):<\/strong><\/p>\n<ul>\n<li>K\u00e4yt\u00e4 enint\u00e4\u00e4n 5 % rasvavaiheesta<\/li>\n<li>Parantaa saippuan hoitavia ominaisuuksia<\/li>\n<li>Ei tarjoa paljon vaahtoa - enemm\u00e4nkin huoltokomponentti.<\/li>\n<\/ul>\n<p><strong>Liukoisuus<\/strong><\/p>\n<ul>\n<li>Veteen liukenematon<\/li>\n<li>Liukenee rasvoihin ja \u00f6ljyihin<\/li>\n<\/ul>\n<p>Varastointi. S\u00e4ilyt\u00e4 tiiviisti suljetussa astiassa kuivassa, viile\u00e4ss\u00e4 paikassa, suojattuna suoralta auringonvalolta. <\/p>\n<p>S\u00e4ilyvyys. Enint\u00e4\u00e4n 24 kuukautta asianmukaisissa s\u00e4ilytysolosuhteissa. <\/p>\n<p>INCI: SIMMONDSIA CHINENSIS -SIEMEN\u00d6LJY<\/p>\n","protected":false},"excerpt":{"rendered":"<p data-start=\"129\" data-end=\"339\">Jojoba\u00f6ljy on 100 % luonnollinen kylm\u00e4puristettu nestem\u00e4inen \u00f6ljy, joka imeytyy nopeasti ja auttaa palauttamaan ihon luonnollisen kosteustasapainon ja pH-tason. Ihanteellinen ihon- ja hiustenhoitoon sek\u00e4 DIY-kosmetiikkaan. <\/p>\n<p data-start=\"341\" data-end=\"434\">K\u00e4yt\u00e4 saippuassa pieni\u00e4 m\u00e4\u00e4ri\u00e4 (<strong data-start=\"377\" data-end=\"390\">1-3 %) lis\u00e4\u00e4m\u00e4\u00e4n<\/strong> ylellisi\u00e4 hoitavia ominaisuuksia.<\/p>\n","protected":false},"featured_media":28822,"template":"","meta":{"site-sidebar-layout":"default","site-content-layout":"","ast-site-content-layout":"default","site-content-style":"default","site-sidebar-style":"default","ast-global-header-display":"","ast-banner-title-visibility":"","ast-main-header-display":"","ast-hfb-above-header-display":"","ast-hfb-below-header-display":"","ast-hfb-mobile-header-display":"","site-post-title":"","ast-breadcrumbs-content":"","ast-featured-img":"","footer-sml-layout":"","ast-disable-related-posts":"","theme-transparent-header-meta":"default","adv-header-id-meta":"","stick-header-meta":"default","header-above-stick-meta":"","header-main-stick-meta":"","header-below-stick-meta":"","astra-migrate-meta-layouts":"default","ast-page-background-enabled":"default","ast-page-background-meta":{"desktop":{"background-color":"","background-image":"","background-repeat":"repeat","background-position":"center center","background-size":"auto","background-attachment":"scroll","background-type":"","background-media":"","overlay-type":"","overlay-color":"","overlay-opacity":"","overlay-gradient":""},"tablet":{"background-color":"","background-image":"","background-repeat":"repeat","background-position":"center center","background-size":"auto","background-attachment":"scroll","background-type":"","background-media":"","overlay-type":"","overlay-color":"","overlay-opacity":"","overlay-gradient":""},"mobile":{"background-color":"","background-image":"","background-repeat":"repeat","background-position":"center center","background-size":"auto","background-attachment":"scroll","background-type":"","background-media":"","overlay-type":"","overlay-color":"","overlay-opacity":"","overlay-gradient":""}},"ast-content-background-meta":{"desktop":{"background-color":"var(--ast-global-color-5)","background-image":"","background-repeat":"repeat","background-position":"center center","background-size":"auto","background-attachment":"scroll","background-type":"","background-media":"","overlay-type":"","overlay-color":"","overlay-opacity":"","overlay-gradient":""},"tablet":{"background-color":"var(--ast-global-color-5)","background-image":"","background-repeat":"repeat","background-position":"center center","background-size":"auto","background-attachment":"scroll","background-type":"","background-media":"","overlay-type":"","overlay-color":"","overlay-opacity":"","overlay-gradient":""},"mobile":{"background-color":"var(--ast-global-color-5)","background-image":"","background-repeat":"repeat","background-position":"center center","background-size":"auto","background-attachment":"scroll","background-type":"","background-media":"","overlay-type":"","overlay-color":"","overlay-opacity":"","overlay-gradient":""}}},"product_brand":[],"product_cat":[417,398,280,215],"product_tag":[],"class_list":{"0":"post-28725","1":"product","2":"type-product","3":"status-publish","4":"has-post-thumbnail","6":"product_cat-erikoistarjoukset","7":"product_cat-kasvioljyt-ja-voi","8":"product_cat-kosmetiikan-valmistus","9":"product_cat-saippuan-valmistus","10":"desktop-align-left","11":"tablet-align-left","12":"mobile-align-left","13":"ast-product-gallery-layout-horizontal","14":"ast-product-gallery-with-no-image","15":"ast-product-single-variable","16":"ast-product-tabs-layout-horizontal","18":"first","19":"instock","20":"taxable","21":"shipping-taxable","22":"purchasable","23":"product-type-variable"},"_links":{"self":[{"href":"https:\/\/nordicdiy.ee\/fi\/wp-json\/wp\/v2\/product\/28725","targetHints":{"allow":["GET"]}}],"collection":[{"href":"https:\/\/nordicdiy.ee\/fi\/wp-json\/wp\/v2\/product"}],"about":[{"href":"https:\/\/nordicdiy.ee\/fi\/wp-json\/wp\/v2\/types\/product"}],"wp:featuredmedia":[{"embeddable":true,"href":"https:\/\/nordicdiy.ee\/fi\/wp-json\/wp\/v2\/media\/28822"}],"wp:attachment":[{"href":"https:\/\/nordicdiy.ee\/fi\/wp-json\/wp\/v2\/media?parent=28725"}],"wp:term":[{"taxonomy":"product_brand","embeddable":true,"href":"https:\/\/nordicdiy.ee\/fi\/wp-json\/wp\/v2\/product_brand?post=28725"},{"taxonomy":"product_cat","embeddable":true,"href":"https:\/\/nordicdiy.ee\/fi\/wp-json\/wp\/v2\/product_cat?post=28725"},{"taxonomy":"product_tag","embeddable":true,"href":"https:\/\/nordicdiy.ee\/fi\/wp-json\/wp\/v2\/product_tag?post=28725"}],"curies":[{"name":"wp","href":"https:\/\/api.w.org\/{rel}","templated":true}]}}