{"id":28738,"date":"2026-03-03T20:02:59","date_gmt":"2026-03-03T17:02:59","guid":{"rendered":"https:\/\/nordicdiy.ee\/epood\/Ei-luokiteltu\/kaakaovoi-deodoroitu-hajustamaton\/"},"modified":"2026-03-17T20:21:43","modified_gmt":"2026-03-17T17:21:43","slug":"kaakaovoi-deodoroitu-hajustamaton","status":"publish","type":"product","link":"https:\/\/nordicdiy.ee\/fi\/epood\/saippuan-valmistus\/kasvioljyt-ja-voi\/kaakaovoi-deodoroitu-hajustamaton\/","title":{"rendered":"Kaakaovoi deodoroitu (hajustamaton)"},"content":{"rendered":"<p><strong>Kaakaovoi on<\/strong> luonnollinen ja eritt\u00e4in ravinteikas kasvirasva, jota arvostetaan sen syv\u00e4kosteuttavien ja suojaavien ominaisuuksien vuoksi. Se on huoneenl\u00e4mm\u00f6ss\u00e4 kiinte\u00e4 voi, joka sulaa iholle kosketettaessa ja tekee siit\u00e4 pehme\u00e4n ja silkkisen. <\/p>\n<p>Kaakaovoi sis\u00e4lt\u00e4\u00e4 runsaasti rasvahappoja, E-vitamiinia ja antioksidantteja, jotka auttavat ravitsemaan, suojaamaan ja yll\u00e4pit\u00e4m\u00e4\u00e4n ihon kimmoisuutta. Vakautensa ansiosta kaakaovoin s\u00e4ilyvyys on pitk\u00e4 (jopa 2-5 vuotta). <\/p>\n<p><strong>Vaikutukset ja hy\u00f6dyt<\/strong><\/p>\n<ul>\n<li>Kosteuttaa ja pehment\u00e4\u00e4 ihoa syv\u00e4sti.<\/li>\n<li>Auttaa parantamaan ihon kimmoisuutta<\/li>\n<li>Tukee venytysj\u00e4lkien ehk\u00e4isy\u00e4<\/li>\n<li>Suojaa ihoa kuivuudelta ja ymp\u00e4rist\u00f6vaurioilta<\/li>\n<li>Sopii herk\u00e4lle ja \u00e4rtyneelle iholle<\/li>\n<li>Auttaa hoitamaan kuivia ja vaurioituneita hiuksia<\/li>\n<li>Lis\u00e4\u00e4 kiiltoa ja v\u00e4hent\u00e4\u00e4 rikkoutumista<\/li>\n<\/ul>\n<p><strong>K\u00e4ytt\u00f6 kosmetiikassa<\/strong><\/p>\n<p>Kaakaovoi on eritt\u00e4in suosittu ainesosa luonnonkosmetiikassa:<\/p>\n<ul>\n<li>Vartalovoiteet ja balsamit<\/li>\n<li>Huulirasvat<\/li>\n<li>Voiteet ja voiteet<\/li>\n<li>Hierontapuikot ja kynttil\u00e4t<\/li>\n<li>Hiustenhoitotuotteet<\/li>\n<li>DIY-kosmetiikka<\/li>\n<\/ul>\n<p>Lis\u00e4\u00e4 tuotteisiin t\u00e4ytel\u00e4ist\u00e4 koostumusta ja kosteuttavaa vaikutusta ja auttaa muodostamaan iholle suojakerroksen.<\/p>\n<p><strong>K\u00e4ytt\u00f6 saippuassa<\/strong><\/p>\n<p><strong>Sulata ja kaada saippuat (M&amp;P):<\/strong><\/p>\n<p>Lis\u00e4\u00e4 jopa 1-3%<\/p>\n<ul>\n<li>Parantaa saippuan hoitavia ominaisuuksia<\/li>\n<li>Antaa ylellisen ja kermaisen tunteen<\/li>\n<li>Liian suuri m\u00e4\u00e4r\u00e4 voi v\u00e4hent\u00e4\u00e4 l\u00e4pin\u00e4kyvyytt\u00e4<\/li>\n<\/ul>\n<p><strong>Kylm\u00e4- ja kuumaprosessisaippuat (CP\/HP):<\/strong><\/p>\n<p>Suositeltu m\u00e4\u00e4r\u00e4 10-15 % saippua-rasvoista<\/p>\n<p>Antaa saippuaa:<\/p>\n<ul>\n<li>kovuus<\/li>\n<li>pitk\u00e4ik\u00e4isyys<\/li>\n<li>eritt\u00e4in hyv\u00e4t kosteuttavat ominaisuudet<\/li>\n<\/ul>\n<p>Liian suuret m\u00e4\u00e4r\u00e4t voivat heikent\u00e4\u00e4 vaahdotuskyky\u00e4.<\/p>\n<p><strong>K\u00e4ytt\u00f6 hierontakylvyiss\u00e4 ja palloissa<\/strong><\/p>\n<p>Kaakaovoi sopii erinomaisesti hierontatuotteisiin:<\/p>\n<ul>\n<li>Sulaa hitaasti ja tasaisesti iholla<\/li>\n<li>Tarjoaa syv\u00e4\u00e4 kosteutusta<\/li>\n<li>Antaa iholle silkkisen tunteen<\/li>\n<li>Toimii hyvin kookos\u00f6ljyn ja kasvivahojen kanssa.<\/li>\n<\/ul>\n<p><strong>Ominaisuudet<\/strong><\/p>\n<ul>\n<li>Kiinte\u00e4 huoneenl\u00e4mm\u00f6ss\u00e4<\/li>\n<li>Sulaa joutuessaan kosketuksiin ihon kanssa<\/li>\n<li>L\u00e4hes hajuton (tai liev\u00e4sti kaakaonhajuinen, jalostuksesta riippuen).<\/li>\n<\/ul>\n<p>Varastointi. S\u00e4ilyt\u00e4 kuivassa ja viile\u00e4ss\u00e4 paikassa, poissa suorasta auringonvalosta. <\/p>\n<p>S\u00e4ilyvyysaika 2-5 vuotta hyv\u00e4n hapettumisstabiliteetin ansiosta.<\/p>\n<p>INCI: THEOBROMA CACAO -VOI<\/p>\n","protected":false},"excerpt":{"rendered":"<p data-start=\"140\" data-end=\"345\">Kaakaovoi on runsas ja luonnollinen kasvirasva, joka kosteuttaa, pehment\u00e4\u00e4 ja parantaa ihon kimmoisuutta. Ihanteellinen vartalovoiteisiin, huulirasvoihin, saippuoihin ja hierontapatukoihin sek\u00e4 hierontakynttil\u00f6ihin. <\/p>\n<p data-start=\"347\" data-end=\"436\">Lis\u00e4\u00e4 saippuan vahvuutta ja kosteuttavia ominaisuuksia - suositellaan k\u00e4ytett\u00e4v\u00e4ksi <strong data-start=\"415\" data-end=\"425\">10-15 % reseptiss\u00e4<\/strong>.<\/p>\n","protected":false},"featured_media":28833,"template":"","meta":{"site-sidebar-layout":"default","site-content-layout":"","ast-site-content-layout":"default","site-content-style":"default","site-sidebar-style":"default","ast-global-header-display":"","ast-banner-title-visibility":"","ast-main-header-display":"","ast-hfb-above-header-display":"","ast-hfb-below-header-display":"","ast-hfb-mobile-header-display":"","site-post-title":"","ast-breadcrumbs-content":"","ast-featured-img":"","footer-sml-layout":"","ast-disable-related-posts":"","theme-transparent-header-meta":"default","adv-header-id-meta":"","stick-header-meta":"default","header-above-stick-meta":"","header-main-stick-meta":"","header-below-stick-meta":"","astra-migrate-meta-layouts":"default","ast-page-background-enabled":"default","ast-page-background-meta":{"desktop":{"background-color":"","background-image":"","background-repeat":"repeat","background-position":"center center","background-size":"auto","background-attachment":"scroll","background-type":"","background-media":"","overlay-type":"","overlay-color":"","overlay-opacity":"","overlay-gradient":""},"tablet":{"background-color":"","background-image":"","background-repeat":"repeat","background-position":"center center","background-size":"auto","background-attachment":"scroll","background-type":"","background-media":"","overlay-type":"","overlay-color":"","overlay-opacity":"","overlay-gradient":""},"mobile":{"background-color":"","background-image":"","background-repeat":"repeat","background-position":"center center","background-size":"auto","background-attachment":"scroll","background-type":"","background-media":"","overlay-type":"","overlay-color":"","overlay-opacity":"","overlay-gradient":""}},"ast-content-background-meta":{"desktop":{"background-color":"var(--ast-global-color-5)","background-image":"","background-repeat":"repeat","background-position":"center center","background-size":"auto","background-attachment":"scroll","background-type":"","background-media":"","overlay-type":"","overlay-color":"","overlay-opacity":"","overlay-gradient":""},"tablet":{"background-color":"var(--ast-global-color-5)","background-image":"","background-repeat":"repeat","background-position":"center center","background-size":"auto","background-attachment":"scroll","background-type":"","background-media":"","overlay-type":"","overlay-color":"","overlay-opacity":"","overlay-gradient":""},"mobile":{"background-color":"var(--ast-global-color-5)","background-image":"","background-repeat":"repeat","background-position":"center center","background-size":"auto","background-attachment":"scroll","background-type":"","background-media":"","overlay-type":"","overlay-color":"","overlay-opacity":"","overlay-gradient":""}}},"product_brand":[],"product_cat":[417,398,280,215],"product_tag":[],"class_list":{"0":"post-28738","1":"product","2":"type-product","3":"status-publish","4":"has-post-thumbnail","6":"product_cat-erikoistarjoukset","7":"product_cat-kasvioljyt-ja-voi","8":"product_cat-kosmetiikan-valmistus","9":"product_cat-saippuan-valmistus","10":"desktop-align-left","11":"tablet-align-left","12":"mobile-align-left","13":"ast-product-gallery-layout-horizontal","14":"ast-product-gallery-with-no-image","15":"ast-product-single-variable","16":"ast-product-tabs-layout-horizontal","18":"first","19":"instock","20":"taxable","21":"shipping-taxable","22":"purchasable","23":"product-type-variable"},"_links":{"self":[{"href":"https:\/\/nordicdiy.ee\/fi\/wp-json\/wp\/v2\/product\/28738","targetHints":{"allow":["GET"]}}],"collection":[{"href":"https:\/\/nordicdiy.ee\/fi\/wp-json\/wp\/v2\/product"}],"about":[{"href":"https:\/\/nordicdiy.ee\/fi\/wp-json\/wp\/v2\/types\/product"}],"wp:featuredmedia":[{"embeddable":true,"href":"https:\/\/nordicdiy.ee\/fi\/wp-json\/wp\/v2\/media\/28833"}],"wp:attachment":[{"href":"https:\/\/nordicdiy.ee\/fi\/wp-json\/wp\/v2\/media?parent=28738"}],"wp:term":[{"taxonomy":"product_brand","embeddable":true,"href":"https:\/\/nordicdiy.ee\/fi\/wp-json\/wp\/v2\/product_brand?post=28738"},{"taxonomy":"product_cat","embeddable":true,"href":"https:\/\/nordicdiy.ee\/fi\/wp-json\/wp\/v2\/product_cat?post=28738"},{"taxonomy":"product_tag","embeddable":true,"href":"https:\/\/nordicdiy.ee\/fi\/wp-json\/wp\/v2\/product_tag?post=28738"}],"curies":[{"name":"wp","href":"https:\/\/api.w.org\/{rel}","templated":true}]}}