{"id":28845,"date":"2026-03-03T10:47:58","date_gmt":"2026-03-03T07:47:58","guid":{"rendered":"https:\/\/nordicdiy.ee\/epood\/Ei-luokiteltu\/appelsiinin-eteerinen-oljy\/"},"modified":"2026-03-18T16:05:21","modified_gmt":"2026-03-18T13:05:21","slug":"appelsiinin-eteerinen-oljy","status":"publish","type":"product","link":"https:\/\/nordicdiy.ee\/fi\/epood\/tuoksuoljy\/eteeriset-oljyt\/appelsiinin-eteerinen-oljy\/","title":{"rendered":"Appelsiinin eteerinen \u00f6ljy"},"content":{"rendered":"<p><strong>Appelsiinin eteerinen \u00f6ljy on<\/strong> yksi suosituimmista sitrus\u00f6ljyist\u00e4, jota arvostetaan sen miellytt\u00e4v\u00e4n, aurinkoisen ja energisoivan tuoksun vuoksi. \u00d6ljy on per\u00e4isin appelsiinin kuoresta, ja se sis\u00e4lt\u00e4\u00e4 luonnollisia yhdisteit\u00e4, jotka tukevat sek\u00e4 fyysist\u00e4 ett\u00e4 emotionaalista hyvinvointia. <\/p>\n<p><strong>Ominaisuudet ja edut<\/strong><\/p>\n<ul>\n<li>Auttaa lievitt\u00e4m\u00e4\u00e4n liev\u00e4\u00e4 kipua ja tulehdusta<\/li>\n<li>Antioksidanttisia ja antibakteerisia ominaisuuksia<\/li>\n<li>Tukee ongelmaihon (akne, rasvainen iho) hoitoa.<\/li>\n<li>Auttaa tasapainottamaan kehon rasvan tuotantoa.<\/li>\n<li>Parantaa mielialaa ja v\u00e4hent\u00e4\u00e4 ahdistusta<\/li>\n<li>  Luo rentouttavan ja rauhoittavan ilmapiirin<\/li>\n<\/ul>\n<p>Appelsiinin eteerist\u00e4 \u00f6ljy\u00e4 arvostetaan erityisesti aromaterapiassa, jossa se auttaa luomaan positiivisen ja rauhoittavan ymp\u00e4rist\u00f6n. Sen raikas, makea tuoksu sopii erinomaisesti jokap\u00e4iv\u00e4iseen k\u00e4ytt\u00f6\u00f6n tai mielen tasapainottamiseen stressin aikana. <\/p>\n<p><strong>K\u00e4ytt\u00f6<\/strong><\/p>\n<ul>\n<li>Appelsiinin eteerinen \u00f6ljy sopii k\u00e4ytett\u00e4v\u00e4ksi:<\/li>\n<li>aromaterapia (diffuusio, tuoksukivet)<\/li>\n<li>hieronta\u00f6ljyt (laimennettuna perus\u00f6ljyyn)<\/li>\n<li>ihonhoitotuotteissa (voiteet, \u00f6ljyt - sallittujen enimm\u00e4ism\u00e4\u00e4rien mukaisesti).<\/li>\n<li>Kylpyhuonetuotteet<\/li>\n<\/ul>\n<p><strong>IFRA ja turvallisuus<\/strong><\/p>\n<p>IFRA:n (International Fragrance Association) suositusten mukaisesti:<\/p>\n<p>Ei saa k\u00e4ytt\u00e4\u00e4:<\/p>\n<ul>\n<li>saippuoissa ja shampoissa<\/li>\n<li>kotidiffuusorit tikuilla (ruoko diffuusori)<\/li>\n<li>kynttil\u00f6iden valmistus<\/li>\n<\/ul>\n<p>Sallittu k\u00e4ytett\u00e4v\u00e4ksi rajoitettuina pitoisuuksina:<br \/>\n- p\u00e4\u00e4lle j\u00e4tett\u00e4viss\u00e4 tuotteissa<br \/>\n- aromaterapiassa.<\/p>\n<p>Suosittelemme, ett\u00e4 noudatat aina turvallisuusohjeita ja k\u00e4yt\u00e4t eteerisi\u00e4 \u00f6ljyj\u00e4 laimentamattomina.<\/p>\n<p><a href=\"https:\/\/goldelseou.sharepoint.com\/:f:\/s\/Nordicdiy.ee\/IgCT1Dpx9rUvRp805HZ9OlB6ATO1I6oyLAXeYGjOEp5NajM?e=RyQbhf\" target=\"_blank\" rel=\"noopener\"><strong>Lataa k\u00e4ytt\u00f6turvallisuustiedotteet (SDS), IFRA, allergeenitaulukko t\u00e4\u00e4lt\u00e4.<\/strong><\/a><\/p>\n<p>S\u00e4ilytys: suositeltu s\u00e4ilyvyysaika on 1 vuosi, mutta jos tuote s\u00e4ilytet\u00e4\u00e4n oikein (suojattuna auringonvalolta, kuivassa ja viile\u00e4ss\u00e4 paikassa), se s\u00e4ilyy k\u00e4ytt\u00f6kelpoisena useita vuosia.<\/p>\n<p>VAROITUS!<\/p>\n<p><img decoding=\"async\" class=\"\" src=\"https:\/\/nordicdiy.ee\/wp-content\/uploads\/2025\/01\/terviseoht.jpg\" width=\"70\" height=\"70\"> <img decoding=\"async\" class=\"\" src=\"https:\/\/nordicdiy.ee\/wp-content\/uploads\/2025\/02\/keskkonnaoht.jpg\" width=\"70\" height=\"70\"> <img decoding=\"async\" class=\"\" src=\"https:\/\/nordicdiy.ee\/wp-content\/uploads\/2025\/02\/eriti-tuleohtlik.jpg\" width=\"70\" height=\"70\"> <img loading=\"lazy\" decoding=\"async\" class=\"\" src=\"https:\/\/nordicdiy.ee\/wp-content\/uploads\/2025\/02\/tosine-terviseoht.jpg\" width=\"70\" height=\"70\"><\/p>\n","protected":false},"excerpt":{"rendered":"<p>Appelsiinin eteerinen \u00f6ljy on virkist\u00e4v\u00e4 ja makea sitruksen tuoksuinen luonnollinen \u00f6ljy, joka kohottaa mielialaa, rauhoittaa mielt\u00e4 ja tukee ihon hyvinvointia. Sill\u00e4 on antibakteerisia ja antioksidanttisia ominaisuuksia, jotka auttavat v\u00e4hent\u00e4m\u00e4\u00e4n aknea ja rasvaista ihoa. Ihanteellinen k\u00e4ytett\u00e4v\u00e4ksi aromaterapiassa ja vartalonhoidossa.  <\/p>\n","protected":false},"featured_media":28907,"template":"","meta":{"site-sidebar-layout":"default","site-content-layout":"","ast-site-content-layout":"default","site-content-style":"default","site-sidebar-style":"default","ast-global-header-display":"","ast-banner-title-visibility":"","ast-main-header-display":"","ast-hfb-above-header-display":"","ast-hfb-below-header-display":"","ast-hfb-mobile-header-display":"","site-post-title":"","ast-breadcrumbs-content":"","ast-featured-img":"","footer-sml-layout":"","ast-disable-related-posts":"","theme-transparent-header-meta":"default","adv-header-id-meta":"","stick-header-meta":"default","header-above-stick-meta":"","header-main-stick-meta":"","header-below-stick-meta":"","astra-migrate-meta-layouts":"default","ast-page-background-enabled":"default","ast-page-background-meta":{"desktop":{"background-color":"","background-image":"","background-repeat":"repeat","background-position":"center center","background-size":"auto","background-attachment":"scroll","background-type":"","background-media":"","overlay-type":"","overlay-color":"","overlay-opacity":"","overlay-gradient":""},"tablet":{"background-color":"","background-image":"","background-repeat":"repeat","background-position":"center center","background-size":"auto","background-attachment":"scroll","background-type":"","background-media":"","overlay-type":"","overlay-color":"","overlay-opacity":"","overlay-gradient":""},"mobile":{"background-color":"","background-image":"","background-repeat":"repeat","background-position":"center center","background-size":"auto","background-attachment":"scroll","background-type":"","background-media":"","overlay-type":"","overlay-color":"","overlay-opacity":"","overlay-gradient":""}},"ast-content-background-meta":{"desktop":{"background-color":"var(--ast-global-color-5)","background-image":"","background-repeat":"repeat","background-position":"center center","background-size":"auto","background-attachment":"scroll","background-type":"","background-media":"","overlay-type":"","overlay-color":"","overlay-opacity":"","overlay-gradient":""},"tablet":{"background-color":"var(--ast-global-color-5)","background-image":"","background-repeat":"repeat","background-position":"center center","background-size":"auto","background-attachment":"scroll","background-type":"","background-media":"","overlay-type":"","overlay-color":"","overlay-opacity":"","overlay-gradient":""},"mobile":{"background-color":"var(--ast-global-color-5)","background-image":"","background-repeat":"repeat","background-position":"center center","background-size":"auto","background-attachment":"scroll","background-type":"","background-media":"","overlay-type":"","overlay-color":"","overlay-opacity":"","overlay-gradient":""}}},"product_brand":[],"product_cat":[409,280,410,215,129],"product_tag":[],"class_list":{"0":"post-28845","1":"product","2":"type-product","3":"status-publish","4":"has-post-thumbnail","6":"product_cat-eteeriset-oljyt","7":"product_cat-kosmetiikan-valmistus","8":"product_cat-muut-saippuan-valmistuksessa-kaytettavat-aineet","9":"product_cat-saippuan-valmistus","10":"product_cat-tuoksuoljy","11":"desktop-align-left","12":"tablet-align-left","13":"mobile-align-left","14":"ast-product-gallery-layout-horizontal","15":"ast-product-gallery-with-no-image","16":"ast-product-single-variable","17":"ast-product-tabs-layout-horizontal","19":"first","20":"instock","21":"taxable","22":"shipping-taxable","23":"purchasable","24":"product-type-variable"},"_links":{"self":[{"href":"https:\/\/nordicdiy.ee\/fi\/wp-json\/wp\/v2\/product\/28845","targetHints":{"allow":["GET"]}}],"collection":[{"href":"https:\/\/nordicdiy.ee\/fi\/wp-json\/wp\/v2\/product"}],"about":[{"href":"https:\/\/nordicdiy.ee\/fi\/wp-json\/wp\/v2\/types\/product"}],"wp:featuredmedia":[{"embeddable":true,"href":"https:\/\/nordicdiy.ee\/fi\/wp-json\/wp\/v2\/media\/28907"}],"wp:attachment":[{"href":"https:\/\/nordicdiy.ee\/fi\/wp-json\/wp\/v2\/media?parent=28845"}],"wp:term":[{"taxonomy":"product_brand","embeddable":true,"href":"https:\/\/nordicdiy.ee\/fi\/wp-json\/wp\/v2\/product_brand?post=28845"},{"taxonomy":"product_cat","embeddable":true,"href":"https:\/\/nordicdiy.ee\/fi\/wp-json\/wp\/v2\/product_cat?post=28845"},{"taxonomy":"product_tag","embeddable":true,"href":"https:\/\/nordicdiy.ee\/fi\/wp-json\/wp\/v2\/product_tag?post=28845"}],"curies":[{"name":"wp","href":"https:\/\/api.w.org\/{rel}","templated":true}]}}