{"id":28885,"date":"2026-03-03T11:03:05","date_gmt":"2026-03-03T08:03:05","guid":{"rendered":"https:\/\/nordicdiy.ee\/epood\/Ei-luokiteltu\/eukalyptuksen-eteerinen-oljy\/"},"modified":"2026-03-18T16:20:35","modified_gmt":"2026-03-18T13:20:35","slug":"eukalyptuksen-eteerinen-oljy","status":"publish","type":"product","link":"https:\/\/nordicdiy.ee\/fi\/epood\/tuoksuoljy\/eteeriset-oljyt\/eukalyptuksen-eteerinen-oljy\/","title":{"rendered":"Eukalyptuksen eteerinen \u00f6ljy"},"content":{"rendered":"<p><strong>Eukalyptuksen eteerist\u00e4 \u00f6ljy\u00e4 saadaan<\/strong> h\u00f6yrytislaamalla Eucalyptus globulus -puun lehdist\u00e4. \u00d6ljy on v\u00e4rilt\u00e4\u00e4n kirkkaasta vaaleankeltaiseen vaihtelevaa, ja siin\u00e4 on tyypillinen raikas, viilent\u00e4v\u00e4 ja hieman kamferim\u00e4inen tuoksu. <\/p>\n<p>T\u00e4rkein vaikuttava aine on eukalyptoli (kinole), joka antaa \u00f6ljylle puhdistavat ja hengitysteit\u00e4 tukevat ominaisuudet.<\/p>\n<p><strong>Ominaisuudet ja edut<\/strong><\/p>\n<ul>\n<li>Vahva antibakteerinen ja antiseptinen vaikutus.<\/li>\n<li>Auttaa lievitt\u00e4m\u00e4\u00e4n tulehdusta ja lihasj\u00e4nnityst\u00e4<\/li>\n<li>Tukee hengitysteit\u00e4 ja lievitt\u00e4\u00e4 vilustumisoireita.<\/li>\n<li>Raikastaa ja puhdistaa ilmaa<\/li>\n<li>Voi auttaa rasvoittuvan ja ongelmallisen ihon hoidossa<\/li>\n<li>Pirist\u00e4v\u00e4 ja selvent\u00e4v\u00e4 tuoksu<\/li>\n<\/ul>\n<p>Eukalyptus\u00f6ljy\u00e4 k\u00e4ytet\u00e4\u00e4n laajalti kosmetiikassa, l\u00e4\u00e4kkeiss\u00e4 ja aromaterapiassa sen monipuolisten ominaisuuksien vuoksi.<\/p>\n<p><strong>K\u00e4ytt\u00f6<\/strong><\/p>\n<p>Sopii:<\/p>\n<ul>\n<li>aromaterapia (diffuusori, h\u00f6yrystin)<\/li>\n<li>kosmeettiset tuotteet (voiteet, \u00f6ljyt, balsamit)<\/li>\n<li>hieronta\u00f6ljyt (laimennettuna)<\/li>\n<li>saippuan valmistuksessa<\/li>\n<li>kodinhoitotuotteet ja puhdistusaineet<\/li>\n<li>kosmetiikassa enint\u00e4\u00e4n ~1% (kasvot &lt;0,5%).<\/li>\n<li>saippuoissa yleens\u00e4 1-4%<\/li>\n<\/ul>\n<p><strong>IFRA ja turvallisuus<\/strong><\/p>\n<p>Eucalyptus Globulus -eteerinen \u00f6ljy ei sis\u00e4ll\u00e4 mit\u00e4\u00e4n IFRA:n suoraan kielt\u00e4mi\u00e4 ainesosia, ja se on yleisesti sallittu erilaisissa tuotteissa.<\/p>\n<ul>\n<li>Voidaan k\u00e4ytt\u00e4\u00e4 (IFRA:n luokkien ja rajoitusten mukaisesti):<\/li>\n<li>vartalonhoitotuotteet (voiteet, voiteet, deodorantit)<\/li>\n<li>hajuvesien ja tuoksujen alalla<\/li>\n<li>sepides<\/li>\n<li>kodintuoksuissa ja kynttil\u00f6iss\u00e4<\/li>\n<\/ul>\n<p>T\u00e4rke\u00e4\u00e4:<br \/>\n- noudata IFRA:n enimm\u00e4isk\u00e4ytt\u00f6m\u00e4\u00e4ri\u00e4 (esim. deodorantit ~16%, voiteet enint\u00e4\u00e4n ~75% teoreettinen raja)<br \/>\n- k\u00e4yt\u00e4 aina laimennettuna<br \/>\n- \u00e4l\u00e4 k\u00e4yt\u00e4 imev\u00e4isille tai kasvojen alueelle (erityisesti alle 3-10-vuotiaille).<\/p>\n<p><a href=\"https:\/\/goldelseou.sharepoint.com\/:f:\/s\/Nordicdiy.ee\/IgAMnQ1rhgNRToIrz5nKif_6AZS5niQx7nDkcMEWg9cIBLU?e=LeUo75\" target=\"_blank\" rel=\"noopener\">Lataa SDS, IFRA ja allergeenitaulukko t\u00e4\u00e4lt\u00e4.<\/a><\/p>\n","protected":false},"excerpt":{"rendered":"<p>Eukalyptuksen eteerinen \u00f6ljy (Eucalyptus Globulus) on raikas, kamferim\u00e4inen ja puhdistava tuoksu\u00f6ljy, joka tukee hengityst\u00e4, rauhoittaa kehoa ja auttaa lievitt\u00e4m\u00e4\u00e4n tulehduksia. Sill\u00e4 on antibakteerisia ja puhdistavia ominaisuuksia, jotka tekev\u00e4t siit\u00e4 ihanteellisen aromaterapiassa ja kosmetiikassa. <\/p>\n","protected":false},"featured_media":28914,"template":"","meta":{"site-sidebar-layout":"default","site-content-layout":"","ast-site-content-layout":"default","site-content-style":"default","site-sidebar-style":"default","ast-global-header-display":"","ast-banner-title-visibility":"","ast-main-header-display":"","ast-hfb-above-header-display":"","ast-hfb-below-header-display":"","ast-hfb-mobile-header-display":"","site-post-title":"","ast-breadcrumbs-content":"","ast-featured-img":"","footer-sml-layout":"","ast-disable-related-posts":"","theme-transparent-header-meta":"default","adv-header-id-meta":"","stick-header-meta":"default","header-above-stick-meta":"","header-main-stick-meta":"","header-below-stick-meta":"","astra-migrate-meta-layouts":"default","ast-page-background-enabled":"default","ast-page-background-meta":{"desktop":{"background-color":"","background-image":"","background-repeat":"repeat","background-position":"center center","background-size":"auto","background-attachment":"scroll","background-type":"","background-media":"","overlay-type":"","overlay-color":"","overlay-opacity":"","overlay-gradient":""},"tablet":{"background-color":"","background-image":"","background-repeat":"repeat","background-position":"center center","background-size":"auto","background-attachment":"scroll","background-type":"","background-media":"","overlay-type":"","overlay-color":"","overlay-opacity":"","overlay-gradient":""},"mobile":{"background-color":"","background-image":"","background-repeat":"repeat","background-position":"center center","background-size":"auto","background-attachment":"scroll","background-type":"","background-media":"","overlay-type":"","overlay-color":"","overlay-opacity":"","overlay-gradient":""}},"ast-content-background-meta":{"desktop":{"background-color":"var(--ast-global-color-5)","background-image":"","background-repeat":"repeat","background-position":"center center","background-size":"auto","background-attachment":"scroll","background-type":"","background-media":"","overlay-type":"","overlay-color":"","overlay-opacity":"","overlay-gradient":""},"tablet":{"background-color":"var(--ast-global-color-5)","background-image":"","background-repeat":"repeat","background-position":"center center","background-size":"auto","background-attachment":"scroll","background-type":"","background-media":"","overlay-type":"","overlay-color":"","overlay-opacity":"","overlay-gradient":""},"mobile":{"background-color":"var(--ast-global-color-5)","background-image":"","background-repeat":"repeat","background-position":"center center","background-size":"auto","background-attachment":"scroll","background-type":"","background-media":"","overlay-type":"","overlay-color":"","overlay-opacity":"","overlay-gradient":""}}},"product_brand":[],"product_cat":[409,280,410,215,129],"product_tag":[],"class_list":{"0":"post-28885","1":"product","2":"type-product","3":"status-publish","4":"has-post-thumbnail","6":"product_cat-eteeriset-oljyt","7":"product_cat-kosmetiikan-valmistus","8":"product_cat-muut-saippuan-valmistuksessa-kaytettavat-aineet","9":"product_cat-saippuan-valmistus","10":"product_cat-tuoksuoljy","11":"desktop-align-left","12":"tablet-align-left","13":"mobile-align-left","14":"ast-product-gallery-layout-horizontal","15":"ast-product-gallery-with-no-image","16":"ast-product-single-variable","17":"ast-product-tabs-layout-horizontal","19":"first","20":"instock","21":"taxable","22":"shipping-taxable","23":"purchasable","24":"product-type-variable"},"_links":{"self":[{"href":"https:\/\/nordicdiy.ee\/fi\/wp-json\/wp\/v2\/product\/28885","targetHints":{"allow":["GET"]}}],"collection":[{"href":"https:\/\/nordicdiy.ee\/fi\/wp-json\/wp\/v2\/product"}],"about":[{"href":"https:\/\/nordicdiy.ee\/fi\/wp-json\/wp\/v2\/types\/product"}],"wp:featuredmedia":[{"embeddable":true,"href":"https:\/\/nordicdiy.ee\/fi\/wp-json\/wp\/v2\/media\/28914"}],"wp:attachment":[{"href":"https:\/\/nordicdiy.ee\/fi\/wp-json\/wp\/v2\/media?parent=28885"}],"wp:term":[{"taxonomy":"product_brand","embeddable":true,"href":"https:\/\/nordicdiy.ee\/fi\/wp-json\/wp\/v2\/product_brand?post=28885"},{"taxonomy":"product_cat","embeddable":true,"href":"https:\/\/nordicdiy.ee\/fi\/wp-json\/wp\/v2\/product_cat?post=28885"},{"taxonomy":"product_tag","embeddable":true,"href":"https:\/\/nordicdiy.ee\/fi\/wp-json\/wp\/v2\/product_tag?post=28885"}],"curies":[{"name":"wp","href":"https:\/\/api.w.org\/{rel}","templated":true}]}}