{"id":28927,"date":"2026-03-03T16:25:57","date_gmt":"2026-03-03T13:25:57","guid":{"rendered":"https:\/\/nordicdiy.ee\/epood\/Ei-luokiteltu\/laventelin-eteerinen-oljy-2\/"},"modified":"2026-05-04T16:35:54","modified_gmt":"2026-05-04T13:35:54","slug":"laventelin-eteerinen-oljy-2","status":"publish","type":"product","link":"https:\/\/nordicdiy.ee\/fi\/epood\/tuoksuoljy\/eteeriset-oljyt\/laventelin-eteerinen-oljy-2\/","title":{"rendered":"Laventelin eteerinen \u00f6ljy"},"content":{"rendered":"<p><strong>Laventelin eteerinen \u00f6ljy on<\/strong> yksi tunnetuimmista ja monipuolisimmista eteerisist\u00e4 \u00f6ljyist\u00e4, jota k\u00e4ytet\u00e4\u00e4n laajalti aromaterapiassa ja kosmetiikassa. \u00d6ljy\u00e4 saadaan laventelin (Lavandula angustifolia) kukista h\u00f6yrytislaamalla, ja sit\u00e4 arvostetaan sen tasapainottavien, rauhoittavien ja korjaavien ominaisuuksien vuoksi. <\/p>\n<p><strong>Ominaisuudet ja edut<\/strong><\/p>\n<ul>\n<li>Rauhoittaa hermostoa ja auttaa v\u00e4hent\u00e4m\u00e4\u00e4n stressi\u00e4<\/li>\n<li>Tukee syv\u00e4\u00e4 ja laadukasta unta<\/li>\n<li>lievitt\u00e4\u00e4 ahdistusta ja j\u00e4nnityst\u00e4<\/li>\n<li>Sill\u00e4 on antiseptisi\u00e4 ja tulehdusta ehk\u00e4isevi\u00e4 ominaisuuksia.<\/li>\n<li>Auttaa ihon uudistumista (akne, \u00e4rsytykset, pienet haavat).<\/li>\n<li>Sopii herk\u00e4n ja ongelmallisen ihon hoitoon<\/li>\n<\/ul>\n<p>Laventeli\u00f6ljy tunnetaan \"monik\u00e4ytt\u00f6\u00f6ljyn\u00e4\", joka sopii sek\u00e4 jokap\u00e4iv\u00e4iseen k\u00e4ytt\u00f6\u00f6n ett\u00e4 rentoutumiseen kiireisen p\u00e4iv\u00e4n j\u00e4lkeen. Sen pehme\u00e4 ja tasapainoinen tuoksu luo rauhallisen ilmapiirin ja auttaa kehoa ja mielt\u00e4 palautumaan. <\/p>\n<p><strong>K\u00e4ytt\u00f6<\/strong><\/p>\n<p>Laventelin eteerinen \u00f6ljy sopii k\u00e4ytett\u00e4v\u00e4ksi:<\/p>\n<ul>\n<li>aromaterapia (diffuusori, tuoksulamppu)<\/li>\n<li>hieronta\u00f6ljyt (laimennettuna perus\u00f6ljyyn)<\/li>\n<li>ihonhoitotuotteissa (voiteet, seerumit, \u00f6ljyt, voiteet jne.).<\/li>\n<li>Kylpyhuonetuotteet<\/li>\n<li>tyynynp\u00e4\u00e4llisiss\u00e4 ja rentouttavissa tuotteissa<\/li>\n<\/ul>\n<p><strong>IFRA ja turvallisuus<\/strong><\/p>\n<p>Laventelin eteerinen \u00f6ljy on yleisesti hyv\u00e4ksytty monissa tuotteissa:<br \/>\n- vartalonhoito (voiteet, voiteet, deodorantit)<br \/>\n- saippua ja shampoo.<\/p>\n<p>K\u00e4yt\u00e4 IFRA:n raja-arvojen mukaisesti (tuotteesta\/luokasta riippuen).<\/p>\n<p>Suositukset:<br \/>\n- k\u00e4yt\u00e4 laimennettuna ennen iholle levitt\u00e4mist\u00e4<br \/>\n- v\u00e4lt\u00e4 silm\u00e4kosketusta<br \/>\n- herk\u00e4lle iholle, testaa etuk\u00e4teen.<\/p>\n<p><a href=\"https:\/\/goldelseou.sharepoint.com\/:f:\/s\/Nordicdiy.ee\/IgBjYN4AObQrR7miq6BlhIdVAXg8d4zyPzIFLtbsCxmJN20?e=FkGpHC\" target=\"_blank\" rel=\"noopener\"><strong>Lataa k\u00e4ytt\u00f6turvallisuustiedotteet (SDS), IFRA, allergeenitaulukko t\u00e4\u00e4lt\u00e4.<\/strong><\/a><\/p>\n<p>S\u00e4ilytys: suositeltu s\u00e4ilyvyysaika on 1 vuosi, mutta jos tuote s\u00e4ilytet\u00e4\u00e4n oikein (suojattuna auringonvalolta, kuivassa ja viile\u00e4ss\u00e4 paikassa), se s\u00e4ilyy k\u00e4ytt\u00f6kelpoisena useita vuosia.<\/p>\n","protected":false},"excerpt":{"rendered":"<p>Eteerinen laventeli\u00f6ljy on luonnollinen \u00f6ljy, jolla on rauhoittava ja hento kukkaistuoksu, joka auttaa rentoutumaan, parantaa unen laatua ja tukee ihon uudistumista. Ihanteellinen aromaterapiaan sek\u00e4 ihonhoitoon. <\/p>\n","protected":false},"featured_media":28995,"template":"","meta":{"site-sidebar-layout":"default","site-content-layout":"","ast-site-content-layout":"default","site-content-style":"default","site-sidebar-style":"default","ast-global-header-display":"","ast-banner-title-visibility":"","ast-main-header-display":"","ast-hfb-above-header-display":"","ast-hfb-below-header-display":"","ast-hfb-mobile-header-display":"","site-post-title":"","ast-breadcrumbs-content":"","ast-featured-img":"","footer-sml-layout":"","ast-disable-related-posts":"","theme-transparent-header-meta":"default","adv-header-id-meta":"","stick-header-meta":"default","header-above-stick-meta":"","header-main-stick-meta":"","header-below-stick-meta":"","astra-migrate-meta-layouts":"default","ast-page-background-enabled":"default","ast-page-background-meta":{"desktop":{"background-color":"","background-image":"","background-repeat":"repeat","background-position":"center center","background-size":"auto","background-attachment":"scroll","background-type":"","background-media":"","overlay-type":"","overlay-color":"","overlay-opacity":"","overlay-gradient":""},"tablet":{"background-color":"","background-image":"","background-repeat":"repeat","background-position":"center center","background-size":"auto","background-attachment":"scroll","background-type":"","background-media":"","overlay-type":"","overlay-color":"","overlay-opacity":"","overlay-gradient":""},"mobile":{"background-color":"","background-image":"","background-repeat":"repeat","background-position":"center center","background-size":"auto","background-attachment":"scroll","background-type":"","background-media":"","overlay-type":"","overlay-color":"","overlay-opacity":"","overlay-gradient":""}},"ast-content-background-meta":{"desktop":{"background-color":"var(--ast-global-color-5)","background-image":"","background-repeat":"repeat","background-position":"center center","background-size":"auto","background-attachment":"scroll","background-type":"","background-media":"","overlay-type":"","overlay-color":"","overlay-opacity":"","overlay-gradient":""},"tablet":{"background-color":"var(--ast-global-color-5)","background-image":"","background-repeat":"repeat","background-position":"center center","background-size":"auto","background-attachment":"scroll","background-type":"","background-media":"","overlay-type":"","overlay-color":"","overlay-opacity":"","overlay-gradient":""},"mobile":{"background-color":"var(--ast-global-color-5)","background-image":"","background-repeat":"repeat","background-position":"center center","background-size":"auto","background-attachment":"scroll","background-type":"","background-media":"","overlay-type":"","overlay-color":"","overlay-opacity":"","overlay-gradient":""}}},"product_brand":[],"product_cat":[409,280,410,215,129],"product_tag":[],"class_list":{"0":"post-28927","1":"product","2":"type-product","3":"status-publish","4":"has-post-thumbnail","6":"product_cat-eteeriset-oljyt","7":"product_cat-kosmetiikan-valmistus","8":"product_cat-muut-saippuan-valmistuksessa-kaytettavat-aineet","9":"product_cat-saippuan-valmistus","10":"product_cat-tuoksuoljy","11":"desktop-align-left","12":"tablet-align-left","13":"mobile-align-left","14":"ast-product-gallery-layout-horizontal","15":"ast-product-gallery-with-no-image","16":"ast-product-single-variable","17":"ast-product-tabs-layout-horizontal","19":"first","20":"instock","21":"taxable","22":"shipping-taxable","23":"purchasable","24":"product-type-variable"},"_links":{"self":[{"href":"https:\/\/nordicdiy.ee\/fi\/wp-json\/wp\/v2\/product\/28927","targetHints":{"allow":["GET"]}}],"collection":[{"href":"https:\/\/nordicdiy.ee\/fi\/wp-json\/wp\/v2\/product"}],"about":[{"href":"https:\/\/nordicdiy.ee\/fi\/wp-json\/wp\/v2\/types\/product"}],"wp:featuredmedia":[{"embeddable":true,"href":"https:\/\/nordicdiy.ee\/fi\/wp-json\/wp\/v2\/media\/28995"}],"wp:attachment":[{"href":"https:\/\/nordicdiy.ee\/fi\/wp-json\/wp\/v2\/media?parent=28927"}],"wp:term":[{"taxonomy":"product_brand","embeddable":true,"href":"https:\/\/nordicdiy.ee\/fi\/wp-json\/wp\/v2\/product_brand?post=28927"},{"taxonomy":"product_cat","embeddable":true,"href":"https:\/\/nordicdiy.ee\/fi\/wp-json\/wp\/v2\/product_cat?post=28927"},{"taxonomy":"product_tag","embeddable":true,"href":"https:\/\/nordicdiy.ee\/fi\/wp-json\/wp\/v2\/product_tag?post=28927"}],"curies":[{"name":"wp","href":"https:\/\/api.w.org\/{rel}","templated":true}]}}