{"id":28957,"date":"2026-03-03T16:25:57","date_gmt":"2026-03-03T13:25:57","guid":{"rendered":"https:\/\/nordicdiy.ee\/epood\/Ei-luokiteltu\/eteerinen-oljy-piparminttu\/"},"modified":"2026-03-18T16:59:29","modified_gmt":"2026-03-18T13:59:29","slug":"eteerinen-oljy-piparminttu","status":"publish","type":"product","link":"https:\/\/nordicdiy.ee\/fi\/epood\/tuoksuoljy\/eteeriset-oljyt\/eteerinen-oljy-piparminttu\/","title":{"rendered":"Eteerinen \u00f6ljy piparminttu"},"content":{"rendered":"<p><strong>Eteerinen piparminttu\u00f6ljy saadaan<\/strong> piparminttujen (Mentha piperita) lehdist\u00e4 h\u00f6yrytislaamalla. \u00d6ljylle on ominaista voimakas, raikas ja viilent\u00e4v\u00e4 tuoksu, joka johtuu sen t\u00e4rkeimm\u00e4st\u00e4 vaikuttavasta aineosasta, mentolista. <\/p>\n<p>Monipuolisten ominaisuuksiensa ansiosta piparminttu\u00f6ljy\u00e4 k\u00e4ytet\u00e4\u00e4n laajalti aromaterapiassa, kosmetiikassa ja hyvinvointituotteissa.<\/p>\n<p><strong>Ominaisuudet ja edut<\/strong><\/p>\n<ul>\n<li>Viilent\u00e4v\u00e4 ja virkist\u00e4v\u00e4 vaikutus<\/li>\n<li>  Auttaa lievitt\u00e4m\u00e4\u00e4n p\u00e4\u00e4ns\u00e4rky\u00e4 ja j\u00e4nnityst\u00e4<\/li>\n<li>Tukee keskittymist\u00e4 ja henkist\u00e4 valppautta<\/li>\n<li>Antibakteerisia ja tulehdusta ehk\u00e4isevi\u00e4 ominaisuuksia.<\/li>\n<li>Voi auttaa lihasj\u00e4nnitykseen ja v\u00e4symykseen<\/li>\n<li>Sopii rasvaiselle ja ongelmaiholle<\/li>\n<\/ul>\n<p>Piparminttu\u00f6ljyn virkist\u00e4v\u00e4 tuoksu auttaa parantamaan keskittymist\u00e4 ja luo raikkauden ja puhtauden tunteen kehoon ja huoneeseen.<\/p>\n<p><strong>K\u00e4ytt\u00f6<\/strong><\/p>\n<p>Sopii:<\/p>\n<ul>\n<li>aromaterapia (diffuusori, inhalaatio)<\/li>\n<li>hieronta\u00f6ljyt (laimennettuna)<\/li>\n<li>vartalonhoitotuotteissa (voiteet, geelit, jalkatuotteet).<\/li>\n<li>hiustenhoito (shampoot, hiuspohjanhoito)<\/li>\n<li>kodinhoitoon ja ilman raikastamiseen<\/li>\n<\/ul>\n<p><strong>IFRA ja turvallisuus<\/strong><\/p>\n<p>Piparminttua sis\u00e4lt\u00e4v\u00e4 eteerinen \u00f6ljy on sallittu monissa tuotteissa, mutta sen mentolipitoisuuden vuoksi sille on asetettu rajoituksia.<\/p>\n<p>Voidaan k\u00e4ytt\u00e4\u00e4:<\/p>\n<ul>\n<li>kehonhoitotuotteet<\/li>\n<li>saippuoissa ja shampoissa<\/li>\n<li>hajuvedet ja tuoksut<\/li>\n<li>kodintuoksuissa ja kynttil\u00f6iss\u00e4<\/li>\n<\/ul>\n<p><strong>T\u00e4rke\u00e4\u00e4:<\/strong><br \/>\n- k\u00e4yt\u00e4 aina laimennettuna<br \/>\n- v\u00e4lt\u00e4 k\u00e4ytt\u00f6\u00e4 silmien ja limakalvojen l\u00e4heisyydess\u00e4<br \/>\n- ei suositella pienille lapsille (erityisesti alle 3-vuotiaille)<br \/>\n- noudata IFRA:n raja-arvoja (erityisesti alhaisemmat prosenttiosuudet j\u00e4tett\u00e4viss\u00e4 tuotteissa).<\/p>\n<p><a href=\"https:\/\/goldelseou.sharepoint.com\/:f:\/s\/Nordicdiy.ee\/IgADhyV93I64RLfFhf5bqXITATf-O0eHZzZmoQRSq7iSfm4?e=VANKc2\" target=\"_blank\" rel=\"noopener\">Lataa SDS, IFRA ja allergeenitaulukko t\u00e4\u00e4lt\u00e4.<\/a><\/p>\n<p>S\u00e4ilytys: suositeltu s\u00e4ilyvyysaika on 1 vuosi, mutta jos tuote s\u00e4ilytet\u00e4\u00e4n oikein (suojattuna auringonvalolta, kuivassa ja viile\u00e4ss\u00e4 paikassa), se s\u00e4ilyy k\u00e4ytt\u00f6kelpoisena useita vuosia.<\/p>\n","protected":false},"excerpt":{"rendered":"<p>Eteerinen piparminttu\u00f6ljy on luonnollinen \u00f6ljy, jolla on raikas, viilent\u00e4v\u00e4 ja virkist\u00e4v\u00e4 tuoksu, joka auttaa lis\u00e4\u00e4m\u00e4\u00e4n energiatasoa, tukee keskittymist\u00e4 ja lievitt\u00e4\u00e4 j\u00e4nnityst\u00e4 ja v\u00e4symyst\u00e4. Ihanteellinen aromaterapiaan sek\u00e4 kehonhoitoon. <\/p>\n","protected":false},"featured_media":29002,"template":"","meta":{"site-sidebar-layout":"default","site-content-layout":"","ast-site-content-layout":"default","site-content-style":"default","site-sidebar-style":"default","ast-global-header-display":"","ast-banner-title-visibility":"","ast-main-header-display":"","ast-hfb-above-header-display":"","ast-hfb-below-header-display":"","ast-hfb-mobile-header-display":"","site-post-title":"","ast-breadcrumbs-content":"","ast-featured-img":"","footer-sml-layout":"","ast-disable-related-posts":"","theme-transparent-header-meta":"default","adv-header-id-meta":"","stick-header-meta":"default","header-above-stick-meta":"","header-main-stick-meta":"","header-below-stick-meta":"","astra-migrate-meta-layouts":"default","ast-page-background-enabled":"default","ast-page-background-meta":{"desktop":{"background-color":"","background-image":"","background-repeat":"repeat","background-position":"center center","background-size":"auto","background-attachment":"scroll","background-type":"","background-media":"","overlay-type":"","overlay-color":"","overlay-opacity":"","overlay-gradient":""},"tablet":{"background-color":"","background-image":"","background-repeat":"repeat","background-position":"center center","background-size":"auto","background-attachment":"scroll","background-type":"","background-media":"","overlay-type":"","overlay-color":"","overlay-opacity":"","overlay-gradient":""},"mobile":{"background-color":"","background-image":"","background-repeat":"repeat","background-position":"center center","background-size":"auto","background-attachment":"scroll","background-type":"","background-media":"","overlay-type":"","overlay-color":"","overlay-opacity":"","overlay-gradient":""}},"ast-content-background-meta":{"desktop":{"background-color":"var(--ast-global-color-5)","background-image":"","background-repeat":"repeat","background-position":"center center","background-size":"auto","background-attachment":"scroll","background-type":"","background-media":"","overlay-type":"","overlay-color":"","overlay-opacity":"","overlay-gradient":""},"tablet":{"background-color":"var(--ast-global-color-5)","background-image":"","background-repeat":"repeat","background-position":"center center","background-size":"auto","background-attachment":"scroll","background-type":"","background-media":"","overlay-type":"","overlay-color":"","overlay-opacity":"","overlay-gradient":""},"mobile":{"background-color":"var(--ast-global-color-5)","background-image":"","background-repeat":"repeat","background-position":"center center","background-size":"auto","background-attachment":"scroll","background-type":"","background-media":"","overlay-type":"","overlay-color":"","overlay-opacity":"","overlay-gradient":""}}},"product_brand":[],"product_cat":[409,410,215,129],"product_tag":[],"class_list":{"0":"post-28957","1":"product","2":"type-product","3":"status-publish","4":"has-post-thumbnail","6":"product_cat-eteeriset-oljyt","7":"product_cat-muut-saippuan-valmistuksessa-kaytettavat-aineet","8":"product_cat-saippuan-valmistus","9":"product_cat-tuoksuoljy","10":"desktop-align-left","11":"tablet-align-left","12":"mobile-align-left","13":"ast-product-gallery-layout-horizontal","14":"ast-product-gallery-with-no-image","15":"ast-product-single-variable","16":"ast-product-tabs-layout-horizontal","18":"first","19":"instock","20":"taxable","21":"shipping-taxable","22":"purchasable","23":"product-type-variable"},"_links":{"self":[{"href":"https:\/\/nordicdiy.ee\/fi\/wp-json\/wp\/v2\/product\/28957","targetHints":{"allow":["GET"]}}],"collection":[{"href":"https:\/\/nordicdiy.ee\/fi\/wp-json\/wp\/v2\/product"}],"about":[{"href":"https:\/\/nordicdiy.ee\/fi\/wp-json\/wp\/v2\/types\/product"}],"wp:featuredmedia":[{"embeddable":true,"href":"https:\/\/nordicdiy.ee\/fi\/wp-json\/wp\/v2\/media\/29002"}],"wp:attachment":[{"href":"https:\/\/nordicdiy.ee\/fi\/wp-json\/wp\/v2\/media?parent=28957"}],"wp:term":[{"taxonomy":"product_brand","embeddable":true,"href":"https:\/\/nordicdiy.ee\/fi\/wp-json\/wp\/v2\/product_brand?post=28957"},{"taxonomy":"product_cat","embeddable":true,"href":"https:\/\/nordicdiy.ee\/fi\/wp-json\/wp\/v2\/product_cat?post=28957"},{"taxonomy":"product_tag","embeddable":true,"href":"https:\/\/nordicdiy.ee\/fi\/wp-json\/wp\/v2\/product_tag?post=28957"}],"curies":[{"name":"wp","href":"https:\/\/api.w.org\/{rel}","templated":true}]}}