{"id":28972,"date":"2026-03-03T16:41:04","date_gmt":"2026-03-03T13:41:04","guid":{"rendered":"https:\/\/nordicdiy.ee\/epood\/Ei-luokiteltu\/eteerinen-oljy-sitruunaruoho\/"},"modified":"2026-03-18T17:08:50","modified_gmt":"2026-03-18T14:08:50","slug":"eteerinen-oljy-sitruunaruoho","status":"publish","type":"product","link":"https:\/\/nordicdiy.ee\/fi\/epood\/tuoksuoljy\/eteeriset-oljyt\/eteerinen-oljy-sitruunaruoho\/","title":{"rendered":"Eteerinen \u00f6ljy Sitruunaruoho"},"content":{"rendered":"<p><strong>Sitruunaruohon eteerinen \u00f6ljy saadaan<\/strong> h\u00f6yrytislaamalla intialaisen Cymbopogon flexuosus -kasvin ruohomaisista lehdist\u00e4. \u00d6ljylle on ominaista voimakas, raikas ja sitruunamainen tuoksu, jossa on hieman yrttinen vivahde. <\/p>\n<p>Puhdistavien ja tasapainottavien ominaisuuksiensa ansiosta sitruunaruoho\u00f6ljy\u00e4 k\u00e4ytet\u00e4\u00e4n laajalti aromaterapiassa, kosmetiikassa ja kodinhoidossa.<\/p>\n<p><strong>Ominaisuudet ja edut<\/strong><\/p>\n<ul>\n<li>Auttaa v\u00e4hent\u00e4m\u00e4\u00e4n bakteerien, sienten ja virusten esiintymist\u00e4.<\/li>\n<li>Lievitt\u00e4\u00e4 liev\u00e4\u00e4 kipua ja tulehdusta<\/li>\n<li>Tukee ruoansulatusta<\/li>\n<li>Pehment\u00e4v\u00e4 ja puhdistava (supistava vaikutus).<\/li>\n<li>Auttaa karkottamaan hy\u00f6nteisi\u00e4<\/li>\n<li>Rentouttaa ja kohottaa mielialaa samanaikaisesti.<\/li>\n<\/ul>\n<p>Sitruunaruohon eteerinen \u00f6ljy on t\u00e4ydellinen valinta, jos haluat luoda raikkaan ja puhtaan ilmapiirin tai tukea ihon tasapainoa ja hyvinvointia.<\/p>\n<p><strong>K\u00e4ytt\u00f6<\/strong><\/p>\n<p>Sopii:<\/p>\n<ul>\n<li>aromaterapia (diffuusori, huonetuoksu)<\/li>\n<li>hieronta\u00f6ljyt (laimennettuna)<\/li>\n<li>kehonhoitotuotteet (voiteet, \u00f6ljyt, deodorantit)<\/li>\n<li>hiustenhoito<\/li>\n<li>kodinhoito- ja puhdistustuotteet<\/li>\n<li>hy\u00f6nteismyrkyt<\/li>\n<\/ul>\n<p><strong>IFRA ja turvallisuus<\/strong><\/p>\n<p>Sitruunaruohon eteerist\u00e4 \u00f6ljy\u00e4 voidaan k\u00e4ytt\u00e4\u00e4 monissa tuotteissa, mutta tietyin rajoituksin.<\/p>\n<p>Voidaan k\u00e4ytt\u00e4\u00e4:<\/p>\n<ul>\n<li>kehonhoitotuotteet<\/li>\n<li>saippuoissa ja shampoissa<\/li>\n<li>hajuvesien ja kodintuoksujen alalla<\/li>\n<li>kynttil\u00e4t<\/li>\n<\/ul>\n<p>T\u00e4rke\u00e4\u00e4:<br \/>\n- sis\u00e4lt\u00e4\u00e4 luonnollisia allergeeneja (esim. sitraali), jotka voivat \u00e4rsytt\u00e4\u00e4 ihoa<br \/>\n- k\u00e4yt\u00e4 aina laimennettuna<br \/>\n- noudata IFRA:n enimm\u00e4isk\u00e4ytt\u00f6m\u00e4\u00e4ri\u00e4 (alhaisemmat prosenttim\u00e4\u00e4r\u00e4t p\u00e4\u00e4lle j\u00e4tett\u00e4viss\u00e4 tuotteissa)<br \/>\n- herk\u00e4lle iholle, testaa etuk\u00e4teen.<\/p>\n<p><a href=\"https:\/\/goldelseou.sharepoint.com\/:f:\/s\/Nordicdiy.ee\/IgAX34nFB1D0R6uVat8w7xtBAWkaNS6Rjg-ywXNR3WRqrMY?e=GtrXTh\" target=\"_blank\" rel=\"noopener\"><strong>Lataa k\u00e4ytt\u00f6turvallisuustiedotteet (SDS), IFRA, allergeenitaulukko t\u00e4\u00e4lt\u00e4.<\/strong><\/a><\/p>\n<p>S\u00e4ilytys: suositeltu s\u00e4ilyvyysaika on 1 vuosi, mutta jos tuote s\u00e4ilytet\u00e4\u00e4n oikein (suojattuna auringonvalolta, kuivassa ja viile\u00e4ss\u00e4 paikassa), se s\u00e4ilyy k\u00e4ytt\u00f6kelpoisena useita vuosia.<\/p>\n","protected":false},"excerpt":{"rendered":"<p>Sitruunaruohon eteerinen \u00f6ljy on raikas, sitruksinen ja hieman yrttinen \u00f6ljy, joka puhdistaa, s\u00e4vytt\u00e4\u00e4 ja virkist\u00e4\u00e4 sek\u00e4 kehoa ett\u00e4 mielt\u00e4. Sill\u00e4 on antibakteerisia ominaisuuksia ja se auttaa rentoutumaan ja lis\u00e4\u00e4 samalla energiaa. <\/p>\n","protected":false},"featured_media":29008,"template":"","meta":{"site-sidebar-layout":"default","site-content-layout":"","ast-site-content-layout":"default","site-content-style":"default","site-sidebar-style":"default","ast-global-header-display":"","ast-banner-title-visibility":"","ast-main-header-display":"","ast-hfb-above-header-display":"","ast-hfb-below-header-display":"","ast-hfb-mobile-header-display":"","site-post-title":"","ast-breadcrumbs-content":"","ast-featured-img":"","footer-sml-layout":"","ast-disable-related-posts":"","theme-transparent-header-meta":"default","adv-header-id-meta":"","stick-header-meta":"default","header-above-stick-meta":"","header-main-stick-meta":"","header-below-stick-meta":"","astra-migrate-meta-layouts":"default","ast-page-background-enabled":"default","ast-page-background-meta":{"desktop":{"background-color":"","background-image":"","background-repeat":"repeat","background-position":"center center","background-size":"auto","background-attachment":"scroll","background-type":"","background-media":"","overlay-type":"","overlay-color":"","overlay-opacity":"","overlay-gradient":""},"tablet":{"background-color":"","background-image":"","background-repeat":"repeat","background-position":"center center","background-size":"auto","background-attachment":"scroll","background-type":"","background-media":"","overlay-type":"","overlay-color":"","overlay-opacity":"","overlay-gradient":""},"mobile":{"background-color":"","background-image":"","background-repeat":"repeat","background-position":"center center","background-size":"auto","background-attachment":"scroll","background-type":"","background-media":"","overlay-type":"","overlay-color":"","overlay-opacity":"","overlay-gradient":""}},"ast-content-background-meta":{"desktop":{"background-color":"var(--ast-global-color-5)","background-image":"","background-repeat":"repeat","background-position":"center center","background-size":"auto","background-attachment":"scroll","background-type":"","background-media":"","overlay-type":"","overlay-color":"","overlay-opacity":"","overlay-gradient":""},"tablet":{"background-color":"var(--ast-global-color-5)","background-image":"","background-repeat":"repeat","background-position":"center center","background-size":"auto","background-attachment":"scroll","background-type":"","background-media":"","overlay-type":"","overlay-color":"","overlay-opacity":"","overlay-gradient":""},"mobile":{"background-color":"var(--ast-global-color-5)","background-image":"","background-repeat":"repeat","background-position":"center center","background-size":"auto","background-attachment":"scroll","background-type":"","background-media":"","overlay-type":"","overlay-color":"","overlay-opacity":"","overlay-gradient":""}}},"product_brand":[],"product_cat":[409,280,410,215,129],"product_tag":[],"class_list":{"0":"post-28972","1":"product","2":"type-product","3":"status-publish","4":"has-post-thumbnail","6":"product_cat-eteeriset-oljyt","7":"product_cat-kosmetiikan-valmistus","8":"product_cat-muut-saippuan-valmistuksessa-kaytettavat-aineet","9":"product_cat-saippuan-valmistus","10":"product_cat-tuoksuoljy","11":"desktop-align-left","12":"tablet-align-left","13":"mobile-align-left","14":"ast-product-gallery-layout-horizontal","15":"ast-product-gallery-with-no-image","16":"ast-product-single-variable","17":"ast-product-tabs-layout-horizontal","19":"first","20":"instock","21":"taxable","22":"shipping-taxable","23":"purchasable","24":"product-type-variable"},"_links":{"self":[{"href":"https:\/\/nordicdiy.ee\/fi\/wp-json\/wp\/v2\/product\/28972","targetHints":{"allow":["GET"]}}],"collection":[{"href":"https:\/\/nordicdiy.ee\/fi\/wp-json\/wp\/v2\/product"}],"about":[{"href":"https:\/\/nordicdiy.ee\/fi\/wp-json\/wp\/v2\/types\/product"}],"wp:featuredmedia":[{"embeddable":true,"href":"https:\/\/nordicdiy.ee\/fi\/wp-json\/wp\/v2\/media\/29008"}],"wp:attachment":[{"href":"https:\/\/nordicdiy.ee\/fi\/wp-json\/wp\/v2\/media?parent=28972"}],"wp:term":[{"taxonomy":"product_brand","embeddable":true,"href":"https:\/\/nordicdiy.ee\/fi\/wp-json\/wp\/v2\/product_brand?post=28972"},{"taxonomy":"product_cat","embeddable":true,"href":"https:\/\/nordicdiy.ee\/fi\/wp-json\/wp\/v2\/product_cat?post=28972"},{"taxonomy":"product_tag","embeddable":true,"href":"https:\/\/nordicdiy.ee\/fi\/wp-json\/wp\/v2\/product_tag?post=28972"}],"curies":[{"name":"wp","href":"https:\/\/api.w.org\/{rel}","templated":true}]}}