{"id":29042,"date":"2026-03-01T12:41:00","date_gmt":"2026-03-01T09:41:00","guid":{"rendered":"https:\/\/nordicdiy.ee\/epood\/Ei-luokiteltu\/kammenvaha-britz-wax-bwc16\/"},"modified":"2026-03-19T13:07:31","modified_gmt":"2026-03-19T10:07:31","slug":"kammenvaha-britz-wax-bwc16","status":"publish","type":"product","link":"https:\/\/nordicdiy.ee\/fi\/epood\/kynttiloiden-valmistus-fi\/kynttilavahat-2\/kammenvaha-britz-wax-bwc16\/","title":{"rendered":"K\u00e4mmenvaha Britz Wax BWC16"},"content":{"rendered":"<p><strong>Palmuvaha BWC16 soveltuu<\/strong> lasikynttil\u00f6iden ja jauhekynttil\u00f6iden valmistukseen, mutta my\u00f6s hyvin votiivikynttil\u00f6iden ja pylv\u00e4skynttil\u00f6iden valmistukseen. T\u00e4rkein ero palmuvahan ja muiden vahojen v\u00e4lill\u00e4 on se, ett\u00e4 se j\u00e4tt\u00e4\u00e4 kynttil\u00f6ihin mielenkiintoisen kiteisen rakenteen ja kuvion. Jauhemaisten kynttil\u00f6iden tapauksessa kiteinen rakenne syntyy vasta, kun kynttil\u00e4 on palanut.  <\/p>\n<p>Vaha palaa puhtaasti ja pitk\u00e4\u00e4n, soveltuu k\u00e4ytett\u00e4v\u00e4ksi tuoksutulitikkuna ja on biohajoavaa ja ymp\u00e4rist\u00f6yst\u00e4v\u00e4llist\u00e4. Raaka-aine, joka on per\u00e4isin t\u00e4ysin luonnollisista palmun hedelmist\u00e4, on 100-prosenttisesti luonnollista ja luonnonmukaista. <\/p>\n<p>Ei saa sekoittaa parafiinin tai muiden vahojen kanssa. V\u00e4lt\u00e4 kuparimuottien, -materiaalien tai muiden kuparipohjaisten valmistuksen apuaineiden k\u00e4ytt\u00f6\u00e4. Palmuvahakynttil\u00f6iss\u00e4 k\u00e4ytett\u00e4v\u00e4t tahnat, v\u00e4riaineet ja tuoksut saattavat antaa erilaisia tuloksia.   Wedo Bio -langat ovat sopivia, mutta Soijavaha-kynttil\u00f6ihin verrattuna on k\u00e4ytett\u00e4v\u00e4 suurempaa syd\u00e4nlankaa.<\/p>\n<p>Palmuvahat, mukaan lukien BWC16, voivat olla hieman vaikeampia ty\u00f6st\u00e4\u00e4 kuin muut vahat, koska niiden ominaisuudet voivat riippua tarkasta l\u00e4mp\u00f6tilasta ja valuolosuhteista, mutta lopputuloksena on usein ainutlaatuinen ja kaunis kynttil\u00e4.<\/p>\n<p>Palm Wax BWC16:lle suositeltu hajusteen lis\u00e4ysprosentti on yleens\u00e4 6-8 % riippuen hajuste\u00f6ljyn voimakkuudesta ja halutusta hajustevahvuudesta. T\u00e4m\u00e4 tarkoittaa, ett\u00e4 noin 60-80 grammaa hajuste\u00f6ljy\u00e4 voidaan lis\u00e4t\u00e4 1 kilogrammaa vahaa kohti. Tuoksu kannattaa lis\u00e4t\u00e4, kun vaha on sulanut 80-85 \u00b0C:n l\u00e4mp\u00f6tilaan, jotta varmistetaan tuoksun tasainen jakautuminen.  <\/p>\n<p>Lasikynttil\u00f6iss\u00e4 k\u00e4ytett\u00e4v\u00e4n Palm Wax BWC16 -vahan suositeltu kaatol\u00e4mp\u00f6tila on yleens\u00e4 80-90 \u00b0C. T\u00e4m\u00e4 l\u00e4mp\u00f6tila-alue auttaa s\u00e4ilytt\u00e4m\u00e4\u00e4n vahan kiteytymiskyvyn ja varmistaa tasaisen kuvioinnin ja hyv\u00e4n tarttuvuuden lasiin. On my\u00f6s t\u00e4rke\u00e4\u00e4 esil\u00e4mmitt\u00e4\u00e4 astia halkeamien v\u00e4ltt\u00e4miseksi ja paremman tartunnan varmistamiseksi.  <\/p>\n","protected":false},"excerpt":{"rendered":"<p><strong>J\u00e4\u00e4kristallivaikutteinen palmuvaha BWC16 sopii<\/strong> lasikynttil\u00f6ihin, votiiveihin ja pilarikynttil\u00f6ihin luoden ainutlaatuisen kiteisen tekstuurin. T\u00e4m\u00e4 puhdas ja pitk\u00e4\u00e4n palava biohajoava vaha on 100 % luonnollista. Suositeltu tuoksupitoisuus on 6-8 % ja kaatol\u00e4mp\u00f6tila lasikynttil\u00f6ille 80-85 \u00b0C, mutta ei yli 90 \u00b0C. Vaha soveltuu monenlaisiin k\u00e4ytt\u00f6tarkoituksiin. Lasin esil\u00e4mmitys takaa paremman tarttuvuuden.   <\/p>\n","protected":false},"featured_media":5761,"template":"","meta":{"site-sidebar-layout":"default","site-content-layout":"","ast-site-content-layout":"default","site-content-style":"default","site-sidebar-style":"default","ast-global-header-display":"","ast-banner-title-visibility":"","ast-main-header-display":"","ast-hfb-above-header-display":"","ast-hfb-below-header-display":"","ast-hfb-mobile-header-display":"","site-post-title":"","ast-breadcrumbs-content":"","ast-featured-img":"","footer-sml-layout":"","ast-disable-related-posts":"","theme-transparent-header-meta":"default","adv-header-id-meta":"","stick-header-meta":"default","header-above-stick-meta":"","header-main-stick-meta":"","header-below-stick-meta":"","astra-migrate-meta-layouts":"default","ast-page-background-enabled":"default","ast-page-background-meta":{"desktop":{"background-color":"","background-image":"","background-repeat":"repeat","background-position":"center center","background-size":"auto","background-attachment":"scroll","background-type":"","background-media":"","overlay-type":"","overlay-color":"","overlay-opacity":"","overlay-gradient":""},"tablet":{"background-color":"","background-image":"","background-repeat":"repeat","background-position":"center center","background-size":"auto","background-attachment":"scroll","background-type":"","background-media":"","overlay-type":"","overlay-color":"","overlay-opacity":"","overlay-gradient":""},"mobile":{"background-color":"","background-image":"","background-repeat":"repeat","background-position":"center center","background-size":"auto","background-attachment":"scroll","background-type":"","background-media":"","overlay-type":"","overlay-color":"","overlay-opacity":"","overlay-gradient":""}},"ast-content-background-meta":{"desktop":{"background-color":"var(--ast-global-color-5)","background-image":"","background-repeat":"repeat","background-position":"center center","background-size":"auto","background-attachment":"scroll","background-type":"","background-media":"","overlay-type":"","overlay-color":"","overlay-opacity":"","overlay-gradient":""},"tablet":{"background-color":"var(--ast-global-color-5)","background-image":"","background-repeat":"repeat","background-position":"center center","background-size":"auto","background-attachment":"scroll","background-type":"","background-media":"","overlay-type":"","overlay-color":"","overlay-opacity":"","overlay-gradient":""},"mobile":{"background-color":"var(--ast-global-color-5)","background-image":"","background-repeat":"repeat","background-position":"center center","background-size":"auto","background-attachment":"scroll","background-type":"","background-media":"","overlay-type":"","overlay-color":"","overlay-opacity":"","overlay-gradient":""}}},"product_brand":[],"product_cat":[160,158],"product_tag":[],"class_list":{"0":"post-29042","1":"product","2":"type-product","3":"status-publish","4":"has-post-thumbnail","6":"product_cat-kynttilavahat-2","7":"product_cat-kynttiloiden-valmistus-fi","8":"desktop-align-left","9":"tablet-align-left","10":"mobile-align-left","11":"ast-product-gallery-layout-horizontal","12":"ast-product-single-variable","13":"ast-product-tabs-layout-horizontal","15":"first","16":"instock","17":"taxable","18":"shipping-taxable","19":"purchasable","20":"product-type-variable"},"_links":{"self":[{"href":"https:\/\/nordicdiy.ee\/fi\/wp-json\/wp\/v2\/product\/29042","targetHints":{"allow":["GET"]}}],"collection":[{"href":"https:\/\/nordicdiy.ee\/fi\/wp-json\/wp\/v2\/product"}],"about":[{"href":"https:\/\/nordicdiy.ee\/fi\/wp-json\/wp\/v2\/types\/product"}],"wp:featuredmedia":[{"embeddable":true,"href":"https:\/\/nordicdiy.ee\/fi\/wp-json\/wp\/v2\/media\/5761"}],"wp:attachment":[{"href":"https:\/\/nordicdiy.ee\/fi\/wp-json\/wp\/v2\/media?parent=29042"}],"wp:term":[{"taxonomy":"product_brand","embeddable":true,"href":"https:\/\/nordicdiy.ee\/fi\/wp-json\/wp\/v2\/product_brand?post=29042"},{"taxonomy":"product_cat","embeddable":true,"href":"https:\/\/nordicdiy.ee\/fi\/wp-json\/wp\/v2\/product_cat?post=29042"},{"taxonomy":"product_tag","embeddable":true,"href":"https:\/\/nordicdiy.ee\/fi\/wp-json\/wp\/v2\/product_tag?post=29042"}],"curies":[{"name":"wp","href":"https:\/\/api.w.org\/{rel}","templated":true}]}}