{"id":29880,"date":"2026-04-22T15:58:37","date_gmt":"2026-04-22T12:58:37","guid":{"rendered":"https:\/\/nordicdiy.ee\/epood\/Ei-luokiteltu\/eteerinen-oljy-greippi\/"},"modified":"2026-04-22T17:58:18","modified_gmt":"2026-04-22T14:58:18","slug":"eteerinen-oljy-greippi","status":"publish","type":"product","link":"https:\/\/nordicdiy.ee\/fi\/epood\/tuoksuoljy\/eteeriset-oljyt\/eteerinen-oljy-greippi\/","title":{"rendered":"Eteerinen \u00f6ljy greippi"},"content":{"rendered":"<p><strong>Eteerinen greippi\u00f6ljy saadaan<\/strong> kylm\u00e4puristamalla greippien (Citrus paradisi) kuori, mik\u00e4 auttaa s\u00e4ilytt\u00e4m\u00e4\u00e4n \u00f6ljyn luonnolliset aktiiviset yhdisteet ja raikkaan sitruksen aromin. \u00d6ljy on v\u00e4rilt\u00e4\u00e4n vaaleankeltaisesta oranssiin vaihtelevaa, ja siin\u00e4 on kirpe\u00e4, mehukas ja hieman kitker\u00e4 aromi. <\/p>\n<p>Greippi\u00f6ljy\u00e4 arvostetaan sen puhdistavien, kiinteytt\u00e4vien ja energisoivien ominaisuuksien vuoksi, ja sit\u00e4 k\u00e4ytet\u00e4\u00e4n laajalti ihonhoidossa ja aromaterapiassa.<\/p>\n<p><strong>Ominaisuudet ja edut<\/strong><\/p>\n<ul>\n<li>Virkist\u00e4v\u00e4 ja puhdistava vaikutus<\/li>\n<li>Auttaa lievitt\u00e4m\u00e4\u00e4n liev\u00e4\u00e4 kipua ja tulehdusta<\/li>\n<li>Tukee ihon kimmoisuutta ja s\u00e4vy\u00e4<\/li>\n<li>Auttaa nuorentamaan ja virkist\u00e4m\u00e4\u00e4n ihoa.<\/li>\n<li>Voi auttaa rasvoittuvan ja ongelmallisen ihon hoidossa<\/li>\n<li>  Parantaa mielialaa ja v\u00e4hent\u00e4\u00e4 v\u00e4symyst\u00e4<\/li>\n<\/ul>\n<p>Greibin eteerinen \u00f6ljy on ihanteellinen aamuk\u00e4ytt\u00f6\u00f6n, sill\u00e4 se auttaa her\u00e4tt\u00e4m\u00e4\u00e4n aistit ja luomaan energisen ja positiivisen alun p\u00e4iv\u00e4lle.<\/p>\n<p><strong>K\u00e4ytt\u00f6<\/strong><\/p>\n<p>Sopii:<\/p>\n<ul>\n<li>aromaterapia (diffuusori, huonetuoksu)<\/li>\n<li>hieronta\u00f6ljyt (laimennettuna)<\/li>\n<li>vartalonhoitotuotteet (voiteet, \u00f6ljyt, vartalokuorinnat)<\/li>\n<li>selluliittia ehk\u00e4iseviss\u00e4 tuotteissa<\/li>\n<li>kodinhoitoon ja ilman raikastamiseen<\/li>\n<\/ul>\n<p><strong>IFRA ja turvallisuus<\/strong><\/p>\n<p>Eteerist\u00e4 greippi\u00f6ljy\u00e4 k\u00e4ytet\u00e4\u00e4n laajalti, mutta sitrushedelmien rajoituksin.<\/p>\n<p>Voidaan k\u00e4ytt\u00e4\u00e4:<\/p>\n<ul>\n<li>kehonhoitotuotteet<\/li>\n<li>saippuoissa ja shampoissa<\/li>\n<li>hajuvesien ja kodintuoksujen alalla<\/li>\n<\/ul>\n<p><strong><span style=\"font-size: 16px;\">T\u00e4rke\u00e4\u00e4:<\/span><\/strong><\/p>\n<ul>\n<li>fototoksinen (voi aiheuttaa ihon herkistymist\u00e4 UV-s\u00e4teilylle).<\/li>\n<li>V\u00e4lt\u00e4 suoraa auringonvaloa 12-24 tunnin ajan iholle levitt\u00e4misen j\u00e4lkeen.<\/li>\n<li>k\u00e4yt\u00e4 laimennettua<\/li>\n<li>noudattaa IFRA:n raja-arvoja (erityisesti alhaisemmat prosenttim\u00e4\u00e4r\u00e4t j\u00e4tett\u00e4viss\u00e4 tuotteissa).<\/li>\n<li>ei suositella kynttil\u00f6ihin, koska tuoksu haihtuu nopeasti eik\u00e4 kynttil\u00e4 pala tasaisesti.<\/li>\n<\/ul>\n<p>Suosittelemme, ett\u00e4 noudatat aina turvallisuusohjeita ja k\u00e4yt\u00e4t eteerisi\u00e4 \u00f6ljyj\u00e4 laimentamattomina.<\/p>\n<p><a href=\"https:\/\/goldelseou.sharepoint.com\/:f:\/s\/Nordicdiy.ee\/IgCT1Dpx9rUvRp805HZ9OlB6ATO1I6oyLAXeYGjOEp5NajM?e=RyQbhf\" target=\"_blank\" rel=\"noopener\"><strong>Lataa k\u00e4ytt\u00f6turvallisuustiedotteet (SDS), IFRA, allergeenitaulukko t\u00e4\u00e4lt\u00e4.<\/strong><\/a><\/p>\n<p>S\u00e4ilytys: suositeltu s\u00e4ilyvyysaika on 1 vuosi, mutta jos tuote s\u00e4ilytet\u00e4\u00e4n oikein (suojattuna auringonvalolta, kuivassa ja viile\u00e4ss\u00e4 paikassa), se s\u00e4ilyy k\u00e4ytt\u00f6kelpoisena useita vuosia.<\/p>\n<p>VAROITUS!<\/p>\n<p>&nbsp;<\/p>\n","protected":false},"excerpt":{"rendered":"<p>Greibin eteerinen \u00f6ljy on raikas, hieman kitker\u00e4 ja sitruksinen \u00f6ljy, joka puhdistaa, s\u00e4vytt\u00e4\u00e4 ja virkist\u00e4\u00e4 sek\u00e4 kehoa ett\u00e4 mielt\u00e4. Se auttaa parantamaan ihon ulkon\u00e4k\u00f6\u00e4 ja kohottaa mielialaa luoden energisen ja positiivisen ilmapiirin. <\/p>\n","protected":false},"featured_media":29924,"template":"","meta":{"site-sidebar-layout":"default","site-content-layout":"","ast-site-content-layout":"default","site-content-style":"default","site-sidebar-style":"default","ast-global-header-display":"","ast-banner-title-visibility":"","ast-main-header-display":"","ast-hfb-above-header-display":"","ast-hfb-below-header-display":"","ast-hfb-mobile-header-display":"","site-post-title":"","ast-breadcrumbs-content":"","ast-featured-img":"","footer-sml-layout":"","ast-disable-related-posts":"","theme-transparent-header-meta":"default","adv-header-id-meta":"","stick-header-meta":"default","header-above-stick-meta":"","header-main-stick-meta":"","header-below-stick-meta":"","astra-migrate-meta-layouts":"default","ast-page-background-enabled":"default","ast-page-background-meta":{"desktop":{"background-color":"","background-image":"","background-repeat":"repeat","background-position":"center center","background-size":"auto","background-attachment":"scroll","background-type":"","background-media":"","overlay-type":"","overlay-color":"","overlay-opacity":"","overlay-gradient":""},"tablet":{"background-color":"","background-image":"","background-repeat":"repeat","background-position":"center center","background-size":"auto","background-attachment":"scroll","background-type":"","background-media":"","overlay-type":"","overlay-color":"","overlay-opacity":"","overlay-gradient":""},"mobile":{"background-color":"","background-image":"","background-repeat":"repeat","background-position":"center center","background-size":"auto","background-attachment":"scroll","background-type":"","background-media":"","overlay-type":"","overlay-color":"","overlay-opacity":"","overlay-gradient":""}},"ast-content-background-meta":{"desktop":{"background-color":"var(--ast-global-color-5)","background-image":"","background-repeat":"repeat","background-position":"center center","background-size":"auto","background-attachment":"scroll","background-type":"","background-media":"","overlay-type":"","overlay-color":"","overlay-opacity":"","overlay-gradient":""},"tablet":{"background-color":"var(--ast-global-color-5)","background-image":"","background-repeat":"repeat","background-position":"center center","background-size":"auto","background-attachment":"scroll","background-type":"","background-media":"","overlay-type":"","overlay-color":"","overlay-opacity":"","overlay-gradient":""},"mobile":{"background-color":"var(--ast-global-color-5)","background-image":"","background-repeat":"repeat","background-position":"center center","background-size":"auto","background-attachment":"scroll","background-type":"","background-media":"","overlay-type":"","overlay-color":"","overlay-opacity":"","overlay-gradient":""}}},"product_brand":[],"product_cat":[409,176,410,215,129],"product_tag":[],"class_list":{"0":"post-29880","1":"product","2":"type-product","3":"status-publish","4":"has-post-thumbnail","6":"product_cat-eteeriset-oljyt","7":"product_cat-kynttilan-tuoksut","8":"product_cat-muut-saippuan-valmistuksessa-kaytettavat-aineet","9":"product_cat-saippuan-valmistus","10":"product_cat-tuoksuoljy","11":"desktop-align-left","12":"tablet-align-left","13":"mobile-align-left","14":"ast-product-gallery-layout-horizontal","15":"ast-product-gallery-with-no-image","16":"ast-product-single-variable","17":"ast-product-tabs-layout-horizontal","19":"first","20":"instock","21":"taxable","22":"shipping-taxable","23":"purchasable","24":"product-type-variable"},"_links":{"self":[{"href":"https:\/\/nordicdiy.ee\/fi\/wp-json\/wp\/v2\/product\/29880","targetHints":{"allow":["GET"]}}],"collection":[{"href":"https:\/\/nordicdiy.ee\/fi\/wp-json\/wp\/v2\/product"}],"about":[{"href":"https:\/\/nordicdiy.ee\/fi\/wp-json\/wp\/v2\/types\/product"}],"wp:featuredmedia":[{"embeddable":true,"href":"https:\/\/nordicdiy.ee\/fi\/wp-json\/wp\/v2\/media\/29924"}],"wp:attachment":[{"href":"https:\/\/nordicdiy.ee\/fi\/wp-json\/wp\/v2\/media?parent=29880"}],"wp:term":[{"taxonomy":"product_brand","embeddable":true,"href":"https:\/\/nordicdiy.ee\/fi\/wp-json\/wp\/v2\/product_brand?post=29880"},{"taxonomy":"product_cat","embeddable":true,"href":"https:\/\/nordicdiy.ee\/fi\/wp-json\/wp\/v2\/product_cat?post=29880"},{"taxonomy":"product_tag","embeddable":true,"href":"https:\/\/nordicdiy.ee\/fi\/wp-json\/wp\/v2\/product_tag?post=29880"}],"curies":[{"name":"wp","href":"https:\/\/api.w.org\/{rel}","templated":true}]}}